{"id":4460,"date":"2024-11-21T12:21:38","date_gmt":"2024-11-21T11:21:38","guid":{"rendered":"https:\/\/agora.xtec.cat\/escolalatrama\/?page_id=4460"},"modified":"2024-11-29T11:27:22","modified_gmt":"2024-11-29T10:27:22","slug":"construccions","status":"publish","type":"page","link":"https:\/\/agora.xtec.cat\/escolalatrama\/construccions\/","title":{"rendered":"Construccions"},"content":{"rendered":"\n<p style=\"font-size:17px\">Fent construccions amb elements de formes, materials i mides diferents afavorim l&#8217;organitzaci\u00f3 de l&#8217;espai, l&#8217;exploraci\u00f3 i la comparaci\u00f3 dels cossos geom\u00e8trics. Els infants creen espais que sovint es converteixen en objecte de joc simb\u00f2lic (cases, amagatalls, castells&#8230;) o d&#8217;exploraci\u00f3 (rampes, laberints).<\/p>\n\n\n\n<div class=\"wp-block-getwid-images-slider has-arrows-inside has-dots-inside has-images-center has-fitted-images\"><div class=\"wp-block-getwid-images-slider__wrapper\" data-effect=\"slide\" data-slides-show=\"1\" data-slides-show-laptop=\"1\" data-slides-show-tablet=\"1\" data-slides-show-mobile=\"1\" data-slides-scroll=\"1\" data-autoplay=\"true\" data-pause-hover=\"false\" data-autoplay-speed=\"2000\" data-infinite=\"true\" data-animation-speed=\"800\" data-center-mode=\"false\" data-variable-width=\"false\" data-arrows=\"inside\" data-dots=\"inside\" data-spacing=\"none\"><div class=\"wp-block-getwid-images-slider__item\"><figure><img loading=\"lazy\" decoding=\"async\" width=\"1063\" height=\"620\" src=\"https:\/\/agora.xtec.cat\/escolalatrama\/wp-content\/uploads\/usu518\/2024\/11\/1.png\" data-id=\"4461\" data-link=\"https:\/\/agora.xtec.cat\/escolalatrama\/?attachment_id=4461\" data-original-link=\"https:\/\/agora.xtec.cat\/escolalatrama\/wp-content\/uploads\/usu518\/2024\/11\/1.png\" class=\"wp-block-getwid-images-slider__image wp-image-4461\" srcset=\"https:\/\/agora.xtec.cat\/escolalatrama\/wp-content\/uploads\/usu518\/2024\/11\/1.png 1063w, https:\/\/agora.xtec.cat\/escolalatrama\/wp-content\/uploads\/usu518\/2024\/11\/1-300x175.png 300w, https:\/\/agora.xtec.cat\/escolalatrama\/wp-content\/uploads\/usu518\/2024\/11\/1-1024x597.png 1024w, https:\/\/agora.xtec.cat\/escolalatrama\/wp-content\/uploads\/usu518\/2024\/11\/1-768x448.png 768w\" sizes=\"auto, (max-width: 1063px) 100vw, 1063px\" \/><\/figure><\/div><div class=\"wp-block-getwid-images-slider__item\"><figure><img loading=\"lazy\" decoding=\"async\" width=\"757\" height=\"613\" src=\"https:\/\/agora.xtec.cat\/escolalatrama\/wp-content\/uploads\/usu518\/2024\/11\/2.png\" data-id=\"4462\" data-link=\"https:\/\/agora.xtec.cat\/escolalatrama\/?attachment_id=4462\" data-original-link=\"https:\/\/agora.xtec.cat\/escolalatrama\/wp-content\/uploads\/usu518\/2024\/11\/2.png\" class=\"wp-block-getwid-images-slider__image wp-image-4462\" srcset=\"https:\/\/agora.xtec.cat\/escolalatrama\/wp-content\/uploads\/usu518\/2024\/11\/2.png 757w, https:\/\/agora.xtec.cat\/escolalatrama\/wp-content\/uploads\/usu518\/2024\/11\/2-300x243.png 300w\" sizes=\"auto, (max-width: 757px) 100vw, 757px\" \/><\/figure><\/div><div class=\"wp-block-getwid-images-slider__item\"><figure><img loading=\"lazy\" decoding=\"async\" width=\"505\" height=\"611\" src=\"https:\/\/agora.xtec.cat\/escolalatrama\/wp-content\/uploads\/usu518\/2024\/11\/3.png\" data-id=\"4463\" data-link=\"https:\/\/agora.xtec.cat\/escolalatrama\/?attachment_id=4463\" data-original-link=\"https:\/\/agora.xtec.cat\/escolalatrama\/wp-content\/uploads\/usu518\/2024\/11\/3.png\" class=\"wp-block-getwid-images-slider__image wp-image-4463\" srcset=\"https:\/\/agora.xtec.cat\/escolalatrama\/wp-content\/uploads\/usu518\/2024\/11\/3.png 505w, https:\/\/agora.xtec.cat\/escolalatrama\/wp-content\/uploads\/usu518\/2024\/11\/3-248x300.png 248w\" sizes=\"auto, (max-width: 505px) 100vw, 505px\" \/><\/figure><\/div><div class=\"wp-block-getwid-images-slider__item\"><figure><img loading=\"lazy\" decoding=\"async\" width=\"452\" height=\"612\" src=\"https:\/\/agora.xtec.cat\/escolalatrama\/wp-content\/uploads\/usu518\/2024\/11\/4.png\" data-id=\"4464\" data-link=\"https:\/\/agora.xtec.cat\/escolalatrama\/?attachment_id=4464\" data-original-link=\"https:\/\/agora.xtec.cat\/escolalatrama\/wp-content\/uploads\/usu518\/2024\/11\/4.png\" class=\"wp-block-getwid-images-slider__image wp-image-4464\" srcset=\"https:\/\/agora.xtec.cat\/escolalatrama\/wp-content\/uploads\/usu518\/2024\/11\/4.png 452w, https:\/\/agora.xtec.cat\/escolalatrama\/wp-content\/uploads\/usu518\/2024\/11\/4-222x300.png 222w\" sizes=\"auto, (max-width: 452px) 100vw, 452px\" \/><\/figure><\/div><div class=\"wp-block-getwid-images-slider__item\"><figure><img loading=\"lazy\" decoding=\"async\" width=\"455\" height=\"607\" src=\"https:\/\/agora.xtec.cat\/escolalatrama\/wp-content\/uploads\/usu518\/2024\/11\/5.png\" data-id=\"4465\" data-link=\"https:\/\/agora.xtec.cat\/escolalatrama\/?attachment_id=4465\" data-original-link=\"https:\/\/agora.xtec.cat\/escolalatrama\/wp-content\/uploads\/usu518\/2024\/11\/5.png\" class=\"wp-block-getwid-images-slider__image wp-image-4465\" srcset=\"https:\/\/agora.xtec.cat\/escolalatrama\/wp-content\/uploads\/usu518\/2024\/11\/5.png 455w, https:\/\/agora.xtec.cat\/escolalatrama\/wp-content\/uploads\/usu518\/2024\/11\/5-225x300.png 225w\" sizes=\"auto, (max-width: 455px) 100vw, 455px\" \/><\/figure><\/div><\/div><\/div>\n","protected":false},"excerpt":{"rendered":"<p>Fent construccions amb elements de formes, materials i mides diferents afavorim l&#8217;organitzaci\u00f3 de l&#8217;espai, l&#8217;exploraci\u00f3 i la comparaci\u00f3 dels cossos geom\u00e8trics. Els infants creen espais que sovint es converteixen en objecte de joc simb\u00f2lic (cases, amagatalls, castells&#8230;) o d&#8217;exploraci\u00f3 (rampes, laberints).<\/p>\n","protected":false},"author":5,"featured_media":0,"parent":0,"menu_order":0,"comment_status":"closed","ping_status":"close","template":"","meta":{"_bbp_topic_count":0,"_bbp_reply_count":0,"_bbp_total_topic_count":0,"_bbp_total_reply_count":0,"_bbp_voice_count":0,"_bbp_anonymous_reply_count":0,"_bbp_topic_count_hidden":0,"_bbp_reply_count_hidden":0,"_bbp_forum_subforum_count":0,"footnotes":""},"class_list":["post-4460","page","type-page","status-publish","hentry"],"post_mailing_queue_ids":[],"_links":{"self":[{"href":"https:\/\/agora.xtec.cat\/escolalatrama\/wp-json\/wp\/v2\/pages\/4460","targetHints":{"allow":["GET"]}}],"collection":[{"href":"https:\/\/agora.xtec.cat\/escolalatrama\/wp-json\/wp\/v2\/pages"}],"about":[{"href":"https:\/\/agora.xtec.cat\/escolalatrama\/wp-json\/wp\/v2\/types\/page"}],"author":[{"embeddable":true,"href":"https:\/\/agora.xtec.cat\/escolalatrama\/wp-json\/wp\/v2\/users\/5"}],"replies":[{"embeddable":true,"href":"https:\/\/agora.xtec.cat\/escolalatrama\/wp-json\/wp\/v2\/comments?post=4460"}],"version-history":[{"count":2,"href":"https:\/\/agora.xtec.cat\/escolalatrama\/wp-json\/wp\/v2\/pages\/4460\/revisions"}],"predecessor-version":[{"id":4513,"href":"https:\/\/agora.xtec.cat\/escolalatrama\/wp-json\/wp\/v2\/pages\/4460\/revisions\/4513"}],"wp:attachment":[{"href":"https:\/\/agora.xtec.cat\/escolalatrama\/wp-json\/wp\/v2\/media?parent=4460"}],"curies":[{"name":"wp","href":"https:\/\/api.w.org\/{rel}","templated":true}]}}