{"id":4352,"date":"2024-11-11T09:51:10","date_gmt":"2024-11-11T08:51:10","guid":{"rendered":"https:\/\/agora.xtec.cat\/escolalatrama\/?page_id=4352"},"modified":"2024-11-28T12:16:28","modified_gmt":"2024-11-28T11:16:28","slug":"robotica-2","status":"publish","type":"page","link":"https:\/\/agora.xtec.cat\/escolalatrama\/robotica-2\/","title":{"rendered":"Rob\u00f2tica"},"content":{"rendered":"\n<p style=\"font-size:17px\">Els alumnes desenvolupen habilitats tecnol\u00f2giques i de resoluci\u00f3 de problemes mitjan\u00e7ant la programaci\u00f3 i la construcci\u00f3 de robots. Les activitats fomenten el pensament cr\u00edtic, la creativitat i el treball col\u00b7laboratiu per resoldre reptes reals. A trav\u00e9s de materials com kits rob\u00f2tics i eines digitals, els infants aprenen conceptes b\u00e0sics d&#8217;enginyeria, matem\u00e0tiques i ci\u00e8ncies.<\/p>\n\n\n\n<div class=\"wp-block-getwid-images-slider has-arrows-inside has-dots-inside has-images-center has-fitted-images\"><div class=\"wp-block-getwid-images-slider__wrapper\" data-effect=\"slide\" data-slides-show=\"1\" data-slides-show-laptop=\"1\" data-slides-show-tablet=\"1\" data-slides-show-mobile=\"1\" data-slides-scroll=\"1\" data-autoplay=\"true\" data-pause-hover=\"false\" data-autoplay-speed=\"2000\" data-infinite=\"true\" data-animation-speed=\"800\" data-center-mode=\"false\" data-variable-width=\"false\" data-arrows=\"inside\" data-dots=\"inside\" data-spacing=\"none\"><div class=\"wp-block-getwid-images-slider__item\"><figure><img loading=\"lazy\" decoding=\"async\" width=\"660\" height=\"464\" src=\"https:\/\/agora.xtec.cat\/escolalatrama\/wp-content\/uploads\/usu518\/2024\/09\/Captura-de-pantalla-2024-04-24-132623.png\" data-id=\"3985\" data-link=\"https:\/\/agora.xtec.cat\/escolalatrama\/captura-de-pantalla-2024-04-24-132623\/\" data-original-link=\"https:\/\/agora.xtec.cat\/escolalatrama\/wp-content\/uploads\/usu518\/2024\/09\/Captura-de-pantalla-2024-04-24-132623.png\" class=\"wp-block-getwid-images-slider__image wp-image-3985\" srcset=\"https:\/\/agora.xtec.cat\/escolalatrama\/wp-content\/uploads\/usu518\/2024\/09\/Captura-de-pantalla-2024-04-24-132623.png 660w, https:\/\/agora.xtec.cat\/escolalatrama\/wp-content\/uploads\/usu518\/2024\/09\/Captura-de-pantalla-2024-04-24-132623-300x211.png 300w\" sizes=\"auto, (max-width: 660px) 100vw, 660px\" \/><\/figure><\/div><div class=\"wp-block-getwid-images-slider__item\"><figure><img loading=\"lazy\" decoding=\"async\" width=\"349\" height=\"467\" src=\"https:\/\/agora.xtec.cat\/escolalatrama\/wp-content\/uploads\/usu518\/2024\/09\/Captura-de-pantalla-3789.png\" data-id=\"3984\" data-link=\"https:\/\/agora.xtec.cat\/escolalatrama\/captura-de-pantalla-3789\/\" data-original-link=\"https:\/\/agora.xtec.cat\/escolalatrama\/wp-content\/uploads\/usu518\/2024\/09\/Captura-de-pantalla-3789.png\" class=\"wp-block-getwid-images-slider__image wp-image-3984\" srcset=\"https:\/\/agora.xtec.cat\/escolalatrama\/wp-content\/uploads\/usu518\/2024\/09\/Captura-de-pantalla-3789.png 349w, https:\/\/agora.xtec.cat\/escolalatrama\/wp-content\/uploads\/usu518\/2024\/09\/Captura-de-pantalla-3789-224x300.png 224w\" sizes=\"auto, (max-width: 349px) 100vw, 349px\" \/><\/figure><\/div><div class=\"wp-block-getwid-images-slider__item\"><figure><img loading=\"lazy\" decoding=\"async\" width=\"351\" height=\"467\" src=\"https:\/\/agora.xtec.cat\/escolalatrama\/wp-content\/uploads\/usu518\/2024\/09\/Captura-de-pantalla-4109.png\" data-id=\"3983\" data-link=\"https:\/\/agora.xtec.cat\/escolalatrama\/captura-de-pantalla-4109\/\" data-original-link=\"https:\/\/agora.xtec.cat\/escolalatrama\/wp-content\/uploads\/usu518\/2024\/09\/Captura-de-pantalla-4109.png\" class=\"wp-block-getwid-images-slider__image wp-image-3983\" srcset=\"https:\/\/agora.xtec.cat\/escolalatrama\/wp-content\/uploads\/usu518\/2024\/09\/Captura-de-pantalla-4109.png 351w, https:\/\/agora.xtec.cat\/escolalatrama\/wp-content\/uploads\/usu518\/2024\/09\/Captura-de-pantalla-4109-225x300.png 225w\" sizes=\"auto, (max-width: 351px) 100vw, 351px\" \/><\/figure><\/div><div class=\"wp-block-getwid-images-slider__item\"><figure><img loading=\"lazy\" decoding=\"async\" width=\"624\" height=\"464\" src=\"https:\/\/agora.xtec.cat\/escolalatrama\/wp-content\/uploads\/usu518\/2024\/09\/Captura-de-pantalla-4611.png\" data-id=\"3982\" data-link=\"https:\/\/agora.xtec.cat\/escolalatrama\/captura-de-pantalla-4611\/\" data-original-link=\"https:\/\/agora.xtec.cat\/escolalatrama\/wp-content\/uploads\/usu518\/2024\/09\/Captura-de-pantalla-4611.png\" class=\"wp-block-getwid-images-slider__image wp-image-3982\" srcset=\"https:\/\/agora.xtec.cat\/escolalatrama\/wp-content\/uploads\/usu518\/2024\/09\/Captura-de-pantalla-4611.png 624w, https:\/\/agora.xtec.cat\/escolalatrama\/wp-content\/uploads\/usu518\/2024\/09\/Captura-de-pantalla-4611-300x223.png 300w, https:\/\/agora.xtec.cat\/escolalatrama\/wp-content\/uploads\/usu518\/2024\/09\/Captura-de-pantalla-4611-200x150.png 200w\" sizes=\"auto, (max-width: 624px) 100vw, 624px\" \/><\/figure><\/div><\/div><\/div>\n","protected":false},"excerpt":{"rendered":"<p>Els alumnes desenvolupen habilitats tecnol\u00f2giques i de resoluci\u00f3 de problemes mitjan\u00e7ant la programaci\u00f3 i la construcci\u00f3 de robots. Les activitats fomenten el pensament cr\u00edtic, la creativitat i el treball col\u00b7laboratiu per resoldre reptes reals. A trav\u00e9s de materials com kits rob\u00f2tics i eines digitals, els&hellip;  <a href=\"https:\/\/agora.xtec.cat\/escolalatrama\/robotica-2\/\" title=\"Read Rob\u00f2tica\">Llegeix m\u00e9s\u00bb<\/a><\/p>\n","protected":false},"author":5,"featured_media":0,"parent":0,"menu_order":0,"comment_status":"closed","ping_status":"close","template":"","meta":{"_bbp_topic_count":0,"_bbp_reply_count":0,"_bbp_total_topic_count":0,"_bbp_total_reply_count":0,"_bbp_voice_count":0,"_bbp_anonymous_reply_count":0,"_bbp_topic_count_hidden":0,"_bbp_reply_count_hidden":0,"_bbp_forum_subforum_count":0,"footnotes":""},"class_list":["post-4352","page","type-page","status-publish","hentry"],"post_mailing_queue_ids":[],"_links":{"self":[{"href":"https:\/\/agora.xtec.cat\/escolalatrama\/wp-json\/wp\/v2\/pages\/4352","targetHints":{"allow":["GET"]}}],"collection":[{"href":"https:\/\/agora.xtec.cat\/escolalatrama\/wp-json\/wp\/v2\/pages"}],"about":[{"href":"https:\/\/agora.xtec.cat\/escolalatrama\/wp-json\/wp\/v2\/types\/page"}],"author":[{"embeddable":true,"href":"https:\/\/agora.xtec.cat\/escolalatrama\/wp-json\/wp\/v2\/users\/5"}],"replies":[{"embeddable":true,"href":"https:\/\/agora.xtec.cat\/escolalatrama\/wp-json\/wp\/v2\/comments?post=4352"}],"version-history":[{"count":3,"href":"https:\/\/agora.xtec.cat\/escolalatrama\/wp-json\/wp\/v2\/pages\/4352\/revisions"}],"predecessor-version":[{"id":4497,"href":"https:\/\/agora.xtec.cat\/escolalatrama\/wp-json\/wp\/v2\/pages\/4352\/revisions\/4497"}],"wp:attachment":[{"href":"https:\/\/agora.xtec.cat\/escolalatrama\/wp-json\/wp\/v2\/media?parent=4352"}],"curies":[{"name":"wp","href":"https:\/\/api.w.org\/{rel}","templated":true}]}}