{"id":4249,"date":"2024-10-31T11:57:36","date_gmt":"2024-10-31T10:57:36","guid":{"rendered":"https:\/\/agora.xtec.cat\/escolalatrama\/?page_id=4249"},"modified":"2024-11-28T11:54:09","modified_gmt":"2024-11-28T10:54:09","slug":"estrategia","status":"publish","type":"page","link":"https:\/\/agora.xtec.cat\/escolalatrama\/estrategia\/","title":{"rendered":"Estrat\u00e8gia"},"content":{"rendered":"\n<p style=\"font-size:17px\">Espai matem\u00e0tic on a partir dels jocs de taula, es treballen diferents habilitats matem\u00e0tiques i t\u00e8cniques d&#8217;estrat\u00e8gia i organitzaci\u00f3 espacial.<\/p>\n\n\n\n<div class=\"wp-block-getwid-images-slider has-arrows-inside has-dots-inside has-images-center has-fitted-images\"><div class=\"wp-block-getwid-images-slider__wrapper\" data-effect=\"slide\" data-slides-show=\"1\" data-slides-show-laptop=\"1\" data-slides-show-tablet=\"1\" data-slides-show-mobile=\"1\" data-slides-scroll=\"1\" data-autoplay=\"true\" data-pause-hover=\"false\" data-autoplay-speed=\"2000\" data-infinite=\"true\" data-animation-speed=\"800\" data-center-mode=\"false\" data-variable-width=\"false\" data-arrows=\"inside\" data-dots=\"inside\" data-spacing=\"none\"><div class=\"wp-block-getwid-images-slider__item\"><figure><img loading=\"lazy\" decoding=\"async\" width=\"523\" height=\"466\" src=\"https:\/\/agora.xtec.cat\/escolalatrama\/wp-content\/uploads\/usu518\/2024\/09\/Captura-de-pantalla-1-4.png\" data-id=\"4014\" data-link=\"https:\/\/agora.xtec.cat\/escolalatrama\/captura-de-pantalla-1-5\/\" data-original-link=\"https:\/\/agora.xtec.cat\/escolalatrama\/wp-content\/uploads\/usu518\/2024\/09\/Captura-de-pantalla-1-4.png\" class=\"wp-block-getwid-images-slider__image wp-image-4014\" srcset=\"https:\/\/agora.xtec.cat\/escolalatrama\/wp-content\/uploads\/usu518\/2024\/09\/Captura-de-pantalla-1-4.png 523w, https:\/\/agora.xtec.cat\/escolalatrama\/wp-content\/uploads\/usu518\/2024\/09\/Captura-de-pantalla-1-4-300x267.png 300w\" sizes=\"auto, (max-width: 523px) 100vw, 523px\" \/><\/figure><\/div><div class=\"wp-block-getwid-images-slider__item\"><figure><img loading=\"lazy\" decoding=\"async\" width=\"347\" height=\"463\" src=\"https:\/\/agora.xtec.cat\/escolalatrama\/wp-content\/uploads\/usu518\/2024\/09\/Captura-de-pantalla-2-3.png\" data-id=\"4015\" data-link=\"https:\/\/agora.xtec.cat\/escolalatrama\/captura-de-pantalla-2-4\/\" data-original-link=\"https:\/\/agora.xtec.cat\/escolalatrama\/wp-content\/uploads\/usu518\/2024\/09\/Captura-de-pantalla-2-3.png\" class=\"wp-block-getwid-images-slider__image wp-image-4015\" srcset=\"https:\/\/agora.xtec.cat\/escolalatrama\/wp-content\/uploads\/usu518\/2024\/09\/Captura-de-pantalla-2-3.png 347w, https:\/\/agora.xtec.cat\/escolalatrama\/wp-content\/uploads\/usu518\/2024\/09\/Captura-de-pantalla-2-3-225x300.png 225w\" sizes=\"auto, (max-width: 347px) 100vw, 347px\" \/><\/figure><\/div><div class=\"wp-block-getwid-images-slider__item\"><figure><img loading=\"lazy\" decoding=\"async\" width=\"698\" height=\"463\" src=\"https:\/\/agora.xtec.cat\/escolalatrama\/wp-content\/uploads\/usu518\/2024\/09\/Captura-de-pantalla-3-2.png\" data-id=\"4016\" data-link=\"https:\/\/agora.xtec.cat\/escolalatrama\/captura-de-pantalla-3-3\/\" data-original-link=\"https:\/\/agora.xtec.cat\/escolalatrama\/wp-content\/uploads\/usu518\/2024\/09\/Captura-de-pantalla-3-2.png\" class=\"wp-block-getwid-images-slider__image wp-image-4016\" srcset=\"https:\/\/agora.xtec.cat\/escolalatrama\/wp-content\/uploads\/usu518\/2024\/09\/Captura-de-pantalla-3-2.png 698w, https:\/\/agora.xtec.cat\/escolalatrama\/wp-content\/uploads\/usu518\/2024\/09\/Captura-de-pantalla-3-2-300x199.png 300w\" sizes=\"auto, (max-width: 698px) 100vw, 698px\" \/><\/figure><\/div><div class=\"wp-block-getwid-images-slider__item\"><figure><img loading=\"lazy\" decoding=\"async\" width=\"530\" height=\"463\" src=\"https:\/\/agora.xtec.cat\/escolalatrama\/wp-content\/uploads\/usu518\/2024\/09\/Captura-de-pantalla-4-2.png\" data-id=\"4017\" data-link=\"https:\/\/agora.xtec.cat\/escolalatrama\/captura-de-pantalla-4-3\/\" data-original-link=\"https:\/\/agora.xtec.cat\/escolalatrama\/wp-content\/uploads\/usu518\/2024\/09\/Captura-de-pantalla-4-2.png\" class=\"wp-block-getwid-images-slider__image wp-image-4017\" srcset=\"https:\/\/agora.xtec.cat\/escolalatrama\/wp-content\/uploads\/usu518\/2024\/09\/Captura-de-pantalla-4-2.png 530w, https:\/\/agora.xtec.cat\/escolalatrama\/wp-content\/uploads\/usu518\/2024\/09\/Captura-de-pantalla-4-2-300x262.png 300w\" sizes=\"auto, (max-width: 530px) 100vw, 530px\" \/><\/figure><\/div><\/div><\/div>\n","protected":false},"excerpt":{"rendered":"<p>Espai matem\u00e0tic on a partir dels jocs de taula, es treballen diferents habilitats matem\u00e0tiques i t\u00e8cniques d&#8217;estrat\u00e8gia i organitzaci\u00f3 espacial.<\/p>\n","protected":false},"author":5,"featured_media":0,"parent":0,"menu_order":0,"comment_status":"closed","ping_status":"closed","template":"","meta":{"_bbp_topic_count":0,"_bbp_reply_count":0,"_bbp_total_topic_count":0,"_bbp_total_reply_count":0,"_bbp_voice_count":0,"_bbp_anonymous_reply_count":0,"_bbp_topic_count_hidden":0,"_bbp_reply_count_hidden":0,"_bbp_forum_subforum_count":0,"footnotes":""},"class_list":["post-4249","page","type-page","status-publish","hentry"],"post_mailing_queue_ids":[],"_links":{"self":[{"href":"https:\/\/agora.xtec.cat\/escolalatrama\/wp-json\/wp\/v2\/pages\/4249","targetHints":{"allow":["GET"]}}],"collection":[{"href":"https:\/\/agora.xtec.cat\/escolalatrama\/wp-json\/wp\/v2\/pages"}],"about":[{"href":"https:\/\/agora.xtec.cat\/escolalatrama\/wp-json\/wp\/v2\/types\/page"}],"author":[{"embeddable":true,"href":"https:\/\/agora.xtec.cat\/escolalatrama\/wp-json\/wp\/v2\/users\/5"}],"replies":[{"embeddable":true,"href":"https:\/\/agora.xtec.cat\/escolalatrama\/wp-json\/wp\/v2\/comments?post=4249"}],"version-history":[{"count":4,"href":"https:\/\/agora.xtec.cat\/escolalatrama\/wp-json\/wp\/v2\/pages\/4249\/revisions"}],"predecessor-version":[{"id":4489,"href":"https:\/\/agora.xtec.cat\/escolalatrama\/wp-json\/wp\/v2\/pages\/4249\/revisions\/4489"}],"wp:attachment":[{"href":"https:\/\/agora.xtec.cat\/escolalatrama\/wp-json\/wp\/v2\/media?parent=4249"}],"curies":[{"name":"wp","href":"https:\/\/api.w.org\/{rel}","templated":true}]}}