{"id":4246,"date":"2024-10-31T11:56:23","date_gmt":"2024-10-31T10:56:23","guid":{"rendered":"https:\/\/agora.xtec.cat\/escolalatrama\/?page_id=4246"},"modified":"2024-11-28T11:53:11","modified_gmt":"2024-11-28T10:53:11","slug":"escenari","status":"publish","type":"page","link":"https:\/\/agora.xtec.cat\/escolalatrama\/escenari\/","title":{"rendered":"Escenari"},"content":{"rendered":"\n<p style=\"font-size:17px\">Espai per representar petites obres i actuacions partint de contes o altres idees pr\u00f2pies fent \u00fas de disfresses i complements, fomentant l&#8217;expressi\u00f3 oral.<\/p>\n\n\n\n<div class=\"wp-block-getwid-images-slider has-arrows-inside has-dots-inside has-images-center has-fitted-images\"><div class=\"wp-block-getwid-images-slider__wrapper\" data-effect=\"slide\" data-slides-show=\"1\" data-slides-show-laptop=\"1\" data-slides-show-tablet=\"1\" data-slides-show-mobile=\"1\" data-slides-scroll=\"1\" data-autoplay=\"true\" data-pause-hover=\"false\" data-autoplay-speed=\"2000\" data-infinite=\"true\" data-animation-speed=\"800\" data-center-mode=\"false\" data-variable-width=\"false\" data-arrows=\"inside\" data-dots=\"inside\" data-spacing=\"none\"><div class=\"wp-block-getwid-images-slider__item\"><figure><img loading=\"lazy\" decoding=\"async\" width=\"624\" height=\"463\" src=\"https:\/\/agora.xtec.cat\/escolalatrama\/wp-content\/uploads\/usu518\/2024\/09\/Captura-de-pantalla-1-3.png\" data-id=\"4008\" data-link=\"https:\/\/agora.xtec.cat\/escolalatrama\/captura-de-pantalla-1-4\/\" data-original-link=\"https:\/\/agora.xtec.cat\/escolalatrama\/wp-content\/uploads\/usu518\/2024\/09\/Captura-de-pantalla-1-3.png\" class=\"wp-block-getwid-images-slider__image wp-image-4008\" srcset=\"https:\/\/agora.xtec.cat\/escolalatrama\/wp-content\/uploads\/usu518\/2024\/09\/Captura-de-pantalla-1-3.png 624w, https:\/\/agora.xtec.cat\/escolalatrama\/wp-content\/uploads\/usu518\/2024\/09\/Captura-de-pantalla-1-3-300x223.png 300w\" sizes=\"auto, (max-width: 624px) 100vw, 624px\" \/><\/figure><\/div><div class=\"wp-block-getwid-images-slider__item\"><figure><img loading=\"lazy\" decoding=\"async\" width=\"621\" height=\"462\" src=\"https:\/\/agora.xtec.cat\/escolalatrama\/wp-content\/uploads\/usu518\/2024\/09\/Captura-de-pantalla-2-2.png\" data-id=\"4009\" data-link=\"https:\/\/agora.xtec.cat\/escolalatrama\/captura-de-pantalla-2-3\/\" data-original-link=\"https:\/\/agora.xtec.cat\/escolalatrama\/wp-content\/uploads\/usu518\/2024\/09\/Captura-de-pantalla-2-2.png\" class=\"wp-block-getwid-images-slider__image wp-image-4009\" srcset=\"https:\/\/agora.xtec.cat\/escolalatrama\/wp-content\/uploads\/usu518\/2024\/09\/Captura-de-pantalla-2-2.png 621w, https:\/\/agora.xtec.cat\/escolalatrama\/wp-content\/uploads\/usu518\/2024\/09\/Captura-de-pantalla-2-2-300x223.png 300w, https:\/\/agora.xtec.cat\/escolalatrama\/wp-content\/uploads\/usu518\/2024\/09\/Captura-de-pantalla-2-2-200x150.png 200w\" sizes=\"auto, (max-width: 621px) 100vw, 621px\" \/><\/figure><\/div><div class=\"wp-block-getwid-images-slider__item\"><figure><img loading=\"lazy\" decoding=\"async\" width=\"626\" height=\"468\" src=\"https:\/\/agora.xtec.cat\/escolalatrama\/wp-content\/uploads\/usu518\/2024\/09\/Captura-de-pantalla-3-1.png\" data-id=\"4010\" data-link=\"https:\/\/agora.xtec.cat\/escolalatrama\/captura-de-pantalla-3-2\/\" data-original-link=\"https:\/\/agora.xtec.cat\/escolalatrama\/wp-content\/uploads\/usu518\/2024\/09\/Captura-de-pantalla-3-1.png\" class=\"wp-block-getwid-images-slider__image wp-image-4010\" srcset=\"https:\/\/agora.xtec.cat\/escolalatrama\/wp-content\/uploads\/usu518\/2024\/09\/Captura-de-pantalla-3-1.png 626w, https:\/\/agora.xtec.cat\/escolalatrama\/wp-content\/uploads\/usu518\/2024\/09\/Captura-de-pantalla-3-1-300x224.png 300w, https:\/\/agora.xtec.cat\/escolalatrama\/wp-content\/uploads\/usu518\/2024\/09\/Captura-de-pantalla-3-1-200x150.png 200w\" sizes=\"auto, (max-width: 626px) 100vw, 626px\" \/><\/figure><\/div><div class=\"wp-block-getwid-images-slider__item\"><figure><img loading=\"lazy\" decoding=\"async\" width=\"624\" height=\"464\" src=\"https:\/\/agora.xtec.cat\/escolalatrama\/wp-content\/uploads\/usu518\/2024\/09\/Captura-de-pantalla-4-1.png\" data-id=\"4011\" data-link=\"https:\/\/agora.xtec.cat\/escolalatrama\/captura-de-pantalla-4-2\/\" data-original-link=\"https:\/\/agora.xtec.cat\/escolalatrama\/wp-content\/uploads\/usu518\/2024\/09\/Captura-de-pantalla-4-1.png\" class=\"wp-block-getwid-images-slider__image wp-image-4011\" srcset=\"https:\/\/agora.xtec.cat\/escolalatrama\/wp-content\/uploads\/usu518\/2024\/09\/Captura-de-pantalla-4-1.png 624w, https:\/\/agora.xtec.cat\/escolalatrama\/wp-content\/uploads\/usu518\/2024\/09\/Captura-de-pantalla-4-1-300x223.png 300w, https:\/\/agora.xtec.cat\/escolalatrama\/wp-content\/uploads\/usu518\/2024\/09\/Captura-de-pantalla-4-1-200x150.png 200w\" sizes=\"auto, (max-width: 624px) 100vw, 624px\" \/><\/figure><\/div><\/div><\/div>\n","protected":false},"excerpt":{"rendered":"<p>Espai per representar petites obres i actuacions partint de contes o altres idees pr\u00f2pies fent \u00fas de disfresses i complements, fomentant l&#8217;expressi\u00f3 oral.<\/p>\n","protected":false},"author":5,"featured_media":0,"parent":0,"menu_order":0,"comment_status":"closed","ping_status":"closed","template":"","meta":{"_bbp_topic_count":0,"_bbp_reply_count":0,"_bbp_total_topic_count":0,"_bbp_total_reply_count":0,"_bbp_voice_count":0,"_bbp_anonymous_reply_count":0,"_bbp_topic_count_hidden":0,"_bbp_reply_count_hidden":0,"_bbp_forum_subforum_count":0,"footnotes":""},"class_list":["post-4246","page","type-page","status-publish","hentry"],"post_mailing_queue_ids":[],"_links":{"self":[{"href":"https:\/\/agora.xtec.cat\/escolalatrama\/wp-json\/wp\/v2\/pages\/4246","targetHints":{"allow":["GET"]}}],"collection":[{"href":"https:\/\/agora.xtec.cat\/escolalatrama\/wp-json\/wp\/v2\/pages"}],"about":[{"href":"https:\/\/agora.xtec.cat\/escolalatrama\/wp-json\/wp\/v2\/types\/page"}],"author":[{"embeddable":true,"href":"https:\/\/agora.xtec.cat\/escolalatrama\/wp-json\/wp\/v2\/users\/5"}],"replies":[{"embeddable":true,"href":"https:\/\/agora.xtec.cat\/escolalatrama\/wp-json\/wp\/v2\/comments?post=4246"}],"version-history":[{"count":5,"href":"https:\/\/agora.xtec.cat\/escolalatrama\/wp-json\/wp\/v2\/pages\/4246\/revisions"}],"predecessor-version":[{"id":4486,"href":"https:\/\/agora.xtec.cat\/escolalatrama\/wp-json\/wp\/v2\/pages\/4246\/revisions\/4486"}],"wp:attachment":[{"href":"https:\/\/agora.xtec.cat\/escolalatrama\/wp-json\/wp\/v2\/media?parent=4246"}],"curies":[{"name":"wp","href":"https:\/\/api.w.org\/{rel}","templated":true}]}}