{"id":4241,"date":"2024-10-31T11:53:15","date_gmt":"2024-10-31T10:53:15","guid":{"rendered":"https:\/\/agora.xtec.cat\/escolalatrama\/?page_id=4241"},"modified":"2024-11-28T11:53:23","modified_gmt":"2024-11-28T10:53:23","slug":"art-2","status":"publish","type":"page","link":"https:\/\/agora.xtec.cat\/escolalatrama\/art-2\/","title":{"rendered":"Art"},"content":{"rendered":"\n<p style=\"font-size:17px\">Espai per desenvolupar la creativitat treballant les diferents habilitats art\u00edstiques fent \u00fas de materials diversos i a partir de propostes din\u00e0miques.<\/p>\n\n\n\n<div class=\"wp-block-getwid-images-slider has-arrows-inside has-dots-inside has-images-center has-fitted-images\"><div class=\"wp-block-getwid-images-slider__wrapper\" data-effect=\"slide\" data-slides-show=\"1\" data-slides-show-laptop=\"1\" data-slides-show-tablet=\"1\" data-slides-show-mobile=\"1\" data-slides-scroll=\"1\" data-autoplay=\"true\" data-pause-hover=\"false\" data-autoplay-speed=\"2000\" data-infinite=\"true\" data-animation-speed=\"800\" data-center-mode=\"false\" data-variable-width=\"false\" data-arrows=\"inside\" data-dots=\"inside\" data-spacing=\"none\"><div class=\"wp-block-getwid-images-slider__item\"><figure><img loading=\"lazy\" decoding=\"async\" width=\"970\" height=\"464\" src=\"https:\/\/agora.xtec.cat\/escolalatrama\/wp-content\/uploads\/usu518\/2024\/09\/Captura-de-pantalla-0876.png\" data-id=\"3996\" data-link=\"https:\/\/agora.xtec.cat\/escolalatrama\/captura-de-pantalla-0876\/\" data-original-link=\"https:\/\/agora.xtec.cat\/escolalatrama\/wp-content\/uploads\/usu518\/2024\/09\/Captura-de-pantalla-0876.png\" class=\"wp-block-getwid-images-slider__image wp-image-3996\" srcset=\"https:\/\/agora.xtec.cat\/escolalatrama\/wp-content\/uploads\/usu518\/2024\/09\/Captura-de-pantalla-0876.png 970w, https:\/\/agora.xtec.cat\/escolalatrama\/wp-content\/uploads\/usu518\/2024\/09\/Captura-de-pantalla-0876-300x144.png 300w, https:\/\/agora.xtec.cat\/escolalatrama\/wp-content\/uploads\/usu518\/2024\/09\/Captura-de-pantalla-0876-768x367.png 768w\" sizes=\"auto, (max-width: 970px) 100vw, 970px\" \/><\/figure><\/div><div class=\"wp-block-getwid-images-slider__item\"><figure><img loading=\"lazy\" decoding=\"async\" width=\"566\" height=\"466\" src=\"https:\/\/agora.xtec.cat\/escolalatrama\/wp-content\/uploads\/usu518\/2024\/09\/Captura-de-pantalla-3365.png\" data-id=\"3997\" data-link=\"https:\/\/agora.xtec.cat\/escolalatrama\/captura-de-pantalla-3365\/\" data-original-link=\"https:\/\/agora.xtec.cat\/escolalatrama\/wp-content\/uploads\/usu518\/2024\/09\/Captura-de-pantalla-3365.png\" class=\"wp-block-getwid-images-slider__image wp-image-3997\" srcset=\"https:\/\/agora.xtec.cat\/escolalatrama\/wp-content\/uploads\/usu518\/2024\/09\/Captura-de-pantalla-3365.png 566w, https:\/\/agora.xtec.cat\/escolalatrama\/wp-content\/uploads\/usu518\/2024\/09\/Captura-de-pantalla-3365-300x247.png 300w\" sizes=\"auto, (max-width: 566px) 100vw, 566px\" \/><\/figure><\/div><div class=\"wp-block-getwid-images-slider__item\"><figure><img loading=\"lazy\" decoding=\"async\" width=\"610\" height=\"465\" src=\"https:\/\/agora.xtec.cat\/escolalatrama\/wp-content\/uploads\/usu518\/2024\/09\/Captura-de-pantalla-3428.png\" data-id=\"3998\" data-link=\"https:\/\/agora.xtec.cat\/escolalatrama\/captura-de-pantalla-3428\/\" data-original-link=\"https:\/\/agora.xtec.cat\/escolalatrama\/wp-content\/uploads\/usu518\/2024\/09\/Captura-de-pantalla-3428.png\" class=\"wp-block-getwid-images-slider__image wp-image-3998\" srcset=\"https:\/\/agora.xtec.cat\/escolalatrama\/wp-content\/uploads\/usu518\/2024\/09\/Captura-de-pantalla-3428.png 610w, https:\/\/agora.xtec.cat\/escolalatrama\/wp-content\/uploads\/usu518\/2024\/09\/Captura-de-pantalla-3428-300x229.png 300w\" sizes=\"auto, (max-width: 610px) 100vw, 610px\" \/><\/figure><\/div><div class=\"wp-block-getwid-images-slider__item\"><figure><img loading=\"lazy\" decoding=\"async\" width=\"512\" height=\"463\" src=\"https:\/\/agora.xtec.cat\/escolalatrama\/wp-content\/uploads\/usu518\/2024\/09\/Captura-de-pantalla-3532.png\" data-id=\"3999\" data-link=\"https:\/\/agora.xtec.cat\/escolalatrama\/captura-de-pantalla-3532\/\" data-original-link=\"https:\/\/agora.xtec.cat\/escolalatrama\/wp-content\/uploads\/usu518\/2024\/09\/Captura-de-pantalla-3532.png\" class=\"wp-block-getwid-images-slider__image wp-image-3999\" srcset=\"https:\/\/agora.xtec.cat\/escolalatrama\/wp-content\/uploads\/usu518\/2024\/09\/Captura-de-pantalla-3532.png 512w, https:\/\/agora.xtec.cat\/escolalatrama\/wp-content\/uploads\/usu518\/2024\/09\/Captura-de-pantalla-3532-300x271.png 300w\" sizes=\"auto, (max-width: 512px) 100vw, 512px\" \/><\/figure><\/div><\/div><\/div>\n","protected":false},"excerpt":{"rendered":"<p>Espai per desenvolupar la creativitat treballant les diferents habilitats art\u00edstiques fent \u00fas de materials diversos i a partir de propostes din\u00e0miques.<\/p>\n","protected":false},"author":5,"featured_media":0,"parent":0,"menu_order":0,"comment_status":"closed","ping_status":"closed","template":"","meta":{"_bbp_topic_count":0,"_bbp_reply_count":0,"_bbp_total_topic_count":0,"_bbp_total_reply_count":0,"_bbp_voice_count":0,"_bbp_anonymous_reply_count":0,"_bbp_topic_count_hidden":0,"_bbp_reply_count_hidden":0,"_bbp_forum_subforum_count":0,"footnotes":""},"class_list":["post-4241","page","type-page","status-publish","hentry"],"post_mailing_queue_ids":[],"_links":{"self":[{"href":"https:\/\/agora.xtec.cat\/escolalatrama\/wp-json\/wp\/v2\/pages\/4241","targetHints":{"allow":["GET"]}}],"collection":[{"href":"https:\/\/agora.xtec.cat\/escolalatrama\/wp-json\/wp\/v2\/pages"}],"about":[{"href":"https:\/\/agora.xtec.cat\/escolalatrama\/wp-json\/wp\/v2\/types\/page"}],"author":[{"embeddable":true,"href":"https:\/\/agora.xtec.cat\/escolalatrama\/wp-json\/wp\/v2\/users\/5"}],"replies":[{"embeddable":true,"href":"https:\/\/agora.xtec.cat\/escolalatrama\/wp-json\/wp\/v2\/comments?post=4241"}],"version-history":[{"count":6,"href":"https:\/\/agora.xtec.cat\/escolalatrama\/wp-json\/wp\/v2\/pages\/4241\/revisions"}],"predecessor-version":[{"id":4488,"href":"https:\/\/agora.xtec.cat\/escolalatrama\/wp-json\/wp\/v2\/pages\/4241\/revisions\/4488"}],"wp:attachment":[{"href":"https:\/\/agora.xtec.cat\/escolalatrama\/wp-json\/wp\/v2\/media?parent=4241"}],"curies":[{"name":"wp","href":"https:\/\/api.w.org\/{rel}","templated":true}]}}