{"id":4212,"date":"2024-10-31T11:25:34","date_gmt":"2024-10-31T10:25:34","guid":{"rendered":"https:\/\/agora.xtec.cat\/escolalatrama\/?page_id=4212"},"modified":"2024-11-28T12:06:46","modified_gmt":"2024-11-28T11:06:46","slug":"moviment","status":"publish","type":"page","link":"https:\/\/agora.xtec.cat\/escolalatrama\/moviment\/","title":{"rendered":"Let&#8217;s move"},"content":{"rendered":"\n<p style=\"font-size:17px\">El nostre cos i l&#8217;experimentaci\u00f3 de les seves capacitats f\u00edsiques, emocionals i expressives s\u00f3n la base de la nostra interrelaci\u00f3. L&#8217;objectiu d&#8217;aquest espai \u00e9s que els infants interpretin les instruccions de cada proposta amb diferents materials i s&#8217;organitzin en el seu grup per tal de gestionar-la. S&#8217;afavoreix l&#8217;expressi\u00f3 corporal, la creativitat, la presa de decisions, l&#8217;acceptaci\u00f3 de rols, etc.<\/p>\n\n\n\n<div class=\"wp-block-getwid-images-slider has-arrows-inside has-dots-inside has-images-center has-fitted-images\"><div class=\"wp-block-getwid-images-slider__wrapper\" data-effect=\"slide\" data-slides-show=\"1\" data-slides-show-laptop=\"1\" data-slides-show-tablet=\"1\" data-slides-show-mobile=\"1\" data-slides-scroll=\"1\" data-autoplay=\"true\" data-pause-hover=\"false\" data-autoplay-speed=\"2000\" data-infinite=\"true\" data-animation-speed=\"800\" data-center-mode=\"false\" data-variable-width=\"false\" data-arrows=\"inside\" data-dots=\"inside\" data-spacing=\"none\"><div class=\"wp-block-getwid-images-slider__item\"><figure><img loading=\"lazy\" decoding=\"async\" width=\"349\" height=\"463\" src=\"https:\/\/agora.xtec.cat\/escolalatrama\/wp-content\/uploads\/usu518\/2024\/09\/Captura-de-pantalla-1-1.png\" data-id=\"3977\" data-link=\"https:\/\/agora.xtec.cat\/escolalatrama\/captura-de-pantalla-1-2\/\" data-original-link=\"https:\/\/agora.xtec.cat\/escolalatrama\/wp-content\/uploads\/usu518\/2024\/09\/Captura-de-pantalla-1-1.png\" class=\"wp-block-getwid-images-slider__image wp-image-3977\" srcset=\"https:\/\/agora.xtec.cat\/escolalatrama\/wp-content\/uploads\/usu518\/2024\/09\/Captura-de-pantalla-1-1.png 349w, https:\/\/agora.xtec.cat\/escolalatrama\/wp-content\/uploads\/usu518\/2024\/09\/Captura-de-pantalla-1-1-226x300.png 226w\" sizes=\"auto, (max-width: 349px) 100vw, 349px\" \/><\/figure><\/div><div class=\"wp-block-getwid-images-slider__item\"><figure><img loading=\"lazy\" decoding=\"async\" width=\"725\" height=\"442\" src=\"https:\/\/agora.xtec.cat\/escolalatrama\/wp-content\/uploads\/usu518\/2024\/09\/Captura-de-pantalla-2024-05-29-134344.png\" data-id=\"3980\" data-link=\"https:\/\/agora.xtec.cat\/escolalatrama\/captura-de-pantalla-2024-05-29-134344\/\" data-original-link=\"https:\/\/agora.xtec.cat\/escolalatrama\/wp-content\/uploads\/usu518\/2024\/09\/Captura-de-pantalla-2024-05-29-134344.png\" class=\"wp-block-getwid-images-slider__image wp-image-3980\" srcset=\"https:\/\/agora.xtec.cat\/escolalatrama\/wp-content\/uploads\/usu518\/2024\/09\/Captura-de-pantalla-2024-05-29-134344.png 725w, https:\/\/agora.xtec.cat\/escolalatrama\/wp-content\/uploads\/usu518\/2024\/09\/Captura-de-pantalla-2024-05-29-134344-300x183.png 300w\" sizes=\"auto, (max-width: 725px) 100vw, 725px\" \/><\/figure><\/div><div class=\"wp-block-getwid-images-slider__item\"><figure><img loading=\"lazy\" decoding=\"async\" width=\"633\" height=\"468\" src=\"https:\/\/agora.xtec.cat\/escolalatrama\/wp-content\/uploads\/usu518\/2024\/09\/Captura-de-pantalla-2024-05-29-140302.png\" data-id=\"3979\" data-link=\"https:\/\/agora.xtec.cat\/escolalatrama\/captura-de-pantalla-2024-05-29-140302\/\" data-original-link=\"https:\/\/agora.xtec.cat\/escolalatrama\/wp-content\/uploads\/usu518\/2024\/09\/Captura-de-pantalla-2024-05-29-140302.png\" class=\"wp-block-getwid-images-slider__image wp-image-3979\" srcset=\"https:\/\/agora.xtec.cat\/escolalatrama\/wp-content\/uploads\/usu518\/2024\/09\/Captura-de-pantalla-2024-05-29-140302.png 633w, https:\/\/agora.xtec.cat\/escolalatrama\/wp-content\/uploads\/usu518\/2024\/09\/Captura-de-pantalla-2024-05-29-140302-300x222.png 300w\" sizes=\"auto, (max-width: 633px) 100vw, 633px\" \/><\/figure><\/div><div class=\"wp-block-getwid-images-slider__item\"><figure><img loading=\"lazy\" decoding=\"async\" width=\"616\" height=\"463\" src=\"https:\/\/agora.xtec.cat\/escolalatrama\/wp-content\/uploads\/usu518\/2024\/09\/Captura-de-pantalla-2024-05-29-140422.png\" data-id=\"3978\" data-link=\"https:\/\/agora.xtec.cat\/escolalatrama\/captura-de-pantalla-2024-05-29-140422\/\" data-original-link=\"https:\/\/agora.xtec.cat\/escolalatrama\/wp-content\/uploads\/usu518\/2024\/09\/Captura-de-pantalla-2024-05-29-140422.png\" class=\"wp-block-getwid-images-slider__image wp-image-3978\" srcset=\"https:\/\/agora.xtec.cat\/escolalatrama\/wp-content\/uploads\/usu518\/2024\/09\/Captura-de-pantalla-2024-05-29-140422.png 616w, https:\/\/agora.xtec.cat\/escolalatrama\/wp-content\/uploads\/usu518\/2024\/09\/Captura-de-pantalla-2024-05-29-140422-300x225.png 300w, https:\/\/agora.xtec.cat\/escolalatrama\/wp-content\/uploads\/usu518\/2024\/09\/Captura-de-pantalla-2024-05-29-140422-200x150.png 200w\" sizes=\"auto, (max-width: 616px) 100vw, 616px\" \/><\/figure><\/div><\/div><\/div>\n","protected":false},"excerpt":{"rendered":"<p>El nostre cos i l&#8217;experimentaci\u00f3 de les seves capacitats f\u00edsiques, emocionals i expressives s\u00f3n la base de la nostra interrelaci\u00f3. L&#8217;objectiu d&#8217;aquest espai \u00e9s que els infants interpretin les instruccions de cada proposta amb diferents materials i s&#8217;organitzin en el seu grup per tal de&hellip;  <a href=\"https:\/\/agora.xtec.cat\/escolalatrama\/moviment\/\" title=\"Read Let&#8217;s move\">Llegeix m\u00e9s\u00bb<\/a><\/p>\n","protected":false},"author":5,"featured_media":0,"parent":0,"menu_order":0,"comment_status":"closed","ping_status":"closed","template":"","meta":{"_bbp_topic_count":0,"_bbp_reply_count":0,"_bbp_total_topic_count":0,"_bbp_total_reply_count":0,"_bbp_voice_count":0,"_bbp_anonymous_reply_count":0,"_bbp_topic_count_hidden":0,"_bbp_reply_count_hidden":0,"_bbp_forum_subforum_count":0,"footnotes":""},"class_list":["post-4212","page","type-page","status-publish","hentry"],"post_mailing_queue_ids":[],"_links":{"self":[{"href":"https:\/\/agora.xtec.cat\/escolalatrama\/wp-json\/wp\/v2\/pages\/4212","targetHints":{"allow":["GET"]}}],"collection":[{"href":"https:\/\/agora.xtec.cat\/escolalatrama\/wp-json\/wp\/v2\/pages"}],"about":[{"href":"https:\/\/agora.xtec.cat\/escolalatrama\/wp-json\/wp\/v2\/types\/page"}],"author":[{"embeddable":true,"href":"https:\/\/agora.xtec.cat\/escolalatrama\/wp-json\/wp\/v2\/users\/5"}],"replies":[{"embeddable":true,"href":"https:\/\/agora.xtec.cat\/escolalatrama\/wp-json\/wp\/v2\/comments?post=4212"}],"version-history":[{"count":3,"href":"https:\/\/agora.xtec.cat\/escolalatrama\/wp-json\/wp\/v2\/pages\/4212\/revisions"}],"predecessor-version":[{"id":4494,"href":"https:\/\/agora.xtec.cat\/escolalatrama\/wp-json\/wp\/v2\/pages\/4212\/revisions\/4494"}],"wp:attachment":[{"href":"https:\/\/agora.xtec.cat\/escolalatrama\/wp-json\/wp\/v2\/media?parent=4212"}],"curies":[{"name":"wp","href":"https:\/\/api.w.org\/{rel}","templated":true}]}}