{"id":4200,"date":"2024-10-31T11:18:22","date_gmt":"2024-10-31T10:18:22","guid":{"rendered":"https:\/\/agora.xtec.cat\/escolalatrama\/?page_id=4200"},"modified":"2024-11-28T12:08:20","modified_gmt":"2024-11-28T11:08:20","slug":"ciencies","status":"publish","type":"page","link":"https:\/\/agora.xtec.cat\/escolalatrama\/ciencies\/","title":{"rendered":"Experimentem"},"content":{"rendered":"\n<p style=\"font-size:17px\">A trav\u00e9s del m\u00e8tode cient\u00edfic (hip\u00f2tesis, experiment pas a pas i conclusi\u00f3) els infants treballant la ci\u00e8ncia a trav\u00e9s de diferents reptes.<\/p>\n\n\n\n<div class=\"wp-block-getwid-images-slider has-arrows-inside has-dots-inside has-images-center has-fitted-images\"><div class=\"wp-block-getwid-images-slider__wrapper\" data-effect=\"slide\" data-slides-show=\"1\" data-slides-show-laptop=\"1\" data-slides-show-tablet=\"1\" data-slides-show-mobile=\"1\" data-slides-scroll=\"1\" data-autoplay=\"true\" data-pause-hover=\"false\" data-autoplay-speed=\"2000\" data-infinite=\"true\" data-animation-speed=\"800\" data-center-mode=\"false\" data-variable-width=\"false\" data-arrows=\"inside\" data-dots=\"inside\" data-spacing=\"none\"><div class=\"wp-block-getwid-images-slider__item\"><figure><img loading=\"lazy\" decoding=\"async\" width=\"614\" height=\"469\" src=\"https:\/\/agora.xtec.cat\/escolalatrama\/wp-content\/uploads\/usu518\/2024\/09\/Captura-de-pantalla-1.png\" data-id=\"3958\" data-link=\"https:\/\/agora.xtec.cat\/escolalatrama\/captura-de-pantalla-1\/\" data-original-link=\"https:\/\/agora.xtec.cat\/escolalatrama\/wp-content\/uploads\/usu518\/2024\/09\/Captura-de-pantalla-1.png\" class=\"wp-block-getwid-images-slider__image wp-image-3958\" srcset=\"https:\/\/agora.xtec.cat\/escolalatrama\/wp-content\/uploads\/usu518\/2024\/09\/Captura-de-pantalla-1.png 614w, https:\/\/agora.xtec.cat\/escolalatrama\/wp-content\/uploads\/usu518\/2024\/09\/Captura-de-pantalla-1-300x229.png 300w\" sizes=\"auto, (max-width: 614px) 100vw, 614px\" \/><\/figure><\/div><div class=\"wp-block-getwid-images-slider__item\"><figure><img loading=\"lazy\" decoding=\"async\" width=\"348\" height=\"464\" src=\"https:\/\/agora.xtec.cat\/escolalatrama\/wp-content\/uploads\/usu518\/2024\/09\/Captura-de-pantalla-2.png\" data-id=\"3959\" data-link=\"https:\/\/agora.xtec.cat\/escolalatrama\/captura-de-pantalla-2\/\" data-original-link=\"https:\/\/agora.xtec.cat\/escolalatrama\/wp-content\/uploads\/usu518\/2024\/09\/Captura-de-pantalla-2.png\" class=\"wp-block-getwid-images-slider__image wp-image-3959\" srcset=\"https:\/\/agora.xtec.cat\/escolalatrama\/wp-content\/uploads\/usu518\/2024\/09\/Captura-de-pantalla-2.png 348w, https:\/\/agora.xtec.cat\/escolalatrama\/wp-content\/uploads\/usu518\/2024\/09\/Captura-de-pantalla-2-225x300.png 225w\" sizes=\"auto, (max-width: 348px) 100vw, 348px\" \/><\/figure><\/div><div class=\"wp-block-getwid-images-slider__item\"><figure><img loading=\"lazy\" decoding=\"async\" width=\"621\" height=\"462\" src=\"https:\/\/agora.xtec.cat\/escolalatrama\/wp-content\/uploads\/usu518\/2024\/09\/Captura-de-pantalla-3.png\" data-id=\"3960\" data-link=\"https:\/\/agora.xtec.cat\/escolalatrama\/captura-de-pantalla-3\/\" data-original-link=\"https:\/\/agora.xtec.cat\/escolalatrama\/wp-content\/uploads\/usu518\/2024\/09\/Captura-de-pantalla-3.png\" class=\"wp-block-getwid-images-slider__image wp-image-3960\" srcset=\"https:\/\/agora.xtec.cat\/escolalatrama\/wp-content\/uploads\/usu518\/2024\/09\/Captura-de-pantalla-3.png 621w, https:\/\/agora.xtec.cat\/escolalatrama\/wp-content\/uploads\/usu518\/2024\/09\/Captura-de-pantalla-3-300x223.png 300w, https:\/\/agora.xtec.cat\/escolalatrama\/wp-content\/uploads\/usu518\/2024\/09\/Captura-de-pantalla-3-200x150.png 200w\" sizes=\"auto, (max-width: 621px) 100vw, 621px\" \/><\/figure><\/div><div class=\"wp-block-getwid-images-slider__item\"><figure><img loading=\"lazy\" decoding=\"async\" width=\"620\" height=\"463\" src=\"https:\/\/agora.xtec.cat\/escolalatrama\/wp-content\/uploads\/usu518\/2024\/09\/Captura-de-pantalla-4.png\" data-id=\"3961\" data-link=\"https:\/\/agora.xtec.cat\/escolalatrama\/captura-de-pantalla-4\/\" data-original-link=\"https:\/\/agora.xtec.cat\/escolalatrama\/wp-content\/uploads\/usu518\/2024\/09\/Captura-de-pantalla-4.png\" class=\"wp-block-getwid-images-slider__image wp-image-3961\" srcset=\"https:\/\/agora.xtec.cat\/escolalatrama\/wp-content\/uploads\/usu518\/2024\/09\/Captura-de-pantalla-4.png 620w, https:\/\/agora.xtec.cat\/escolalatrama\/wp-content\/uploads\/usu518\/2024\/09\/Captura-de-pantalla-4-300x224.png 300w, https:\/\/agora.xtec.cat\/escolalatrama\/wp-content\/uploads\/usu518\/2024\/09\/Captura-de-pantalla-4-200x150.png 200w\" sizes=\"auto, (max-width: 620px) 100vw, 620px\" \/><\/figure><\/div><\/div><\/div>\n","protected":false},"excerpt":{"rendered":"<p>A trav\u00e9s del m\u00e8tode cient\u00edfic (hip\u00f2tesis, experiment pas a pas i conclusi\u00f3) els infants treballant la ci\u00e8ncia a trav\u00e9s de diferents reptes.<\/p>\n","protected":false},"author":5,"featured_media":0,"parent":0,"menu_order":0,"comment_status":"closed","ping_status":"closed","template":"","meta":{"_bbp_topic_count":0,"_bbp_reply_count":0,"_bbp_total_topic_count":0,"_bbp_total_reply_count":0,"_bbp_voice_count":0,"_bbp_anonymous_reply_count":0,"_bbp_topic_count_hidden":0,"_bbp_reply_count_hidden":0,"_bbp_forum_subforum_count":0,"footnotes":""},"class_list":["post-4200","page","type-page","status-publish","hentry"],"post_mailing_queue_ids":[],"_links":{"self":[{"href":"https:\/\/agora.xtec.cat\/escolalatrama\/wp-json\/wp\/v2\/pages\/4200","targetHints":{"allow":["GET"]}}],"collection":[{"href":"https:\/\/agora.xtec.cat\/escolalatrama\/wp-json\/wp\/v2\/pages"}],"about":[{"href":"https:\/\/agora.xtec.cat\/escolalatrama\/wp-json\/wp\/v2\/types\/page"}],"author":[{"embeddable":true,"href":"https:\/\/agora.xtec.cat\/escolalatrama\/wp-json\/wp\/v2\/users\/5"}],"replies":[{"embeddable":true,"href":"https:\/\/agora.xtec.cat\/escolalatrama\/wp-json\/wp\/v2\/comments?post=4200"}],"version-history":[{"count":4,"href":"https:\/\/agora.xtec.cat\/escolalatrama\/wp-json\/wp\/v2\/pages\/4200\/revisions"}],"predecessor-version":[{"id":4495,"href":"https:\/\/agora.xtec.cat\/escolalatrama\/wp-json\/wp\/v2\/pages\/4200\/revisions\/4495"}],"wp:attachment":[{"href":"https:\/\/agora.xtec.cat\/escolalatrama\/wp-json\/wp\/v2\/media?parent=4200"}],"curies":[{"name":"wp","href":"https:\/\/api.w.org\/{rel}","templated":true}]}}