{"id":4197,"date":"2024-10-31T11:16:27","date_gmt":"2024-10-31T10:16:27","guid":{"rendered":"https:\/\/agora.xtec.cat\/escolalatrama\/?page_id=4197"},"modified":"2024-11-28T12:21:53","modified_gmt":"2024-11-28T11:21:53","slug":"art","status":"publish","type":"page","link":"https:\/\/agora.xtec.cat\/escolalatrama\/art\/","title":{"rendered":"Creart"},"content":{"rendered":"\n<p style=\"font-size:17px\">En un entorn creatiu als alumnes poden expressar-se a trav\u00e9s de diferents disciplines art\u00edstiques, com el dibuix, la pintura, l&#8217;estructura, la costura, el tapis, l&#8217;estampaci\u00f3, el collage&#8230; Es promou la imaginaci\u00f3 i la sensibilitat est\u00e8tica, tot descobrint materials i t\u00e8cniques diverses. Els projectes sovint s&#8217;inspiren en artistes reconeguts, tradicions culturals, temes d&#8217;actualitat o les estacions de l&#8217;any.<\/p>\n\n\n\n<div class=\"wp-block-getwid-images-slider has-arrows-inside has-dots-inside has-images-center has-fitted-images\"><div class=\"wp-block-getwid-images-slider__wrapper\" data-effect=\"slide\" data-slides-show=\"1\" data-slides-show-laptop=\"1\" data-slides-show-tablet=\"1\" data-slides-show-mobile=\"1\" data-slides-scroll=\"1\" data-autoplay=\"true\" data-pause-hover=\"false\" data-autoplay-speed=\"2000\" data-infinite=\"true\" data-animation-speed=\"800\" data-center-mode=\"false\" data-variable-width=\"false\" data-arrows=\"inside\" data-dots=\"inside\" data-spacing=\"none\"><div class=\"wp-block-getwid-images-slider__item\"><figure><img loading=\"lazy\" decoding=\"async\" width=\"346\" height=\"464\" src=\"https:\/\/agora.xtec.cat\/escolalatrama\/wp-content\/uploads\/usu518\/2024\/09\/Captura-de-pantalla-9744.png\" data-id=\"3954\" data-link=\"https:\/\/agora.xtec.cat\/escolalatrama\/captura-de-pantalla-9744\/\" data-original-link=\"https:\/\/agora.xtec.cat\/escolalatrama\/wp-content\/uploads\/usu518\/2024\/09\/Captura-de-pantalla-9744.png\" class=\"wp-block-getwid-images-slider__image wp-image-3954\" srcset=\"https:\/\/agora.xtec.cat\/escolalatrama\/wp-content\/uploads\/usu518\/2024\/09\/Captura-de-pantalla-9744.png 346w, https:\/\/agora.xtec.cat\/escolalatrama\/wp-content\/uploads\/usu518\/2024\/09\/Captura-de-pantalla-9744-224x300.png 224w\" sizes=\"auto, (max-width: 346px) 100vw, 346px\" \/><\/figure><\/div><div class=\"wp-block-getwid-images-slider__item\"><figure><img loading=\"lazy\" decoding=\"async\" width=\"783\" height=\"464\" src=\"https:\/\/agora.xtec.cat\/escolalatrama\/wp-content\/uploads\/usu518\/2024\/09\/Captura-de-pantalla-9746.png\" data-id=\"3953\" data-link=\"https:\/\/agora.xtec.cat\/escolalatrama\/captura-de-pantalla-9746\/\" data-original-link=\"https:\/\/agora.xtec.cat\/escolalatrama\/wp-content\/uploads\/usu518\/2024\/09\/Captura-de-pantalla-9746.png\" class=\"wp-block-getwid-images-slider__image wp-image-3953\" srcset=\"https:\/\/agora.xtec.cat\/escolalatrama\/wp-content\/uploads\/usu518\/2024\/09\/Captura-de-pantalla-9746.png 783w, https:\/\/agora.xtec.cat\/escolalatrama\/wp-content\/uploads\/usu518\/2024\/09\/Captura-de-pantalla-9746-300x178.png 300w, https:\/\/agora.xtec.cat\/escolalatrama\/wp-content\/uploads\/usu518\/2024\/09\/Captura-de-pantalla-9746-768x455.png 768w\" sizes=\"auto, (max-width: 783px) 100vw, 783px\" \/><\/figure><\/div><div class=\"wp-block-getwid-images-slider__item\"><figure><img loading=\"lazy\" decoding=\"async\" width=\"347\" height=\"464\" src=\"https:\/\/agora.xtec.cat\/escolalatrama\/wp-content\/uploads\/usu518\/2024\/09\/Captura-de-pantalla-9749.png\" data-id=\"3952\" data-link=\"https:\/\/agora.xtec.cat\/escolalatrama\/captura-de-pantalla-9749\/\" data-original-link=\"https:\/\/agora.xtec.cat\/escolalatrama\/wp-content\/uploads\/usu518\/2024\/09\/Captura-de-pantalla-9749.png\" class=\"wp-block-getwid-images-slider__image wp-image-3952\" srcset=\"https:\/\/agora.xtec.cat\/escolalatrama\/wp-content\/uploads\/usu518\/2024\/09\/Captura-de-pantalla-9749.png 347w, https:\/\/agora.xtec.cat\/escolalatrama\/wp-content\/uploads\/usu518\/2024\/09\/Captura-de-pantalla-9749-224x300.png 224w\" sizes=\"auto, (max-width: 347px) 100vw, 347px\" \/><\/figure><\/div><div class=\"wp-block-getwid-images-slider__item\"><figure><img loading=\"lazy\" decoding=\"async\" width=\"345\" height=\"470\" src=\"https:\/\/agora.xtec.cat\/escolalatrama\/wp-content\/uploads\/usu518\/2024\/09\/Captura-de-pantalla-9822.png\" data-id=\"3951\" data-link=\"https:\/\/agora.xtec.cat\/escolalatrama\/captura-de-pantalla-9822\/\" data-original-link=\"https:\/\/agora.xtec.cat\/escolalatrama\/wp-content\/uploads\/usu518\/2024\/09\/Captura-de-pantalla-9822.png\" class=\"wp-block-getwid-images-slider__image wp-image-3951\" srcset=\"https:\/\/agora.xtec.cat\/escolalatrama\/wp-content\/uploads\/usu518\/2024\/09\/Captura-de-pantalla-9822.png 345w, https:\/\/agora.xtec.cat\/escolalatrama\/wp-content\/uploads\/usu518\/2024\/09\/Captura-de-pantalla-9822-220x300.png 220w\" sizes=\"auto, (max-width: 345px) 100vw, 345px\" \/><\/figure><\/div><\/div><\/div>\n","protected":false},"excerpt":{"rendered":"<p>En un entorn creatiu als alumnes poden expressar-se a trav\u00e9s de diferents disciplines art\u00edstiques, com el dibuix, la pintura, l&#8217;estructura, la costura, el tapis, l&#8217;estampaci\u00f3, el collage&#8230; Es promou la imaginaci\u00f3 i la sensibilitat est\u00e8tica, tot descobrint materials i t\u00e8cniques diverses. Els projectes sovint s&#8217;inspiren&hellip;  <a href=\"https:\/\/agora.xtec.cat\/escolalatrama\/art\/\" title=\"Read Creart\">Llegeix m\u00e9s\u00bb<\/a><\/p>\n","protected":false},"author":5,"featured_media":0,"parent":0,"menu_order":0,"comment_status":"closed","ping_status":"closed","template":"","meta":{"_bbp_topic_count":0,"_bbp_reply_count":0,"_bbp_total_topic_count":0,"_bbp_total_reply_count":0,"_bbp_voice_count":0,"_bbp_anonymous_reply_count":0,"_bbp_topic_count_hidden":0,"_bbp_reply_count_hidden":0,"_bbp_forum_subforum_count":0,"footnotes":""},"class_list":["post-4197","page","type-page","status-publish","hentry"],"post_mailing_queue_ids":[],"_links":{"self":[{"href":"https:\/\/agora.xtec.cat\/escolalatrama\/wp-json\/wp\/v2\/pages\/4197","targetHints":{"allow":["GET"]}}],"collection":[{"href":"https:\/\/agora.xtec.cat\/escolalatrama\/wp-json\/wp\/v2\/pages"}],"about":[{"href":"https:\/\/agora.xtec.cat\/escolalatrama\/wp-json\/wp\/v2\/types\/page"}],"author":[{"embeddable":true,"href":"https:\/\/agora.xtec.cat\/escolalatrama\/wp-json\/wp\/v2\/users\/5"}],"replies":[{"embeddable":true,"href":"https:\/\/agora.xtec.cat\/escolalatrama\/wp-json\/wp\/v2\/comments?post=4197"}],"version-history":[{"count":4,"href":"https:\/\/agora.xtec.cat\/escolalatrama\/wp-json\/wp\/v2\/pages\/4197\/revisions"}],"predecessor-version":[{"id":4502,"href":"https:\/\/agora.xtec.cat\/escolalatrama\/wp-json\/wp\/v2\/pages\/4197\/revisions\/4502"}],"wp:attachment":[{"href":"https:\/\/agora.xtec.cat\/escolalatrama\/wp-json\/wp\/v2\/media?parent=4197"}],"curies":[{"name":"wp","href":"https:\/\/api.w.org\/{rel}","templated":true}]}}