{"id":4075,"date":"2024-10-10T11:58:09","date_gmt":"2024-10-10T09:58:09","guid":{"rendered":"https:\/\/agora.xtec.cat\/escolalatrama\/?page_id=4075"},"modified":"2024-10-13T19:35:25","modified_gmt":"2024-10-13T17:35:25","slug":"fem-xarxa","status":"publish","type":"page","link":"https:\/\/agora.xtec.cat\/escolalatrama\/projecte-pedagogic\/fem-xarxa\/","title":{"rendered":"Fem xarxa"},"content":{"rendered":"<h3><span style=\"color: #993366;\">Xarxa centres ULAE\u00a0 \u00a0 \u00a0 \u00a0<\/span><\/h3>\n<h3><span style=\"color: #993366;\"> <img loading=\"lazy\" decoding=\"async\" class=\"alignleft size-medium wp-image-4087\" src=\"https:\/\/agora.xtec.cat\/escolalatrama\/wp-content\/uploads\/usu518\/2024\/10\/ULAE-300x99.jpg\" alt=\"\" width=\"300\" height=\"99\" srcset=\"https:\/\/agora.xtec.cat\/escolalatrama\/wp-content\/uploads\/usu518\/2024\/10\/ULAE-300x99.jpg 300w, https:\/\/agora.xtec.cat\/escolalatrama\/wp-content\/uploads\/usu518\/2024\/10\/ULAE.jpg 516w\" sizes=\"auto, (max-width: 300px) 100vw, 300px\" \/><\/span><\/h3>\n<p>&nbsp;<\/p>\n<p>&nbsp;<\/p>\n<p>&nbsp;<\/p>\n<p>Aquest curs 2024-25 l&#8217;escola La Trama forma part de la xarxa d&#8217;escoles formatives ULAE (Usos Ling\u00fc\u00edstics en l&#8217;\u00c0mbit Educatiu).<\/p>\n<p>S\u00f3n espais on compartim metodologies, estrat\u00e8gies i bones pr\u00e0ctiques per millorar la gesti\u00f3 de la diversitat ling\u00fc\u00edstica en els centres educatius i incentivar l&#8217;aprenentatge i l&#8217;\u00fas del catal\u00e0 a l&#8217;escola com un valor d&#8217;enriquiment.<\/p>\n<p>Amb l&#8217;objectiu de:<\/p>\n<ul>\n<li>Reflexionar sobre l&#8217;\u00fas del catal\u00e0 a l&#8217;escola, i al seu entorn, com a llengua de cohesi\u00f3 social.<\/li>\n<li>Incidir en la import\u00e0ncia de valorar i incentivar el respecte per les lleng\u00fces i cultures d\u2019origen de tots els infants, alhora que es fomenta el catal\u00e0 com a llengua vehicular de comunicaci\u00f3, d&#8217;aprenentatge i de cohesi\u00f3 social, i al mateix temps que vetllem perqu\u00e8 l&#8217;alumnat assoleixi les compet\u00e8ncies ling\u00fc\u00edstiques en catal\u00e0, en castell\u00e0 i en angl\u00e8s.<\/li>\n<li>Aprofundir en la necessitat de l&#8217;aplicaci\u00f3 de t\u00e8cniques i metodologies espec\u00edfiques per a l&#8217;ensenyament i l&#8217;aprenentatge d&#8217;una llengua com a L2 o L3.<\/li>\n<li>Compartir\u00a0les bones pr\u00e0ctiques\u00a0que es duen a terme en els centres escolars per promoure la llengua catalana a l&#8217;aula i en l&#8217;entorn educatiu, tan orientades als infants i joves, com a les fam\u00edlies i a altres agents educatius.<\/li>\n<\/ul>\n<p>&nbsp;<\/p>\n<hr \/>\n<h3><\/h3>\n<h3><strong><span style=\"color: #993366;\">Centres En Dansa Per la Inclusi\u00f3<\/span><\/strong><\/h3>\n<h3><span style=\"color: #993300;\"><strong>#CentresEnDansaPerlaInclusi\u00f3<\/strong><\/span><\/h3>\n<p style=\"font-family: 'Helvetica Neue', Helvetica, Helvetica, Arial, sans-serif; font-size: 16px;\"><img loading=\"lazy\" decoding=\"async\" class=\"wp-image-4079 alignleft\" src=\"https:\/\/agora.xtec.cat\/escolalatrama\/wp-content\/uploads\/usu518\/2024\/10\/Centres-en-dansa-1-300x148.jpg\" alt=\"\" width=\"308\" height=\"152\" srcset=\"https:\/\/agora.xtec.cat\/escolalatrama\/wp-content\/uploads\/usu518\/2024\/10\/Centres-en-dansa-1-300x148.jpg 300w, https:\/\/agora.xtec.cat\/escolalatrama\/wp-content\/uploads\/usu518\/2024\/10\/Centres-en-dansa-1.jpg 424w\" sizes=\"auto, (max-width: 308px) 100vw, 308px\" \/><\/p>\n<p>El curs 2023-24 i 2024-25, <strong>l\u2019escola La Trama participa en el programa<\/strong> que h<span style=\"font-family: inherit; font-size: 1em;\">a ofert la Generalitat de Catalunya de <\/span><strong style=\"font-family: inherit; font-size: 1em;\">Centres en Dansa per la Inclusi\u00f3,<\/strong><span style=\"font-family: inherit; font-size: 1em;\"> amb l\u2019objectiu de sensibilitzar i fer reflexionar els infants <\/span>promovent la inclusi\u00f3 i l\u2019equitat, introduint din\u00e0miques que afavorissin el pas de la reflexi\u00f3 cap a la transformaci\u00f3.<\/p>\n<p><strong><span style=\"color: #0000ff;\"><a style=\"color: #0000ff;\" href=\"https:\/\/drive.google.com\/file\/d\/12a_c4CMKJy1wevn8OgAxINJtc3f8euQM\/view?usp=sharing\">Aqu\u00ed<\/a><\/span><\/strong> podeu veure un resum de qu\u00e8 s&#8217;ha fet enguany.<\/p>\n","protected":false},"excerpt":{"rendered":"<p>Xarxa centres ULAE\u00a0 \u00a0 \u00a0 \u00a0<\/p>\n<p>&nbsp;<br \/>\n&nbsp;<br \/>\n&nbsp;<br \/>\nAquest curs 2024-25 l&#8217;escola La Trama forma part de la xarxa d&#8217;escoles formatives ULAE (Usos Ling\u00fc\u00edstics en l&#8217;\u00c0mbit Educatiu).<br \/>\nS\u00f3n espais on compartim metodologies, estrat\u00e8gies i bones pr\u00e0ctiques per millorar la gesti\u00f3 de la diversitat ling\u00fc\u00edstica en els centres educatius&hellip;  <a href=\"https:\/\/agora.xtec.cat\/escolalatrama\/projecte-pedagogic\/fem-xarxa\/\" title=\"Read Fem xarxa\">Llegeix m\u00e9s\u00bb<\/a><\/p>\n","protected":false},"author":5,"featured_media":0,"parent":64,"menu_order":0,"comment_status":"closed","ping_status":"closed","template":"","meta":{"_bbp_topic_count":0,"_bbp_reply_count":0,"_bbp_total_topic_count":0,"_bbp_total_reply_count":0,"_bbp_voice_count":0,"_bbp_anonymous_reply_count":0,"_bbp_topic_count_hidden":0,"_bbp_reply_count_hidden":0,"_bbp_forum_subforum_count":0,"footnotes":""},"class_list":["post-4075","page","type-page","status-publish","hentry"],"post_mailing_queue_ids":[],"_links":{"self":[{"href":"https:\/\/agora.xtec.cat\/escolalatrama\/wp-json\/wp\/v2\/pages\/4075","targetHints":{"allow":["GET"]}}],"collection":[{"href":"https:\/\/agora.xtec.cat\/escolalatrama\/wp-json\/wp\/v2\/pages"}],"about":[{"href":"https:\/\/agora.xtec.cat\/escolalatrama\/wp-json\/wp\/v2\/types\/page"}],"author":[{"embeddable":true,"href":"https:\/\/agora.xtec.cat\/escolalatrama\/wp-json\/wp\/v2\/users\/5"}],"replies":[{"embeddable":true,"href":"https:\/\/agora.xtec.cat\/escolalatrama\/wp-json\/wp\/v2\/comments?post=4075"}],"version-history":[{"count":6,"href":"https:\/\/agora.xtec.cat\/escolalatrama\/wp-json\/wp\/v2\/pages\/4075\/revisions"}],"predecessor-version":[{"id":4114,"href":"https:\/\/agora.xtec.cat\/escolalatrama\/wp-json\/wp\/v2\/pages\/4075\/revisions\/4114"}],"up":[{"embeddable":true,"href":"https:\/\/agora.xtec.cat\/escolalatrama\/wp-json\/wp\/v2\/pages\/64"}],"wp:attachment":[{"href":"https:\/\/agora.xtec.cat\/escolalatrama\/wp-json\/wp\/v2\/media?parent=4075"}],"curies":[{"name":"wp","href":"https:\/\/api.w.org\/{rel}","templated":true}]}}