{"id":3652,"date":"2024-04-12T10:11:14","date_gmt":"2024-04-12T08:11:14","guid":{"rendered":"https:\/\/agora.xtec.cat\/escolalatrama\/?page_id=3652"},"modified":"2025-07-09T22:55:01","modified_gmt":"2025-07-09T20:55:01","slug":"grans","status":"publish","type":"page","link":"https:\/\/agora.xtec.cat\/escolalatrama\/agrupacions\/grans\/","title":{"rendered":"Grans"},"content":{"rendered":"\n<h3 class=\"wp-block-heading\">Espais de l\u2019Agrupaci\u00f3 de Grans (5\u00e8 i 6\u00e8)<\/h3>\n\n\n\n<p>Els <strong>Espais de Grans<\/strong> es basen en una proposta innovadora i din\u00e0mica, que parteix d\u2019una <strong>provocaci\u00f3 comuna<\/strong> per a tots els grups. A partir d\u2019aquesta provocaci\u00f3 inicial -una pregunta, una situaci\u00f3, un objecte o una situaci\u00f3 real- els infants <strong>decideixen quin mini projecte volen explorar<\/strong>, segons els seus interessos i motivacions personals.<\/p>\n\n\n\n<p>Aquests projectes poden tenir una orientaci\u00f3 m\u00e9s <strong>art\u00edstica, cient\u00edfica, ling\u00fc\u00edstica, tecnol\u00f2gica o matem\u00e0tica<\/strong>, depenent del que vulguin investigar o crear. L\u2019objectiu \u00e9s fomentar la <strong>capacitat de decisi\u00f3, la iniciativa, la creativitat i la profunditat de pensament<\/strong>, tot donant protagonisme als infants en el seu propi proc\u00e9s d\u2019aprenentatge.<\/p>\n\n\n\n<p>Un altre tret fonamental d\u2019aquests espais \u00e9s el <strong>treball multiling\u00fce<\/strong>. A cada espai, hi ha una mestra referent que utilitza una llengua vehicular diferent: <strong>catal\u00e0, castell\u00e0 o angl\u00e8s<\/strong>, i els infants s\u2019hi comuniquen tamb\u00e9 en aquesta llengua, afavorint-ne l\u2019\u00fas natural, significatiu i contextualitzat.<\/p>\n\n\n\n<p>Aquest enfocament global:<\/p>\n\n\n\n<ul class=\"wp-block-list\">\n<li>Desenvolupa <strong>compet\u00e8ncies transversals<\/strong>.<\/li>\n\n\n\n<li>Dona valor a l\u2019<strong>aprenentatge aut\u00f2nom i significatiu<\/strong>.<\/li>\n\n\n\n<li>Impulsa la <strong>capacitat de col\u00b7laboraci\u00f3 i comunicaci\u00f3<\/strong>.<\/li>\n\n\n\n<li>Fomenta la <strong>conviv\u00e8ncia ling\u00fc\u00edstica real i funcional<\/strong>.<\/li>\n<\/ul>\n\n\n\n<div class=\"wp-block-columns is-layout-flex wp-container-core-columns-is-layout-1 wp-block-columns-is-layout-flex\">\n<div class=\"wp-block-column is-layout-flow wp-block-column-is-layout-flow\">\n<figure class=\"wp-block-image size-full\"><a href=\"https:\/\/agora.xtec.cat\/escolalatrama\/el-temps-2\/\"><img loading=\"lazy\" decoding=\"async\" width=\"380\" height=\"366\" src=\"https:\/\/agora.xtec.cat\/escolalatrama\/wp-content\/uploads\/usu518\/2024\/10\/Sin-titulo-500-x-500-px-20-e1731052902264.png\" alt=\"\" class=\"wp-image-4163\" srcset=\"https:\/\/agora.xtec.cat\/escolalatrama\/wp-content\/uploads\/usu518\/2024\/10\/Sin-titulo-500-x-500-px-20-e1731052902264.png 380w, https:\/\/agora.xtec.cat\/escolalatrama\/wp-content\/uploads\/usu518\/2024\/10\/Sin-titulo-500-x-500-px-20-e1731052902264-300x289.png 300w\" sizes=\"auto, (max-width: 380px) 100vw, 380px\" \/><\/a><\/figure>\n\n\n\n<p class=\"has-text-align-center has-text-color has-link-color has-medium-font-size wp-elements-57a8f0af64f9a3070f5d51a31a0dd992\" style=\"color:#b00707\"><strong>El Temps<\/strong><\/p>\n<\/div>\n\n\n\n<div class=\"wp-block-column is-layout-flow wp-block-column-is-layout-flow\">\n<figure class=\"wp-block-image size-full\"><a href=\"https:\/\/agora.xtec.cat\/escolalatrama\/escoles-en-dansa\/\"><img loading=\"lazy\" decoding=\"async\" width=\"379\" height=\"371\" src=\"https:\/\/agora.xtec.cat\/escolalatrama\/wp-content\/uploads\/usu518\/2024\/10\/Sin-titulo-500-x-500-px-21-e1731052723635.png\" alt=\"\" class=\"wp-image-4162\" srcset=\"https:\/\/agora.xtec.cat\/escolalatrama\/wp-content\/uploads\/usu518\/2024\/10\/Sin-titulo-500-x-500-px-21-e1731052723635.png 379w, https:\/\/agora.xtec.cat\/escolalatrama\/wp-content\/uploads\/usu518\/2024\/10\/Sin-titulo-500-x-500-px-21-e1731052723635-300x294.png 300w\" sizes=\"auto, (max-width: 379px) 100vw, 379px\" \/><\/a><\/figure>\n\n\n\n<p class=\"has-text-align-center has-text-color has-link-color has-medium-font-size wp-elements-083d50bd2af46b150fb9e3f86cb2fd18\" style=\"color:#b00707\"><strong>Escoles en dansa<\/strong><\/p>\n<\/div>\n\n\n\n<div class=\"wp-block-column is-layout-flow wp-block-column-is-layout-flow\">\n<figure class=\"wp-block-image size-full\"><a href=\"https:\/\/agora.xtec.cat\/escolalatrama\/llengua\/\"><img loading=\"lazy\" decoding=\"async\" width=\"379\" height=\"369\" src=\"https:\/\/agora.xtec.cat\/escolalatrama\/wp-content\/uploads\/usu518\/2024\/10\/Sin-titulo-500-x-500-px-23-e1731052779108.png\" alt=\"\" class=\"wp-image-4160\" srcset=\"https:\/\/agora.xtec.cat\/escolalatrama\/wp-content\/uploads\/usu518\/2024\/10\/Sin-titulo-500-x-500-px-23-e1731052779108.png 379w, https:\/\/agora.xtec.cat\/escolalatrama\/wp-content\/uploads\/usu518\/2024\/10\/Sin-titulo-500-x-500-px-23-e1731052779108-300x292.png 300w\" sizes=\"auto, (max-width: 379px) 100vw, 379px\" \/><\/a><\/figure>\n\n\n\n<p class=\"has-text-align-center has-text-color has-link-color has-medium-font-size wp-elements-c88217a0bb6af07e7140b1dfc0c27b58\" style=\"color:#b00707\"><strong>Llengua<\/strong><\/p>\n<\/div>\n\n\n\n<div class=\"wp-block-column is-layout-flow wp-block-column-is-layout-flow\">\n<figure class=\"wp-block-image size-full\"><a href=\"https:\/\/agora.xtec.cat\/escolalatrama\/teixits\/\"><img loading=\"lazy\" decoding=\"async\" width=\"378\" height=\"367\" src=\"https:\/\/agora.xtec.cat\/escolalatrama\/wp-content\/uploads\/usu518\/2024\/10\/Sin-titulo-500-x-500-px-22-e1731052751437.png\" alt=\"\" class=\"wp-image-4161\" srcset=\"https:\/\/agora.xtec.cat\/escolalatrama\/wp-content\/uploads\/usu518\/2024\/10\/Sin-titulo-500-x-500-px-22-e1731052751437.png 378w, https:\/\/agora.xtec.cat\/escolalatrama\/wp-content\/uploads\/usu518\/2024\/10\/Sin-titulo-500-x-500-px-22-e1731052751437-300x291.png 300w\" sizes=\"auto, (max-width: 378px) 100vw, 378px\" \/><\/a><\/figure>\n\n\n\n<p class=\"has-text-align-center has-text-color has-link-color has-medium-font-size wp-elements-e2a2868b47a8c51e5837f29d346dbb7d\" style=\"color:#b00707\"><strong>Teixits<\/strong><\/p>\n<\/div>\n<\/div>\n","protected":false},"excerpt":{"rendered":"<p>Espais de l\u2019Agrupaci\u00f3 de Grans (5\u00e8 i 6\u00e8)<\/p>\n<p>Els Espais de Grans es basen en una proposta innovadora i din\u00e0mica, que parteix d\u2019una provocaci\u00f3 comuna per a tots els grups. A partir d\u2019aquesta provocaci\u00f3 inicial -una pregunta, una situaci\u00f3, un objecte o una situaci\u00f3 real- els&hellip;  <a href=\"https:\/\/agora.xtec.cat\/escolalatrama\/agrupacions\/grans\/\" title=\"Read Grans\">Llegeix m\u00e9s\u00bb<\/a><\/p>\n","protected":false},"author":5,"featured_media":0,"parent":3641,"menu_order":4,"comment_status":"closed","ping_status":"closed","template":"","meta":{"_bbp_topic_count":0,"_bbp_reply_count":0,"_bbp_total_topic_count":0,"_bbp_total_reply_count":0,"_bbp_voice_count":0,"_bbp_anonymous_reply_count":0,"_bbp_topic_count_hidden":0,"_bbp_reply_count_hidden":0,"_bbp_forum_subforum_count":0,"footnotes":""},"class_list":["post-3652","page","type-page","status-publish","hentry"],"post_mailing_queue_ids":[],"_links":{"self":[{"href":"https:\/\/agora.xtec.cat\/escolalatrama\/wp-json\/wp\/v2\/pages\/3652","targetHints":{"allow":["GET"]}}],"collection":[{"href":"https:\/\/agora.xtec.cat\/escolalatrama\/wp-json\/wp\/v2\/pages"}],"about":[{"href":"https:\/\/agora.xtec.cat\/escolalatrama\/wp-json\/wp\/v2\/types\/page"}],"author":[{"embeddable":true,"href":"https:\/\/agora.xtec.cat\/escolalatrama\/wp-json\/wp\/v2\/users\/5"}],"replies":[{"embeddable":true,"href":"https:\/\/agora.xtec.cat\/escolalatrama\/wp-json\/wp\/v2\/comments?post=3652"}],"version-history":[{"count":6,"href":"https:\/\/agora.xtec.cat\/escolalatrama\/wp-json\/wp\/v2\/pages\/3652\/revisions"}],"predecessor-version":[{"id":4787,"href":"https:\/\/agora.xtec.cat\/escolalatrama\/wp-json\/wp\/v2\/pages\/3652\/revisions\/4787"}],"up":[{"embeddable":true,"href":"https:\/\/agora.xtec.cat\/escolalatrama\/wp-json\/wp\/v2\/pages\/3641"}],"wp:attachment":[{"href":"https:\/\/agora.xtec.cat\/escolalatrama\/wp-json\/wp\/v2\/media?parent=3652"}],"curies":[{"name":"wp","href":"https:\/\/api.w.org\/{rel}","templated":true}]}}