{"id":3650,"date":"2024-04-12T10:10:52","date_gmt":"2024-04-12T08:10:52","guid":{"rendered":"https:\/\/agora.xtec.cat\/escolalatrama\/?page_id=3650"},"modified":"2025-07-09T22:49:28","modified_gmt":"2025-07-09T20:49:28","slug":"mitjans","status":"publish","type":"page","link":"https:\/\/agora.xtec.cat\/escolalatrama\/agrupacions\/mitjans\/","title":{"rendered":"Mitjans"},"content":{"rendered":"\n<h3 class=\"wp-block-heading\">Espais de l\u2019Agrupaci\u00f3 de Mitjans (3r i 4t)<\/h3>\n\n\n\n<p>Els <strong>Espais de Mitjans<\/strong> s\u00f3n propostes d\u2019aprenentatge vivencials i competencials pensades per a l\u2019alumnat de 3r i 4t. A partir de la <strong>lliure elecci\u00f3<\/strong>, els infants participen en activitats que fomenten la curiositat, la reflexi\u00f3, el treball en equip i l\u2019autonomia. Cada Espai desenvolupa \u00e0mbits diversos, connectant el saber amb l\u2019experi\u00e8ncia i promovent una actitud activa envers l\u2019aprenentatge.<\/p>\n\n\n\n<p><strong>Espais de l\u2019agrupaci\u00f3 de Mitjans:<\/strong><\/p>\n\n\n\n<ul class=\"wp-block-list\">\n<li><strong>Creart<\/strong><br>Un espai per expressar-se i experimentar a trav\u00e9s de les arts pl\u00e0stiques. La creativitat, la sensibilitat i l\u2019expressi\u00f3 personal hi tenen un paper central.<\/li>\n\n\n\n<li><strong>Experimentem<\/strong><br>A trav\u00e9s d\u2019experiments i reptes cient\u00edfics, els infants posen en joc la seva capacitat d\u2019observaci\u00f3, an\u00e0lisi i formulaci\u00f3 d\u2019hip\u00f2tesis.<\/li>\n\n\n\n<li><strong>Emocions<\/strong><br>Espai per identificar, expressar i gestionar les emocions a trav\u00e9s de din\u00e0miques, jocs i moments de conversa i reflexi\u00f3.<\/li>\n\n\n\n<li><strong>Rebost de les paraules<\/strong><br>Lloc per enriquir el llenguatge oral i escrit mitjan\u00e7ant jocs de paraules, creaci\u00f3 de textos i activitats liter\u00e0ries que desperten l\u2019amor per l\u2019escriptura.<\/li>\n\n\n\n<li><strong>Barrinem<\/strong><br>Espai de pensament l\u00f2gic i matem\u00e0tic on es plantegen reptes, problemes i activitats manipulatives que conviden a raonar i deduir estrat\u00e8gies.<\/li>\n\n\n\n<li><strong>Let\u2019s move<\/strong><br>Activitats de moviment i expressi\u00f3 corporal que afavoreixen la coordinaci\u00f3, l\u2019equilibri, el treball cooperatiu i la consci\u00e8ncia corporal.<\/li>\n\n\n\n<li><strong>Rob\u00f2tica<\/strong><br>A trav\u00e9s de la programaci\u00f3 i la rob\u00f2tica educativa, els infants desenvolupen el pensament computacional, la creativitat i la resoluci\u00f3 de problemes.<\/li>\n<\/ul>\n\n\n\n<div class=\"wp-block-columns is-layout-flex wp-container-core-columns-is-layout-1 wp-block-columns-is-layout-flex\">\n<div class=\"wp-block-column is-layout-flow wp-block-column-is-layout-flow\">\n<figure class=\"wp-block-image size-full\"><a href=\"https:\/\/agora.xtec.cat\/escolalatrama\/art\/\"><img loading=\"lazy\" decoding=\"async\" width=\"379\" height=\"368\" src=\"https:\/\/agora.xtec.cat\/escolalatrama\/wp-content\/uploads\/usu518\/2024\/10\/Sin-titulo-500-x-500-px-13-e1731052805251.png\" alt=\"\" class=\"wp-image-4157\" srcset=\"https:\/\/agora.xtec.cat\/escolalatrama\/wp-content\/uploads\/usu518\/2024\/10\/Sin-titulo-500-x-500-px-13-e1731052805251.png 379w, https:\/\/agora.xtec.cat\/escolalatrama\/wp-content\/uploads\/usu518\/2024\/10\/Sin-titulo-500-x-500-px-13-e1731052805251-300x291.png 300w\" sizes=\"auto, (max-width: 379px) 100vw, 379px\" \/><\/a><\/figure>\n\n\n\n<p class=\"has-text-align-center has-text-color has-link-color has-medium-font-size wp-elements-2a3f1ba17b657fe58838bbaf3d969f8e\" style=\"color:#b00707\"><strong>Creart<\/strong><\/p>\n<\/div>\n\n\n\n<div class=\"wp-block-column is-layout-flow wp-block-column-is-layout-flow\">\n<figure class=\"wp-block-image size-full\"><a href=\"https:\/\/agora.xtec.cat\/escolalatrama\/ciencies\/\"><img loading=\"lazy\" decoding=\"async\" width=\"380\" height=\"368\" src=\"https:\/\/agora.xtec.cat\/escolalatrama\/wp-content\/uploads\/usu518\/2024\/10\/Sin-titulo-500-x-500-px-14-e1731052833380.png\" alt=\"\" class=\"wp-image-4156\" srcset=\"https:\/\/agora.xtec.cat\/escolalatrama\/wp-content\/uploads\/usu518\/2024\/10\/Sin-titulo-500-x-500-px-14-e1731052833380.png 380w, https:\/\/agora.xtec.cat\/escolalatrama\/wp-content\/uploads\/usu518\/2024\/10\/Sin-titulo-500-x-500-px-14-e1731052833380-300x291.png 300w\" sizes=\"auto, (max-width: 380px) 100vw, 380px\" \/><\/a><\/figure>\n\n\n\n<p class=\"has-text-align-center has-text-color has-link-color has-medium-font-size wp-elements-a7d21e91e10a64745c1277b0d0f677d8\" style=\"color:#b00707\"><strong>Experimentem<\/strong><\/p>\n<\/div>\n\n\n\n<div class=\"wp-block-column has-large-font-size is-layout-flow wp-block-column-is-layout-flow\">\n<figure class=\"wp-block-image size-full\"><a href=\"https:\/\/agora.xtec.cat\/escolalatrama\/emocions\/\"><img loading=\"lazy\" decoding=\"async\" width=\"378\" height=\"368\" src=\"https:\/\/agora.xtec.cat\/escolalatrama\/wp-content\/uploads\/usu518\/2024\/10\/Sin-titulo-500-x-500-px-15-e1731052865868.png\" alt=\"\" class=\"wp-image-4155\" srcset=\"https:\/\/agora.xtec.cat\/escolalatrama\/wp-content\/uploads\/usu518\/2024\/10\/Sin-titulo-500-x-500-px-15-e1731052865868.png 378w, https:\/\/agora.xtec.cat\/escolalatrama\/wp-content\/uploads\/usu518\/2024\/10\/Sin-titulo-500-x-500-px-15-e1731052865868-300x292.png 300w\" sizes=\"auto, (max-width: 378px) 100vw, 378px\" \/><\/a><\/figure>\n\n\n\n<p class=\"has-text-align-center has-text-color has-link-color has-medium-font-size wp-elements-63a63a37fa300e6e8ecf40e5c3839c9c\" style=\"color:#b00707\"><strong>Emocions<\/strong><\/p>\n<\/div>\n\n\n\n<div class=\"wp-block-column is-layout-flow wp-block-column-is-layout-flow\">\n<figure class=\"wp-block-image size-full\"><a href=\"https:\/\/agora.xtec.cat\/escolalatrama\/llengua-2\/\"><img loading=\"lazy\" decoding=\"async\" width=\"379\" height=\"368\" src=\"https:\/\/agora.xtec.cat\/escolalatrama\/wp-content\/uploads\/usu518\/2024\/10\/Sin-titulo-500-x-500-px-17-e1731052977989.png\" alt=\"\" class=\"wp-image-4153\" srcset=\"https:\/\/agora.xtec.cat\/escolalatrama\/wp-content\/uploads\/usu518\/2024\/10\/Sin-titulo-500-x-500-px-17-e1731052977989.png 379w, https:\/\/agora.xtec.cat\/escolalatrama\/wp-content\/uploads\/usu518\/2024\/10\/Sin-titulo-500-x-500-px-17-e1731052977989-300x291.png 300w\" sizes=\"auto, (max-width: 379px) 100vw, 379px\" \/><\/a><\/figure>\n\n\n\n<p class=\"has-text-align-center has-text-color has-link-color has-medium-font-size wp-elements-23d41fe341e3a5bed90381f068f6146f\" style=\"color:#b00707\"><strong>Rebost de les paraules<\/strong><\/p>\n<\/div>\n<\/div>\n\n\n\n<div class=\"wp-block-columns is-layout-flex wp-container-core-columns-is-layout-2 wp-block-columns-is-layout-flex\">\n<div class=\"wp-block-column is-layout-flow wp-block-column-is-layout-flow\">\n<figure class=\"wp-block-image size-full\"><a href=\"https:\/\/agora.xtec.cat\/escolalatrama\/mates\/\"><img loading=\"lazy\" decoding=\"async\" width=\"379\" height=\"368\" src=\"https:\/\/agora.xtec.cat\/escolalatrama\/wp-content\/uploads\/usu518\/2024\/10\/Sin-titulo-500-x-500-px-16-e1731052951225.png\" alt=\"\" class=\"wp-image-4154\" style=\"object-fit:cover\" srcset=\"https:\/\/agora.xtec.cat\/escolalatrama\/wp-content\/uploads\/usu518\/2024\/10\/Sin-titulo-500-x-500-px-16-e1731052951225.png 379w, https:\/\/agora.xtec.cat\/escolalatrama\/wp-content\/uploads\/usu518\/2024\/10\/Sin-titulo-500-x-500-px-16-e1731052951225-300x291.png 300w\" sizes=\"auto, (max-width: 379px) 100vw, 379px\" \/><\/a><\/figure>\n\n\n\n<p class=\"has-text-align-center has-text-color has-link-color has-medium-font-size wp-elements-a15121ff1c36e6017c10b226a2992632\" style=\"color:#b00707\"><strong>Barrinem<\/strong><\/p>\n<\/div>\n\n\n\n<div class=\"wp-block-column is-layout-flow wp-block-column-is-layout-flow\">\n<figure class=\"wp-block-image size-full\"><a href=\"https:\/\/agora.xtec.cat\/escolalatrama\/moviment\/\"><img loading=\"lazy\" decoding=\"async\" width=\"380\" height=\"369\" src=\"https:\/\/agora.xtec.cat\/escolalatrama\/wp-content\/uploads\/usu518\/2024\/10\/Sin-titulo-500-x-500-px-18-e1731053011309.png\" alt=\"\" class=\"wp-image-4152\" srcset=\"https:\/\/agora.xtec.cat\/escolalatrama\/wp-content\/uploads\/usu518\/2024\/10\/Sin-titulo-500-x-500-px-18-e1731053011309.png 380w, https:\/\/agora.xtec.cat\/escolalatrama\/wp-content\/uploads\/usu518\/2024\/10\/Sin-titulo-500-x-500-px-18-e1731053011309-300x291.png 300w\" sizes=\"auto, (max-width: 380px) 100vw, 380px\" \/><\/a><\/figure>\n\n\n\n<p class=\"has-text-align-center has-text-color has-link-color has-medium-font-size wp-elements-9dda556cf727848fc5ba4418b8614c64\" style=\"color:#b00707\"><strong>Let&#8217;s move <\/strong><\/p>\n<\/div>\n\n\n\n<div class=\"wp-block-column is-layout-flow wp-block-column-is-layout-flow\">\n<figure class=\"wp-block-image size-full\"><a href=\"https:\/\/agora.xtec.cat\/escolalatrama\/robotica-2\/\"><img loading=\"lazy\" decoding=\"async\" width=\"379\" height=\"369\" src=\"https:\/\/agora.xtec.cat\/escolalatrama\/wp-content\/uploads\/usu518\/2024\/10\/Sin-titulo-500-x-500-px-19-e1731053040173.png\" alt=\"\" class=\"wp-image-4151\" srcset=\"https:\/\/agora.xtec.cat\/escolalatrama\/wp-content\/uploads\/usu518\/2024\/10\/Sin-titulo-500-x-500-px-19-e1731053040173.png 379w, https:\/\/agora.xtec.cat\/escolalatrama\/wp-content\/uploads\/usu518\/2024\/10\/Sin-titulo-500-x-500-px-19-e1731053040173-300x292.png 300w\" sizes=\"auto, (max-width: 379px) 100vw, 379px\" \/><\/a><\/figure>\n\n\n\n<p class=\"has-text-align-center has-text-color has-link-color has-medium-font-size wp-elements-8d74b4e2552353c4b059cf8a888c84d4\" style=\"color:#b00707\"><strong>Rob\u00f2tica<\/strong><\/p>\n<\/div>\n\n\n\n<div class=\"wp-block-column is-layout-flow wp-block-column-is-layout-flow\"><\/div>\n<\/div>\n","protected":false},"excerpt":{"rendered":"<p>Espais de l\u2019Agrupaci\u00f3 de Mitjans (3r i 4t)<\/p>\n<p>Els Espais de Mitjans s\u00f3n propostes d\u2019aprenentatge vivencials i competencials pensades per a l\u2019alumnat de 3r i 4t. A partir de la lliure elecci\u00f3, els infants participen en activitats que fomenten la curiositat, la reflexi\u00f3, el treball en&hellip;  <a href=\"https:\/\/agora.xtec.cat\/escolalatrama\/agrupacions\/mitjans\/\" title=\"Read Mitjans\">Llegeix m\u00e9s\u00bb<\/a><\/p>\n","protected":false},"author":5,"featured_media":0,"parent":3641,"menu_order":3,"comment_status":"closed","ping_status":"closed","template":"","meta":{"_bbp_topic_count":0,"_bbp_reply_count":0,"_bbp_total_topic_count":0,"_bbp_total_reply_count":0,"_bbp_voice_count":0,"_bbp_anonymous_reply_count":0,"_bbp_topic_count_hidden":0,"_bbp_reply_count_hidden":0,"_bbp_forum_subforum_count":0,"footnotes":""},"class_list":["post-3650","page","type-page","status-publish","hentry"],"post_mailing_queue_ids":[],"_links":{"self":[{"href":"https:\/\/agora.xtec.cat\/escolalatrama\/wp-json\/wp\/v2\/pages\/3650","targetHints":{"allow":["GET"]}}],"collection":[{"href":"https:\/\/agora.xtec.cat\/escolalatrama\/wp-json\/wp\/v2\/pages"}],"about":[{"href":"https:\/\/agora.xtec.cat\/escolalatrama\/wp-json\/wp\/v2\/types\/page"}],"author":[{"embeddable":true,"href":"https:\/\/agora.xtec.cat\/escolalatrama\/wp-json\/wp\/v2\/users\/5"}],"replies":[{"embeddable":true,"href":"https:\/\/agora.xtec.cat\/escolalatrama\/wp-json\/wp\/v2\/comments?post=3650"}],"version-history":[{"count":6,"href":"https:\/\/agora.xtec.cat\/escolalatrama\/wp-json\/wp\/v2\/pages\/3650\/revisions"}],"predecessor-version":[{"id":4786,"href":"https:\/\/agora.xtec.cat\/escolalatrama\/wp-json\/wp\/v2\/pages\/3650\/revisions\/4786"}],"up":[{"embeddable":true,"href":"https:\/\/agora.xtec.cat\/escolalatrama\/wp-json\/wp\/v2\/pages\/3641"}],"wp:attachment":[{"href":"https:\/\/agora.xtec.cat\/escolalatrama\/wp-json\/wp\/v2\/media?parent=3650"}],"curies":[{"name":"wp","href":"https:\/\/api.w.org\/{rel}","templated":true}]}}