{"id":3641,"date":"2024-04-12T10:07:33","date_gmt":"2024-04-12T08:07:33","guid":{"rendered":"https:\/\/agora.xtec.cat\/escolalatrama\/?page_id=3641"},"modified":"2025-07-09T23:08:00","modified_gmt":"2025-07-09T21:08:00","slug":"agrupacions","status":"publish","type":"page","link":"https:\/\/agora.xtec.cat\/escolalatrama\/agrupacions\/","title":{"rendered":"Agrupacions"},"content":{"rendered":"\n<h2 class=\"wp-block-heading\"><strong>L\u2019organitzaci\u00f3 per agrupacions a l\u2019Escola La Trama<\/strong><\/h2>\n\n\n\n<p>A l\u2019escola <strong>La Trama<\/strong> ens organitzem en <strong>agrupacions d\u2019infants<\/strong> que abasten m\u00e9s d\u2019un curs, amb l\u2019objectiu de <strong>respectar els ritmes individuals<\/strong>, <strong>afavorir la conviv\u00e8ncia i l\u2019aprenentatge entre iguals<\/strong>, i <strong>generar vincles m\u00e9s profunds<\/strong> entre infants i mestres.<\/p>\n\n\n\n<p>Les nostres agrupacions s\u00f3n:<\/p>\n\n\n\n<ul class=\"wp-block-list\">\n<li><strong>Menuts:<\/strong> I3, I4 i I5<\/li>\n\n\n\n<li><strong>Petits:<\/strong> 1r i 2n<\/li>\n\n\n\n<li><strong>Mitjans:<\/strong> 3r i 4t<\/li>\n\n\n\n<li><strong>Grans:<\/strong> 5\u00e8 i 6\u00e8<\/li>\n<\/ul>\n\n\n\n<p>Aquesta organitzaci\u00f3 ens permet crear <strong>espais d\u2019aprenentatge m\u00e9s diversos i inclusius<\/strong>, on cada infant pot <strong>trobar el seu lloc<\/strong>, <strong>ser referent o inspirar-se en altres<\/strong>, i on <strong>les experi\u00e8ncies compartides s\u00f3n riques i significatives<\/strong>.<\/p>\n\n\n\n<p>Els <strong>Espais<\/strong> es desenvolupen dins d\u2019aquesta estructura d\u2019agrupacions, i en s\u00f3n <strong>una de les propostes pedag\u00f2giques m\u00e9s significatives<\/strong> de la nostra escola:<\/p>\n\n\n<h2 data-start=\"270\" data-end=\"313\"><strong data-start=\"276\" data-end=\"311\">Els Espais de l\u2019Escola La Trama<\/strong><\/h2>\n<p data-start=\"314\" data-end=\"373\"><strong data-start=\"314\" data-end=\"373\">Un dels pilars fonamentals del nostre projecte educatiu.<\/strong><\/p>\n<p data-start=\"375\" data-end=\"718\">A l\u2019Escola La Trama, <strong data-start=\"396\" data-end=\"447\">els Espais s\u00f3n una organitzaci\u00f3 pedag\u00f2gica clau<\/strong> que forma part essencial del nostre <strong data-start=\"484\" data-end=\"521\">Projecte Educatiu de Centre (PEC)<\/strong>. S\u00f3n un <strong data-start=\"530\" data-end=\"561\">escenari viu d\u2019aprenentatge<\/strong>, on infants de cada agrupaci\u00f3 (Menuts, Petits, Mitjans i Grans) s\u2019endinsen en propostes que parteixen del <strong data-start=\"668\" data-end=\"717\">joc, la recerca, la creativitat i l\u2019expressi\u00f3<\/strong>.<\/p>\n<p data-start=\"720\" data-end=\"954\">Els <strong>Espais<\/strong> no es distribueixen per edats sin\u00f3 per agrupacions, aix\u00f2 permet que els infants <strong data-start=\"815\" data-end=\"882\">es barregin entre grups de l&#8217;agrupaci\u00f3 i nivells<\/strong>, afavorint la conviv\u00e8ncia, la cooperaci\u00f3 i l\u2019aprenentatge entre iguals.<\/p>\n<h3 data-start=\"956\" data-end=\"1003\"><strong data-start=\"963\" data-end=\"1003\">Qu\u00e8 caracteritza els nostres Espais?<\/strong><\/h3>\n<ul data-start=\"1005\" data-end=\"1697\">\n<li data-start=\"1005\" data-end=\"1160\">\n<p data-start=\"1007\" data-end=\"1160\"><strong data-start=\"1007\" data-end=\"1046\">Reducci\u00f3 significativa de la r\u00e0tio:<\/strong> cada espai t\u00e9 un grup redu\u00eft d\u2019infants, fet que afavoreix una atenci\u00f3 m\u00e9s personalitzada i un clima de confian\u00e7a.<\/p>\n<\/li>\n<li data-start=\"1161\" data-end=\"1326\">\n<p data-start=\"1163\" data-end=\"1326\"><strong data-start=\"1163\" data-end=\"1198\">Organitzaci\u00f3 flexible i oberta:<\/strong> els infants trien l\u2019espai on volen anar (amb variacions segons agrupaci\u00f3), la qual cosa refor\u00e7a la seva autonomia i implicaci\u00f3.<\/p>\n<\/li>\n<li data-start=\"1327\" data-end=\"1492\">\n<p data-start=\"1329\" data-end=\"1492\"><strong data-start=\"1329\" data-end=\"1362\">Mestra referent a cada espai:<\/strong> cada espai \u00e9s dinamitzat per una mestra amb una proposta rica i oberta que genera contextos d\u2019aprenentatge reals i significatius.<\/p>\n<\/li>\n<li data-start=\"1493\" data-end=\"1697\">\n<p data-start=\"1495\" data-end=\"1697\"><strong data-start=\"1495\" data-end=\"1520\">Treball per lleng\u00fces:<\/strong> especialment a l\u2019agrupaci\u00f3 de Mitjans i Grans, cada espai incorpora una <strong data-start=\"1583\" data-end=\"1641\">llengua vehicular diferent (catal\u00e0, castell\u00e0 o angl\u00e8s)<\/strong> que esdev\u00e9 mitj\u00e0 natural de comunicaci\u00f3 i aprenentatge.<\/p>\n<\/li>\n<\/ul>\n<h3 data-start=\"1699\" data-end=\"1732\"><strong data-start=\"1706\" data-end=\"1732\">Espais per Agrupacions<\/strong><\/h3>\n<ul data-start=\"1734\" data-end=\"2467\">\n<li data-start=\"1734\" data-end=\"1916\">\n<p data-start=\"1736\" data-end=\"1916\"><strong data-start=\"1736\" data-end=\"1761\">Menuts (I3, I4 i I5):<\/strong> Coloraines, Imaginari, Llumijocs, Milcares, Construccions, Mou-te, Natur\u00e0lia i Patinem. Espais que parteixen del joc i l\u2019experimentaci\u00f3 lliure i creativa.<\/p>\n<\/li>\n<li data-start=\"1917\" data-end=\"2072\">\n<p data-start=\"1919\" data-end=\"2072\"><strong data-start=\"1919\" data-end=\"1940\">Petits (1r i 2n):<\/strong> Art, Descobreix, Escenari, Estrat\u00e8gia i Mou-te. Espais on es dona valor a la manipulaci\u00f3, la descoberta, l\u2019expressi\u00f3 i el moviment.<\/p>\n<\/li>\n<li data-start=\"2073\" data-end=\"2267\">\n<p data-start=\"2075\" data-end=\"2267\"><strong data-start=\"2075\" data-end=\"2097\">Mitjans (3r i 4t):<\/strong> Creart, Experimentem, Emocions, Rebost de les paraules, Barrinem, Let\u2019s move i Rob\u00f2tica. Espais que combinen llenguatge, emoci\u00f3, ci\u00e8ncia, tecnologia i pensament creatiu.<\/p>\n<\/li>\n<li data-start=\"2268\" data-end=\"2467\">\n<p data-start=\"2270\" data-end=\"2467\"><strong data-start=\"2270\" data-end=\"2290\">Grans (5\u00e8 i 6\u00e8):<\/strong> Espais a partir d\u2019una provocaci\u00f3 comuna, on els infants trien mini projectes segons les seves inquietuds i els desenvolupen en una llengua concreta (catal\u00e0, castell\u00e0 o angl\u00e8s).<\/p>\n<\/li>\n<\/ul>\n<h3 data-start=\"2469\" data-end=\"2503\"><strong data-start=\"2476\" data-end=\"2503\">L\u2019avaluaci\u00f3 i autoavaluaci\u00f3 dels Espais<\/strong><\/h3>\n<p data-start=\"2505\" data-end=\"2809\">Els Espais s\u00f3n <strong data-start=\"2520\" data-end=\"2545\">avaluats cont\u00ednuament<\/strong> tant pels infants com per les mestres. Aquest proc\u00e9s permet detectar interessos, compet\u00e8ncies i evoluci\u00f3 personal, aix\u00ed com revisar i enriquir les propostes. L\u2019avaluaci\u00f3 inclou <strong data-start=\"2723\" data-end=\"2808\">l\u2019observaci\u00f3 directa, la documentaci\u00f3 pedag\u00f2gica, l&#8217;autoavaluaci\u00f3 i moments de reflexi\u00f3 compartida<\/strong>.<\/p>\n<h3 data-start=\"2811\" data-end=\"2843\"><strong data-start=\"2818\" data-end=\"2843\">Beneficis dels Espais<\/strong><\/h3>\n<ul data-start=\"2845\" data-end=\"3280\">\n<li data-start=\"2845\" data-end=\"2910\">\n<p data-start=\"2847\" data-end=\"2910\">Potencien l\u2019<strong data-start=\"2859\" data-end=\"2896\">autonomia i la presa de decisions<\/strong> dels infants.<\/p>\n<\/li>\n<li data-start=\"2911\" data-end=\"2986\">\n<p data-start=\"2913\" data-end=\"2986\">Afavoreixen la <strong data-start=\"2928\" data-end=\"2985\">cooperaci\u00f3, el respecte i l\u2019aprenentatge entre iguals<\/strong>.<\/p>\n<\/li>\n<li data-start=\"2987\" data-end=\"3065\">\n<p data-start=\"2989\" data-end=\"3065\">Donen resposta als <strong data-start=\"3008\" data-end=\"3064\">diferents interessos, ritmes i estils d\u2019aprenentatge<\/strong>.<\/p>\n<\/li>\n<li data-start=\"3066\" data-end=\"3145\">\n<p data-start=\"3068\" data-end=\"3145\">Desenvolupen les <strong data-start=\"3085\" data-end=\"3125\">compet\u00e8ncies b\u00e0siques i transversals<\/strong> en contextos reals.<\/p>\n<\/li>\n<li data-start=\"3146\" data-end=\"3213\">\n<p data-start=\"3148\" data-end=\"3213\"><strong data-start=\"3148\" data-end=\"3213\">Fomenten la creativitat, la iniciativa i el pensament cr\u00edtic.<\/strong><\/p>\n<\/li>\n<li data-start=\"3214\" data-end=\"3280\">\n<p data-start=\"3216\" data-end=\"3280\">Faciliten una <strong data-start=\"3230\" data-end=\"3280\">mirada global i integradora de l\u2019aprenentatge.<\/strong><\/p>\n<\/li>\n<\/ul>\n<hr data-start=\"3282\" data-end=\"3285\" \/>\n<blockquote data-start=\"3287\" data-end=\"3501\">\n<p data-start=\"3289\" data-end=\"3501\">Els<span style=\"color: #993300;\"> <strong>Espais<\/strong><\/span> s\u00f3n <strong><span style=\"color: #993300;\">una expressi\u00f3 clara de la nostra manera d&#8217;entendre l&#8217;educaci\u00f3<\/span><\/strong>: activa, respectuosa amb els processos individuals i col\u00b7lectius, i compromesa amb el desenvolupament integral de tots els infants.<\/p>\n<\/blockquote>\n\n\n<div class=\"wp-block-columns is-layout-flex wp-container-core-columns-is-layout-1 wp-block-columns-is-layout-flex\">\n<div class=\"wp-block-column is-layout-flow wp-block-column-is-layout-flow\">\n<figure class=\"wp-block-image size-full is-resized\"><a href=\"https:\/\/agora.xtec.cat\/escolalatrama\/agrupacions\/menuts\/\"><img loading=\"lazy\" decoding=\"async\" width=\"131\" height=\"131\" src=\"https:\/\/agora.xtec.cat\/escolalatrama\/wp-content\/uploads\/usu518\/2024\/11\/logo-escola-la-trama.png\" alt=\"\" class=\"wp-image-4388\" style=\"width:230px\"\/><\/a><\/figure>\n\n\n\n<p class=\"has-text-align-center has-text-color has-link-color has-large-font-size wp-elements-57029dbd4656c9c4ed85651602400c8d\" style=\"color:#b00707\"><strong>MENUTS<\/strong><\/p>\n<\/div>\n\n\n\n<div class=\"wp-block-column is-layout-flow wp-block-column-is-layout-flow\">\n<figure class=\"wp-block-image size-full is-resized\"><a href=\"https:\/\/agora.xtec.cat\/escolalatrama\/agrupacions\/petits\/\"><img loading=\"lazy\" decoding=\"async\" width=\"131\" height=\"131\" src=\"https:\/\/agora.xtec.cat\/escolalatrama\/wp-content\/uploads\/usu518\/2024\/11\/logo-escola-la-trama.png\" alt=\"\" class=\"wp-image-4388\" style=\"width:230px\"\/><\/a><\/figure>\n\n\n\n<p class=\"has-text-align-center has-text-color has-link-color has-large-font-size wp-elements-bcfaeaee1f31af25b0c0ab3c1c5a9058\" style=\"color:#b00707\"><strong>PETITS<\/strong><\/p>\n<\/div>\n\n\n\n<div class=\"wp-block-column is-layout-flow wp-block-column-is-layout-flow\">\n<figure class=\"wp-block-image size-full is-resized\"><a href=\"https:\/\/agora.xtec.cat\/escolalatrama\/agrupacions\/mitjans\/\"><img loading=\"lazy\" decoding=\"async\" width=\"131\" height=\"131\" src=\"https:\/\/agora.xtec.cat\/escolalatrama\/wp-content\/uploads\/usu518\/2024\/11\/logo-escola-la-trama.png\" alt=\"\" class=\"wp-image-4388\" style=\"width:230px\"\/><\/a><\/figure>\n\n\n\n<p class=\"has-text-align-center has-text-color has-link-color has-large-font-size wp-elements-fe8c392bbae60a9b185ec2644fc8caaa\" style=\"color:#b00707\"><strong>MITJANS<\/strong><\/p>\n<\/div>\n\n\n\n<div class=\"wp-block-column is-layout-flow wp-block-column-is-layout-flow\">\n<figure class=\"wp-block-image size-full is-resized\"><a href=\"https:\/\/agora.xtec.cat\/escolalatrama\/agrupacions\/grans\/\"><img loading=\"lazy\" decoding=\"async\" width=\"131\" height=\"131\" src=\"https:\/\/agora.xtec.cat\/escolalatrama\/wp-content\/uploads\/usu518\/2024\/11\/logo-escola-la-trama.png\" alt=\"\" class=\"wp-image-4388\" style=\"width:230px\"\/><\/a><\/figure>\n\n\n\n<p class=\"has-text-align-center has-text-color has-link-color has-large-font-size wp-elements-a722601f9423239a50eb4a79ab6e7506\" style=\"color:#b00707\"><strong>GRANS<\/strong><\/p>\n<\/div>\n<\/div>\n","protected":false},"excerpt":{"rendered":"<p>L\u2019organitzaci\u00f3 per agrupacions a l\u2019Escola La Trama<\/p>\n<p>A l\u2019escola La Trama ens organitzem en agrupacions d\u2019infants que abasten m\u00e9s d\u2019un curs, amb l\u2019objectiu de respectar els ritmes individuals, afavorir la conviv\u00e8ncia i l\u2019aprenentatge entre iguals, i generar vincles m\u00e9s profunds entre infants i mestres.<\/p>\n<p>Les nostres agrupacions&hellip;  <a href=\"https:\/\/agora.xtec.cat\/escolalatrama\/agrupacions\/\" title=\"Read Agrupacions\">Llegeix m\u00e9s\u00bb<\/a><\/p>\n","protected":false},"author":5,"featured_media":0,"parent":0,"menu_order":0,"comment_status":"closed","ping_status":"closed","template":"page-templates\/side-menu.php","meta":{"_bbp_topic_count":0,"_bbp_reply_count":0,"_bbp_total_topic_count":0,"_bbp_total_reply_count":0,"_bbp_voice_count":0,"_bbp_anonymous_reply_count":0,"_bbp_topic_count_hidden":0,"_bbp_reply_count_hidden":0,"_bbp_forum_subforum_count":0,"footnotes":""},"class_list":["post-3641","page","type-page","status-publish","hentry"],"post_mailing_queue_ids":[],"_links":{"self":[{"href":"https:\/\/agora.xtec.cat\/escolalatrama\/wp-json\/wp\/v2\/pages\/3641","targetHints":{"allow":["GET"]}}],"collection":[{"href":"https:\/\/agora.xtec.cat\/escolalatrama\/wp-json\/wp\/v2\/pages"}],"about":[{"href":"https:\/\/agora.xtec.cat\/escolalatrama\/wp-json\/wp\/v2\/types\/page"}],"author":[{"embeddable":true,"href":"https:\/\/agora.xtec.cat\/escolalatrama\/wp-json\/wp\/v2\/users\/5"}],"replies":[{"embeddable":true,"href":"https:\/\/agora.xtec.cat\/escolalatrama\/wp-json\/wp\/v2\/comments?post=3641"}],"version-history":[{"count":6,"href":"https:\/\/agora.xtec.cat\/escolalatrama\/wp-json\/wp\/v2\/pages\/3641\/revisions"}],"predecessor-version":[{"id":4790,"href":"https:\/\/agora.xtec.cat\/escolalatrama\/wp-json\/wp\/v2\/pages\/3641\/revisions\/4790"}],"wp:attachment":[{"href":"https:\/\/agora.xtec.cat\/escolalatrama\/wp-json\/wp\/v2\/media?parent=3641"}],"curies":[{"name":"wp","href":"https:\/\/api.w.org\/{rel}","templated":true}]}}