{"id":3552,"date":"2024-02-28T14:15:41","date_gmt":"2024-02-28T13:15:41","guid":{"rendered":"https:\/\/agora.xtec.cat\/escolalatrama\/?page_id=3552"},"modified":"2024-09-11T21:32:47","modified_gmt":"2024-09-11T19:32:47","slug":"auxiliar-de-conversa","status":"publish","type":"page","link":"https:\/\/agora.xtec.cat\/escolalatrama\/curs-actual\/auxiliar-de-conversa\/","title":{"rendered":"Auxiliar de conversa"},"content":{"rendered":"<header class=\"entry-header\">\n<p class=\"entry-title\"><img loading=\"lazy\" decoding=\"async\" class=\"aligncenter size-full wp-image-3561\" src=\"https:\/\/agora.xtec.cat\/escolalatrama\/wp-content\/uploads\/usu518\/2024\/02\/mapa.jpg\" alt=\"\" width=\"358\" height=\"208\" srcset=\"https:\/\/agora.xtec.cat\/escolalatrama\/wp-content\/uploads\/usu518\/2024\/02\/mapa.jpg 358w, https:\/\/agora.xtec.cat\/escolalatrama\/wp-content\/uploads\/usu518\/2024\/02\/mapa-300x174.jpg 300w\" sizes=\"auto, (max-width: 358px) 100vw, 358px\" \/><img loading=\"lazy\" decoding=\"async\" class=\"alignright wp-image-3556 size-medium\" src=\"https:\/\/agora.xtec.cat\/escolalatrama\/wp-content\/uploads\/usu518\/2024\/02\/projectes-internacionals-300x166.jpg\" alt=\"\" width=\"300\" height=\"166\" srcset=\"https:\/\/agora.xtec.cat\/escolalatrama\/wp-content\/uploads\/usu518\/2024\/02\/projectes-internacionals-300x166.jpg 300w, https:\/\/agora.xtec.cat\/escolalatrama\/wp-content\/uploads\/usu518\/2024\/02\/projectes-internacionals.jpg 468w\" sizes=\"auto, (max-width: 300px) 100vw, 300px\" \/>Aquest curs<strong> 2023-2024<\/strong> a l&#8217;escola La Trama estem gaudint del recurs <strong>d\u2019auxiliar de conversa\u00a0<\/strong>en llengua anglesa.<\/p>\n<p>L\u2019objectiu d\u2019aquest recurs \u00e9s estimular l\u2019aprenentatge de la llengua anglesa i el coneixement d\u2019altres cultures.\u00a0La participaci\u00f3 de la Molly, la nostra auxiliar de conversa, com a parlant nadiu de la llengua anglesa, estimula l\u2019aprenentatge d\u2019aquesta, d\u2019una forma natural i directa. \u00c9s com un ambaixador cultural amb qui, els infants, poden con\u00e8ixer altres maneres de viure, altres costums i altres maneres d\u2019entendre el m\u00f3n. La Molly acompanya a la mestra d&#8217;angl\u00e8s a les seves classes recolzant les activitats programades i donant l\u2019oportunitat a l\u2019alumnat de practicar l\u2019idioma de manera significativa.<\/p>\n<h2 class=\"entry-title\">Qu\u00e8 \u00e9s el programa d\u2019auxiliars de conversa?<\/h2>\n<\/header>\n<div class=\"entry-content\">\n<p>El\u00a0<strong>Programa d\u2019auxiliars de conversa<\/strong>\u00a0s\u2019emmarca dins del conjunt d\u2019actuacions destinades a donar suport a aquells centres que desenvolupen un projecte innovador per a la gesti\u00f3 de les lleng\u00fces estrangeres curriculars (anglesa, francesa, alemanya, italiana o xinesa). Els auxiliars de conversa en els centres catalans s\u00f3n un recurs de primer ordre per a estimular l\u2019aprenentatge de lleng\u00fces i el coneixement d\u2019altres cultures i d\u2019altres formes d\u2019entendre el m\u00f3n.<\/p>\n<p>La seva tasca educativa dona suport ling\u00fc\u00edstic a les activitats programades pel tutor o tutora d\u2019aula, amb un objectiu com\u00fa: el desenvolupament de les compet\u00e8ncies comunicatives i ling\u00fc\u00edstiques de l\u2019alumnat. Aquest objectiu \u00e9s clau per a l\u2019aprenentatge al llarg de tota la vida, at\u00e8s que l\u2019oralitat esdev\u00e9 una habilitat b\u00e0sica i transversal per a l\u2019estudi i el creixement personal.<\/p>\n<p>El programa est\u00e0 gestionat per la\u00a0<strong>Unitat d\u2019Acci\u00f3 Educativa Exterior, del Ministeri d\u2019Educaci\u00f3 i Formaci\u00f3 Professional (MEFP).<\/strong>\u00a0Aquest organisme tamb\u00e9 s\u2019encarrega de gestionar les ajudes mensuals dels auxiliars i l\u2019asseguran\u00e7a m\u00e8dica.<\/p>\n<p>El\u00a0<strong>Servei de Lleng\u00fces Estrangeres i d\u2019Origen<\/strong>\u00a0de la Subdirecci\u00f3 General de Lleng\u00fces del Departament d\u2019Educaci\u00f3 \u00e9s el servei encarregat de gestionar el Programa d\u2019Auxiliars de Conversa a Catalunya i coordina les accions i els convenis amb el MEFP i les altres institucions de refer\u00e8ncia.<\/p>\n<p>Els auxiliars de conversa s\u00f3n, per regla general, persones acabades de llicenciar o estudiants universitaris dels darrers cursos que han decidit venir al nostre pa\u00eds per millorar els seus estudis i completar la seva formaci\u00f3 en les lleng\u00fces castellana i catalana. Per aquest motiu, durant la seva estada al nostre pa\u00eds tenen la consideraci\u00f3 d\u2019estudiants becaris.<\/p>\n<p>Els auxiliars de conversa desenvolupen la seva activitat durant\u00a0<strong>14 hores setmanals<\/strong>, que podran realitzar de forma exclusiva en un centre o de forma compartida amb un altre centre pr\u00e8viament assignat. En aquest darrer cas es repartiran les 14 hores entre ambd\u00f3s centres.<\/p>\n<h2>El Diari de Sabadell en parla:<\/h2>\n<p>Aqu\u00ed teniu <a href=\"https:\/\/www.diaridesabadell.com\/2024\/04\/19\/auxiliars-conversa-angles-escoles-centres-que-es\/\" target=\"_blank\" rel=\"noopener\">l&#8217;enlla\u00e7.<\/a><\/p>\n<\/div>\n","protected":false},"excerpt":{"rendered":"<p>Aquest curs 2023-2024 a l&#8217;escola La Trama estem gaudint del recurs d\u2019auxiliar de conversa\u00a0en llengua anglesa.<br \/>\nL\u2019objectiu d\u2019aquest recurs \u00e9s estimular l\u2019aprenentatge de la llengua anglesa i el coneixement d\u2019altres cultures.\u00a0La participaci\u00f3 de la Molly, la nostra auxiliar de conversa, com a parlant nadiu de la&hellip;  <a href=\"https:\/\/agora.xtec.cat\/escolalatrama\/curs-actual\/auxiliar-de-conversa\/\" title=\"Read Auxiliar de conversa\">Llegeix m\u00e9s\u00bb<\/a><\/p>\n","protected":false},"author":5,"featured_media":0,"parent":66,"menu_order":8,"comment_status":"closed","ping_status":"closed","template":"","meta":{"_bbp_topic_count":0,"_bbp_reply_count":0,"_bbp_total_topic_count":0,"_bbp_total_reply_count":0,"_bbp_voice_count":0,"_bbp_anonymous_reply_count":0,"_bbp_topic_count_hidden":0,"_bbp_reply_count_hidden":0,"_bbp_forum_subforum_count":0,"footnotes":""},"class_list":["post-3552","page","type-page","status-publish","hentry"],"post_mailing_queue_ids":[],"_links":{"self":[{"href":"https:\/\/agora.xtec.cat\/escolalatrama\/wp-json\/wp\/v2\/pages\/3552","targetHints":{"allow":["GET"]}}],"collection":[{"href":"https:\/\/agora.xtec.cat\/escolalatrama\/wp-json\/wp\/v2\/pages"}],"about":[{"href":"https:\/\/agora.xtec.cat\/escolalatrama\/wp-json\/wp\/v2\/types\/page"}],"author":[{"embeddable":true,"href":"https:\/\/agora.xtec.cat\/escolalatrama\/wp-json\/wp\/v2\/users\/5"}],"replies":[{"embeddable":true,"href":"https:\/\/agora.xtec.cat\/escolalatrama\/wp-json\/wp\/v2\/comments?post=3552"}],"version-history":[{"count":6,"href":"https:\/\/agora.xtec.cat\/escolalatrama\/wp-json\/wp\/v2\/pages\/3552\/revisions"}],"predecessor-version":[{"id":3678,"href":"https:\/\/agora.xtec.cat\/escolalatrama\/wp-json\/wp\/v2\/pages\/3552\/revisions\/3678"}],"up":[{"embeddable":true,"href":"https:\/\/agora.xtec.cat\/escolalatrama\/wp-json\/wp\/v2\/pages\/66"}],"wp:attachment":[{"href":"https:\/\/agora.xtec.cat\/escolalatrama\/wp-json\/wp\/v2\/media?parent=3552"}],"curies":[{"name":"wp","href":"https:\/\/api.w.org\/{rel}","templated":true}]}}