{"id":3367,"date":"2024-01-17T13:02:47","date_gmt":"2024-01-17T12:02:47","guid":{"rendered":"https:\/\/agora.xtec.cat\/escolalatrama\/?page_id=3367"},"modified":"2025-01-22T14:00:49","modified_gmt":"2025-01-22T13:00:49","slug":"estrategia-digital-de-centre","status":"publish","type":"page","link":"https:\/\/agora.xtec.cat\/escolalatrama\/lescola\/estrategia-digital-de-centre\/","title":{"rendered":"Estrat\u00e8gia Digital de Centre"},"content":{"rendered":"<p>Trobareu publicada l\u2019estrat\u00e8gia i la cultura digital del centre en aquest\u00a0<strong><a href=\"https:\/\/sites.google.com\/escolalatrama.cat\/edcescolalatrama\/presentaci%C3%B3-de-ledc?authuser=1\" target=\"_blank\" rel=\"noopener\">enlla\u00e7<\/a>.<\/strong><\/p>\n<p><strong><a href=\"https:\/\/projectes.xtec.cat\/digital\/competencia-digital\/competencia-digital-centre\/\" target=\"_blank\" rel=\"noopener\">Aqu\u00ed<\/a><\/strong> podeu consultar sobre l&#8217;estrat\u00e8gia digital de centre, la compet\u00e8ncia digital docent, compet\u00e8ncia digital de l&#8217;alumnat (<strong><a href=\"https:\/\/projectes.xtec.cat\/nou-curriculum\/wp-content\/uploads\/usu2072\/2023\/07\/Compete%CC%80ncies_CD.pdf\" target=\"_blank\" rel=\"noopener\">Curr\u00edculum LOMLOE 2022<\/a><\/strong>), serveis digitals i, equipaments i infraestructures.<\/p>\n\n\n<figure class=\"wp-block-image size-large\"><a href=\"https:\/\/politiquesdigitals.gencat.cat\/web\/.content\/00-arbre\/ciutadania\/drets-responsabilitats-digitals\/NomesManifest_Final.pdf\" target=\"_blank\" rel=\"noreferrer noopener\"><img loading=\"lazy\" decoding=\"async\" width=\"1024\" height=\"850\" src=\"https:\/\/agora.xtec.cat\/escolalatrama\/wp-content\/uploads\/usu518\/2025\/01\/Manifest-drets-digitals-1024x850.png\" alt=\"\" class=\"wp-image-4642\" srcset=\"https:\/\/agora.xtec.cat\/escolalatrama\/wp-content\/uploads\/usu518\/2025\/01\/Manifest-drets-digitals-1024x850.png 1024w, https:\/\/agora.xtec.cat\/escolalatrama\/wp-content\/uploads\/usu518\/2025\/01\/Manifest-drets-digitals-300x250.png 300w, https:\/\/agora.xtec.cat\/escolalatrama\/wp-content\/uploads\/usu518\/2025\/01\/Manifest-drets-digitals-768x637.png 768w, https:\/\/agora.xtec.cat\/escolalatrama\/wp-content\/uploads\/usu518\/2025\/01\/Manifest-drets-digitals.png 1057w\" sizes=\"auto, (max-width: 1024px) 100vw, 1024px\" \/><\/a><\/figure>\n","protected":false},"excerpt":{"rendered":"<p>Trobareu publicada l\u2019estrat\u00e8gia i la cultura digital del centre en aquest\u00a0<a href=\"https:\/\/sites.google.com\/escolalatrama.cat\/edcescolalatrama\/presentaci%C3%B3-de-ledc?authuser=1\" target=\"_blank\" rel=\"noopener\">enlla\u00e7<\/a>.<br \/>\n<a href=\"https:\/\/projectes.xtec.cat\/digital\/competencia-digital\/competencia-digital-centre\/\" target=\"_blank\" rel=\"noopener\">Aqu\u00ed<\/a> podeu consultar sobre l&#8217;estrat\u00e8gia digital de centre, la compet\u00e8ncia digital docent, compet\u00e8ncia digital de l&#8217;alumnat (<a href=\"https:\/\/projectes.xtec.cat\/nou-curriculum\/wp-content\/uploads\/usu2072\/2023\/07\/Compete%CC%80ncies_CD.pdf\" target=\"_blank\" rel=\"noopener\">Curr\u00edculum LOMLOE 2022<\/a>), serveis digitals i, equipaments i infraestructures.<\/p>\n<p><a href=\"https:\/\/politiquesdigitals.gencat.cat\/web\/.content\/00-arbre\/ciutadania\/drets-responsabilitats-digitals\/NomesManifest_Final.pdf\"&hellip;  <a href=\"https:\/\/agora.xtec.cat\/escolalatrama\/lescola\/estrategia-digital-de-centre\/\" title=\"Read Estrat\u00e8gia Digital de Centre\">Llegeix m\u00e9s\u00bb<\/a><\/p>\n","protected":false},"author":6,"featured_media":0,"parent":22,"menu_order":10,"comment_status":"closed","ping_status":"closed","template":"","meta":{"_bbp_topic_count":0,"_bbp_reply_count":0,"_bbp_total_topic_count":0,"_bbp_total_reply_count":0,"_bbp_voice_count":0,"_bbp_anonymous_reply_count":0,"_bbp_topic_count_hidden":0,"_bbp_reply_count_hidden":0,"_bbp_forum_subforum_count":0,"footnotes":""},"class_list":["post-3367","page","type-page","status-publish","hentry"],"post_mailing_queue_ids":[],"_links":{"self":[{"href":"https:\/\/agora.xtec.cat\/escolalatrama\/wp-json\/wp\/v2\/pages\/3367","targetHints":{"allow":["GET"]}}],"collection":[{"href":"https:\/\/agora.xtec.cat\/escolalatrama\/wp-json\/wp\/v2\/pages"}],"about":[{"href":"https:\/\/agora.xtec.cat\/escolalatrama\/wp-json\/wp\/v2\/types\/page"}],"author":[{"embeddable":true,"href":"https:\/\/agora.xtec.cat\/escolalatrama\/wp-json\/wp\/v2\/users\/6"}],"replies":[{"embeddable":true,"href":"https:\/\/agora.xtec.cat\/escolalatrama\/wp-json\/wp\/v2\/comments?post=3367"}],"version-history":[{"count":6,"href":"https:\/\/agora.xtec.cat\/escolalatrama\/wp-json\/wp\/v2\/pages\/3367\/revisions"}],"predecessor-version":[{"id":4645,"href":"https:\/\/agora.xtec.cat\/escolalatrama\/wp-json\/wp\/v2\/pages\/3367\/revisions\/4645"}],"up":[{"embeddable":true,"href":"https:\/\/agora.xtec.cat\/escolalatrama\/wp-json\/wp\/v2\/pages\/22"}],"wp:attachment":[{"href":"https:\/\/agora.xtec.cat\/escolalatrama\/wp-json\/wp\/v2\/media?parent=3367"}],"curies":[{"name":"wp","href":"https:\/\/api.w.org\/{rel}","templated":true}]}}