{"id":3363,"date":"2024-01-11T10:42:01","date_gmt":"2024-01-11T09:42:01","guid":{"rendered":"https:\/\/agora.xtec.cat\/escolalatrama\/?page_id=3363"},"modified":"2026-04-21T10:47:16","modified_gmt":"2026-04-21T08:47:16","slug":"beques","status":"publish","type":"page","link":"https:\/\/agora.xtec.cat\/escolalatrama\/curs-actual\/beques\/","title":{"rendered":"Beques"},"content":{"rendered":"<h1><span style=\"color: #993300;\">Convocat\u00f2ria d&#8217;ajut de <span class=\"il\">menjador<\/span> escolar curs 2026-2027<\/span><\/h1>\n<p><span style=\"font-weight: 400;\">Us informem de l\u2019<\/span><b>inici de la convocat\u00f2ria d\u2019ajuts de menjador escolar per al curs 2026-2027<\/b><span style=\"font-weight: 400;\"> del Consell Comarcal del Vall\u00e8s Occidental, en qu\u00e8 l\u2019Ajuntament de Sabadell actua com a entitat col\u00b7laboradora en la distribuci\u00f3, el lliurament i la gesti\u00f3 dels ajuts. El Departament d\u2019Educaci\u00f3 i Formaci\u00f3 Professional de la Generalitat \u00e9s qui estableix els criteris per a l\u2019atorgament d\u2019aquests ajuts per al curs vinent, mentre que el Consell Comarcal n\u2019aprova les bases per a la convocat\u00f2ria.<\/span><\/p>\n<p><span style=\"font-weight: 400;\">La convocat\u00f2ria d\u2019ajuts de menjador escolar \u00e9s una mesura de suport a les fam\u00edlies, que forma part d\u2019una pol\u00edtica que t\u00e9 la voluntat d\u2019afavorir la inclusi\u00f3 social i l\u2019acc\u00e9s equitatiu als recursos educatius, especialment <\/span><b>adre\u00e7ada a infants i joves en situacions de vulnerabilitat econ\u00f2mica.<\/b><\/p>\n<h2><span style=\"color: #993300;\"><b>El termini de presentaci\u00f3 de sol\u00b7licituds<\/b><span style=\"font-weight: 400;\"> va comen\u00e7ar ahir <\/span><b>20 d\u2019abril fins al<\/b> <b>17 de maig.<\/b><\/span><\/h2>\n<p><span style=\"font-weight: 400;\">Durant el per\u00edode de presentaci\u00f3 de sol\u00b7licituds, tamb\u00e9 romandr\u00e0 actiu l\u2019enlla\u00e7 per poder demanar ajuts per al curs actual, per la qual cosa \u00e9s important que quan feu el tr\u00e0mit en l\u00ednia, per evitar errors amb el curs actual, el feu a l\u2019enlla\u00e7 seg\u00fcent:<\/span> <a href=\"https:\/\/seu.sabadell.cat\/opensiac\/action\/tramitesinfo?method=enter&amp;id=849\"><b>Ajuts Menjador Curs 2026-2027<\/b><\/a><b>.<\/b><\/p>\n<p><span style=\"font-weight: 400;\">\u00a0U<\/span><span style=\"font-weight: 400;\">s adjuntem la <strong><a href=\"https:\/\/drive.google.com\/file\/d\/1cUpAhc4ZP7_Yf-MIMd_ZS-nvoF8wAJ4y\/view?usp=sharing\" target=\"_blank\" rel=\"noopener\">guia<\/a><\/strong> i <a href=\"https:\/\/drive.google.com\/file\/d\/1ImwyTH1iDNWXOz3ezWh3avpWas25SZw5\/view?usp=sharing\" target=\"_blank\" rel=\"noopener\">instruccions<\/a> del tr\u00e0mit d\u2019Ajuts de Menjador i la <a href=\"https:\/\/drive.google.com\/file\/d\/17oH-kOS97L6vww_ttwqeNmGO0ggpliw4\/view?usp=sharing\" target=\"_blank\" rel=\"noopener\">llista d\u2019oficines i centres de registre<\/a> presencials de refer\u00e8ncia segons el centre educatiu. Tamb\u00e9 trobareu tota la informaci\u00f3 al web del centre.\u00a0<\/span><\/p>\n<p><span style=\"font-weight: 400;\">\u00a0<\/span><span style=\"font-weight: 400;\">Esperem que la informaci\u00f3 us sigui \u00fatil i que l\u2019ajut pugui arribar a totes les fam\u00edlies que ho necessiteu.<\/span><\/p>\n<hr \/>\n<h1><span style=\"color: #993300;\">Ajuts per a alumnes amb necessitat espec\u00edfica de suport educatiu curs 2025-2026<\/span><\/h1>\n<p><span style=\"font-weight: 400;\">Us comuniquem que s\u2019ha publicat al <\/span><span style=\"color: #0000ff;\"><a style=\"color: #0000ff;\" href=\"https:\/\/drive.google.com\/file\/d\/14ENnIHFFUp8Unp-9wj-ZroF4Z16i7b7z\/view?usp=sharing\"><b>BOE<\/b><\/a><\/span> <span style=\"font-weight: 400;\">la Resoluci\u00f3 de 25 d&#8217;abril de 2025, de la Secretaria d\u2019Estat d\u2019Educaci\u00f3, per la qual es convoquen els <\/span><b>ajuts per alumnes amb necessitats educatives especials pel curs 2025-2026.<\/b><\/p>\n<p><span style=\"font-weight: 400;\">El termini de presentaci\u00f3 \u00e9s des del <\/span><b>30 d&#8217;abril fins a l&#8217;11 de setembre de 2025<\/b><span style=\"font-weight: 400;\"> ambd\u00f3s inclosos.<\/span><\/p>\n<p><span style=\"font-weight: 400;\">Al web del Departament d&#8217;Educaci\u00f3 hi trobareu tota la informaci\u00f3: <\/span><span style=\"color: #0000ff;\"><a style=\"color: #0000ff;\" href=\"https:\/\/web.gencat.cat\/ca\/tramits\/tramits-temes\/Ajuts-per-a-alumnes-amb-necessitat-especifica-de-suport-educatiu?category=7449fd1c-a82c-11e3-a972-000c29052e2c\"><b>Ajuts per a alumnes amb necessita\u200b\u200b\u200bt espec\u00edfica de suport educatiu<\/b><\/a><b>.<\/b><b>\u00a0<\/b><\/span><\/p>\n<p><strong>Publicaci\u00f3, 29 de maig de 2025<\/strong><\/p>\n<hr \/>\n<h1><span style=\"color: #993300;\">Convocat\u00f2ria d&#8217;ajut de <span class=\"il\">menjador<\/span> escolar curs 2025-2026<\/span><\/h1>\n<p style=\"font-weight: 400;\">Des de les Regidories d\u2019Educaci\u00f3 i d\u2019Acci\u00f3 Social, us trametem la informaci\u00f3 relativa al tr\u00e0mit per sol\u00b7licitar els <strong><span style=\"color: #993300;\"><u>AJUTS DE MENJADOR per al CURS 2025-2026.<\/u><\/span><\/strong><\/p>\n<p style=\"font-weight: 400;\">El termini de presentaci\u00f3 de sol\u00b7licituds comen\u00e7a el\u00a0<strong><span style=\"color: #993300;\">14 d\u2019abril per al tr\u00e0mit telem\u00e0tic,<\/span> <span style=\"color: #993300;\">i\u00a0el 24 d\u2019abril per al presencial,<\/span><\/strong> i en ambd\u00f3s casos s\u2019acaba el\u00a0<strong><span style=\"color: #993300;\">23 de maig de 2025.<\/span><\/strong><\/p>\n<p>Adjunt us fem arribar la\u00a0<a href=\"https:\/\/mail.google.com\/mail\/u\/0\/?tab=rm&amp;ogbl#inbox\/QgrcJHsHnPgmCGzhKwxmVLHsxcttBFWRcdv?projector=1&amp;messagePartId=0.1\" target=\"_blank\" rel=\"noopener\"><b>guia per fer la sol\u00b7licitud presencialment<\/b><\/a>\u00a0i la\u00a0<strong><a href=\"https:\/\/mail.google.com\/mail\/u\/0\/?tab=rm&amp;ogbl#inbox\/QgrcJHsHnPgmCGzhKwxmVLHsxcttBFWRcdv?projector=1&amp;messagePartId=0.2\" target=\"_blank\" rel=\"noopener\">guia per fer el tr\u00e0mit<\/a><\/strong><b>.<\/b><\/p>\n<p style=\"font-weight: 400;\">Caldr\u00e0 tenir present que, durant el per\u00edode de presentaci\u00f3 de sol\u00b7licituds, tamb\u00e9 romandr\u00e0 actiu l\u2019enlla\u00e7 per <strong>poder demanar ajuts per al curs actual (2024-2025).<\/strong>\u00a0<u>Les fam\u00edlies que ho desitgeu cal que feu el tr\u00e0mit en l\u00ednia<\/u>, i per evitar errors respecte al curs sol\u00b7licitat, cal que ho feu a l\u2019enlla\u00e7 seg\u00fcent:\u00a0 <span style=\"color: #0000ff;\"><strong><a style=\"color: #0000ff;\" href=\"https:\/\/seu.sabadell.cat\/opensiac\/action\/tramitesinfo?method=enter&amp;id=849\" target=\"_blank\" rel=\"noopener\" data-saferedirecturl=\"https:\/\/www.google.com\/url?q=https:\/\/seu.sabadell.cat\/opensiac\/action\/tramitesinfo?method%3Denter%26id%3D849&amp;source=gmail&amp;ust=1744364443585000&amp;usg=AOvVaw13Du0kDep6lL76ZT39Irg6\">Ajuts Menjador Curs 2025-2026.<\/a><\/strong><\/span><\/p>\n<p><strong>Publicaci\u00f3, 10 d&#8217;abril de 2025<\/strong><\/p>\n<hr \/>\n<h1><span style=\"color: #993300;\">Ajuts per a alumnes amb necessitat espec\u00edfica de suport educatiu curs 2024-2025<\/span><\/h1>\n<p>Us comuniquem que s\u2019ha publicat al <span style=\"color: #333399;\"><strong><a style=\"color: #333399;\" href=\"https:\/\/www.boe.es\/boe\/dias\/2024\/04\/19\/pdfs\/BOE-B-2024-14197.pdf\" target=\"_blank\" rel=\"noopener\">BOE<\/a> <\/strong><\/span>la Resoluci\u00f3 de 12 d\u2019abril de 2024, de la Secretaria d\u2019Estat d\u2019Educaci\u00f3, per la qual es <strong>convoca els ajuts per alumnes amb necessitats educatives especials pel curs 2024-2025.<\/strong><\/p>\n<p style=\"font-weight: 400;\">El termini de presentaci\u00f3 \u00e9s des del dia\u00a0<span style=\"color: #993300;\"><strong>30 d\u2019abril de 2024 fins al 13 de setembre de<\/strong>\u00a0<strong>2024<\/strong>,<\/span> ambd\u00f3s inclosos.<\/p>\n<p>Podeu trobar tota la informaci\u00f3 en aquest <strong><a href=\"https:\/\/educacio.gencat.cat\/ca\/serveis-tramits\/beques\/ajuts-nese\/index.html\" target=\"_blank\" rel=\"noopener\"><span style=\"color: #333399;\">enlla\u00e7.<\/span><\/a><\/strong><\/p>\n<p><strong>Publicaci\u00f3, 2 de maig de 2024<\/strong><\/p>\n<hr \/>\n<h1><span style=\"color: #993300;\">Convocat\u00f2ria d&#8217;ajut de <span class=\"il\">menjador<\/span> escolar curs 2024-2025<\/span><\/h1>\n<p>Us informem de la <strong>convocat\u00f2ria d&#8217;ajut de menjador escolar per al curs 2024-2025<\/strong>, entre les actuacions de car\u00e0cter socioeducatiu que porta a terme cada any l&#8217;Ajuntament de Sabadell.<\/p>\n<p>\u00c9s una mesura de suport a les fam\u00edlies, que forma part d\u2019una pol\u00edtica que t\u00e9 la voluntat d\u2019afavorir la inclusi\u00f3 social i l\u2019acc\u00e9s equitatiu als recursos educatius, especialment adre\u00e7ada a infants i joves en situacions de vulnerabilitat econ\u00f2mica.<\/p>\n<p>La convocat\u00f2ria d\u2019ajuts de\u00a0<span class=\"il\">menjador<\/span>\u00a0escolar \u00e9s del Consell Comarcal del Vall\u00e8s\u00a0Occidental i l\u2019Ajuntament de Sabadell actua com a entitat col\u00b7laboradora en la\u00a0distribuci\u00f3, el lliurament i la gesti\u00f3 dels ajuts. El departament d\u2019Educaci\u00f3 de la\u00a0Generalitat \u00e9s qui estableix els criteris per a l\u2019atorgament d\u2019aquests ajuts pel curs\u00a0vinent i el Consell Comarcal n\u2019aprova les bases per a la convocat\u00f2ria.<\/p>\n<div class=\"gmail_default\" style=\"text-align: justify;\"><span style=\"color: #993300;\"><b>El per\u00edode de presentaci\u00f3 de sol\u00b7licituds s&#8217;inicia el 15 d&#8217;abril i finalitza el 10 de maig de 2024.\u00a0<\/b><\/span><\/div>\n<div><\/div>\n<div class=\"gmail_default\">Adjuntem l\u2019enlla\u00e7 al tr\u00e0mit:<\/div>\n<div><\/div>\n<div class=\"gmail_default\"><span style=\"color: #0000ff;\"><a href=\"https:\/\/seu.sabadell.cat\/opensiac\/action\/tramitesinfo?method=enter&amp;id=849\" target=\"_blank\" rel=\"noopener\" data-saferedirecturl=\"https:\/\/www.google.com\/url?q=https:\/\/seu.sabadell.cat\/opensiac\/action\/tramitesinfo?method%3Denter%26id%3D849&amp;source=gmail&amp;ust=1716569313890000&amp;usg=AOvVaw0sWiu7RaCcMpUmSlJ5S21F\">https:\/\/seu.sabadell.cat\/<wbr \/>opensiac\/action\/tramitesinfo?<wbr \/>method=enter&amp;id=849<\/a><\/span><\/div>\n<div class=\"gmail_default\" style=\"text-align: justify;\"><span style=\"color: #0000ff;\">\u00a0<\/span><\/div>\n<div><\/div>\n<div><\/div>\n<div class=\"gmail_default\" style=\"text-align: justify;\"><strong><span style=\"color: #000000;\">Publicaci\u00f3, 15 d&#8217;abril de 2024<\/span><\/strong><\/div>\n<hr \/>\n<h1><span style=\"color: #993300;\"><strong>Beques de material curs 2023-2024<\/strong><\/span><\/h1>\n<p>En aquest\u00a0<span style=\"color: #333399;\"><em><strong><a style=\"color: #333399;\" href=\"https:\/\/drive.google.com\/file\/d\/14Q1OffBAfDrFMhvFnpB2FL0XI8vCb4Vd\/view?usp=sharing\">document<\/a><\/strong><\/em>\u00a0<\/span>podreu veure el llistat de les\u00a0<strong>beques de material 2023-24.<\/strong><\/p>\n<p>En aquest\u00a0<span style=\"color: #333399;\"><em><strong><span lang=\"CA\"><a style=\"color: #333399;\" href=\"https:\/\/seu.sabadell.cat\/opensiac\/action\/tramitesinfo?method=enter&amp;id=457\" target=\"_blank\" rel=\"noopener\" data-saferedirecturl=\"https:\/\/www.google.com\/url?q=https:\/\/seu.sabadell.cat\/opensiac\/action\/tramitesinfo?method%3Denter%26id%3D457&amp;source=gmail&amp;ust=1666436571133000&amp;usg=AOvVaw36r77jgyiABBgkRwvmOxV1\">enlla\u00e7<\/a><\/span><\/strong><\/em><\/span>\u00a0trobareu la resoluci\u00f3.\u00a0<span lang=\"CA\">Es podr\u00e0 consultar pel DNI de la persona sol\u00b7licitant i el n\u00famero de tr\u00e0mit de l\u2019alumne\/a. Les\u00a0<b>fam\u00edlies que no estigueu\u00a0d\u2019acord<\/b>\u00a0amb la resoluci\u00f3 podeu presentar\u00a0<\/span><b><u><span lang=\"CA\">recurs de reposici\u00f3<\/span><\/u><\/b><span lang=\"CA\">, omplint una inst\u00e0ncia general<\/span><span lang=\"CA\">\u00a0<\/span><span lang=\"CA\">a qualsevol dels registres del Servei d\u2019Atenci\u00f3 Ciutadana, com a\u00a0<\/span><span lang=\"CA\"><b>data l\u00edmit el 20 de setembre<\/b><b>\u00a0de 2023.\u00a0<\/b>Encara no hi ha data pel pagament dels ajuts concedits.<\/span><\/p>\n<p><span lang=\"CA\"><b>Publicaci\u00f3, 18 de <\/b><strong>novembre<\/strong><b>\u00a0de 2023<\/b><\/span><\/p>\n","protected":false},"excerpt":{"rendered":"<p>Convocat\u00f2ria d&#8217;ajut de menjador escolar curs 2026-2027<br \/>\nUs informem de l\u2019inici de la convocat\u00f2ria d\u2019ajuts de menjador escolar per al curs 2026-2027 del Consell Comarcal del Vall\u00e8s Occidental, en qu\u00e8 l\u2019Ajuntament de Sabadell actua com a entitat col\u00b7laboradora en la distribuci\u00f3, el lliurament i la gesti\u00f3&hellip;  <a href=\"https:\/\/agora.xtec.cat\/escolalatrama\/curs-actual\/beques\/\" title=\"Read Beques\">Llegeix m\u00e9s\u00bb<\/a><\/p>\n","protected":false},"author":6,"featured_media":0,"parent":66,"menu_order":7,"comment_status":"closed","ping_status":"closed","template":"","meta":{"_bbp_topic_count":0,"_bbp_reply_count":0,"_bbp_total_topic_count":0,"_bbp_total_reply_count":0,"_bbp_voice_count":0,"_bbp_anonymous_reply_count":0,"_bbp_topic_count_hidden":0,"_bbp_reply_count_hidden":0,"_bbp_forum_subforum_count":0,"footnotes":""},"class_list":["post-3363","page","type-page","status-publish","hentry"],"post_mailing_queue_ids":[],"_links":{"self":[{"href":"https:\/\/agora.xtec.cat\/escolalatrama\/wp-json\/wp\/v2\/pages\/3363","targetHints":{"allow":["GET"]}}],"collection":[{"href":"https:\/\/agora.xtec.cat\/escolalatrama\/wp-json\/wp\/v2\/pages"}],"about":[{"href":"https:\/\/agora.xtec.cat\/escolalatrama\/wp-json\/wp\/v2\/types\/page"}],"author":[{"embeddable":true,"href":"https:\/\/agora.xtec.cat\/escolalatrama\/wp-json\/wp\/v2\/users\/6"}],"replies":[{"embeddable":true,"href":"https:\/\/agora.xtec.cat\/escolalatrama\/wp-json\/wp\/v2\/comments?post=3363"}],"version-history":[{"count":6,"href":"https:\/\/agora.xtec.cat\/escolalatrama\/wp-json\/wp\/v2\/pages\/3363\/revisions"}],"predecessor-version":[{"id":4909,"href":"https:\/\/agora.xtec.cat\/escolalatrama\/wp-json\/wp\/v2\/pages\/3363\/revisions\/4909"}],"up":[{"embeddable":true,"href":"https:\/\/agora.xtec.cat\/escolalatrama\/wp-json\/wp\/v2\/pages\/66"}],"wp:attachment":[{"href":"https:\/\/agora.xtec.cat\/escolalatrama\/wp-json\/wp\/v2\/media?parent=3363"}],"curies":[{"name":"wp","href":"https:\/\/api.w.org\/{rel}","templated":true}]}}