{"id":3125,"date":"2023-06-29T14:44:58","date_gmt":"2023-06-29T12:44:58","guid":{"rendered":"https:\/\/agora.xtec.cat\/escolalatrama\/?page_id=3125"},"modified":"2025-07-06T19:36:01","modified_gmt":"2025-07-06T17:36:01","slug":"memoria-22-23","status":"publish","type":"page","link":"https:\/\/agora.xtec.cat\/escolalatrama\/lescola\/memoria-22-23\/","title":{"rendered":"Mem\u00f2ria anual"},"content":{"rendered":"<h2 id=\"h25\">Mem\u00f2ria anual (MA)<\/h2>\n<p>La <a href=\"https:\/\/drive.google.com\/file\/d\/140K8_i0Z1iwn0EVuS6TNRmuP8cwiDSUn\/view?usp=drive_link\" target=\"_blank\" rel=\"noopener\"><span style=\"text-decoration: underline;\"><strong><span style=\"color: #993300; text-decoration: underline;\">mem\u00f2ria anual del centre del curs 24-25<\/span><\/strong><\/span><\/a> cont\u00e9 l&#8217;avaluaci\u00f3 de l&#8217;assoliment dels objectius que s&#8217;han previst en la programaci\u00f3 general anual, d&#8217;acord amb els criteris, els indicadors i els procediments d&#8217;avaluaci\u00f3 definits en el projecte educatiu del centre i, concretats en el projecte de direcci\u00f3.<\/p>\n<p>En aquest enlla\u00e7 podeu accedir a la <strong><span style=\"color: #993300;\"><a style=\"color: #993300; text-decoration: underline;\" href=\"https:\/\/drive.google.com\/file\/d\/169L-DqygCkwPrMABNIM-ZyGFmXD3THuT\/view?usp=drive_link\" target=\"_blank\" rel=\"noopener\">mem\u00f2ria anual del centre del curs 23-24.<\/a><\/span><\/strong><\/p>\n\n\n<p><\/p>\n","protected":false},"excerpt":{"rendered":"<p>Mem\u00f2ria anual (MA)<br \/>\nLa <a href=\"https:\/\/drive.google.com\/file\/d\/140K8_i0Z1iwn0EVuS6TNRmuP8cwiDSUn\/view?usp=drive_link\" target=\"_blank\" rel=\"noopener\">mem\u00f2ria anual del centre del curs 24-25<\/a> cont\u00e9 l&#8217;avaluaci\u00f3 de l&#8217;assoliment dels objectius que s&#8217;han previst en la programaci\u00f3 general anual, d&#8217;acord amb els criteris, els indicadors i els procediments d&#8217;avaluaci\u00f3 definits en el projecte educatiu del centre i,&hellip;  <a href=\"https:\/\/agora.xtec.cat\/escolalatrama\/lescola\/memoria-22-23\/\" title=\"Read Mem\u00f2ria anual\">Llegeix m\u00e9s\u00bb<\/a><\/p>\n","protected":false},"author":1,"featured_media":0,"parent":22,"menu_order":6,"comment_status":"closed","ping_status":"closed","template":"","meta":{"_bbp_topic_count":0,"_bbp_reply_count":0,"_bbp_total_topic_count":0,"_bbp_total_reply_count":0,"_bbp_voice_count":0,"_bbp_anonymous_reply_count":0,"_bbp_topic_count_hidden":0,"_bbp_reply_count_hidden":0,"_bbp_forum_subforum_count":0,"footnotes":""},"class_list":["post-3125","page","type-page","status-publish","hentry"],"post_mailing_queue_ids":[],"_links":{"self":[{"href":"https:\/\/agora.xtec.cat\/escolalatrama\/wp-json\/wp\/v2\/pages\/3125","targetHints":{"allow":["GET"]}}],"collection":[{"href":"https:\/\/agora.xtec.cat\/escolalatrama\/wp-json\/wp\/v2\/pages"}],"about":[{"href":"https:\/\/agora.xtec.cat\/escolalatrama\/wp-json\/wp\/v2\/types\/page"}],"author":[{"embeddable":true,"href":"https:\/\/agora.xtec.cat\/escolalatrama\/wp-json\/wp\/v2\/users\/1"}],"replies":[{"embeddable":true,"href":"https:\/\/agora.xtec.cat\/escolalatrama\/wp-json\/wp\/v2\/comments?post=3125"}],"version-history":[{"count":6,"href":"https:\/\/agora.xtec.cat\/escolalatrama\/wp-json\/wp\/v2\/pages\/3125\/revisions"}],"predecessor-version":[{"id":4765,"href":"https:\/\/agora.xtec.cat\/escolalatrama\/wp-json\/wp\/v2\/pages\/3125\/revisions\/4765"}],"up":[{"embeddable":true,"href":"https:\/\/agora.xtec.cat\/escolalatrama\/wp-json\/wp\/v2\/pages\/22"}],"wp:attachment":[{"href":"https:\/\/agora.xtec.cat\/escolalatrama\/wp-json\/wp\/v2\/media?parent=3125"}],"curies":[{"name":"wp","href":"https:\/\/api.w.org\/{rel}","templated":true}]}}