{"id":2581,"date":"2020-12-04T17:12:13","date_gmt":"2020-12-04T16:12:13","guid":{"rendered":"http:\/\/agora.xtec.cat\/escolalatrama\/?page_id=2581"},"modified":"2021-09-16T12:08:26","modified_gmt":"2021-09-16T10:08:26","slug":"curs-20-21","status":"publish","type":"page","link":"https:\/\/agora.xtec.cat\/escolalatrama\/curs-20-21\/","title":{"rendered":"Curs 2020-2021"},"content":{"rendered":"<h3 style=\"text-align: center;\"><strong>NOVES AGRUPACIONS AMB L&#8217;ESS\u00c8NCIA DE LA TRAMA<\/strong><\/h3>\n<p>A causa del context actual de pand\u00e8mia, seguint les instruccions del Departament i el PROCICAT i despr\u00e9s d&#8217;una reflexi\u00f3 pedag\u00f2gica al respecte, aquest curs hem barrejat els alumnes per agrupacions, reduint aix\u00ed les r\u00e0tios i contribuint en un atenci\u00f3 molt m\u00e9s individualitzada de l&#8217;alumnat en el seu proc\u00e9s d&#8217;aprenentatge.<\/p>\n<p>A la barra lateral de l&#8217;esquerra d&#8217;aquesta p\u00e0gina podreu trobar els enlla\u00e7os dels Blogs de cada agrupaci\u00f3 on s&#8217;aniran exposant aspectes rellevants del dia a dia i viv\u00e8ncies d\u2019aula que estan fent els alumnes en aquest curs 20-21.<\/p>\n","protected":false},"excerpt":{"rendered":"<p>NOVES AGRUPACIONS AMB L&#8217;ESS\u00c8NCIA DE LA TRAMA<br \/>\nA causa del context actual de pand\u00e8mia, seguint les instruccions del Departament i el PROCICAT i despr\u00e9s d&#8217;una reflexi\u00f3 pedag\u00f2gica al respecte, aquest curs hem barrejat els alumnes per agrupacions, reduint aix\u00ed les r\u00e0tios i contribuint en un atenci\u00f3&hellip;  <a href=\"https:\/\/agora.xtec.cat\/escolalatrama\/curs-20-21\/\" title=\"Read Curs 2020-2021\">Llegeix m\u00e9s\u00bb<\/a><\/p>\n","protected":false},"author":4,"featured_media":0,"parent":0,"menu_order":0,"comment_status":"closed","ping_status":"closed","template":"","meta":{"_bbp_topic_count":0,"_bbp_reply_count":0,"_bbp_total_topic_count":0,"_bbp_total_reply_count":0,"_bbp_voice_count":0,"_bbp_anonymous_reply_count":0,"_bbp_topic_count_hidden":0,"_bbp_reply_count_hidden":0,"_bbp_forum_subforum_count":0,"footnotes":""},"class_list":["post-2581","page","type-page","status-publish","hentry"],"post_mailing_queue_ids":[],"_links":{"self":[{"href":"https:\/\/agora.xtec.cat\/escolalatrama\/wp-json\/wp\/v2\/pages\/2581","targetHints":{"allow":["GET"]}}],"collection":[{"href":"https:\/\/agora.xtec.cat\/escolalatrama\/wp-json\/wp\/v2\/pages"}],"about":[{"href":"https:\/\/agora.xtec.cat\/escolalatrama\/wp-json\/wp\/v2\/types\/page"}],"author":[{"embeddable":true,"href":"https:\/\/agora.xtec.cat\/escolalatrama\/wp-json\/wp\/v2\/users\/4"}],"replies":[{"embeddable":true,"href":"https:\/\/agora.xtec.cat\/escolalatrama\/wp-json\/wp\/v2\/comments?post=2581"}],"version-history":[{"count":3,"href":"https:\/\/agora.xtec.cat\/escolalatrama\/wp-json\/wp\/v2\/pages\/2581\/revisions"}],"predecessor-version":[{"id":2696,"href":"https:\/\/agora.xtec.cat\/escolalatrama\/wp-json\/wp\/v2\/pages\/2581\/revisions\/2696"}],"wp:attachment":[{"href":"https:\/\/agora.xtec.cat\/escolalatrama\/wp-json\/wp\/v2\/media?parent=2581"}],"curies":[{"name":"wp","href":"https:\/\/api.w.org\/{rel}","templated":true}]}}