{"id":2348,"date":"2020-01-09T10:01:24","date_gmt":"2020-01-09T09:01:24","guid":{"rendered":"http:\/\/agora.xtec.cat\/escolalatrama\/?page_id=2348"},"modified":"2024-07-15T18:22:04","modified_gmt":"2024-07-15T16:22:04","slug":"nofc","status":"publish","type":"page","link":"https:\/\/agora.xtec.cat\/escolalatrama\/lescola\/nofc\/","title":{"rendered":"Normes d&#8217;organitzaci\u00f3 i funcionament del centre"},"content":{"rendered":"<h2 id=\"h22\">Normes d&#8217;organitzaci\u00f3 i funcionament del centre (NOFC)<\/h2>\n<p>L&#8217;escola, ha elaborat les <a href=\"https:\/\/drive.google.com\/file\/d\/1a63o-i1lEZLXzroQJQVwKKbwqnbiXtdO\/view?usp=sharing\" target=\"_blank\" rel=\"noopener\">normes d&#8217;organitzaci\u00f3 i funcionament (NOFC)<\/a> en qu\u00e8 es contempl<strong>a l&#8217;estructura organitzativa pr\u00f2pia d&#8217;acord amb els objectius i criteris del projecte educatiu del centre<\/strong>. L&#8217;organitzaci\u00f3 no \u00e9s una finalitat en si mateixa, sin\u00f3 un instrument per desenvolupar i fer possible el projecte educatiu i, en \u00faltim terme, assolir l&#8217;\u00e8xit educatiu.<\/p>\n<p>En les NOFC es concreten els criteris organitzatius dels centres, els criteris i mecanismes pedag\u00f2gics, els procediments i altres elements de l&#8217;organitzaci\u00f3 i el funcionament. Tamb\u00e9 regulen aspectes relacionats amb la participaci\u00f3 de la comunitat escolar en la vida del centre i l&#8217;entorn educatiu, normes i mesures de conviv\u00e8ncia i absentisme, entre d&#8217;altres.\u200b<\/p>\n<p>A l\u2019escola entenem les Normes d\u2019<strong>o<\/strong>rganitzaci\u00f3 i funcionament de centre (<strong>NOFC<\/strong>) com un document viu at\u00e8s que realitzem claustres pedag\u00f2gics setmanalment i estem en constant debat i reflexi\u00f3.\u00a0\u00c9s per aix\u00f2 que aquest document s&#8217;anir\u00e0 actualitzant i ampliant a mesura que es revisin acords de funcionament i es presentin en Consell Escolar. \u00daltima actualitzaci\u00f3, juny 2023.<\/p>\n","protected":false},"excerpt":{"rendered":"<p>Normes d&#8217;organitzaci\u00f3 i funcionament del centre (NOFC)<br \/>\nL&#8217;escola, ha elaborat les <a href=\"https:\/\/drive.google.com\/file\/d\/1a63o-i1lEZLXzroQJQVwKKbwqnbiXtdO\/view?usp=sharing\" target=\"_blank\" rel=\"noopener\">normes d&#8217;organitzaci\u00f3 i funcionament (NOFC)<\/a> en qu\u00e8 es contempla l&#8217;estructura organitzativa pr\u00f2pia d&#8217;acord amb els objectius i criteris del projecte educatiu del centre. L&#8217;organitzaci\u00f3 no \u00e9s una finalitat en si mateixa, sin\u00f3&hellip;  <a href=\"https:\/\/agora.xtec.cat\/escolalatrama\/lescola\/nofc\/\" title=\"Read Normes d&#8217;organitzaci\u00f3 i funcionament del centre\">Llegeix m\u00e9s\u00bb<\/a><\/p>\n","protected":false},"author":4,"featured_media":0,"parent":22,"menu_order":7,"comment_status":"closed","ping_status":"closed","template":"","meta":{"_bbp_topic_count":0,"_bbp_reply_count":0,"_bbp_total_topic_count":0,"_bbp_total_reply_count":0,"_bbp_voice_count":0,"_bbp_anonymous_reply_count":0,"_bbp_topic_count_hidden":0,"_bbp_reply_count_hidden":0,"_bbp_forum_subforum_count":0,"footnotes":""},"class_list":["post-2348","page","type-page","status-publish","hentry"],"post_mailing_queue_ids":[],"_links":{"self":[{"href":"https:\/\/agora.xtec.cat\/escolalatrama\/wp-json\/wp\/v2\/pages\/2348","targetHints":{"allow":["GET"]}}],"collection":[{"href":"https:\/\/agora.xtec.cat\/escolalatrama\/wp-json\/wp\/v2\/pages"}],"about":[{"href":"https:\/\/agora.xtec.cat\/escolalatrama\/wp-json\/wp\/v2\/types\/page"}],"author":[{"embeddable":true,"href":"https:\/\/agora.xtec.cat\/escolalatrama\/wp-json\/wp\/v2\/users\/4"}],"replies":[{"embeddable":true,"href":"https:\/\/agora.xtec.cat\/escolalatrama\/wp-json\/wp\/v2\/comments?post=2348"}],"version-history":[{"count":6,"href":"https:\/\/agora.xtec.cat\/escolalatrama\/wp-json\/wp\/v2\/pages\/2348\/revisions"}],"predecessor-version":[{"id":3804,"href":"https:\/\/agora.xtec.cat\/escolalatrama\/wp-json\/wp\/v2\/pages\/2348\/revisions\/3804"}],"up":[{"embeddable":true,"href":"https:\/\/agora.xtec.cat\/escolalatrama\/wp-json\/wp\/v2\/pages\/22"}],"wp:attachment":[{"href":"https:\/\/agora.xtec.cat\/escolalatrama\/wp-json\/wp\/v2\/media?parent=2348"}],"curies":[{"name":"wp","href":"https:\/\/api.w.org\/{rel}","templated":true}]}}