{"id":2235,"date":"2019-03-01T09:26:21","date_gmt":"2019-03-01T08:26:21","guid":{"rendered":"http:\/\/agora.xtec.cat\/escolalatrama\/?page_id=2235"},"modified":"2024-07-09T21:34:34","modified_gmt":"2024-07-09T19:34:34","slug":"pec","status":"publish","type":"page","link":"https:\/\/agora.xtec.cat\/escolalatrama\/lescola\/pec\/","title":{"rendered":"Projecte educatiu del centre"},"content":{"rendered":"<h2 id=\"h20\">El projecte educatiu del centre (PEC)<\/h2>\n<p>El <strong>projecte educatiu del centre<\/strong> recull la identitat del centre, n&#8217;explicita els objectius, n&#8217;orienta l&#8217;activitat i hi dona sentit amb la finalitat que l&#8217;alumnat assoleixi les compet\u00e8ncies b\u00e0siques i el m\u00e0xim aprofitament educatiu.<\/p>\n<p>Aqu\u00ed podeu consultar el nostre <a href=\"https:\/\/drive.google.com\/file\/d\/1DipyVCIaWCk445BoBmUsFDYdf3hAuST1\/view?usp=drive_link\" target=\"_blank\" rel=\"noopener\">projecte educatiu de centre<\/a> actualitzat del febrer de 2021.<\/p>\n<p>En aquest <a href=\"https:\/\/agora.xtec.cat\/escolalatrama\/wp-content\/uploads\/usu518\/2022\/01\/La-conversa-novembre-2021.pdf\">enlla\u00e7<\/a> podreu consultar l&#8217;annex 1 corresponent a la documentaci\u00f3 sobre la conversa del novembre de 2021.<\/p>\n","protected":false},"excerpt":{"rendered":"<p>El projecte educatiu del centre (PEC)<br \/>\nEl projecte educatiu del centre recull la identitat del centre, n&#8217;explicita els objectius, n&#8217;orienta l&#8217;activitat i hi dona sentit amb la finalitat que l&#8217;alumnat assoleixi les compet\u00e8ncies b\u00e0siques i el m\u00e0xim aprofitament educatiu.<br \/>\nAqu\u00ed podeu consultar el nostre <a href=\"https:\/\/drive.google.com\/file\/d\/1DipyVCIaWCk445BoBmUsFDYdf3hAuST1\/view?usp=drive_link\" target=\"_blank\"&hellip;  <a href=\"https:\/\/agora.xtec.cat\/escolalatrama\/lescola\/pec\/\" title=\"Read Projecte educatiu del centre\">Llegeix m\u00e9s\u00bb<\/a><\/p>\n","protected":false},"author":4,"featured_media":0,"parent":22,"menu_order":3,"comment_status":"closed","ping_status":"closed","template":"","meta":{"_bbp_topic_count":0,"_bbp_reply_count":0,"_bbp_total_topic_count":0,"_bbp_total_reply_count":0,"_bbp_voice_count":0,"_bbp_anonymous_reply_count":0,"_bbp_topic_count_hidden":0,"_bbp_reply_count_hidden":0,"_bbp_forum_subforum_count":0,"footnotes":""},"class_list":["post-2235","page","type-page","status-publish","hentry"],"post_mailing_queue_ids":[],"_links":{"self":[{"href":"https:\/\/agora.xtec.cat\/escolalatrama\/wp-json\/wp\/v2\/pages\/2235","targetHints":{"allow":["GET"]}}],"collection":[{"href":"https:\/\/agora.xtec.cat\/escolalatrama\/wp-json\/wp\/v2\/pages"}],"about":[{"href":"https:\/\/agora.xtec.cat\/escolalatrama\/wp-json\/wp\/v2\/types\/page"}],"author":[{"embeddable":true,"href":"https:\/\/agora.xtec.cat\/escolalatrama\/wp-json\/wp\/v2\/users\/4"}],"replies":[{"embeddable":true,"href":"https:\/\/agora.xtec.cat\/escolalatrama\/wp-json\/wp\/v2\/comments?post=2235"}],"version-history":[{"count":6,"href":"https:\/\/agora.xtec.cat\/escolalatrama\/wp-json\/wp\/v2\/pages\/2235\/revisions"}],"predecessor-version":[{"id":3795,"href":"https:\/\/agora.xtec.cat\/escolalatrama\/wp-json\/wp\/v2\/pages\/2235\/revisions\/3795"}],"up":[{"embeddable":true,"href":"https:\/\/agora.xtec.cat\/escolalatrama\/wp-json\/wp\/v2\/pages\/22"}],"wp:attachment":[{"href":"https:\/\/agora.xtec.cat\/escolalatrama\/wp-json\/wp\/v2\/media?parent=2235"}],"curies":[{"name":"wp","href":"https:\/\/api.w.org\/{rel}","templated":true}]}}