{"id":184,"date":"2015-11-06T15:51:30","date_gmt":"2015-11-06T14:51:30","guid":{"rendered":"http:\/\/agora.xtec.cat\/escolalatrama\/?page_id=184"},"modified":"2024-12-13T10:45:13","modified_gmt":"2024-12-13T09:45:13","slug":"festes","status":"publish","type":"page","link":"https:\/\/agora.xtec.cat\/escolalatrama\/projecte-pedagogic\/festes\/","title":{"rendered":"Festes"},"content":{"rendered":"<p>Les festes a l&#8217;escola La Trama s\u00f3n un moment de trobada i companyonia de totes les agrupacions. Les treballem i les celebrem tots plegats com una manera d&#8217;entendre i viure el pas del temps al llarg de l&#8217;any i ens serveix per crear vincles a trav\u00e9s dels diversos rituals.<\/p>\n<p>Cada festa est\u00e0 organitzada tenint en compte l&#8217;edat dels infants, la seva capacitat d&#8217;atenci\u00f3, la participaci\u00f3&#8230;<\/p>\n<p>Les festes que celebrem al llarg del curs s\u00f3n:<\/p>\n<p>&#8211; <a href=\"https:\/\/agora.xtec.cat\/escolalatrama\/festa-gastronomica\/\">La festa gastron\u00f2mica<\/a><\/p>\n<p>&#8211; <a href=\"https:\/\/agora.xtec.cat\/escolalatrama\/festa-musical\/\">La festa musical<\/a><\/p>\n<p>&#8211; <a href=\"https:\/\/agora.xtec.cat\/escolalatrama\/festa-de-lart\/\">La festa art\u00edstica<\/a><\/p>\n<p>&#8211; <a href=\"https:\/\/agora.xtec.cat\/escolalatrama\/festa-literaria\/\">La festa liter\u00e0ria<\/a><\/p>\n<p>&#8211; <a href=\"https:\/\/agora.xtec.cat\/escolalatrama\/festa-de-la-natura\/\">La cloenda del curs amb la festa de la natura<\/a><\/p>\n<p>&#8211; <a href=\"https:\/\/agora.xtec.cat\/escolalatrama\/festa-daniversaris\/\">La festa d&#8217;aniversaris<\/a><\/p>\n<hr \/>\n","protected":false},"excerpt":{"rendered":"<p>Les festes a l&#8217;escola La Trama s\u00f3n un moment de trobada i companyonia de totes les agrupacions. Les treballem i les celebrem tots plegats com una manera d&#8217;entendre i viure el pas del temps al llarg de l&#8217;any i ens serveix per crear vincles a&hellip;  <a href=\"https:\/\/agora.xtec.cat\/escolalatrama\/projecte-pedagogic\/festes\/\" title=\"Read Festes\">Llegeix m\u00e9s\u00bb<\/a><\/p>\n","protected":false},"author":1,"featured_media":0,"parent":64,"menu_order":2,"comment_status":"closed","ping_status":"closed","template":"page-templates\/side-menu.php","meta":{"_bbp_topic_count":0,"_bbp_reply_count":0,"_bbp_total_topic_count":0,"_bbp_total_reply_count":0,"_bbp_voice_count":0,"_bbp_anonymous_reply_count":0,"_bbp_topic_count_hidden":0,"_bbp_reply_count_hidden":0,"_bbp_forum_subforum_count":0,"footnotes":""},"class_list":["post-184","page","type-page","status-publish","hentry"],"post_mailing_queue_ids":[],"_links":{"self":[{"href":"https:\/\/agora.xtec.cat\/escolalatrama\/wp-json\/wp\/v2\/pages\/184","targetHints":{"allow":["GET"]}}],"collection":[{"href":"https:\/\/agora.xtec.cat\/escolalatrama\/wp-json\/wp\/v2\/pages"}],"about":[{"href":"https:\/\/agora.xtec.cat\/escolalatrama\/wp-json\/wp\/v2\/types\/page"}],"author":[{"embeddable":true,"href":"https:\/\/agora.xtec.cat\/escolalatrama\/wp-json\/wp\/v2\/users\/1"}],"replies":[{"embeddable":true,"href":"https:\/\/agora.xtec.cat\/escolalatrama\/wp-json\/wp\/v2\/comments?post=184"}],"version-history":[{"count":6,"href":"https:\/\/agora.xtec.cat\/escolalatrama\/wp-json\/wp\/v2\/pages\/184\/revisions"}],"predecessor-version":[{"id":4559,"href":"https:\/\/agora.xtec.cat\/escolalatrama\/wp-json\/wp\/v2\/pages\/184\/revisions\/4559"}],"up":[{"embeddable":true,"href":"https:\/\/agora.xtec.cat\/escolalatrama\/wp-json\/wp\/v2\/pages\/64"}],"wp:attachment":[{"href":"https:\/\/agora.xtec.cat\/escolalatrama\/wp-json\/wp\/v2\/media?parent=184"}],"curies":[{"name":"wp","href":"https:\/\/api.w.org\/{rel}","templated":true}]}}