{"id":182,"date":"2015-11-06T15:51:18","date_gmt":"2015-11-06T14:51:18","guid":{"rendered":"http:\/\/agora.xtec.cat\/escolalatrama\/?page_id=182"},"modified":"2025-04-10T11:54:13","modified_gmt":"2025-04-10T09:54:13","slug":"projectes","status":"publish","type":"page","link":"https:\/\/agora.xtec.cat\/escolalatrama\/projecte-pedagogic\/projectes\/","title":{"rendered":"Xarxa d&#8217;aprenentatges"},"content":{"rendered":"<p>Una de les activitats importants de l\u2019escola s\u00f3n les xarxes d&#8217;aprenentatge. Pensem que s\u00f3n una bona manera perqu\u00e8 els infants construeixin el seu coneixement.<\/p>\n<p>A partir d\u2019un tema o d\u2019una pregunta d\u2019all\u00f2 que ens interessa, anem construint una teranyina d\u2019aprenentatges que ens portar\u00e0 a descobrir, crear i aprendre coses insospitades. Tamb\u00e9 ens portar\u00e0 a pensar com buscar, on trobar i com triar el que volem saber&#8230;<\/p>\n<p>La llengua, les matem\u00e0tiques, les ci\u00e8ncies, la tecnologia, l\u2019art&#8230; no les treballem de manera compartimentada, sin\u00f3 de forma globalitzada, significativa i connectada amb la realitat. Entenem que els sabers no estan a\u00efllats, sin\u00f3 que es relacionen i es necessiten entre ells per comprendre el m\u00f3n, actuar-hi i transformar-lo.<\/p>\n<p>Tots els infants neixen amb ganes de descobrir el m\u00f3n. Si sabem preservar aquest inter\u00e8s i l\u2019acompanyem amb motivaci\u00f3, esfor\u00e7 i confian\u00e7a, podran cr\u00e9ixer com a persones competents, cr\u00edtiques i creatives. Quan aquest aprenentatge es fa en col\u00b7laboraci\u00f3 amb els companys i companyes, i amb el suport dels adults que els envolten, els resultats s\u00f3n m\u00e9s profunds i la satisfacci\u00f3, molt m\u00e9s gran.<\/p>\n<p>Amb les xarxes d&#8217;aprenentatge, la motivaci\u00f3, la significativitat, la funcionalitat, la participaci\u00f3, la interacci\u00f3 i la globalitzaci\u00f3 dels aprenentatges, deixen de ser paraules t\u00e8cniques per convertir-se en ingredients de saviesa.<\/p>\n","protected":false},"excerpt":{"rendered":"<p>Una de les activitats importants de l\u2019escola s\u00f3n les xarxes d&#8217;aprenentatge. Pensem que s\u00f3n una bona manera perqu\u00e8 els infants construeixin el seu coneixement.<br \/>\nA partir d\u2019un tema o d\u2019una pregunta d\u2019all\u00f2 que ens interessa, anem construint una teranyina d\u2019aprenentatges que ens portar\u00e0 a descobrir, crear&hellip;  <a href=\"https:\/\/agora.xtec.cat\/escolalatrama\/projecte-pedagogic\/projectes\/\" title=\"Read Xarxa d&#8217;aprenentatges\">Llegeix m\u00e9s\u00bb<\/a><\/p>\n","protected":false},"author":1,"featured_media":0,"parent":64,"menu_order":1,"comment_status":"closed","ping_status":"closed","template":"page-templates\/side-menu.php","meta":{"_bbp_topic_count":0,"_bbp_reply_count":0,"_bbp_total_topic_count":0,"_bbp_total_reply_count":0,"_bbp_voice_count":0,"_bbp_anonymous_reply_count":0,"_bbp_topic_count_hidden":0,"_bbp_reply_count_hidden":0,"_bbp_forum_subforum_count":0,"footnotes":""},"class_list":["post-182","page","type-page","status-publish","hentry"],"post_mailing_queue_ids":[],"_links":{"self":[{"href":"https:\/\/agora.xtec.cat\/escolalatrama\/wp-json\/wp\/v2\/pages\/182","targetHints":{"allow":["GET"]}}],"collection":[{"href":"https:\/\/agora.xtec.cat\/escolalatrama\/wp-json\/wp\/v2\/pages"}],"about":[{"href":"https:\/\/agora.xtec.cat\/escolalatrama\/wp-json\/wp\/v2\/types\/page"}],"author":[{"embeddable":true,"href":"https:\/\/agora.xtec.cat\/escolalatrama\/wp-json\/wp\/v2\/users\/1"}],"replies":[{"embeddable":true,"href":"https:\/\/agora.xtec.cat\/escolalatrama\/wp-json\/wp\/v2\/comments?post=182"}],"version-history":[{"count":5,"href":"https:\/\/agora.xtec.cat\/escolalatrama\/wp-json\/wp\/v2\/pages\/182\/revisions"}],"predecessor-version":[{"id":4717,"href":"https:\/\/agora.xtec.cat\/escolalatrama\/wp-json\/wp\/v2\/pages\/182\/revisions\/4717"}],"up":[{"embeddable":true,"href":"https:\/\/agora.xtec.cat\/escolalatrama\/wp-json\/wp\/v2\/pages\/64"}],"wp:attachment":[{"href":"https:\/\/agora.xtec.cat\/escolalatrama\/wp-json\/wp\/v2\/media?parent=182"}],"curies":[{"name":"wp","href":"https:\/\/api.w.org\/{rel}","templated":true}]}}