{"id":1733,"date":"2018-01-11T18:22:59","date_gmt":"2018-01-11T17:22:59","guid":{"rendered":"http:\/\/agora.xtec.cat\/escolalatrama\/?page_id=1733"},"modified":"2025-02-17T13:36:10","modified_gmt":"2025-02-17T12:36:10","slug":"projecte-linguistic","status":"publish","type":"page","link":"https:\/\/agora.xtec.cat\/escolalatrama\/lescola\/projecte-linguistic\/","title":{"rendered":"Projecte ling\u00fc\u00edstic"},"content":{"rendered":"<h2 id=\"h21\">Projecte ling\u00fc\u00edstic (PL)<\/h2>\n<p>El PEC inclou el <a href=\"https:\/\/drive.google.com\/file\/d\/1IAgxfNx06sGzjQ0Zhh2Fp36nA_Sr3xLf\/view?usp=drive_link\" target=\"_blank\" rel=\"noopener\"><strong>Projecte ling\u00fc\u00edstic del centre<\/strong><\/a>, que cont\u00e9 \u200bel tractament de les lleng\u00fces a l&#8217;escola d&#8217;acord amb la normativa vigent, que es concreta a partir de la realitat socioling\u00fc\u00edstica de l&#8217;entorn. El Projecte ling\u00fc\u00edstic de La Trama es va actualitzar i presentar en Consell Escolar el desembre del 2022. Actualment, est\u00e0 en revisi\u00f3 tenint en compte que el curs 2023-24 l&#8217;escola va comen\u00e7ar a tenir Aula d&#8217;Acollida de continu\u00eftat.<\/p>\n","protected":false},"excerpt":{"rendered":"<p>Projecte ling\u00fc\u00edstic (PL)<br \/>\nEl PEC inclou el <a href=\"https:\/\/drive.google.com\/file\/d\/1IAgxfNx06sGzjQ0Zhh2Fp36nA_Sr3xLf\/view?usp=drive_link\" target=\"_blank\" rel=\"noopener\">Projecte ling\u00fc\u00edstic del centre<\/a>, que cont\u00e9 \u200bel tractament de les lleng\u00fces a l&#8217;escola d&#8217;acord amb la normativa vigent, que es concreta a partir de la realitat socioling\u00fc\u00edstica de l&#8217;entorn. El Projecte ling\u00fc\u00edstic de La Trama es&hellip;  <a href=\"https:\/\/agora.xtec.cat\/escolalatrama\/lescola\/projecte-linguistic\/\" title=\"Read Projecte ling\u00fc\u00edstic\">Llegeix m\u00e9s\u00bb<\/a><\/p>\n","protected":false},"author":4,"featured_media":0,"parent":22,"menu_order":8,"comment_status":"closed","ping_status":"closed","template":"","meta":{"_bbp_topic_count":0,"_bbp_reply_count":0,"_bbp_total_topic_count":0,"_bbp_total_reply_count":0,"_bbp_voice_count":0,"_bbp_anonymous_reply_count":0,"_bbp_topic_count_hidden":0,"_bbp_reply_count_hidden":0,"_bbp_forum_subforum_count":0,"footnotes":""},"class_list":["post-1733","page","type-page","status-publish","hentry"],"post_mailing_queue_ids":[],"_links":{"self":[{"href":"https:\/\/agora.xtec.cat\/escolalatrama\/wp-json\/wp\/v2\/pages\/1733","targetHints":{"allow":["GET"]}}],"collection":[{"href":"https:\/\/agora.xtec.cat\/escolalatrama\/wp-json\/wp\/v2\/pages"}],"about":[{"href":"https:\/\/agora.xtec.cat\/escolalatrama\/wp-json\/wp\/v2\/types\/page"}],"author":[{"embeddable":true,"href":"https:\/\/agora.xtec.cat\/escolalatrama\/wp-json\/wp\/v2\/users\/4"}],"replies":[{"embeddable":true,"href":"https:\/\/agora.xtec.cat\/escolalatrama\/wp-json\/wp\/v2\/comments?post=1733"}],"version-history":[{"count":6,"href":"https:\/\/agora.xtec.cat\/escolalatrama\/wp-json\/wp\/v2\/pages\/1733\/revisions"}],"predecessor-version":[{"id":4681,"href":"https:\/\/agora.xtec.cat\/escolalatrama\/wp-json\/wp\/v2\/pages\/1733\/revisions\/4681"}],"up":[{"embeddable":true,"href":"https:\/\/agora.xtec.cat\/escolalatrama\/wp-json\/wp\/v2\/pages\/22"}],"wp:attachment":[{"href":"https:\/\/agora.xtec.cat\/escolalatrama\/wp-json\/wp\/v2\/media?parent=1733"}],"curies":[{"name":"wp","href":"https:\/\/api.w.org\/{rel}","templated":true}]}}