{"id":878,"date":"2020-11-14T12:17:20","date_gmt":"2020-11-14T11:17:20","guid":{"rendered":"https:\/\/agora.xtec.cat\/escolalaserretaalella\/?page_id=878"},"modified":"2024-12-09T23:00:17","modified_gmt":"2024-12-09T22:00:17","slug":"comunitats","status":"publish","type":"page","link":"https:\/\/agora.xtec.cat\/escolalaserretaalella\/comunitats\/","title":{"rendered":"Comunitats"},"content":{"rendered":"<p><a href=\"https:\/\/agora.xtec.cat\/escolalaserretaalella\/wp-content\/uploads\/usu2234\/2020\/11\/PENJADORS.jpg\"><img loading=\"lazy\" decoding=\"async\" class=\"alignright wp-image-880\" src=\"https:\/\/agora.xtec.cat\/escolalaserretaalella\/wp-content\/uploads\/usu2234\/2020\/11\/PENJADORS.jpg\" alt=\"\" width=\"440\" height=\"331\" srcset=\"https:\/\/agora.xtec.cat\/escolalaserretaalella\/wp-content\/uploads\/usu2234\/2020\/11\/PENJADORS.jpg 2304w, https:\/\/agora.xtec.cat\/escolalaserretaalella\/wp-content\/uploads\/usu2234\/2020\/11\/PENJADORS-300x225.jpg 300w, https:\/\/agora.xtec.cat\/escolalaserretaalella\/wp-content\/uploads\/usu2234\/2020\/11\/PENJADORS-768x576.jpg 768w, https:\/\/agora.xtec.cat\/escolalaserretaalella\/wp-content\/uploads\/usu2234\/2020\/11\/PENJADORS-1024x768.jpg 1024w, https:\/\/agora.xtec.cat\/escolalaserretaalella\/wp-content\/uploads\/usu2234\/2020\/11\/PENJADORS-200x150.jpg 200w\" sizes=\"auto, (max-width: 440px) 100vw, 440px\" \/><\/a>A partir del curs 2020-21 hem distribu\u00eft els diferents nivells educatius d&#8217;una manera diferent que ens ajuda a organitzar-nos millor en el centre i dona m\u00e9s sentit a moltes actuacions que fem.<\/p>\n<p>Per una banda tenim la comunitat de Petits (sempre tindrem en compte que s\u00f3n &#8220;petits&#8221; i &#8220;petites&#8221;, per suposat) i la comunitat de Grans.<\/p>\n<p>Aquestes comunitats inclouen els seg\u00fcents nivells:<\/p>\n<ul>\n<li><a href=\"https:\/\/agora.xtec.cat\/escolalaserretaalella\/categoria\/petits\/\"><strong>Comunitat de Petits: <\/strong>I3, I4, I5 i 1r (acc\u00e9s al blog).<\/a><\/li>\n<li><a href=\"https:\/\/agora.xtec.cat\/escolalaserretaalella\/categoria\/grans\/\"><strong>Comunitat de Grans:\u00a0<\/strong>2n, 3r, 4t, 5\u00e8 i 6\u00e8 (acc\u00e9s al blog).<\/a><\/li>\n<\/ul>\n<p>Els i les mestres tamb\u00e9 s&#8217;organitzen internament per comunitats (i m\u00e9s ara que no ens podem reunir tots junts\/es).<\/p>\n<p>\u00c9s molt benefici\u00f3s que a la comunitat de Petits hi hagi els i les alumnes de 1r per diferents motius. En primer lloc perqu\u00e8 l&#8217;alumnat d&#8217;Infantil 5 i 1r est\u00e0 barrejat en diferents grups de conviv\u00e8ncia, tamb\u00e9 perqu\u00e8 comparteixen el mateix edifici i perqu\u00e8 podem aprofitar metodologies de treball d&#8217;Ed. Infantil per tal que els i les alumnes de 1r puguin fer una transici\u00f3 m\u00e9s f\u00e0cil a l&#8217;etapa de Prim\u00e0ria.<\/p>\n","protected":false},"excerpt":{"rendered":"<p>A partir del curs 2020-21 hem distribu\u00eft els diferents nivells educatius d&#8217;una manera diferent que ens ajuda a organitzar-nos millor en el centre i dona m\u00e9s sentit a moltes actuacions que fem. Per una banda tenim la comunitat de Petits (sempre tindrem en compte que s\u00f3n &#8220;petits&#8221; i &#8220;petites&#8221;, per suposat) i la comunitat de [&hellip;]<\/p>\n","protected":false},"author":1,"featured_media":0,"parent":0,"menu_order":0,"comment_status":"closed","ping_status":"closed","template":"","meta":{"_bbp_topic_count":0,"_bbp_reply_count":0,"_bbp_total_topic_count":0,"_bbp_total_reply_count":0,"_bbp_voice_count":0,"_bbp_anonymous_reply_count":0,"_bbp_topic_count_hidden":0,"_bbp_reply_count_hidden":0,"_bbp_forum_subforum_count":0,"site-sidebar-layout":"default","site-content-layout":"","ast-site-content-layout":"","site-content-style":"default","site-sidebar-style":"default","ast-global-header-display":"","ast-banner-title-visibility":"","ast-main-header-display":"","ast-hfb-above-header-display":"","ast-hfb-below-header-display":"","ast-hfb-mobile-header-display":"","site-post-title":"","ast-breadcrumbs-content":"","ast-featured-img":"","footer-sml-layout":"","theme-transparent-header-meta":"","adv-header-id-meta":"","stick-header-meta":"","header-above-stick-meta":"","header-main-stick-meta":"","header-below-stick-meta":"","astra-migrate-meta-layouts":"default","ast-page-background-enabled":"default","ast-page-background-meta":{"desktop":{"background-color":"var(--ast-global-color-5)","background-image":"","background-repeat":"repeat","background-position":"center center","background-size":"auto","background-attachment":"scroll","background-type":"","background-media":"","overlay-type":"","overlay-color":"","overlay-opacity":"","overlay-gradient":""},"tablet":{"background-color":"","background-image":"","background-repeat":"repeat","background-position":"center center","background-size":"auto","background-attachment":"scroll","background-type":"","background-media":"","overlay-type":"","overlay-color":"","overlay-opacity":"","overlay-gradient":""},"mobile":{"background-color":"","background-image":"","background-repeat":"repeat","background-position":"center center","background-size":"auto","background-attachment":"scroll","background-type":"","background-media":"","overlay-type":"","overlay-color":"","overlay-opacity":"","overlay-gradient":""}},"ast-content-background-meta":{"desktop":{"background-color":"var(--ast-global-color-4)","background-image":"","background-repeat":"repeat","background-position":"center center","background-size":"auto","background-attachment":"scroll","background-type":"","background-media":"","overlay-type":"","overlay-color":"","overlay-opacity":"","overlay-gradient":""},"tablet":{"background-color":"var(--ast-global-color-4)","background-image":"","background-repeat":"repeat","background-position":"center center","background-size":"auto","background-attachment":"scroll","background-type":"","background-media":"","overlay-type":"","overlay-color":"","overlay-opacity":"","overlay-gradient":""},"mobile":{"background-color":"var(--ast-global-color-4)","background-image":"","background-repeat":"repeat","background-position":"center center","background-size":"auto","background-attachment":"scroll","background-type":"","background-media":"","overlay-type":"","overlay-color":"","overlay-opacity":"","overlay-gradient":""}},"footnotes":""},"class_list":["post-878","page","type-page","status-publish","hentry"],"post_mailing_queue_ids":[],"_links":{"self":[{"href":"https:\/\/agora.xtec.cat\/escolalaserretaalella\/wp-json\/wp\/v2\/pages\/878","targetHints":{"allow":["GET"]}}],"collection":[{"href":"https:\/\/agora.xtec.cat\/escolalaserretaalella\/wp-json\/wp\/v2\/pages"}],"about":[{"href":"https:\/\/agora.xtec.cat\/escolalaserretaalella\/wp-json\/wp\/v2\/types\/page"}],"author":[{"embeddable":true,"href":"https:\/\/agora.xtec.cat\/escolalaserretaalella\/wp-json\/wp\/v2\/users\/1"}],"replies":[{"embeddable":true,"href":"https:\/\/agora.xtec.cat\/escolalaserretaalella\/wp-json\/wp\/v2\/comments?post=878"}],"version-history":[{"count":6,"href":"https:\/\/agora.xtec.cat\/escolalaserretaalella\/wp-json\/wp\/v2\/pages\/878\/revisions"}],"predecessor-version":[{"id":3494,"href":"https:\/\/agora.xtec.cat\/escolalaserretaalella\/wp-json\/wp\/v2\/pages\/878\/revisions\/3494"}],"wp:attachment":[{"href":"https:\/\/agora.xtec.cat\/escolalaserretaalella\/wp-json\/wp\/v2\/media?parent=878"}],"curies":[{"name":"wp","href":"https:\/\/api.w.org\/{rel}","templated":true}]}}