{"id":741,"date":"2020-11-11T21:31:37","date_gmt":"2020-11-11T20:31:37","guid":{"rendered":"https:\/\/agora.xtec.cat\/escolalaserretaalella\/?page_id=741"},"modified":"2026-02-05T10:14:16","modified_gmt":"2026-02-05T09:14:16","slug":"pressupost-2025-26","status":"publish","type":"page","link":"https:\/\/agora.xtec.cat\/escolalaserretaalella\/lescola\/pressupost-2025-26\/","title":{"rendered":"Quotes de fam\u00edlies i pressupost"},"content":{"rendered":"<p style=\"text-align: justify;\"><a href=\"https:\/\/drive.google.com\/file\/d\/1a9lvYNsLjSaAvUv7kMaE2Ul4SBsmA_tA\/view?usp=sharing\" target=\"_blank\" rel=\"noopener\"><img loading=\"lazy\" decoding=\"async\" class=\"wp-image-778 alignright\" src=\"https:\/\/agora.xtec.cat\/escolalaserretaalella\/wp-content\/uploads\/usu2234\/2020\/11\/coins-1015125_1280.jpg\" alt=\"\" width=\"381\" height=\"255\" srcset=\"https:\/\/agora.xtec.cat\/escolalaserretaalella\/wp-content\/uploads\/usu2234\/2020\/11\/coins-1015125_1280.jpg 1280w, https:\/\/agora.xtec.cat\/escolalaserretaalella\/wp-content\/uploads\/usu2234\/2020\/11\/coins-1015125_1280-300x200.jpg 300w, https:\/\/agora.xtec.cat\/escolalaserretaalella\/wp-content\/uploads\/usu2234\/2020\/11\/coins-1015125_1280-768x512.jpg 768w, https:\/\/agora.xtec.cat\/escolalaserretaalella\/wp-content\/uploads\/usu2234\/2020\/11\/coins-1015125_1280-1024x682.jpg 1024w\" sizes=\"auto, (max-width: 381px) 100vw, 381px\" \/><\/a><strong>Quotes de fam\u00edlies curs 2025\/26<\/strong><\/p>\n<p style=\"text-align: justify;\">Les <strong>aportacions<\/strong> de les fam\u00edlies en concepte de sortides i material escolar d&#8217;aquest curs <a href=\"https:\/\/drive.google.com\/file\/d\/15b53uT-Wx5YZTHfdO_qxpKfzjSJWgfFc\/view?usp=sharing\" target=\"_blank\" rel=\"noopener\">2025-26<\/a> han tingut en consideraci\u00f3 l&#8217;hist\u00f2ric del centre, les despeses del curs passat i s&#8217;ha adaptat a les noves necessitats i projectes del centre. Aquestes quotes han estat aprovades en la sessi\u00f3 de Consell escolar realitzada el passat dia 5 de novembre de 2025.<\/p>\n<p><strong>Pressupost 2026<\/strong><\/p>\n<p>Per altra banda, en el seg\u00fcent <a href=\"https:\/\/drive.google.com\/file\/d\/1mxyH4dp-CIR89eKSLEvRnCbvjSAy4wBM\/view?usp=sharing\" target=\"_blank\" rel=\"noopener\"><strong>ENLLA\u00c7<\/strong><\/a> podreu accedir al pressupost que es va aprovar en la sessi\u00f3 de Consell escolar del passat 28 de gener de 2026. En ell podreu veure detallades les partides d&#8217;ingressos i despeses que es preveuen per aquest any.<\/p>\n<p><strong>Conveni-subvenci\u00f3 Ajuntament d&#8217;Alella<\/strong><\/p>\n<p>L&#8217;escola La Serreta i l&#8217;Ajuntament d&#8217;Alella signen cada curs un conveni de suport econ\u00f2mic que enguany ascendeix a 8.300\u20ac. Aquesta aportaci\u00f3 municipal dona suport a projectes d&#8217;escola vinculats amb els seg\u00fcents \u00e0mbits:<\/p>\n<ul>\n<li>Promoci\u00f3 de la cultura i equipaments culturals.<\/li>\n<li>Promoci\u00f3 de l\u2019esport i de les instal\u00b7lacions esportives i d\u2019ocupaci\u00f3 del temps de lleure.<\/li>\n<li>Promoci\u00f3 de la participaci\u00f3 dels ciutadans en l\u2019\u00fas eficient i sostenible de les tecnologies de la informaci\u00f3 i les comunicacions.<\/li>\n<\/ul>\n","protected":false},"excerpt":{"rendered":"<p>Quotes de fam\u00edlies curs 2025\/26 Les aportacions de les fam\u00edlies en concepte de sortides i material escolar d&#8217;aquest curs 2025-26 han tingut en consideraci\u00f3 l&#8217;hist\u00f2ric del centre, les despeses del curs passat i s&#8217;ha adaptat a les noves necessitats i projectes del centre. Aquestes quotes han estat aprovades en la sessi\u00f3 de Consell escolar realitzada [&hellip;]<\/p>\n","protected":false},"author":1,"featured_media":0,"parent":22,"menu_order":80,"comment_status":"closed","ping_status":"closed","template":"","meta":{"_bbp_topic_count":0,"_bbp_reply_count":0,"_bbp_total_topic_count":0,"_bbp_total_reply_count":0,"_bbp_voice_count":0,"_bbp_anonymous_reply_count":0,"_bbp_topic_count_hidden":0,"_bbp_reply_count_hidden":0,"_bbp_forum_subforum_count":0,"site-sidebar-layout":"default","site-content-layout":"","ast-site-content-layout":"default","site-content-style":"default","site-sidebar-style":"default","ast-global-header-display":"","ast-banner-title-visibility":"","ast-main-header-display":"","ast-hfb-above-header-display":"","ast-hfb-below-header-display":"","ast-hfb-mobile-header-display":"","site-post-title":"","ast-breadcrumbs-content":"","ast-featured-img":"","footer-sml-layout":"","theme-transparent-header-meta":"default","adv-header-id-meta":"","stick-header-meta":"","header-above-stick-meta":"","header-main-stick-meta":"","header-below-stick-meta":"","astra-migrate-meta-layouts":"set","ast-page-background-enabled":"default","ast-page-background-meta":{"desktop":{"background-color":"var(--ast-global-color-5)","background-image":"","background-repeat":"repeat","background-position":"center center","background-size":"auto","background-attachment":"scroll","background-type":"","background-media":"","overlay-type":"","overlay-color":"","overlay-opacity":"","overlay-gradient":""},"tablet":{"background-color":"","background-image":"","background-repeat":"repeat","background-position":"center center","background-size":"auto","background-attachment":"scroll","background-type":"","background-media":"","overlay-type":"","overlay-color":"","overlay-opacity":"","overlay-gradient":""},"mobile":{"background-color":"","background-image":"","background-repeat":"repeat","background-position":"center center","background-size":"auto","background-attachment":"scroll","background-type":"","background-media":"","overlay-type":"","overlay-color":"","overlay-opacity":"","overlay-gradient":""}},"ast-content-background-meta":{"desktop":{"background-color":"var(--ast-global-color-4)","background-image":"","background-repeat":"repeat","background-position":"center center","background-size":"auto","background-attachment":"scroll","background-type":"","background-media":"","overlay-type":"","overlay-color":"","overlay-opacity":"","overlay-gradient":""},"tablet":{"background-color":"var(--ast-global-color-4)","background-image":"","background-repeat":"repeat","background-position":"center center","background-size":"auto","background-attachment":"scroll","background-type":"","background-media":"","overlay-type":"","overlay-color":"","overlay-opacity":"","overlay-gradient":""},"mobile":{"background-color":"var(--ast-global-color-4)","background-image":"","background-repeat":"repeat","background-position":"center center","background-size":"auto","background-attachment":"scroll","background-type":"","background-media":"","overlay-type":"","overlay-color":"","overlay-opacity":"","overlay-gradient":""}},"footnotes":""},"class_list":["post-741","page","type-page","status-publish","hentry"],"post_mailing_queue_ids":[],"_links":{"self":[{"href":"https:\/\/agora.xtec.cat\/escolalaserretaalella\/wp-json\/wp\/v2\/pages\/741","targetHints":{"allow":["GET"]}}],"collection":[{"href":"https:\/\/agora.xtec.cat\/escolalaserretaalella\/wp-json\/wp\/v2\/pages"}],"about":[{"href":"https:\/\/agora.xtec.cat\/escolalaserretaalella\/wp-json\/wp\/v2\/types\/page"}],"author":[{"embeddable":true,"href":"https:\/\/agora.xtec.cat\/escolalaserretaalella\/wp-json\/wp\/v2\/users\/1"}],"replies":[{"embeddable":true,"href":"https:\/\/agora.xtec.cat\/escolalaserretaalella\/wp-json\/wp\/v2\/comments?post=741"}],"version-history":[{"count":7,"href":"https:\/\/agora.xtec.cat\/escolalaserretaalella\/wp-json\/wp\/v2\/pages\/741\/revisions"}],"predecessor-version":[{"id":4152,"href":"https:\/\/agora.xtec.cat\/escolalaserretaalella\/wp-json\/wp\/v2\/pages\/741\/revisions\/4152"}],"up":[{"embeddable":true,"href":"https:\/\/agora.xtec.cat\/escolalaserretaalella\/wp-json\/wp\/v2\/pages\/22"}],"wp:attachment":[{"href":"https:\/\/agora.xtec.cat\/escolalaserretaalella\/wp-json\/wp\/v2\/media?parent=741"}],"curies":[{"name":"wp","href":"https:\/\/api.w.org\/{rel}","templated":true}]}}