{"id":71,"date":"2020-09-18T12:44:56","date_gmt":"2020-09-18T10:44:56","guid":{"rendered":"http:\/\/agora.xtec.cat\/escolalaserretaalella\/?page_id=71"},"modified":"2025-09-04T19:27:35","modified_gmt":"2025-09-04T17:27:35","slug":"serveis-digitals","status":"publish","type":"page","link":"https:\/\/agora.xtec.cat\/escolalaserretaalella\/serveis\/serveis-digitals\/","title":{"rendered":"Servei d&#8217;acollida matinal i de tarda"},"content":{"rendered":"<p><strong><a href=\"https:\/\/agora.xtec.cat\/escolalaserretaalella\/wp-content\/uploads\/usu2234\/2020\/11\/SAM-I-SAT.png\"><img loading=\"lazy\" decoding=\"async\" class=\"wp-image-570 alignright\" src=\"https:\/\/agora.xtec.cat\/escolalaserretaalella\/wp-content\/uploads\/usu2234\/2020\/11\/SAM-I-SAT.png\" alt=\"\" width=\"421\" height=\"140\" srcset=\"https:\/\/agora.xtec.cat\/escolalaserretaalella\/wp-content\/uploads\/usu2234\/2020\/11\/SAM-I-SAT.png 796w, https:\/\/agora.xtec.cat\/escolalaserretaalella\/wp-content\/uploads\/usu2234\/2020\/11\/SAM-I-SAT-300x100.png 300w, https:\/\/agora.xtec.cat\/escolalaserretaalella\/wp-content\/uploads\/usu2234\/2020\/11\/SAM-I-SAT-768x256.png 768w\" sizes=\"auto, (max-width: 421px) 100vw, 421px\" \/><\/a><\/strong><\/p>\n<p><strong>Acollida matinal<\/strong><\/p>\n<p>Les fam\u00edlies que requereixen deixar al seu fill\/a a l&#8217;escola abans de l&#8217;hora d&#8217;inici de la jornada escolar poden fer servir el Servei d&#8217;acollida matinal.<\/p>\n<p>Aquest servei l&#8217;ofereix la mateixa empresa que gestiona el menjador (Som Valors) i est\u00e0 disponible a partir de les 7:45. \u00d2bviament no \u00e9s necessari que s&#8217;utilitzi tota la franja hor\u00e0ria (l&#8217;alumnat s&#8217;hi pot afegir en qualsevol moment a partir d&#8217;aquesta hora).<\/p>\n<p>&nbsp;<\/p>\n<p><strong>SAT<\/strong><\/p>\n<p>A la tarda tamb\u00e9 s&#8217;ofereix aquest servei per aquelles fam\u00edlies que no poden recollir als seus fills\/es a les 16:30. Aquest est\u00e0 disponible fins a les 18h.<\/p>\n<p>En tots dos casos, l&#8217;alumnat roman a l&#8217;espai del menjador escolar fent activitats diverses de caire l\u00fadiques i d&#8217;entreteniment. A la seva disposici\u00f3 hi ha una monitora que supervisa i organitza el servei.<\/p>\n<p>Per utilitzar qualsevol dels dos serveis \u00e9s necessari posar-se en contacte amb la coordinadora del menjador de l&#8217;empresa Som Valors, Laura Caminal, mitjan\u00e7ant trucada telef\u00f2nica (685750952) o enviant un correu electr\u00f2nic (laserreta@somvalors.com).<\/p>\n<p><a href=\"https:\/\/drive.google.com\/file\/d\/19B7v6kCmxlaBizyESgq03h9j847bFO3B\/view?usp=sharing\" target=\"_blank\" rel=\"noopener\"><img loading=\"lazy\" decoding=\"async\" class=\"alignleft size-large wp-image-3831\" src=\"https:\/\/agora.xtec.cat\/escolalaserretaalella\/wp-content\/uploads\/usu2234\/2025\/09\/Servei-dacollida-2025-26-1024x724.jpg\" alt=\"\" width=\"1024\" height=\"724\" srcset=\"https:\/\/agora.xtec.cat\/escolalaserretaalella\/wp-content\/uploads\/usu2234\/2025\/09\/Servei-dacollida-2025-26-1024x724.jpg 1024w, https:\/\/agora.xtec.cat\/escolalaserretaalella\/wp-content\/uploads\/usu2234\/2025\/09\/Servei-dacollida-2025-26-300x212.jpg 300w, https:\/\/agora.xtec.cat\/escolalaserretaalella\/wp-content\/uploads\/usu2234\/2025\/09\/Servei-dacollida-2025-26-768x543.jpg 768w, https:\/\/agora.xtec.cat\/escolalaserretaalella\/wp-content\/uploads\/usu2234\/2025\/09\/Servei-dacollida-2025-26-1536x1086.jpg 1536w, https:\/\/agora.xtec.cat\/escolalaserretaalella\/wp-content\/uploads\/usu2234\/2025\/09\/Servei-dacollida-2025-26.jpg 1600w\" sizes=\"auto, (max-width: 1024px) 100vw, 1024px\" \/><\/a><\/p>\n<p>&nbsp;<\/p>\n<p>&nbsp;<\/p>\n","protected":false},"excerpt":{"rendered":"<p>Acollida matinal Les fam\u00edlies que requereixen deixar al seu fill\/a a l&#8217;escola abans de l&#8217;hora d&#8217;inici de la jornada escolar poden fer servir el Servei d&#8217;acollida matinal. Aquest servei l&#8217;ofereix la mateixa empresa que gestiona el menjador (Som Valors) i est\u00e0 disponible a partir de les 7:45. \u00d2bviament no \u00e9s necessari que s&#8217;utilitzi tota la [&hellip;]<\/p>\n","protected":false},"author":1,"featured_media":0,"parent":66,"menu_order":10,"comment_status":"closed","ping_status":"closed","template":"","meta":{"_bbp_topic_count":0,"_bbp_reply_count":0,"_bbp_total_topic_count":0,"_bbp_total_reply_count":0,"_bbp_voice_count":0,"_bbp_anonymous_reply_count":0,"_bbp_topic_count_hidden":0,"_bbp_reply_count_hidden":0,"_bbp_forum_subforum_count":0,"site-sidebar-layout":"default","site-content-layout":"","ast-site-content-layout":"","site-content-style":"default","site-sidebar-style":"default","ast-global-header-display":"","ast-banner-title-visibility":"","ast-main-header-display":"","ast-hfb-above-header-display":"","ast-hfb-below-header-display":"","ast-hfb-mobile-header-display":"","site-post-title":"","ast-breadcrumbs-content":"","ast-featured-img":"","footer-sml-layout":"","theme-transparent-header-meta":"","adv-header-id-meta":"","stick-header-meta":"","header-above-stick-meta":"","header-main-stick-meta":"","header-below-stick-meta":"","astra-migrate-meta-layouts":"default","ast-page-background-enabled":"default","ast-page-background-meta":{"desktop":{"background-color":"var(--ast-global-color-5)","background-image":"","background-repeat":"repeat","background-position":"center center","background-size":"auto","background-attachment":"scroll","background-type":"","background-media":"","overlay-type":"","overlay-color":"","overlay-opacity":"","overlay-gradient":""},"tablet":{"background-color":"","background-image":"","background-repeat":"repeat","background-position":"center center","background-size":"auto","background-attachment":"scroll","background-type":"","background-media":"","overlay-type":"","overlay-color":"","overlay-opacity":"","overlay-gradient":""},"mobile":{"background-color":"","background-image":"","background-repeat":"repeat","background-position":"center center","background-size":"auto","background-attachment":"scroll","background-type":"","background-media":"","overlay-type":"","overlay-color":"","overlay-opacity":"","overlay-gradient":""}},"ast-content-background-meta":{"desktop":{"background-color":"var(--ast-global-color-4)","background-image":"","background-repeat":"repeat","background-position":"center center","background-size":"auto","background-attachment":"scroll","background-type":"","background-media":"","overlay-type":"","overlay-color":"","overlay-opacity":"","overlay-gradient":""},"tablet":{"background-color":"var(--ast-global-color-4)","background-image":"","background-repeat":"repeat","background-position":"center center","background-size":"auto","background-attachment":"scroll","background-type":"","background-media":"","overlay-type":"","overlay-color":"","overlay-opacity":"","overlay-gradient":""},"mobile":{"background-color":"var(--ast-global-color-4)","background-image":"","background-repeat":"repeat","background-position":"center center","background-size":"auto","background-attachment":"scroll","background-type":"","background-media":"","overlay-type":"","overlay-color":"","overlay-opacity":"","overlay-gradient":""}},"footnotes":""},"class_list":["post-71","page","type-page","status-publish","hentry"],"post_mailing_queue_ids":[],"_links":{"self":[{"href":"https:\/\/agora.xtec.cat\/escolalaserretaalella\/wp-json\/wp\/v2\/pages\/71","targetHints":{"allow":["GET"]}}],"collection":[{"href":"https:\/\/agora.xtec.cat\/escolalaserretaalella\/wp-json\/wp\/v2\/pages"}],"about":[{"href":"https:\/\/agora.xtec.cat\/escolalaserretaalella\/wp-json\/wp\/v2\/types\/page"}],"author":[{"embeddable":true,"href":"https:\/\/agora.xtec.cat\/escolalaserretaalella\/wp-json\/wp\/v2\/users\/1"}],"replies":[{"embeddable":true,"href":"https:\/\/agora.xtec.cat\/escolalaserretaalella\/wp-json\/wp\/v2\/comments?post=71"}],"version-history":[{"count":6,"href":"https:\/\/agora.xtec.cat\/escolalaserretaalella\/wp-json\/wp\/v2\/pages\/71\/revisions"}],"predecessor-version":[{"id":566,"href":"https:\/\/agora.xtec.cat\/escolalaserretaalella\/wp-json\/wp\/v2\/pages\/71\/revisions\/566"}],"up":[{"embeddable":true,"href":"https:\/\/agora.xtec.cat\/escolalaserretaalella\/wp-json\/wp\/v2\/pages\/66"}],"wp:attachment":[{"href":"https:\/\/agora.xtec.cat\/escolalaserretaalella\/wp-json\/wp\/v2\/media?parent=71"}],"curies":[{"name":"wp","href":"https:\/\/api.w.org\/{rel}","templated":true}]}}