{"id":66,"date":"2020-11-02T19:40:47","date_gmt":"2020-11-02T18:40:47","guid":{"rendered":"http:\/\/agora.xtec.cat\/escolalaserretaalella\/?page_id=66"},"modified":"2025-12-18T20:43:11","modified_gmt":"2025-12-18T19:43:11","slug":"serveis","status":"publish","type":"page","link":"https:\/\/agora.xtec.cat\/escolalaserretaalella\/serveis\/","title":{"rendered":"Serveis"},"content":{"rendered":"<p>A La Serreta s&#8217;ofereixen uns serveis complementaris a les fam\u00edlies que es vinculen amb la l\u00ednia educativa de l&#8217;escola i s\u00f3n oferts per empreses externes al centre.<\/p>\n<p>Els serveis s\u00f3n:<\/p>\n<ul>\n<li>SAM: servei d&#8217;acollida matinal (7:45 a 9).<\/li>\n<li>SAT: servei d&#8217;acollida de tarda (16:30 a 18).<\/li>\n<li>Servei de menjador.<\/li>\n<li>Activitats extraescolars: horari de migdia i tarda.<\/li>\n<li>Servei de psicopedagogia municipal.<\/li>\n<\/ul>\n<p><img loading=\"lazy\" decoding=\"async\" class=\"alignleft  wp-image-3586\" src=\"https:\/\/agora.xtec.cat\/escolalaserretaalella\/wp-content\/uploads\/usu2234\/2025\/01\/6676954a-34ce-4f61-8a87-f26fe6e177de-e1766086980481-1024x941.jpg\" alt=\"\" width=\"682\" height=\"627\" srcset=\"https:\/\/agora.xtec.cat\/escolalaserretaalella\/wp-content\/uploads\/usu2234\/2025\/01\/6676954a-34ce-4f61-8a87-f26fe6e177de-e1766086980481-1024x941.jpg 1024w, https:\/\/agora.xtec.cat\/escolalaserretaalella\/wp-content\/uploads\/usu2234\/2025\/01\/6676954a-34ce-4f61-8a87-f26fe6e177de-e1766086980481-300x276.jpg 300w, https:\/\/agora.xtec.cat\/escolalaserretaalella\/wp-content\/uploads\/usu2234\/2025\/01\/6676954a-34ce-4f61-8a87-f26fe6e177de-e1766086980481-768x706.jpg 768w, https:\/\/agora.xtec.cat\/escolalaserretaalella\/wp-content\/uploads\/usu2234\/2025\/01\/6676954a-34ce-4f61-8a87-f26fe6e177de-e1766086980481.jpg 1280w\" sizes=\"auto, (max-width: 682px) 100vw, 682px\" \/><\/p>\n<p>&nbsp;<\/p>\n","protected":false},"excerpt":{"rendered":"<p>A La Serreta s&#8217;ofereixen uns serveis complementaris a les fam\u00edlies que es vinculen amb la l\u00ednia educativa de l&#8217;escola i s\u00f3n oferts per empreses externes al centre. Els serveis s\u00f3n: SAM: servei d&#8217;acollida matinal (7:45 a 9). SAT: servei d&#8217;acollida de tarda (16:30 a 18). Servei de menjador. Activitats extraescolars: horari de migdia i tarda. [&hellip;]<\/p>\n","protected":false},"author":1,"featured_media":0,"parent":0,"menu_order":0,"comment_status":"closed","ping_status":"closed","template":"","meta":{"_bbp_topic_count":0,"_bbp_reply_count":0,"_bbp_total_topic_count":0,"_bbp_total_reply_count":0,"_bbp_voice_count":0,"_bbp_anonymous_reply_count":0,"_bbp_topic_count_hidden":0,"_bbp_reply_count_hidden":0,"_bbp_forum_subforum_count":0,"site-sidebar-layout":"default","site-content-layout":"","ast-site-content-layout":"default","site-content-style":"default","site-sidebar-style":"default","ast-global-header-display":"","ast-banner-title-visibility":"","ast-main-header-display":"","ast-hfb-above-header-display":"","ast-hfb-below-header-display":"","ast-hfb-mobile-header-display":"","site-post-title":"","ast-breadcrumbs-content":"","ast-featured-img":"","footer-sml-layout":"","theme-transparent-header-meta":"default","adv-header-id-meta":"","stick-header-meta":"","header-above-stick-meta":"","header-main-stick-meta":"","header-below-stick-meta":"","astra-migrate-meta-layouts":"set","ast-page-background-enabled":"default","ast-page-background-meta":{"desktop":{"background-color":"var(--ast-global-color-5)","background-image":"","background-repeat":"repeat","background-position":"center center","background-size":"auto","background-attachment":"scroll","background-type":"","background-media":"","overlay-type":"","overlay-color":"","overlay-opacity":"","overlay-gradient":""},"tablet":{"background-color":"","background-image":"","background-repeat":"repeat","background-position":"center center","background-size":"auto","background-attachment":"scroll","background-type":"","background-media":"","overlay-type":"","overlay-color":"","overlay-opacity":"","overlay-gradient":""},"mobile":{"background-color":"","background-image":"","background-repeat":"repeat","background-position":"center center","background-size":"auto","background-attachment":"scroll","background-type":"","background-media":"","overlay-type":"","overlay-color":"","overlay-opacity":"","overlay-gradient":""}},"ast-content-background-meta":{"desktop":{"background-color":"var(--ast-global-color-4)","background-image":"","background-repeat":"repeat","background-position":"center center","background-size":"auto","background-attachment":"scroll","background-type":"","background-media":"","overlay-type":"","overlay-color":"","overlay-opacity":"","overlay-gradient":""},"tablet":{"background-color":"var(--ast-global-color-4)","background-image":"","background-repeat":"repeat","background-position":"center center","background-size":"auto","background-attachment":"scroll","background-type":"","background-media":"","overlay-type":"","overlay-color":"","overlay-opacity":"","overlay-gradient":""},"mobile":{"background-color":"var(--ast-global-color-4)","background-image":"","background-repeat":"repeat","background-position":"center center","background-size":"auto","background-attachment":"scroll","background-type":"","background-media":"","overlay-type":"","overlay-color":"","overlay-opacity":"","overlay-gradient":""}},"footnotes":""},"class_list":["post-66","page","type-page","status-publish","hentry"],"post_mailing_queue_ids":[],"_links":{"self":[{"href":"https:\/\/agora.xtec.cat\/escolalaserretaalella\/wp-json\/wp\/v2\/pages\/66","targetHints":{"allow":["GET"]}}],"collection":[{"href":"https:\/\/agora.xtec.cat\/escolalaserretaalella\/wp-json\/wp\/v2\/pages"}],"about":[{"href":"https:\/\/agora.xtec.cat\/escolalaserretaalella\/wp-json\/wp\/v2\/types\/page"}],"author":[{"embeddable":true,"href":"https:\/\/agora.xtec.cat\/escolalaserretaalella\/wp-json\/wp\/v2\/users\/1"}],"replies":[{"embeddable":true,"href":"https:\/\/agora.xtec.cat\/escolalaserretaalella\/wp-json\/wp\/v2\/comments?post=66"}],"version-history":[{"count":7,"href":"https:\/\/agora.xtec.cat\/escolalaserretaalella\/wp-json\/wp\/v2\/pages\/66\/revisions"}],"predecessor-version":[{"id":4060,"href":"https:\/\/agora.xtec.cat\/escolalaserretaalella\/wp-json\/wp\/v2\/pages\/66\/revisions\/4060"}],"wp:attachment":[{"href":"https:\/\/agora.xtec.cat\/escolalaserretaalella\/wp-json\/wp\/v2\/media?parent=66"}],"curies":[{"name":"wp","href":"https:\/\/api.w.org\/{rel}","templated":true}]}}