{"id":655,"date":"2020-11-08T11:29:50","date_gmt":"2020-11-08T10:29:50","guid":{"rendered":"https:\/\/agora.xtec.cat\/escolalaserretaalella\/?page_id=655"},"modified":"2020-11-15T21:48:49","modified_gmt":"2020-11-15T20:48:49","slug":"servei-psicopedagogic-municipal","status":"publish","type":"page","link":"https:\/\/agora.xtec.cat\/escolalaserretaalella\/serveis\/servei-psicopedagogic-municipal\/","title":{"rendered":"Servei psicopedag\u00f2gic municipal"},"content":{"rendered":"<p><span style=\"font-weight: 400;\">El <a href=\"https:\/\/alella.cat\/serveiatenciopsicopedagogica\">Servei psicopedag\u00f2gic Municipal<\/a> \u00e9s un programa que, sota el paraig\u00fces de la Regidoria d\u2019Educaci\u00f3 de l\u2019Ajuntament d\u2019Alella, t\u00e9 l\u2019objectiu d\u2019oferir suport a l\u2019alumnat, a les seves fam\u00edlies, als equips docents i als diferents agents que configuren la xarxa educativa del municipi.<\/span><\/p>\n<p><span style=\"font-weight: 400;\">Des del Servei Psicopedag\u00f2gic Municipal es realitza una <strong>atenci\u00f3 a les fam\u00edlies<\/strong> per oferir orientacions i formes de gestionar les preocupacions que tinguin envers la crian\u00e7a i el desenvolupament dels seus fills\/es. Poden ser consultes relacionades amb l\u2019aprenentatge, amb l\u2019elaboraci\u00f3 del dol en cas de p\u00e8rdua d\u2019algun familiar, en cas de separaci\u00f3 dels progenitors, consultes relacionades amb una orientaci\u00f3 educativa, amb temes d\u2019autoconcepte i autoestima, alteracions de la son, angoixa, pors, prevenci\u00f3 de l\u2019assetjament escolar, etc.\u00a0<\/span><\/p>\n<p><span style=\"font-weight: 400;\">L\u2019orientaci\u00f3 psicopedag\u00f2gica tamb\u00e9 recau en la participaci\u00f3 a programes que es puguin organitzar des dels centres educatius per atendre la diversitat de l\u2019alumnat i les seves fam\u00edlies a trav\u00e9s de xerrades i din\u00e0miques d\u2019inter\u00e8s, podent realitzar accions individualitzades o en petit grup, en funci\u00f3 de les necessitats que es detectin, vetllant per l\u2019atenci\u00f3 a la diversitat i la identificaci\u00f3 de les necessitats educatives especials, aportant pautes i estrat\u00e8gies per gestionar les necessitats dels alumnes. En el cas que es consideri necessari, s\u2019orienta i es deriva a un recurs especialitzat extern per atendre les necessitats m\u00e9s espec\u00edfiques que pot presentar un infant. A la vegada, tamb\u00e9 es realitza una coordinaci\u00f3 amb els serveis i persones que estan atenent a l\u2019infant, per tal de fer un adequat seguiment.<\/span><\/p>\n<p>&nbsp;<\/p>\n<p><span style=\"font-weight: 400;\">Des del programa es realitza <strong>coordinaci\u00f3 amb la xarxa educativa i altres serveis del municipi<\/strong> per la promoci\u00f3 d\u2019una metodologia de treball en equip interdisciplinari. Des d\u2019aquesta perspectiva es respon d\u2019una forma global i hol\u00edstica a les necessitats de suport dels alumnes i de les seves fam\u00edlies de forma comunit\u00e0ria posant a l\u2019abast els diferents recursos disponibles al territori. <\/span><\/p>\n<p><span style=\"font-weight: 400;\">\u00a0<\/span><\/p>\n<p><span style=\"font-weight: 400;\">La <strong>demanda<\/strong> arriba al servei des de diferents vies, ja sigui des de l\u2019equip directiu i\/o el professorat,\u00a0 per part de les pr\u00f2pies fam\u00edlies i\/o de l\u2019Ajuntament. L\u2019acci\u00f3 psicopedag\u00f2gica es realitza a <a href=\"https:\/\/agora.xtec.cat\/escolalaserretaalella\/wp-content\/uploads\/usu2234\/2020\/11\/psicopedag\u00f2gic-1.png\"><img loading=\"lazy\" decoding=\"async\" class=\" wp-image-607 alignright\" src=\"https:\/\/agora.xtec.cat\/escolalaserretaalella\/wp-content\/uploads\/usu2234\/2020\/11\/psicopedag\u00f2gic-1.png\" alt=\"\" width=\"474\" height=\"332\" srcset=\"https:\/\/agora.xtec.cat\/escolalaserretaalella\/wp-content\/uploads\/usu2234\/2020\/11\/psicopedag\u00f2gic-1.png 893w, https:\/\/agora.xtec.cat\/escolalaserretaalella\/wp-content\/uploads\/usu2234\/2020\/11\/psicopedag\u00f2gic-1-300x210.png 300w, https:\/\/agora.xtec.cat\/escolalaserretaalella\/wp-content\/uploads\/usu2234\/2020\/11\/psicopedag\u00f2gic-1-768x537.png 768w\" sizes=\"auto, (max-width: 474px) 100vw, 474px\" \/><\/a>trav\u00e9s de l\u2019observaci\u00f3, avaluaci\u00f3 i identificaci\u00f3 de les necessitats de l\u2019alumnat a partir de la demanda rebuda. Aquesta intervenci\u00f3 es pot complementar de proves de cribatge, exploracions psicol\u00f2giques i psicopedag\u00f2giques, per a realitzar una detecci\u00f3 preco\u00e7 i de prevenci\u00f3 en el cas d\u2019alumnat amb dificultats d\u2019aprenentatge, aix\u00ed com l\u2019avaluaci\u00f3 de possibles dificultats emocionals i\/o conductuals.<\/span><\/p>\n<p><span style=\"font-weight: 400;\">Si voleu contactar amb el servei, podeu fer-ho a trav\u00e9s de l\u2019escola del vostre fill\/a o b\u00e9 directament al correu serveipsicopedagogia<span class=\"\">@<\/span>gmail.com<\/span><\/p>\n","protected":false},"excerpt":{"rendered":"<p>El Servei psicopedag\u00f2gic Municipal \u00e9s un programa que, sota el paraig\u00fces de la Regidoria d\u2019Educaci\u00f3 de l\u2019Ajuntament d\u2019Alella, t\u00e9 l\u2019objectiu d\u2019oferir suport a l\u2019alumnat, a les seves fam\u00edlies, als equips docents i als diferents agents que configuren la xarxa educativa del municipi. Des del Servei Psicopedag\u00f2gic Municipal es realitza una atenci\u00f3 a les fam\u00edlies per [&hellip;]<\/p>\n","protected":false},"author":1,"featured_media":0,"parent":66,"menu_order":40,"comment_status":"closed","ping_status":"closed","template":"","meta":{"_bbp_topic_count":0,"_bbp_reply_count":0,"_bbp_total_topic_count":0,"_bbp_total_reply_count":0,"_bbp_voice_count":0,"_bbp_anonymous_reply_count":0,"_bbp_topic_count_hidden":0,"_bbp_reply_count_hidden":0,"_bbp_forum_subforum_count":0,"site-sidebar-layout":"default","site-content-layout":"","ast-site-content-layout":"","site-content-style":"default","site-sidebar-style":"default","ast-global-header-display":"","ast-banner-title-visibility":"","ast-main-header-display":"","ast-hfb-above-header-display":"","ast-hfb-below-header-display":"","ast-hfb-mobile-header-display":"","site-post-title":"","ast-breadcrumbs-content":"","ast-featured-img":"","footer-sml-layout":"","theme-transparent-header-meta":"","adv-header-id-meta":"","stick-header-meta":"","header-above-stick-meta":"","header-main-stick-meta":"","header-below-stick-meta":"","astra-migrate-meta-layouts":"default","ast-page-background-enabled":"default","ast-page-background-meta":{"desktop":{"background-color":"var(--ast-global-color-5)","background-image":"","background-repeat":"repeat","background-position":"center center","background-size":"auto","background-attachment":"scroll","background-type":"","background-media":"","overlay-type":"","overlay-color":"","overlay-opacity":"","overlay-gradient":""},"tablet":{"background-color":"","background-image":"","background-repeat":"repeat","background-position":"center center","background-size":"auto","background-attachment":"scroll","background-type":"","background-media":"","overlay-type":"","overlay-color":"","overlay-opacity":"","overlay-gradient":""},"mobile":{"background-color":"","background-image":"","background-repeat":"repeat","background-position":"center center","background-size":"auto","background-attachment":"scroll","background-type":"","background-media":"","overlay-type":"","overlay-color":"","overlay-opacity":"","overlay-gradient":""}},"ast-content-background-meta":{"desktop":{"background-color":"var(--ast-global-color-4)","background-image":"","background-repeat":"repeat","background-position":"center center","background-size":"auto","background-attachment":"scroll","background-type":"","background-media":"","overlay-type":"","overlay-color":"","overlay-opacity":"","overlay-gradient":""},"tablet":{"background-color":"var(--ast-global-color-4)","background-image":"","background-repeat":"repeat","background-position":"center center","background-size":"auto","background-attachment":"scroll","background-type":"","background-media":"","overlay-type":"","overlay-color":"","overlay-opacity":"","overlay-gradient":""},"mobile":{"background-color":"var(--ast-global-color-4)","background-image":"","background-repeat":"repeat","background-position":"center center","background-size":"auto","background-attachment":"scroll","background-type":"","background-media":"","overlay-type":"","overlay-color":"","overlay-opacity":"","overlay-gradient":""}},"footnotes":""},"class_list":["post-655","page","type-page","status-publish","hentry"],"post_mailing_queue_ids":[],"_links":{"self":[{"href":"https:\/\/agora.xtec.cat\/escolalaserretaalella\/wp-json\/wp\/v2\/pages\/655","targetHints":{"allow":["GET"]}}],"collection":[{"href":"https:\/\/agora.xtec.cat\/escolalaserretaalella\/wp-json\/wp\/v2\/pages"}],"about":[{"href":"https:\/\/agora.xtec.cat\/escolalaserretaalella\/wp-json\/wp\/v2\/types\/page"}],"author":[{"embeddable":true,"href":"https:\/\/agora.xtec.cat\/escolalaserretaalella\/wp-json\/wp\/v2\/users\/1"}],"replies":[{"embeddable":true,"href":"https:\/\/agora.xtec.cat\/escolalaserretaalella\/wp-json\/wp\/v2\/comments?post=655"}],"version-history":[{"count":1,"href":"https:\/\/agora.xtec.cat\/escolalaserretaalella\/wp-json\/wp\/v2\/pages\/655\/revisions"}],"predecessor-version":[{"id":656,"href":"https:\/\/agora.xtec.cat\/escolalaserretaalella\/wp-json\/wp\/v2\/pages\/655\/revisions\/656"}],"up":[{"embeddable":true,"href":"https:\/\/agora.xtec.cat\/escolalaserretaalella\/wp-json\/wp\/v2\/pages\/66"}],"wp:attachment":[{"href":"https:\/\/agora.xtec.cat\/escolalaserretaalella\/wp-json\/wp\/v2\/media?parent=655"}],"curies":[{"name":"wp","href":"https:\/\/api.w.org\/{rel}","templated":true}]}}