{"id":4119,"date":"2026-01-12T15:50:54","date_gmt":"2026-01-12T14:50:54","guid":{"rendered":"https:\/\/agora.xtec.cat\/escolalaserretaalella\/?page_id=4119"},"modified":"2026-01-12T15:50:54","modified_gmt":"2026-01-12T14:50:54","slug":"la-serreta-digital-2","status":"publish","type":"page","link":"https:\/\/agora.xtec.cat\/escolalaserretaalella\/la-serreta-digital-2\/","title":{"rendered":"La Serreta digital"},"content":{"rendered":"<p>A la Serreta ens agrada compartir amb la comunitat educativa diferents q\u00fcestions vinculades amb la vida en el centre i altres q\u00fcestions educatives que puguin ser d&#8217;inter\u00e8s de la comunitat educativa.<\/p>\n<p>Per aquest motiu, us volem compartir:<\/p>\n<p><a href=\"https:\/\/agora.xtec.cat\/escolalaserretaalella\/la-serreta-digital\/\"><img loading=\"lazy\" decoding=\"async\" class=\"wp-image-4120 alignleft\" src=\"https:\/\/agora.xtec.cat\/escolalaserretaalella\/wp-content\/uploads\/usu2234\/2026\/01\/REVISTA-DIGITAL-16a-edicio-desembre-2025-1-724x1024.jpg\" alt=\"\" width=\"210\" height=\"297\" srcset=\"https:\/\/agora.xtec.cat\/escolalaserretaalella\/wp-content\/uploads\/usu2234\/2026\/01\/REVISTA-DIGITAL-16a-edicio-desembre-2025-1-724x1024.jpg 724w, https:\/\/agora.xtec.cat\/escolalaserretaalella\/wp-content\/uploads\/usu2234\/2026\/01\/REVISTA-DIGITAL-16a-edicio-desembre-2025-1-212x300.jpg 212w, https:\/\/agora.xtec.cat\/escolalaserretaalella\/wp-content\/uploads\/usu2234\/2026\/01\/REVISTA-DIGITAL-16a-edicio-desembre-2025-1-768x1086.jpg 768w, https:\/\/agora.xtec.cat\/escolalaserretaalella\/wp-content\/uploads\/usu2234\/2026\/01\/REVISTA-DIGITAL-16a-edicio-desembre-2025-1-1086x1536.jpg 1086w, https:\/\/agora.xtec.cat\/escolalaserretaalella\/wp-content\/uploads\/usu2234\/2026\/01\/REVISTA-DIGITAL-16a-edicio-desembre-2025-1.jpg 1414w\" sizes=\"auto, (max-width: 210px) 100vw, 210px\" \/><\/a><a href=\"https:\/\/agora.xtec.cat\/escolalaserretaalella\/la-serreta-digital\/\" target=\"_blank\" rel=\"noopener\"><strong>La Serreta digital, revista<\/strong><\/a>: trimestralment publiquem una revista amb el suport de tota la comunitat educativa: alumnat, fam\u00edlies i mestres. En aquest espai, podreu accedir a totes les edicions d&#8217;aquesta publicaci\u00f3 digital que enorgulleix.<\/p>\n<p>&nbsp;<\/p>\n<p>&nbsp;<\/p>\n<p><a href=\"https:\/\/agora.xtec.cat\/escolalaserretaalella\/la-serreta-digital\/articles-i-continguts-dinteres\/\" target=\"_blank\" rel=\"noopener\"><strong>Articles i continguts d&#8217;inter\u00e8s<\/strong><\/a>: poc a poc anem augmentant aquest espai de divulgaci\u00f3 amb articles, v\u00eddeos i altres informacions que puguin ser d&#8217;inter\u00e8s per tota la comunitat educativa.<\/p>\n<p>&nbsp;<\/p>\n","protected":false},"excerpt":{"rendered":"<p>A la Serreta ens agrada compartir amb la comunitat educativa diferents q\u00fcestions vinculades amb la vida en el centre i altres q\u00fcestions educatives que puguin ser d&#8217;inter\u00e8s de la comunitat educativa. Per aquest motiu, us volem compartir: La Serreta digital, revista: trimestralment publiquem una revista amb el suport de tota la comunitat educativa: alumnat, fam\u00edlies [&hellip;]<\/p>\n","protected":false},"author":1,"featured_media":0,"parent":0,"menu_order":0,"comment_status":"closed","ping_status":"closed","template":"","meta":{"_bbp_topic_count":0,"_bbp_reply_count":0,"_bbp_total_topic_count":0,"_bbp_total_reply_count":0,"_bbp_voice_count":0,"_bbp_anonymous_reply_count":0,"_bbp_topic_count_hidden":0,"_bbp_reply_count_hidden":0,"_bbp_forum_subforum_count":0,"site-sidebar-layout":"default","site-content-layout":"","ast-site-content-layout":"default","site-content-style":"default","site-sidebar-style":"default","ast-global-header-display":"","ast-banner-title-visibility":"","ast-main-header-display":"","ast-hfb-above-header-display":"","ast-hfb-below-header-display":"","ast-hfb-mobile-header-display":"","site-post-title":"","ast-breadcrumbs-content":"","ast-featured-img":"","footer-sml-layout":"","theme-transparent-header-meta":"default","adv-header-id-meta":"","stick-header-meta":"","header-above-stick-meta":"","header-main-stick-meta":"","header-below-stick-meta":"","astra-migrate-meta-layouts":"set","ast-page-background-enabled":"default","ast-page-background-meta":{"desktop":{"background-color":"var(--ast-global-color-5)","background-image":"","background-repeat":"repeat","background-position":"center center","background-size":"auto","background-attachment":"scroll","background-type":"","background-media":"","overlay-type":"","overlay-color":"","overlay-opacity":"","overlay-gradient":""},"tablet":{"background-color":"","background-image":"","background-repeat":"repeat","background-position":"center center","background-size":"auto","background-attachment":"scroll","background-type":"","background-media":"","overlay-type":"","overlay-color":"","overlay-opacity":"","overlay-gradient":""},"mobile":{"background-color":"","background-image":"","background-repeat":"repeat","background-position":"center center","background-size":"auto","background-attachment":"scroll","background-type":"","background-media":"","overlay-type":"","overlay-color":"","overlay-opacity":"","overlay-gradient":""}},"ast-content-background-meta":{"desktop":{"background-color":"var(--ast-global-color-4)","background-image":"","background-repeat":"repeat","background-position":"center center","background-size":"auto","background-attachment":"scroll","background-type":"","background-media":"","overlay-type":"","overlay-color":"","overlay-opacity":"","overlay-gradient":""},"tablet":{"background-color":"var(--ast-global-color-4)","background-image":"","background-repeat":"repeat","background-position":"center center","background-size":"auto","background-attachment":"scroll","background-type":"","background-media":"","overlay-type":"","overlay-color":"","overlay-opacity":"","overlay-gradient":""},"mobile":{"background-color":"var(--ast-global-color-4)","background-image":"","background-repeat":"repeat","background-position":"center center","background-size":"auto","background-attachment":"scroll","background-type":"","background-media":"","overlay-type":"","overlay-color":"","overlay-opacity":"","overlay-gradient":""}},"footnotes":""},"class_list":["post-4119","page","type-page","status-publish","hentry"],"post_mailing_queue_ids":[],"_links":{"self":[{"href":"https:\/\/agora.xtec.cat\/escolalaserretaalella\/wp-json\/wp\/v2\/pages\/4119","targetHints":{"allow":["GET"]}}],"collection":[{"href":"https:\/\/agora.xtec.cat\/escolalaserretaalella\/wp-json\/wp\/v2\/pages"}],"about":[{"href":"https:\/\/agora.xtec.cat\/escolalaserretaalella\/wp-json\/wp\/v2\/types\/page"}],"author":[{"embeddable":true,"href":"https:\/\/agora.xtec.cat\/escolalaserretaalella\/wp-json\/wp\/v2\/users\/1"}],"replies":[{"embeddable":true,"href":"https:\/\/agora.xtec.cat\/escolalaserretaalella\/wp-json\/wp\/v2\/comments?post=4119"}],"version-history":[{"count":3,"href":"https:\/\/agora.xtec.cat\/escolalaserretaalella\/wp-json\/wp\/v2\/pages\/4119\/revisions"}],"predecessor-version":[{"id":4123,"href":"https:\/\/agora.xtec.cat\/escolalaserretaalella\/wp-json\/wp\/v2\/pages\/4119\/revisions\/4123"}],"wp:attachment":[{"href":"https:\/\/agora.xtec.cat\/escolalaserretaalella\/wp-json\/wp\/v2\/media?parent=4119"}],"curies":[{"name":"wp","href":"https:\/\/api.w.org\/{rel}","templated":true}]}}