{"id":34,"date":"2014-09-18T12:32:18","date_gmt":"2014-09-18T11:32:18","guid":{"rendered":"http:\/\/agora.xtec.cat\/escolalaserretaalella\/?page_id=34"},"modified":"2025-10-02T19:55:05","modified_gmt":"2025-10-02T17:55:05","slug":"oferta-educativa","status":"publish","type":"page","link":"https:\/\/agora.xtec.cat\/escolalaserretaalella\/lescola\/oferta-educativa\/","title":{"rendered":"Oferta educativa"},"content":{"rendered":"<p style=\"color: #444444;\"><img loading=\"lazy\" decoding=\"async\" class=\"alignleft wp-image-2926\" src=\"https:\/\/agora.xtec.cat\/escolalaserretaalella\/wp-content\/uploads\/usu2234\/2023\/10\/IMG_20221111_101806.jpg\" alt=\"\" width=\"310\" height=\"413\" srcset=\"https:\/\/agora.xtec.cat\/escolalaserretaalella\/wp-content\/uploads\/usu2234\/2023\/10\/IMG_20221111_101806.jpg 768w, https:\/\/agora.xtec.cat\/escolalaserretaalella\/wp-content\/uploads\/usu2234\/2023\/10\/IMG_20221111_101806-225x300.jpg 225w\" sizes=\"auto, (max-width: 310px) 100vw, 310px\" \/>La Serreta ofereix la possibilitat d&#8217;escolaritzar als infants en un centre p\u00fablic, inicialment d&#8217;una \u00fanica l\u00ednia educativa, malgrat en diferents nivells educatius ja comptem amb dos grups.<\/p>\n<p>El centre ofereix places en les etapes d&#8217;educaci\u00f3 infantil i prim\u00e0ria.<br \/>\nInfantil: I3, I4, I5<br \/>\nPrim\u00e0ria: 1r, 2n, 3r, 4t, 5\u00e8 i 6\u00e8.<\/p>\n<p>L&#8217;escola ha tingut un creixement de matr\u00edcula d&#8217;alumnat en els \u00faltims anys molt vinculat amb l&#8217;augment de la demografia d&#8217;Alella. Per aquest motiu, actualment ja hi ha 5 nivells educatius amb dos grups per nivell. Es tracta d&#8217;Infantil 3, 1r, 4t, 5\u00e8 i 6\u00e8.<\/p>\n<p>Internament dividim els nivells educatius en dos comunitats, la de petits i de grans, que consten dels seg\u00fcents grups-classe o de conviv\u00e8ncia.<\/p>\n<table style=\"height: 74px; width: 572px; border-style: dashed; border-color: #99a199; background-color: #b8e3b9;\">\n<tbody>\n<tr style=\"height: 32px;\">\n<td style=\"width: 263.75px; height: 32px; text-align: center;\"><strong>Comunitat de petits<\/strong><\/td>\n<td style=\"width: 301.25px; height: 32px; text-align: center;\"><strong>Comunitat de grans<\/strong><\/td>\n<\/tr>\n<tr style=\"height: 10px;\">\n<td style=\"width: 263.75px; height: 10px; text-align: center;\">I3 A &#8211; I3B &#8211; I4<\/td>\n<td style=\"width: 301.25px; height: 10px; text-align: center;\">2n\u00a0 &#8211; 3r\u00a0 &#8211; 4t A i B<\/td>\n<\/tr>\n<tr style=\"height: 32px;\">\n<td style=\"width: 263.75px; height: 32px; text-align: center;\">I5 &#8211; 1r A &#8211; 1r B<\/td>\n<td style=\"width: 301.25px; height: 32px; text-align: center;\">5\u00e8 A i B &#8211; 6\u00e8 A i B<\/td>\n<\/tr>\n<\/tbody>\n<\/table>\n<p>Ens agrada poder organitzar els diferents grups de la comunitat de petits en agrupaments internivells on hi ha alumnes de diferents edats i nivells educatius. A l&#8217;actualitat, degut al n\u00famero de matr\u00edcules, aquests agrupaments no s\u00f3n possibles.<\/p>\n<p>Cada grup de conviv\u00e8ncia compta amb la tutoritzaci\u00f3 d&#8217;una mestra i la intervenci\u00f3 d&#8217;altres especialistes per desenvolupar alguna \u00e0rea o aprenentatges concrets (m\u00fasica, llengua anglesa, psicomotricitat, educaci\u00f3 f\u00edsica&#8230;).<\/p>\n","protected":false},"excerpt":{"rendered":"<p>La Serreta ofereix la possibilitat d&#8217;escolaritzar als infants en un centre p\u00fablic, inicialment d&#8217;una \u00fanica l\u00ednia educativa, malgrat en diferents nivells educatius ja comptem amb dos grups. El centre ofereix places en les etapes d&#8217;educaci\u00f3 infantil i prim\u00e0ria. Infantil: I3, I4, I5 Prim\u00e0ria: 1r, 2n, 3r, 4t, 5\u00e8 i 6\u00e8. L&#8217;escola ha tingut un creixement [&hellip;]<\/p>\n","protected":false},"author":1,"featured_media":0,"parent":22,"menu_order":60,"comment_status":"closed","ping_status":"closed","template":"","meta":{"_bbp_topic_count":0,"_bbp_reply_count":0,"_bbp_total_topic_count":0,"_bbp_total_reply_count":0,"_bbp_voice_count":0,"_bbp_anonymous_reply_count":0,"_bbp_topic_count_hidden":0,"_bbp_reply_count_hidden":0,"_bbp_forum_subforum_count":0,"site-sidebar-layout":"default","site-content-layout":"","ast-site-content-layout":"default","site-content-style":"default","site-sidebar-style":"default","ast-global-header-display":"","ast-banner-title-visibility":"","ast-main-header-display":"","ast-hfb-above-header-display":"","ast-hfb-below-header-display":"","ast-hfb-mobile-header-display":"","site-post-title":"","ast-breadcrumbs-content":"","ast-featured-img":"","footer-sml-layout":"","theme-transparent-header-meta":"default","adv-header-id-meta":"","stick-header-meta":"","header-above-stick-meta":"","header-main-stick-meta":"","header-below-stick-meta":"","astra-migrate-meta-layouts":"set","ast-page-background-enabled":"default","ast-page-background-meta":{"desktop":{"background-color":"var(--ast-global-color-5)","background-image":"","background-repeat":"repeat","background-position":"center center","background-size":"auto","background-attachment":"scroll","background-type":"","background-media":"","overlay-type":"","overlay-color":"","overlay-opacity":"","overlay-gradient":""},"tablet":{"background-color":"","background-image":"","background-repeat":"repeat","background-position":"center center","background-size":"auto","background-attachment":"scroll","background-type":"","background-media":"","overlay-type":"","overlay-color":"","overlay-opacity":"","overlay-gradient":""},"mobile":{"background-color":"","background-image":"","background-repeat":"repeat","background-position":"center center","background-size":"auto","background-attachment":"scroll","background-type":"","background-media":"","overlay-type":"","overlay-color":"","overlay-opacity":"","overlay-gradient":""}},"ast-content-background-meta":{"desktop":{"background-color":"var(--ast-global-color-4)","background-image":"","background-repeat":"repeat","background-position":"center center","background-size":"auto","background-attachment":"scroll","background-type":"","background-media":"","overlay-type":"","overlay-color":"","overlay-opacity":"","overlay-gradient":""},"tablet":{"background-color":"var(--ast-global-color-4)","background-image":"","background-repeat":"repeat","background-position":"center center","background-size":"auto","background-attachment":"scroll","background-type":"","background-media":"","overlay-type":"","overlay-color":"","overlay-opacity":"","overlay-gradient":""},"mobile":{"background-color":"var(--ast-global-color-4)","background-image":"","background-repeat":"repeat","background-position":"center center","background-size":"auto","background-attachment":"scroll","background-type":"","background-media":"","overlay-type":"","overlay-color":"","overlay-opacity":"","overlay-gradient":""}},"footnotes":""},"class_list":["post-34","page","type-page","status-publish","hentry"],"post_mailing_queue_ids":[],"_links":{"self":[{"href":"https:\/\/agora.xtec.cat\/escolalaserretaalella\/wp-json\/wp\/v2\/pages\/34","targetHints":{"allow":["GET"]}}],"collection":[{"href":"https:\/\/agora.xtec.cat\/escolalaserretaalella\/wp-json\/wp\/v2\/pages"}],"about":[{"href":"https:\/\/agora.xtec.cat\/escolalaserretaalella\/wp-json\/wp\/v2\/types\/page"}],"author":[{"embeddable":true,"href":"https:\/\/agora.xtec.cat\/escolalaserretaalella\/wp-json\/wp\/v2\/users\/1"}],"replies":[{"embeddable":true,"href":"https:\/\/agora.xtec.cat\/escolalaserretaalella\/wp-json\/wp\/v2\/comments?post=34"}],"version-history":[{"count":6,"href":"https:\/\/agora.xtec.cat\/escolalaserretaalella\/wp-json\/wp\/v2\/pages\/34\/revisions"}],"predecessor-version":[{"id":3856,"href":"https:\/\/agora.xtec.cat\/escolalaserretaalella\/wp-json\/wp\/v2\/pages\/34\/revisions\/3856"}],"up":[{"embeddable":true,"href":"https:\/\/agora.xtec.cat\/escolalaserretaalella\/wp-json\/wp\/v2\/pages\/22"}],"wp:attachment":[{"href":"https:\/\/agora.xtec.cat\/escolalaserretaalella\/wp-json\/wp\/v2\/media?parent=34"}],"curies":[{"name":"wp","href":"https:\/\/api.w.org\/{rel}","templated":true}]}}