{"id":26,"date":"2014-09-18T12:24:32","date_gmt":"2014-09-18T11:24:32","guid":{"rendered":"http:\/\/agora.xtec.cat\/escolalaserretaalella\/?page_id=26"},"modified":"2024-10-21T17:22:28","modified_gmt":"2024-10-21T15:22:28","slug":"historia","status":"publish","type":"page","link":"https:\/\/agora.xtec.cat\/escolalaserretaalella\/lescola\/historia\/","title":{"rendered":"Hist\u00f2ria"},"content":{"rendered":"<p><a href=\"https:\/\/agora.xtec.cat\/escolalaserretaalella\/wp-content\/uploads\/usu2234\/2020\/11\/780_008_2964692_f98a7d1365dc65c64c0c6a7a09de9981.jpg\"><img loading=\"lazy\" decoding=\"async\" class=\"wp-image-666 alignright\" src=\"https:\/\/agora.xtec.cat\/escolalaserretaalella\/wp-content\/uploads\/usu2234\/2020\/11\/780_008_2964692_f98a7d1365dc65c64c0c6a7a09de9981.jpg\" alt=\"\" width=\"382\" height=\"341\" srcset=\"https:\/\/agora.xtec.cat\/escolalaserretaalella\/wp-content\/uploads\/usu2234\/2020\/11\/780_008_2964692_f98a7d1365dc65c64c0c6a7a09de9981.jpg 800w, https:\/\/agora.xtec.cat\/escolalaserretaalella\/wp-content\/uploads\/usu2234\/2020\/11\/780_008_2964692_f98a7d1365dc65c64c0c6a7a09de9981-300x268.jpg 300w, https:\/\/agora.xtec.cat\/escolalaserretaalella\/wp-content\/uploads\/usu2234\/2020\/11\/780_008_2964692_f98a7d1365dc65c64c0c6a7a09de9981-768x686.jpg 768w\" sizes=\"auto, (max-width: 382px) 100vw, 382px\" \/><\/a><\/p>\n<p class=\"justify\">L&#8217;Escola la Serreta va obrir les seves portes el 7 de setembre de 2010 amb una oferta inicial de P3, P4, P5 i un intercicle de 1r i 2n de prim\u00e0ria (un total de vuitanta alumnes). El curs 2020\/21 l&#8217;escola comptava amb 216 alumnes i en l&#8217;actualitat ja som 248 infants els i les que estan matriculats\/des. Fins el curs 2014-15 no es va aconseguir tenir un grup per cada nivell educatiu. Estem parlant d&#8217;un centre que no t\u00e9 una llarga hist\u00f2ria per\u00f2 s\u00ed que podr\u00edem dir que for\u00e7a intensa.<\/p>\n<p>La creaci\u00f3 del centre, edifici finan\u00e7at per la Generalitat de Catalunya, volia donar resposta a la necessitat del municipi d&#8217;ampliar de manera quantitativa i qualitativa l&#8217;oferta educativa d&#8217;Alella. Els dos centres p\u00fablics actuals, La Serreta i l&#8217;Escola Fabra, garanteixen cobrir la demanda escolar del municipi en les edats compreses entre 3 i 12 anys.<\/p>\n<p>L&#8217;escola es va construir en un gran solar de 8.500 m2 situat entre els carrers de N\u00faria i de la Vinya, al nucli de la Serreta. La seva construcci\u00f3 va durar dos anys intensos d&#8217;obres.<\/p>\n<p>Els edificis del centre, hi ha dos ben definits: el de la comunitat dels Petits i el dels Grans, es van dissenyar per albergar dues l\u00ednies educatives. En l&#8217;actualitat el centre continua sent d&#8217;una sola l\u00ednia i t\u00e9 alguns nivells educatius desdoblats, aspecte que ens permet tenir espais exteriors for\u00e7a amplis i comptar amb aules que cobreixen les necessitats dels diferents grups-classe.<\/p>\n<p>Curiosament, el centre educatiu es va inscriure en la seva creaci\u00f3 com CEIP Alella, per passar a nomenar-se posteriorment com Escola La Serreta.<\/p>\n<p>Seguidament podeu apreciar els pl\u00e0nols previs a la seva edificaci\u00f3 dissenyats per l&#8217;arquitecte Miquel Mas i Cardona, juntament amb el seu equip de treball.<\/p>\n<div><a href=\"https:\/\/agora.xtec.cat\/escolalaserretaalella\/wp-content\/uploads\/usu2234\/2020\/11\/pl\u00e0nol.png\"><img loading=\"lazy\" decoding=\"async\" class=\"size-large wp-image-670 aligncenter\" src=\"https:\/\/agora.xtec.cat\/escolalaserretaalella\/wp-content\/uploads\/usu2234\/2020\/11\/pl\u00e0nol-1024x216.png\" alt=\"\" width=\"1024\" height=\"216\" srcset=\"https:\/\/agora.xtec.cat\/escolalaserretaalella\/wp-content\/uploads\/usu2234\/2020\/11\/pl\u00e0nol-1024x216.png 1024w, https:\/\/agora.xtec.cat\/escolalaserretaalella\/wp-content\/uploads\/usu2234\/2020\/11\/pl\u00e0nol-300x63.png 300w, https:\/\/agora.xtec.cat\/escolalaserretaalella\/wp-content\/uploads\/usu2234\/2020\/11\/pl\u00e0nol-768x162.png 768w, https:\/\/agora.xtec.cat\/escolalaserretaalella\/wp-content\/uploads\/usu2234\/2020\/11\/pl\u00e0nol.png 1651w\" sizes=\"auto, (max-width: 1024px) 100vw, 1024px\" \/><\/a><\/div>\n<div><a href=\"https:\/\/agora.xtec.cat\/escolalaserretaalella\/wp-content\/uploads\/usu2234\/2020\/11\/plnol-2.png\"><img loading=\"lazy\" decoding=\"async\" class=\"wp-image-672 aligncenter\" src=\"https:\/\/agora.xtec.cat\/escolalaserretaalella\/wp-content\/uploads\/usu2234\/2020\/11\/plnol-2.png\" alt=\"\" width=\"721\" height=\"510\" srcset=\"https:\/\/agora.xtec.cat\/escolalaserretaalella\/wp-content\/uploads\/usu2234\/2020\/11\/plnol-2.png 1017w, https:\/\/agora.xtec.cat\/escolalaserretaalella\/wp-content\/uploads\/usu2234\/2020\/11\/plnol-2-300x212.png 300w, https:\/\/agora.xtec.cat\/escolalaserretaalella\/wp-content\/uploads\/usu2234\/2020\/11\/plnol-2-768x542.png 768w\" sizes=\"auto, (max-width: 721px) 100vw, 721px\" \/><\/a><\/div>\n<div class=\"separador\">\n<div>\n<div class=\"text\">\u00a0<\/div>\n<\/div>\n<\/div>\n<p>&nbsp;<\/p>\n","protected":false},"excerpt":{"rendered":"<p>L&#8217;Escola la Serreta va obrir les seves portes el 7 de setembre de 2010 amb una oferta inicial de P3, P4, P5 i un intercicle de 1r i 2n de prim\u00e0ria (un total de vuitanta alumnes). El curs 2020\/21 l&#8217;escola comptava amb 216 alumnes i en l&#8217;actualitat ja som 248 infants els i les que [&hellip;]<\/p>\n","protected":false},"author":1,"featured_media":0,"parent":22,"menu_order":20,"comment_status":"closed","ping_status":"closed","template":"page-templates\/side-menu.php","meta":{"_bbp_topic_count":0,"_bbp_reply_count":0,"_bbp_total_topic_count":0,"_bbp_total_reply_count":0,"_bbp_voice_count":0,"_bbp_anonymous_reply_count":0,"_bbp_topic_count_hidden":0,"_bbp_reply_count_hidden":0,"_bbp_forum_subforum_count":0,"site-sidebar-layout":"default","site-content-layout":"","ast-site-content-layout":"","site-content-style":"default","site-sidebar-style":"default","ast-global-header-display":"","ast-banner-title-visibility":"","ast-main-header-display":"","ast-hfb-above-header-display":"","ast-hfb-below-header-display":"","ast-hfb-mobile-header-display":"","site-post-title":"","ast-breadcrumbs-content":"","ast-featured-img":"","footer-sml-layout":"","theme-transparent-header-meta":"","adv-header-id-meta":"","stick-header-meta":"","header-above-stick-meta":"","header-main-stick-meta":"","header-below-stick-meta":"","astra-migrate-meta-layouts":"default","ast-page-background-enabled":"default","ast-page-background-meta":{"desktop":{"background-color":"var(--ast-global-color-5)","background-image":"","background-repeat":"repeat","background-position":"center center","background-size":"auto","background-attachment":"scroll","background-type":"","background-media":"","overlay-type":"","overlay-color":"","overlay-opacity":"","overlay-gradient":""},"tablet":{"background-color":"","background-image":"","background-repeat":"repeat","background-position":"center center","background-size":"auto","background-attachment":"scroll","background-type":"","background-media":"","overlay-type":"","overlay-color":"","overlay-opacity":"","overlay-gradient":""},"mobile":{"background-color":"","background-image":"","background-repeat":"repeat","background-position":"center center","background-size":"auto","background-attachment":"scroll","background-type":"","background-media":"","overlay-type":"","overlay-color":"","overlay-opacity":"","overlay-gradient":""}},"ast-content-background-meta":{"desktop":{"background-color":"var(--ast-global-color-4)","background-image":"","background-repeat":"repeat","background-position":"center center","background-size":"auto","background-attachment":"scroll","background-type":"","background-media":"","overlay-type":"","overlay-color":"","overlay-opacity":"","overlay-gradient":""},"tablet":{"background-color":"var(--ast-global-color-4)","background-image":"","background-repeat":"repeat","background-position":"center center","background-size":"auto","background-attachment":"scroll","background-type":"","background-media":"","overlay-type":"","overlay-color":"","overlay-opacity":"","overlay-gradient":""},"mobile":{"background-color":"var(--ast-global-color-4)","background-image":"","background-repeat":"repeat","background-position":"center center","background-size":"auto","background-attachment":"scroll","background-type":"","background-media":"","overlay-type":"","overlay-color":"","overlay-opacity":"","overlay-gradient":""}},"footnotes":""},"class_list":["post-26","page","type-page","status-publish","hentry"],"post_mailing_queue_ids":[],"_links":{"self":[{"href":"https:\/\/agora.xtec.cat\/escolalaserretaalella\/wp-json\/wp\/v2\/pages\/26","targetHints":{"allow":["GET"]}}],"collection":[{"href":"https:\/\/agora.xtec.cat\/escolalaserretaalella\/wp-json\/wp\/v2\/pages"}],"about":[{"href":"https:\/\/agora.xtec.cat\/escolalaserretaalella\/wp-json\/wp\/v2\/types\/page"}],"author":[{"embeddable":true,"href":"https:\/\/agora.xtec.cat\/escolalaserretaalella\/wp-json\/wp\/v2\/users\/1"}],"replies":[{"embeddable":true,"href":"https:\/\/agora.xtec.cat\/escolalaserretaalella\/wp-json\/wp\/v2\/comments?post=26"}],"version-history":[{"count":4,"href":"https:\/\/agora.xtec.cat\/escolalaserretaalella\/wp-json\/wp\/v2\/pages\/26\/revisions"}],"predecessor-version":[{"id":3449,"href":"https:\/\/agora.xtec.cat\/escolalaserretaalella\/wp-json\/wp\/v2\/pages\/26\/revisions\/3449"}],"up":[{"embeddable":true,"href":"https:\/\/agora.xtec.cat\/escolalaserretaalella\/wp-json\/wp\/v2\/pages\/22"}],"wp:attachment":[{"href":"https:\/\/agora.xtec.cat\/escolalaserretaalella\/wp-json\/wp\/v2\/media?parent=26"}],"curies":[{"name":"wp","href":"https:\/\/api.w.org\/{rel}","templated":true}]}}