{"id":24,"date":"2014-09-18T12:23:15","date_gmt":"2014-09-18T11:23:15","guid":{"rendered":"http:\/\/agora.xtec.cat\/escolalaserretaalella\/?page_id=24"},"modified":"2026-02-23T15:17:55","modified_gmt":"2026-02-23T14:17:55","slug":"on-som","status":"publish","type":"page","link":"https:\/\/agora.xtec.cat\/escolalaserretaalella\/lescola\/on-som\/","title":{"rendered":"On som i contacte"},"content":{"rendered":"<p>L&#8217;Escola La Serreta es troba ubicada en el <a href=\"https:\/\/alella.cat\/\" target=\"_blank\" rel=\"noopener\">municipi d&#8217;<\/a><a href=\"https:\/\/alella.cat\/\" target=\"_blank\" rel=\"noopener\">Alella<\/a>.<\/p>\n<p>Podeu accedir a la nostra localitzaci\u00f3 mitjan\u00e7ant el pl\u00e0nol que us adjuntem.<\/p>\n<p>Adre\u00e7a postal: Carrer N\u00faria, 26-28.<br \/>\nCP: 08328 Alella<br \/>\nTel. 93.540.64.27<br \/>\nE-mail escola: a8061063<span class=\"\"><span class=\"\"><span class=\"atwho-query\">@xtec.cat<\/span><br \/>\n<\/span><\/span><span class=\"\">E-mail administraci\u00f3: secretaria@laserretaalella.cat<\/span><\/p>\n<p>&nbsp;<\/p>\n<div class=\"mapouter\">\n<div class=\"gmap_canvas\"><iframe loading=\"lazy\" src=\"https:\/\/maps.google.com\/maps?q=escola%20la%20serreta%2C%20Alella&amp;t=&amp;z=13&amp;ie=UTF8&amp;iwloc=&amp;output=embed\" width=\"600\" height=\"500\" frameborder=\"0\"><\/iframe><\/div>\n<\/div>\n<p>&nbsp;<\/p>\n<p><strong>Com arribar-hi:<\/strong><\/p>\n<ul>\n<li><strong>Tren:<\/strong> Estaci\u00f3 Ocata, 22&#8242; a 1,6 km.<\/li>\n<li><b>Cotxe: <\/b>aparcament just al costat de l&#8217;escola<\/li>\n<\/ul>\n<p>&nbsp;<\/p>\n","protected":false},"excerpt":{"rendered":"<p>L&#8217;Escola La Serreta es troba ubicada en el municipi d&#8217;Alella. Podeu accedir a la nostra localitzaci\u00f3 mitjan\u00e7ant el pl\u00e0nol que us adjuntem. Adre\u00e7a postal: Carrer N\u00faria, 26-28. CP: 08328 Alella Tel. 93.540.64.27 E-mail escola: a8061063@xtec.cat E-mail administraci\u00f3: secretaria@laserretaalella.cat &nbsp; &nbsp; Com arribar-hi: Tren: Estaci\u00f3 Ocata, 22&#8242; a 1,6 km. Cotxe: aparcament just al costat de [&hellip;]<\/p>\n","protected":false},"author":1,"featured_media":0,"parent":22,"menu_order":10,"comment_status":"closed","ping_status":"closed","template":"","meta":{"_bbp_topic_count":0,"_bbp_reply_count":0,"_bbp_total_topic_count":0,"_bbp_total_reply_count":0,"_bbp_voice_count":0,"_bbp_anonymous_reply_count":0,"_bbp_topic_count_hidden":0,"_bbp_reply_count_hidden":0,"_bbp_forum_subforum_count":0,"site-sidebar-layout":"default","site-content-layout":"","ast-site-content-layout":"default","site-content-style":"default","site-sidebar-style":"default","ast-global-header-display":"","ast-banner-title-visibility":"","ast-main-header-display":"","ast-hfb-above-header-display":"","ast-hfb-below-header-display":"","ast-hfb-mobile-header-display":"","site-post-title":"","ast-breadcrumbs-content":"","ast-featured-img":"","footer-sml-layout":"","theme-transparent-header-meta":"default","adv-header-id-meta":"","stick-header-meta":"","header-above-stick-meta":"","header-main-stick-meta":"","header-below-stick-meta":"","astra-migrate-meta-layouts":"set","ast-page-background-enabled":"default","ast-page-background-meta":{"desktop":{"background-color":"var(--ast-global-color-5)","background-image":"","background-repeat":"repeat","background-position":"center center","background-size":"auto","background-attachment":"scroll","background-type":"","background-media":"","overlay-type":"","overlay-color":"","overlay-opacity":"","overlay-gradient":""},"tablet":{"background-color":"","background-image":"","background-repeat":"repeat","background-position":"center center","background-size":"auto","background-attachment":"scroll","background-type":"","background-media":"","overlay-type":"","overlay-color":"","overlay-opacity":"","overlay-gradient":""},"mobile":{"background-color":"","background-image":"","background-repeat":"repeat","background-position":"center center","background-size":"auto","background-attachment":"scroll","background-type":"","background-media":"","overlay-type":"","overlay-color":"","overlay-opacity":"","overlay-gradient":""}},"ast-content-background-meta":{"desktop":{"background-color":"var(--ast-global-color-4)","background-image":"","background-repeat":"repeat","background-position":"center center","background-size":"auto","background-attachment":"scroll","background-type":"","background-media":"","overlay-type":"","overlay-color":"","overlay-opacity":"","overlay-gradient":""},"tablet":{"background-color":"var(--ast-global-color-4)","background-image":"","background-repeat":"repeat","background-position":"center center","background-size":"auto","background-attachment":"scroll","background-type":"","background-media":"","overlay-type":"","overlay-color":"","overlay-opacity":"","overlay-gradient":""},"mobile":{"background-color":"var(--ast-global-color-4)","background-image":"","background-repeat":"repeat","background-position":"center center","background-size":"auto","background-attachment":"scroll","background-type":"","background-media":"","overlay-type":"","overlay-color":"","overlay-opacity":"","overlay-gradient":""}},"footnotes":""},"class_list":["post-24","page","type-page","status-publish","hentry"],"post_mailing_queue_ids":[],"_links":{"self":[{"href":"https:\/\/agora.xtec.cat\/escolalaserretaalella\/wp-json\/wp\/v2\/pages\/24","targetHints":{"allow":["GET"]}}],"collection":[{"href":"https:\/\/agora.xtec.cat\/escolalaserretaalella\/wp-json\/wp\/v2\/pages"}],"about":[{"href":"https:\/\/agora.xtec.cat\/escolalaserretaalella\/wp-json\/wp\/v2\/types\/page"}],"author":[{"embeddable":true,"href":"https:\/\/agora.xtec.cat\/escolalaserretaalella\/wp-json\/wp\/v2\/users\/1"}],"replies":[{"embeddable":true,"href":"https:\/\/agora.xtec.cat\/escolalaserretaalella\/wp-json\/wp\/v2\/comments?post=24"}],"version-history":[{"count":6,"href":"https:\/\/agora.xtec.cat\/escolalaserretaalella\/wp-json\/wp\/v2\/pages\/24\/revisions"}],"predecessor-version":[{"id":4179,"href":"https:\/\/agora.xtec.cat\/escolalaserretaalella\/wp-json\/wp\/v2\/pages\/24\/revisions\/4179"}],"up":[{"embeddable":true,"href":"https:\/\/agora.xtec.cat\/escolalaserretaalella\/wp-json\/wp\/v2\/pages\/22"}],"wp:attachment":[{"href":"https:\/\/agora.xtec.cat\/escolalaserretaalella\/wp-json\/wp\/v2\/media?parent=24"}],"curies":[{"name":"wp","href":"https:\/\/api.w.org\/{rel}","templated":true}]}}