{"id":2335,"date":"2022-05-13T17:18:39","date_gmt":"2022-05-13T15:18:39","guid":{"rendered":"https:\/\/agora.xtec.cat\/escolalaserretaalella\/?page_id=2335"},"modified":"2025-09-07T21:54:13","modified_gmt":"2025-09-07T19:54:13","slug":"consell-dinfants","status":"publish","type":"page","link":"https:\/\/agora.xtec.cat\/escolalaserretaalella\/consell-dinfants\/","title":{"rendered":"Consell d&#8217;Infants"},"content":{"rendered":"<p>El Consell d&#8217;Infants \u00e9s l&#8217;\u00f2rgan de representaci\u00f3 dels i de les alumnes de l&#8217;escola on es debaten, argumenten i consensuen q\u00fcestions que s\u00f3n de l&#8217;inter\u00e8s de l&#8217;alumnat.<br \/>\nEls propis infants, acompanyats per un representant de les fam\u00edlies i de l&#8217;equip directiu, prendran decisions sobre q\u00fcestions que tenen a veure amb el conjunt de l&#8217;escola. D&#8217;aquesta manera fomentem la\u00a0<strong>participaci\u00f3<\/strong> de l&#8217;alumnat en la\u00a0<strong>presa de decisions<\/strong> i valors com la\u00a0<strong>responsabilitat,<\/strong> <strong>comprom\u00eds<\/strong> i <strong>vincle\u00a0<\/strong>amb l&#8217;escola per aconseguir\u00a0<strong>millores<\/strong> constants.<\/p>\n<p>Si cliqueu sobre la imatge trobareu informaci\u00f3 que tenen a veure amb les caracter\u00edstiques d&#8217;aquest \u00f2rgan de participaci\u00f3 i les decisions que en ell es prenen.<\/p>\n<table style=\"border-collapse: collapse; width: 96.8336%; height: 263px;\">\n<tbody>\n<tr>\n<td style=\"width: 33.3333%;\">\n<figure id=\"attachment_2336\" aria-describedby=\"caption-attachment-2336\" style=\"width: 457px\" class=\"wp-caption aligncenter\"><a href=\"https:\/\/drive.google.com\/file\/d\/1j_ooUm4Su9QN2pjRO7FRU8f8PdjopSWT\/view?usp=sharing\" target=\"_blank\" rel=\"noopener\"><img loading=\"lazy\" decoding=\"async\" class=\"wp-image-2336\" src=\"https:\/\/agora.xtec.cat\/escolalaserretaalella\/wp-content\/uploads\/usu2234\/2022\/05\/Nueva-imagen-1.png\" alt=\"\" width=\"457\" height=\"197\" srcset=\"https:\/\/agora.xtec.cat\/escolalaserretaalella\/wp-content\/uploads\/usu2234\/2022\/05\/Nueva-imagen-1.png 1566w, https:\/\/agora.xtec.cat\/escolalaserretaalella\/wp-content\/uploads\/usu2234\/2022\/05\/Nueva-imagen-1-300x129.png 300w, https:\/\/agora.xtec.cat\/escolalaserretaalella\/wp-content\/uploads\/usu2234\/2022\/05\/Nueva-imagen-1-1024x441.png 1024w, https:\/\/agora.xtec.cat\/escolalaserretaalella\/wp-content\/uploads\/usu2234\/2022\/05\/Nueva-imagen-1-768x331.png 768w, https:\/\/agora.xtec.cat\/escolalaserretaalella\/wp-content\/uploads\/usu2234\/2022\/05\/Nueva-imagen-1-1536x662.png 1536w\" sizes=\"auto, (max-width: 457px) 100vw, 457px\" \/><\/a><figcaption id=\"caption-attachment-2336\" class=\"wp-caption-text\">Per qu\u00e8 un Consell d&#8217;infants?<\/figcaption><\/figure>\n<\/td>\n<td style=\"width: 33.3333%;\" colspan=\"2\">\u00a0<\/td>\n<\/tr>\n<\/tbody>\n<\/table>\n","protected":false},"excerpt":{"rendered":"<p>El Consell d&#8217;Infants \u00e9s l&#8217;\u00f2rgan de representaci\u00f3 dels i de les alumnes de l&#8217;escola on es debaten, argumenten i consensuen q\u00fcestions que s\u00f3n de l&#8217;inter\u00e8s de l&#8217;alumnat. Els propis infants, acompanyats per un representant de les fam\u00edlies i de l&#8217;equip directiu, prendran decisions sobre q\u00fcestions que tenen a veure amb el conjunt de l&#8217;escola. D&#8217;aquesta [&hellip;]<\/p>\n","protected":false},"author":1,"featured_media":0,"parent":0,"menu_order":0,"comment_status":"closed","ping_status":"closed","template":"","meta":{"_bbp_topic_count":0,"_bbp_reply_count":0,"_bbp_total_topic_count":0,"_bbp_total_reply_count":0,"_bbp_voice_count":0,"_bbp_anonymous_reply_count":0,"_bbp_topic_count_hidden":0,"_bbp_reply_count_hidden":0,"_bbp_forum_subforum_count":0,"site-sidebar-layout":"default","site-content-layout":"","ast-site-content-layout":"default","site-content-style":"default","site-sidebar-style":"default","ast-global-header-display":"","ast-banner-title-visibility":"","ast-main-header-display":"","ast-hfb-above-header-display":"","ast-hfb-below-header-display":"","ast-hfb-mobile-header-display":"","site-post-title":"","ast-breadcrumbs-content":"","ast-featured-img":"","footer-sml-layout":"","theme-transparent-header-meta":"default","adv-header-id-meta":"","stick-header-meta":"","header-above-stick-meta":"","header-main-stick-meta":"","header-below-stick-meta":"","astra-migrate-meta-layouts":"set","ast-page-background-enabled":"default","ast-page-background-meta":{"desktop":{"background-color":"var(--ast-global-color-5)","background-image":"","background-repeat":"repeat","background-position":"center center","background-size":"auto","background-attachment":"scroll","background-type":"","background-media":"","overlay-type":"","overlay-color":"","overlay-opacity":"","overlay-gradient":""},"tablet":{"background-color":"","background-image":"","background-repeat":"repeat","background-position":"center center","background-size":"auto","background-attachment":"scroll","background-type":"","background-media":"","overlay-type":"","overlay-color":"","overlay-opacity":"","overlay-gradient":""},"mobile":{"background-color":"","background-image":"","background-repeat":"repeat","background-position":"center center","background-size":"auto","background-attachment":"scroll","background-type":"","background-media":"","overlay-type":"","overlay-color":"","overlay-opacity":"","overlay-gradient":""}},"ast-content-background-meta":{"desktop":{"background-color":"var(--ast-global-color-4)","background-image":"","background-repeat":"repeat","background-position":"center center","background-size":"auto","background-attachment":"scroll","background-type":"","background-media":"","overlay-type":"","overlay-color":"","overlay-opacity":"","overlay-gradient":""},"tablet":{"background-color":"var(--ast-global-color-4)","background-image":"","background-repeat":"repeat","background-position":"center center","background-size":"auto","background-attachment":"scroll","background-type":"","background-media":"","overlay-type":"","overlay-color":"","overlay-opacity":"","overlay-gradient":""},"mobile":{"background-color":"var(--ast-global-color-4)","background-image":"","background-repeat":"repeat","background-position":"center center","background-size":"auto","background-attachment":"scroll","background-type":"","background-media":"","overlay-type":"","overlay-color":"","overlay-opacity":"","overlay-gradient":""}},"footnotes":""},"class_list":["post-2335","page","type-page","status-publish","hentry"],"post_mailing_queue_ids":[],"_links":{"self":[{"href":"https:\/\/agora.xtec.cat\/escolalaserretaalella\/wp-json\/wp\/v2\/pages\/2335","targetHints":{"allow":["GET"]}}],"collection":[{"href":"https:\/\/agora.xtec.cat\/escolalaserretaalella\/wp-json\/wp\/v2\/pages"}],"about":[{"href":"https:\/\/agora.xtec.cat\/escolalaserretaalella\/wp-json\/wp\/v2\/types\/page"}],"author":[{"embeddable":true,"href":"https:\/\/agora.xtec.cat\/escolalaserretaalella\/wp-json\/wp\/v2\/users\/1"}],"replies":[{"embeddable":true,"href":"https:\/\/agora.xtec.cat\/escolalaserretaalella\/wp-json\/wp\/v2\/comments?post=2335"}],"version-history":[{"count":4,"href":"https:\/\/agora.xtec.cat\/escolalaserretaalella\/wp-json\/wp\/v2\/pages\/2335\/revisions"}],"predecessor-version":[{"id":2590,"href":"https:\/\/agora.xtec.cat\/escolalaserretaalella\/wp-json\/wp\/v2\/pages\/2335\/revisions\/2590"}],"wp:attachment":[{"href":"https:\/\/agora.xtec.cat\/escolalaserretaalella\/wp-json\/wp\/v2\/media?parent=2335"}],"curies":[{"name":"wp","href":"https:\/\/api.w.org\/{rel}","templated":true}]}}