{"id":1548,"date":"2021-04-05T20:50:15","date_gmt":"2021-04-05T18:50:15","guid":{"rendered":"https:\/\/agora.xtec.cat\/escolalaserretaalella\/?page_id=1548"},"modified":"2026-01-12T15:42:42","modified_gmt":"2026-01-12T14:42:42","slug":"la-serreta-digital","status":"publish","type":"page","link":"https:\/\/agora.xtec.cat\/escolalaserretaalella\/la-serreta-digital\/","title":{"rendered":"La Serreta digital &#8211; revista"},"content":{"rendered":"<p>La Serreta digital \u00e9s la proposta que fa l&#8217;escola per informar a la comunitat educativa d&#8217;aspectes i esdeveniments que han succe\u00eft al llarg d&#8217;un trimestre.<\/p>\n<p>Aquesta iniciativa vol donar a con\u00e8ixer informacions valuoses en un format interactiu, permetent a les persones interessades con\u00e8ixer la realitat del centre. Amb aquest tipus d&#8217;edici\u00f3, l&#8217;escola vol contribuir a la cura del medi ambient evitant una gran quantitat d&#8217;impressions d&#8217;una revista escolar habitual, per\u00f2 a la vegada volem seguir implicant a l&#8217;alumnat, fam\u00edlies i mestres en la seva edici\u00f3 i elaboraci\u00f3, sense deixar de facilitar informaci\u00f3 que pugui ser de l&#8217;inter\u00e8s de tots i totes.<\/p>\n<p>Des de les seg\u00fcents imatges podeu accedir a les diferents edicions de &#8220;La Serreta digital&#8221;.<\/p>\n<div class=\"row\" style=\"margin-bottom: 1em !important;\">\n<div class=\"small-12 large-4 text-center columns\">\n<p><a href=\"https:\/\/www.canva.com\/design\/DAEPdGNs56g\/IaQrN-3XSRJ3PqZ3md6dQw\/view?utm_content=DAEPdGNs56g&amp;utm_campaign=designshare&amp;utm_medium=link&amp;utm_source=homepage_design_menu\" target=\"_blank\" rel=\"noopener\"><img loading=\"lazy\" decoding=\"async\" class=\"alignleft  wp-image-3005\" src=\"https:\/\/agora.xtec.cat\/escolalaserretaalella\/wp-content\/uploads\/usu2234\/2024\/01\/Revista-digital-792x1024-1.png\" alt=\"\" width=\"724\" height=\"936\" srcset=\"https:\/\/agora.xtec.cat\/escolalaserretaalella\/wp-content\/uploads\/usu2234\/2024\/01\/Revista-digital-792x1024-1.png 792w, https:\/\/agora.xtec.cat\/escolalaserretaalella\/wp-content\/uploads\/usu2234\/2024\/01\/Revista-digital-792x1024-1-232x300.png 232w, https:\/\/agora.xtec.cat\/escolalaserretaalella\/wp-content\/uploads\/usu2234\/2024\/01\/Revista-digital-792x1024-1-768x993.png 768w\" sizes=\"auto, (max-width: 724px) 100vw, 724px\" \/><\/a><\/p>\n<h3>1a edici\u00f3<\/h3>\n<p>Desembre 2020<\/p>\n<p>&nbsp;<\/p>\n<\/div>\n<div class=\"small-12 large-4 text-center columns\">\n<p><a href=\"https:\/\/www.canva.com\/design\/DAEZest7ZLQ\/view\" target=\"_blank\" rel=\"noopener\"><img loading=\"lazy\" decoding=\"async\" class=\"alignleft  wp-image-3006\" src=\"https:\/\/agora.xtec.cat\/escolalaserretaalella\/wp-content\/uploads\/usu2234\/2024\/01\/2a-edicio.jpg\" alt=\"\" width=\"724\" height=\"938\" srcset=\"https:\/\/agora.xtec.cat\/escolalaserretaalella\/wp-content\/uploads\/usu2234\/2024\/01\/2a-edicio.jpg 600w, https:\/\/agora.xtec.cat\/escolalaserretaalella\/wp-content\/uploads\/usu2234\/2024\/01\/2a-edicio-232x300.jpg 232w\" sizes=\"auto, (max-width: 724px) 100vw, 724px\" \/><\/a><\/p>\n<h3>2a edici\u00f3<\/h3>\n<p style=\"margin-bottom: 0.2em;\">Mar\u00e7 2021<\/p>\n<p>&nbsp;<\/p>\n<\/div>\n<div class=\"small-12 large-4 text-center columns\">\n<p><a href=\"https:\/\/www.canva.com\/design\/DAEhWR6XhPs\/qpYj1Ajt2O3vIKI9XmDgfw\/view?utm_content=DAEhWR6XhPs&amp;utm_campaign=designshare&amp;utm_medium=link&amp;utm_source=publishpresent\" target=\"_blank\" rel=\"noopener\"><img loading=\"lazy\" decoding=\"async\" class=\"alignleft wp-image-3007\" src=\"https:\/\/agora.xtec.cat\/escolalaserretaalella\/wp-content\/uploads\/usu2234\/2024\/01\/3a-edicio.jpg\" alt=\"\" width=\"724\" height=\"938\" srcset=\"https:\/\/agora.xtec.cat\/escolalaserretaalella\/wp-content\/uploads\/usu2234\/2024\/01\/3a-edicio.jpg 768w, https:\/\/agora.xtec.cat\/escolalaserretaalella\/wp-content\/uploads\/usu2234\/2024\/01\/3a-edicio-232x300.jpg 232w\" sizes=\"auto, (max-width: 724px) 100vw, 724px\" \/><\/a><\/p>\n<h3>3a edici\u00f3<\/h3>\n<p>Juny 2021<\/p>\n<p>&nbsp;<\/p>\n<\/div>\n<\/div>\n<div class=\"row\" style=\"margin-bottom: 1em !important;\">\n<div class=\"small-12 large-4 text-center columns\">\n<p><a href=\"https:\/\/www.canva.com\/design\/DAExNjnbxN0\/WkmbifKfR9QPO-5-jIp9ug\/view\" target=\"_blank\" rel=\"noopener\"><img loading=\"lazy\" decoding=\"async\" class=\"alignleft  wp-image-3008\" src=\"https:\/\/agora.xtec.cat\/escolalaserretaalella\/wp-content\/uploads\/usu2234\/2024\/01\/2022-07-19-21_31_33-REVISTA-DIGITIAL-4a-edicio-desembre-2021.png\" alt=\"\" width=\"724\" height=\"957\" srcset=\"https:\/\/agora.xtec.cat\/escolalaserretaalella\/wp-content\/uploads\/usu2234\/2024\/01\/2022-07-19-21_31_33-REVISTA-DIGITIAL-4a-edicio-desembre-2021.png 662w, https:\/\/agora.xtec.cat\/escolalaserretaalella\/wp-content\/uploads\/usu2234\/2024\/01\/2022-07-19-21_31_33-REVISTA-DIGITIAL-4a-edicio-desembre-2021-227x300.png 227w\" sizes=\"auto, (max-width: 724px) 100vw, 724px\" \/><\/a><\/p>\n<h3>4a edici\u00f3<\/h3>\n<p style=\"margin-bottom: 0.2em;\">Desembre 2021<\/p>\n<p>&nbsp;<\/p>\n<\/div>\n<div class=\"small-12 large-4 text-center columns\">\n<p><a href=\"https:\/\/www.canva.com\/design\/DAE8oqR7Pso\/2TZA6y280rCbv30LVi5YPw\/view?utm_content=DAE8oqR7Pso&amp;utm_campaign=designshare&amp;utm_medium=link&amp;utm_source=homepage_design_menu#1\" target=\"_blank\" rel=\"noopener\"><img loading=\"lazy\" decoding=\"async\" class=\"alignleft  wp-image-3009\" src=\"https:\/\/agora.xtec.cat\/escolalaserretaalella\/wp-content\/uploads\/usu2234\/2024\/01\/2022-07-19-21_38_18-REVISTA-DIGITIAL-5a-edicio-abril-2022.png\" alt=\"\" width=\"735\" height=\"973\" srcset=\"https:\/\/agora.xtec.cat\/escolalaserretaalella\/wp-content\/uploads\/usu2234\/2024\/01\/2022-07-19-21_38_18-REVISTA-DIGITIAL-5a-edicio-abril-2022.png 661w, https:\/\/agora.xtec.cat\/escolalaserretaalella\/wp-content\/uploads\/usu2234\/2024\/01\/2022-07-19-21_38_18-REVISTA-DIGITIAL-5a-edicio-abril-2022-227x300.png 227w\" sizes=\"auto, (max-width: 735px) 100vw, 735px\" \/><\/a><\/p>\n<h3>5a edici\u00f3<\/h3>\n<p style=\"margin-bottom: 0.2em;\">Abril 2022<\/p>\n<p>&nbsp;<\/p>\n<\/div>\n<div class=\"small-12 large-4 text-center columns\">\n<p><a href=\"https:\/\/www.canva.com\/design\/DAFCV7znMWA\/vRf-HjeGQ3L-CzVC_Pu17A\/view\" target=\"_blank\" rel=\"noopener\"><img loading=\"lazy\" decoding=\"async\" class=\"alignleft  wp-image-3010\" src=\"https:\/\/agora.xtec.cat\/escolalaserretaalella\/wp-content\/uploads\/usu2234\/2024\/01\/2022-07-19-21_25_12-Revista-digital-6a-edicio-juny-2022.png\" alt=\"\" width=\"725\" height=\"962\" srcset=\"https:\/\/agora.xtec.cat\/escolalaserretaalella\/wp-content\/uploads\/usu2234\/2024\/01\/2022-07-19-21_25_12-Revista-digital-6a-edicio-juny-2022.png 661w, https:\/\/agora.xtec.cat\/escolalaserretaalella\/wp-content\/uploads\/usu2234\/2024\/01\/2022-07-19-21_25_12-Revista-digital-6a-edicio-juny-2022-226x300.png 226w\" sizes=\"auto, (max-width: 725px) 100vw, 725px\" \/><\/a><\/p>\n<h3>6a edici\u00f3<\/h3>\n<p style=\"margin-bottom: 0.2em;\">Juny 2022<\/p>\n<p>&nbsp;<\/p>\n<\/div>\n<\/div>\n<div class=\"row\" style=\"margin-bottom: 1em !important;\">\n<div class=\"small-12 large-4 text-center columns\">\n<p><a href=\"https:\/\/www.canva.com\/design\/DAFUk7Cxu1E\/BZXSn3JoY8VBxY6CDmTaQw\/view?utm_content=DAFUk7Cxu1E&amp;utm_campaign=designshare&amp;utm_medium=link&amp;utm_source=publishsharelink\" target=\"_blank\" rel=\"noopener\"><img loading=\"lazy\" decoding=\"async\" class=\"alignleft  wp-image-3011\" src=\"https:\/\/agora.xtec.cat\/escolalaserretaalella\/wp-content\/uploads\/usu2234\/2024\/01\/2023-01-22-13_58_24-Revista-digital-7a-edicio-desembre-2022.png\" alt=\"\" width=\"724\" height=\"1089\" srcset=\"https:\/\/agora.xtec.cat\/escolalaserretaalella\/wp-content\/uploads\/usu2234\/2024\/01\/2023-01-22-13_58_24-Revista-digital-7a-edicio-desembre-2022.png 716w, https:\/\/agora.xtec.cat\/escolalaserretaalella\/wp-content\/uploads\/usu2234\/2024\/01\/2023-01-22-13_58_24-Revista-digital-7a-edicio-desembre-2022-199x300.png 199w, https:\/\/agora.xtec.cat\/escolalaserretaalella\/wp-content\/uploads\/usu2234\/2024\/01\/2023-01-22-13_58_24-Revista-digital-7a-edicio-desembre-2022-681x1024.png 681w\" sizes=\"auto, (max-width: 724px) 100vw, 724px\" \/><\/a><\/p>\n<h3>7a edici\u00f3<\/h3>\n<p style=\"margin-bottom: 0.2em;\">Desembre 2022<\/p>\n<p>&nbsp;<\/p>\n<\/div>\n<div class=\"small-12 large-4 text-center columns\">\n<p><a href=\"https:\/\/www.canva.com\/design\/DAFdcaKPvXA\/adRPRxVqoV3FDafcGMOYUQ\/view\" target=\"_blank\" rel=\"noopener\"><img loading=\"lazy\" decoding=\"async\" class=\"alignleft  wp-image-3014\" src=\"https:\/\/agora.xtec.cat\/escolalaserretaalella\/wp-content\/uploads\/usu2234\/2024\/01\/2024-01-04-12_39_20-Revista-Digital-8a-edicio-marc-2023.png\" alt=\"\" width=\"724\" height=\"1089\" \/><\/a><\/p>\n<h3>8a edici\u00f3<\/h3>\n<p style=\"margin-bottom: 0.2em;\">Mar\u00e7 2023<\/p>\n<p>&nbsp;<\/p>\n<\/div>\n<div class=\"small-12 large-4 text-center columns\">\n<p><a href=\"https:\/\/www.canva.com\/design\/DAFkYH5IgqQ\/7UgM5eVZSx45iUHKZZCZug\/view\" target=\"_blank\" rel=\"noopener\"><img loading=\"lazy\" decoding=\"async\" class=\"alignleft  wp-image-3018\" src=\"https:\/\/agora.xtec.cat\/escolalaserretaalella\/wp-content\/uploads\/usu2234\/2024\/01\/9a-edicio.png\" alt=\"\" width=\"724\" height=\"1089\" srcset=\"https:\/\/agora.xtec.cat\/escolalaserretaalella\/wp-content\/uploads\/usu2234\/2024\/01\/9a-edicio.png 716w, https:\/\/agora.xtec.cat\/escolalaserretaalella\/wp-content\/uploads\/usu2234\/2024\/01\/9a-edicio-199x300.png 199w, https:\/\/agora.xtec.cat\/escolalaserretaalella\/wp-content\/uploads\/usu2234\/2024\/01\/9a-edicio-681x1024.png 681w\" sizes=\"auto, (max-width: 724px) 100vw, 724px\" \/><\/a><\/p>\n<h3>9a edici\u00f3<\/h3>\n<p style=\"margin-bottom: 0.2em;\">Juny 2023<\/p>\n<p>&nbsp;<\/p>\n<\/div>\n<\/div>\n<div class=\"row\" style=\"margin-bottom: 1em !important;\">\n<div class=\"small-12 large-4 text-center columns\">\n<p><a href=\"https:\/\/www.canva.com\/design\/DAF1uxI4MOI\/eO_WapgUD0G6ymlzLiAfEQ\/view?utm_content=DAF1uxI4MOI&amp;utm_campaign=designshare&amp;utm_medium=link&amp;utm_source=editor\" target=\"_blank\" rel=\"noopener\"> <img loading=\"lazy\" decoding=\"async\" class=\"alignleft  wp-image-3222\" src=\"https:\/\/agora.xtec.cat\/escolalaserretaalella\/wp-content\/uploads\/usu2234\/2024\/04\/2024-04-03-20_06_33-Revista-digital-10-edicio-desembre-2023.png\" alt=\"\" width=\"724\" height=\"1089\" srcset=\"https:\/\/agora.xtec.cat\/escolalaserretaalella\/wp-content\/uploads\/usu2234\/2024\/04\/2024-04-03-20_06_33-Revista-digital-10-edicio-desembre-2023.png 716w, https:\/\/agora.xtec.cat\/escolalaserretaalella\/wp-content\/uploads\/usu2234\/2024\/04\/2024-04-03-20_06_33-Revista-digital-10-edicio-desembre-2023-199x300.png 199w, https:\/\/agora.xtec.cat\/escolalaserretaalella\/wp-content\/uploads\/usu2234\/2024\/04\/2024-04-03-20_06_33-Revista-digital-10-edicio-desembre-2023-681x1024.png 681w\" sizes=\"auto, (max-width: 724px) 100vw, 724px\" \/><\/a><\/p>\n<h3>10a edici\u00f3<\/h3>\n<p>Desembre 2023<\/p>\n<p>&nbsp;<\/p>\n<\/div>\n<div class=\"small-12 large-4 text-center columns\">\n<p><a href=\"https:\/\/www.canva.com\/design\/DAGAPw8d0WQ\/19NQhmwGeeidJVFnXl8lCg\/view?utm_content=DAGAPw8d0WQ&amp;utm_campaign=designshare&amp;utm_medium=embeds&amp;utm_source=link\" target=\"_blank\" rel=\"noopener\"><img loading=\"lazy\" decoding=\"async\" class=\"alignleft  wp-image-3221\" src=\"https:\/\/agora.xtec.cat\/escolalaserretaalella\/wp-content\/uploads\/usu2234\/2024\/04\/2024-04-03-20_01_23-Revista-digital-\u2013-11a-edicio-_-Escola-La-Serreta-Alella.png\" alt=\"\" width=\"724\" height=\"1089\" srcset=\"https:\/\/agora.xtec.cat\/escolalaserretaalella\/wp-content\/uploads\/usu2234\/2024\/04\/2024-04-03-20_01_23-Revista-digital-\u2013-11a-edicio-_-Escola-La-Serreta-Alella.png 716w, https:\/\/agora.xtec.cat\/escolalaserretaalella\/wp-content\/uploads\/usu2234\/2024\/04\/2024-04-03-20_01_23-Revista-digital-\u2013-11a-edicio-_-Escola-La-Serreta-Alella-199x300.png 199w, https:\/\/agora.xtec.cat\/escolalaserretaalella\/wp-content\/uploads\/usu2234\/2024\/04\/2024-04-03-20_01_23-Revista-digital-\u2013-11a-edicio-_-Escola-La-Serreta-Alella-681x1024.png 681w\" sizes=\"auto, (max-width: 724px) 100vw, 724px\" \/><\/a><\/p>\n<h3>11a edici\u00f3<\/h3>\n<p style=\"margin-bottom: 0.2em;\">Mar\u00e7 2024<\/p>\n<p>&nbsp;<\/p>\n<\/div>\n<div class=\"small-12 large-4 text-center columns\"><a href=\"https:\/\/www.canva.com\/design\/DAGHwqOe0P8\/P1Z92J7ns1AkhQwjrt9g2A\/view?utm_content=DAGHwqOe0P8&amp;utm_campaign=designshare&amp;utm_medium=link&amp;utm_source=editor\" target=\"_blank\" rel=\"noopener\"><img loading=\"lazy\" decoding=\"async\" class=\" wp-image-3365 alignleft\" src=\"https:\/\/agora.xtec.cat\/escolalaserretaalella\/wp-content\/uploads\/usu2234\/2024\/07\/2024-07-17-10_49_28-Revista-digital-\u2013-12a-edicio-_-Escola-La-Serreta-Alella-e1721206669346-680x1024.png\" alt=\"\" width=\"724\" height=\"1090\" srcset=\"https:\/\/agora.xtec.cat\/escolalaserretaalella\/wp-content\/uploads\/usu2234\/2024\/07\/2024-07-17-10_49_28-Revista-digital-\u2013-12a-edicio-_-Escola-La-Serreta-Alella-e1721206669346-680x1024.png 680w, https:\/\/agora.xtec.cat\/escolalaserretaalella\/wp-content\/uploads\/usu2234\/2024\/07\/2024-07-17-10_49_28-Revista-digital-\u2013-12a-edicio-_-Escola-La-Serreta-Alella-e1721206669346-199x300.png 199w, https:\/\/agora.xtec.cat\/escolalaserretaalella\/wp-content\/uploads\/usu2234\/2024\/07\/2024-07-17-10_49_28-Revista-digital-\u2013-12a-edicio-_-Escola-La-Serreta-Alella-e1721206669346.png 714w\" sizes=\"auto, (max-width: 724px) 100vw, 724px\" \/><\/a><\/p>\n<h3>12a edici\u00f3<\/h3>\n<p>Juny 2024<\/p>\n<p>&nbsp;<\/p>\n<\/div>\n<\/div>\n<div class=\"row\" style=\"margin-bottom: 1em !important;\">\n<div class=\"small-12 large-4 text-center columns\"><a href=\"https:\/\/13aedicio.my.canva.site\/\" target=\"_blank\" rel=\"noopener\"><img loading=\"lazy\" decoding=\"async\" class=\" wp-image-3507 alignleft\" src=\"https:\/\/agora.xtec.cat\/escolalaserretaalella\/wp-content\/uploads\/usu2234\/2025\/01\/Portada-revista-2-789x1024.png\" alt=\"\" width=\"724\" height=\"939\" srcset=\"https:\/\/agora.xtec.cat\/escolalaserretaalella\/wp-content\/uploads\/usu2234\/2025\/01\/Portada-revista-2-789x1024.png 789w, https:\/\/agora.xtec.cat\/escolalaserretaalella\/wp-content\/uploads\/usu2234\/2025\/01\/Portada-revista-2-231x300.png 231w, https:\/\/agora.xtec.cat\/escolalaserretaalella\/wp-content\/uploads\/usu2234\/2025\/01\/Portada-revista-2-768x997.png 768w, https:\/\/agora.xtec.cat\/escolalaserretaalella\/wp-content\/uploads\/usu2234\/2025\/01\/Portada-revista-2.png 803w\" sizes=\"auto, (max-width: 724px) 100vw, 724px\" \/><\/a><\/p>\n<h3>13a edici\u00f3<\/h3>\n<p>Desembre 2024<\/p>\n<p>&nbsp;<\/p>\n<\/div>\n<div class=\"small-12 large-4 text-center columns\"><a href=\"https:\/\/13aedicio.my.canva.site\/revista-digital-14a-edici-abril-2025\" target=\"_blank\" rel=\"noopener\"><img loading=\"lazy\" decoding=\"async\" class=\"alignleft  wp-image-3732\" src=\"https:\/\/agora.xtec.cat\/escolalaserretaalella\/wp-content\/uploads\/usu2234\/2025\/04\/2025-04-11-21_46_43-Revista-Digital-14a-edicio-abril-2025-715x1024.png\" alt=\"\" width=\"724\" height=\"1037\" \/><\/a><\/p>\n<h3>14a edici\u00f3<\/h3>\n<p style=\"margin-bottom: 0.2em;\">Abril 2025<\/p>\n<p>&nbsp;<\/p>\n<\/div>\n<div class=\"small-12 large-4 text-center columns\"><a href=\"https:\/\/www.canva.com\/design\/DAGqmjBlGNM\/kSqU07xHEQ9-SvAADaG5dQ\/view?utm_content=DAGqmjBlGNM&amp;utm_campaign=designshare&amp;utm_medium=link2&amp;utm_source=uniquelinks&amp;utlId=hcd85811755\" target=\"_blank\" rel=\"noopener\"><img loading=\"lazy\" decoding=\"async\" class=\"alignleft  wp-image-3809\" src=\"https:\/\/agora.xtec.cat\/escolalaserretaalella\/wp-content\/uploads\/usu2234\/2025\/07\/Escola-La-Serreta.png\" alt=\"\" width=\"726\" height=\"1030\" srcset=\"https:\/\/agora.xtec.cat\/escolalaserretaalella\/wp-content\/uploads\/usu2234\/2025\/07\/Escola-La-Serreta.png 639w, https:\/\/agora.xtec.cat\/escolalaserretaalella\/wp-content\/uploads\/usu2234\/2025\/07\/Escola-La-Serreta-211x300.png 211w\" sizes=\"auto, (max-width: 726px) 100vw, 726px\" \/><\/a><\/p>\n<h3>15a edici\u00f3<\/h3>\n<p>Juny 2025<\/p>\n<\/div>\n<\/div>\n<p><a href=\"https:\/\/www.canva.com\/design\/DAG7rFLZBYA\/2q-uE0fir2tgIvqvbucYTQ\/view?utm_content=DAG7rFLZBYA&amp;utm_campaign=designshare&amp;utm_medium=link2&amp;utm_source=uniquelinks&amp;utlId=ha62e7ec7fa\" target=\"_blank\" rel=\"noopener\"><img loading=\"lazy\" decoding=\"async\" class=\"alignleft  wp-image-4112\" src=\"https:\/\/agora.xtec.cat\/escolalaserretaalella\/wp-content\/uploads\/usu2234\/2026\/01\/REVISTA-DIGITAL-16a-edicio-desembre-2025-724x1024.jpg\" alt=\"\" width=\"724\" height=\"1024\" srcset=\"https:\/\/agora.xtec.cat\/escolalaserretaalella\/wp-content\/uploads\/usu2234\/2026\/01\/REVISTA-DIGITAL-16a-edicio-desembre-2025-724x1024.jpg 724w, https:\/\/agora.xtec.cat\/escolalaserretaalella\/wp-content\/uploads\/usu2234\/2026\/01\/REVISTA-DIGITAL-16a-edicio-desembre-2025-212x300.jpg 212w, https:\/\/agora.xtec.cat\/escolalaserretaalella\/wp-content\/uploads\/usu2234\/2026\/01\/REVISTA-DIGITAL-16a-edicio-desembre-2025-768x1086.jpg 768w, https:\/\/agora.xtec.cat\/escolalaserretaalella\/wp-content\/uploads\/usu2234\/2026\/01\/REVISTA-DIGITAL-16a-edicio-desembre-2025-1086x1536.jpg 1086w, https:\/\/agora.xtec.cat\/escolalaserretaalella\/wp-content\/uploads\/usu2234\/2026\/01\/REVISTA-DIGITAL-16a-edicio-desembre-2025.jpg 1414w\" sizes=\"auto, (max-width: 724px) 100vw, 724px\" \/><\/a><\/p>\n<p>&nbsp;<\/p>\n<h3>16a edici\u00f3<\/h3>\n<p>Desembre 2025<\/p>\n","protected":false},"excerpt":{"rendered":"<p>La Serreta digital \u00e9s la proposta que fa l&#8217;escola per informar a la comunitat educativa d&#8217;aspectes i esdeveniments que han succe\u00eft al llarg d&#8217;un trimestre. Aquesta iniciativa vol donar a con\u00e8ixer informacions valuoses en un format interactiu, permetent a les persones interessades con\u00e8ixer la realitat del centre. Amb aquest tipus d&#8217;edici\u00f3, l&#8217;escola vol contribuir a [&hellip;]<\/p>\n","protected":false},"author":1,"featured_media":0,"parent":0,"menu_order":0,"comment_status":"closed","ping_status":"closed","template":"","meta":{"_bbp_topic_count":0,"_bbp_reply_count":0,"_bbp_total_topic_count":0,"_bbp_total_reply_count":0,"_bbp_voice_count":0,"_bbp_anonymous_reply_count":0,"_bbp_topic_count_hidden":0,"_bbp_reply_count_hidden":0,"_bbp_forum_subforum_count":0,"site-sidebar-layout":"default","site-content-layout":"","ast-site-content-layout":"default","site-content-style":"default","site-sidebar-style":"default","ast-global-header-display":"","ast-banner-title-visibility":"","ast-main-header-display":"","ast-hfb-above-header-display":"","ast-hfb-below-header-display":"","ast-hfb-mobile-header-display":"","site-post-title":"","ast-breadcrumbs-content":"","ast-featured-img":"","footer-sml-layout":"","theme-transparent-header-meta":"default","adv-header-id-meta":"","stick-header-meta":"","header-above-stick-meta":"","header-main-stick-meta":"","header-below-stick-meta":"","astra-migrate-meta-layouts":"set","ast-page-background-enabled":"default","ast-page-background-meta":{"desktop":{"background-color":"var(--ast-global-color-5)","background-image":"","background-repeat":"repeat","background-position":"center center","background-size":"auto","background-attachment":"scroll","background-type":"","background-media":"","overlay-type":"","overlay-color":"","overlay-opacity":"","overlay-gradient":""},"tablet":{"background-color":"","background-image":"","background-repeat":"repeat","background-position":"center center","background-size":"auto","background-attachment":"scroll","background-type":"","background-media":"","overlay-type":"","overlay-color":"","overlay-opacity":"","overlay-gradient":""},"mobile":{"background-color":"","background-image":"","background-repeat":"repeat","background-position":"center center","background-size":"auto","background-attachment":"scroll","background-type":"","background-media":"","overlay-type":"","overlay-color":"","overlay-opacity":"","overlay-gradient":""}},"ast-content-background-meta":{"desktop":{"background-color":"var(--ast-global-color-4)","background-image":"","background-repeat":"repeat","background-position":"center center","background-size":"auto","background-attachment":"scroll","background-type":"","background-media":"","overlay-type":"","overlay-color":"","overlay-opacity":"","overlay-gradient":""},"tablet":{"background-color":"var(--ast-global-color-4)","background-image":"","background-repeat":"repeat","background-position":"center center","background-size":"auto","background-attachment":"scroll","background-type":"","background-media":"","overlay-type":"","overlay-color":"","overlay-opacity":"","overlay-gradient":""},"mobile":{"background-color":"var(--ast-global-color-4)","background-image":"","background-repeat":"repeat","background-position":"center center","background-size":"auto","background-attachment":"scroll","background-type":"","background-media":"","overlay-type":"","overlay-color":"","overlay-opacity":"","overlay-gradient":""}},"footnotes":""},"class_list":["post-1548","page","type-page","status-publish","hentry"],"post_mailing_queue_ids":[],"_links":{"self":[{"href":"https:\/\/agora.xtec.cat\/escolalaserretaalella\/wp-json\/wp\/v2\/pages\/1548","targetHints":{"allow":["GET"]}}],"collection":[{"href":"https:\/\/agora.xtec.cat\/escolalaserretaalella\/wp-json\/wp\/v2\/pages"}],"about":[{"href":"https:\/\/agora.xtec.cat\/escolalaserretaalella\/wp-json\/wp\/v2\/types\/page"}],"author":[{"embeddable":true,"href":"https:\/\/agora.xtec.cat\/escolalaserretaalella\/wp-json\/wp\/v2\/users\/1"}],"replies":[{"embeddable":true,"href":"https:\/\/agora.xtec.cat\/escolalaserretaalella\/wp-json\/wp\/v2\/comments?post=1548"}],"version-history":[{"count":6,"href":"https:\/\/agora.xtec.cat\/escolalaserretaalella\/wp-json\/wp\/v2\/pages\/1548\/revisions"}],"predecessor-version":[{"id":4118,"href":"https:\/\/agora.xtec.cat\/escolalaserretaalella\/wp-json\/wp\/v2\/pages\/1548\/revisions\/4118"}],"wp:attachment":[{"href":"https:\/\/agora.xtec.cat\/escolalaserretaalella\/wp-json\/wp\/v2\/media?parent=1548"}],"curies":[{"name":"wp","href":"https:\/\/api.w.org\/{rel}","templated":true}]}}