{"id":1444,"date":"2021-03-11T12:12:13","date_gmt":"2021-03-11T11:12:13","guid":{"rendered":"https:\/\/agora.xtec.cat\/escolalaserretaalella\/?page_id=1444"},"modified":"2026-04-15T12:22:44","modified_gmt":"2026-04-15T10:22:44","slug":"preinscripcio","status":"publish","type":"page","link":"https:\/\/agora.xtec.cat\/escolalaserretaalella\/preinscripcio\/","title":{"rendered":"Preinscripci\u00f3 i matr\u00edcula"},"content":{"rendered":"<p><a href=\"https:\/\/preinscripcio.gencat.cat\/ca\/inici\/index.html\" target=\"_blank\" rel=\"noopener\"><img loading=\"lazy\" decoding=\"async\" class=\"size-large wp-image-4203 alignnone\" src=\"https:\/\/agora.xtec.cat\/escolalaserretaalella\/wp-content\/uploads\/usu2234\/2026\/03\/Preinscripcio_baners_Web_educacio__Preinscripcio_web_educacio_1900x372_3imatges-1024x200.jpg\" alt=\"\" width=\"1024\" height=\"200\" srcset=\"https:\/\/agora.xtec.cat\/escolalaserretaalella\/wp-content\/uploads\/usu2234\/2026\/03\/Preinscripcio_baners_Web_educacio__Preinscripcio_web_educacio_1900x372_3imatges-1024x200.jpg 1024w, https:\/\/agora.xtec.cat\/escolalaserretaalella\/wp-content\/uploads\/usu2234\/2026\/03\/Preinscripcio_baners_Web_educacio__Preinscripcio_web_educacio_1900x372_3imatges-300x59.jpg 300w, https:\/\/agora.xtec.cat\/escolalaserretaalella\/wp-content\/uploads\/usu2234\/2026\/03\/Preinscripcio_baners_Web_educacio__Preinscripcio_web_educacio_1900x372_3imatges-768x150.jpg 768w, https:\/\/agora.xtec.cat\/escolalaserretaalella\/wp-content\/uploads\/usu2234\/2026\/03\/Preinscripcio_baners_Web_educacio__Preinscripcio_web_educacio_1900x372_3imatges-1536x301.jpg 1536w, https:\/\/agora.xtec.cat\/escolalaserretaalella\/wp-content\/uploads\/usu2234\/2026\/03\/Preinscripcio_baners_Web_educacio__Preinscripcio_web_educacio_1900x372_3imatges.jpg 1900w\" sizes=\"auto, (max-width: 1024px) 100vw, 1024px\" \/><\/a><\/p>\n<p>En aquest espai trobareu informaci\u00f3 referent al proc\u00e9s de preinscripci\u00f3 en les etapes d&#8217;educaci\u00f3 infantil i prim\u00e0ria.<br \/>\nPodeu accedir a diferents informacions a partir dels enlla\u00e7os que us facilitem.<\/p>\n<p><strong>Informacions addicionals<\/strong><\/p>\n<ul>\n<li><span style=\"text-decoration: underline;\">Codi de centre<\/span>: 08061063<\/li>\n<li><a href=\"https:\/\/preinscripcio.gencat.cat\/ca\/inici\/index.html\" target=\"_blank\" rel=\"noopener\">Web de preinscripci\u00f3<\/a><\/li>\n<li><a href=\"https:\/\/preinscripcio.gencat.cat\/ca\/estudis\/infantil-3-6\/informat\/criteris-assignacio\/\" target=\"_blank\" rel=\"noopener\">Criteris d&#8217;assignaci\u00f3 de pla\u00e7a<\/a><\/li>\n<li><a href=\"https:\/\/afalaserreta.wordpress.com\/extraescolars\/\" target=\"_blank\" rel=\"noopener\">Activitats extraescolars (AFA)<\/a><\/li>\n<li><a href=\"https:\/\/drive.google.com\/file\/d\/1zRbUyIllufkoVPQZiKHqGG-DoUAZBA0b\/view?usp=drive_link\" target=\"_blank\" rel=\"noopener\">Menjador escolar<\/a><\/li>\n<li><a href=\"https:\/\/drive.google.com\/file\/d\/19B7v6kCmxlaBizyESgq03h9j847bFO3B\/view?usp=sharing\" target=\"_blank\" rel=\"noopener\">Servei d&#8217;acollida<\/a><\/li>\n<li><a href=\"https:\/\/dogc.gencat.cat\/ca\/document-del-dogc\/?documentId=1036257\" target=\"_blank\" rel=\"noopener\">NORMATIVA: enlla\u00e7 a la resoluci\u00f3<\/a><\/li>\n<li><a href=\"https:\/\/drive.google.com\/file\/d\/15b53uT-Wx5YZTHfdO_qxpKfzjSJWgfFc\/view\" target=\"_blank\" rel=\"noopener\">Quotes i despeses escolars<\/a><\/li>\n<li>Quota AFA: 35 \u20ac<\/li>\n<li><a href=\"http:\/\/mapaescolar.gencat.cat\/\" target=\"_blank\" rel=\"noopener\">\ud83d\uddfa\ufe0f<\/a>\u200b\u200b <a href=\"http:\/\/mapaescolar.gencat.cat\/\" target=\"_blank\" rel=\"noopener\">MAPA ESCOLAR<\/a><\/li>\n<li style=\"font-size: 16px;\">La Serreta \u00e9s centre adscrit de l&#8217;<a style=\"font-size: 16px; transition-property: all;\" href=\"https:\/\/agora.xtec.cat\/iesalella\/\" target=\"_blank\" rel=\"noopener\">Institut d&#8217;Alella<\/a>. Tot el nostre alumnat t\u00e9 pla\u00e7a reservada a l&#8217;institut del municipi.<\/li>\n<\/ul>\n<p>&nbsp;<\/p>\n<p><strong>Procediment de preinscripci\u00f3 i matr\u00edcula &#8211; Publicaci\u00f3 de llistats<\/strong><\/p>\n<table style=\"border-collapse: collapse; width: 85.0697%; height: 692px;\">\n<tbody>\n<tr style=\"height: 32px; background-color: #ebf0ec; border-color: #d3dbd3;\">\n<td style=\"width: 58.2988%; height: 32px; border-color: #b1ccb3; border-style: solid; background-color: #c5c7c5;\"><strong>FASES DE LA PREINSCRIPCI\u00d3<\/strong><\/td>\n<td style=\"width: 21.7843%; height: 32px; text-align: center; border-color: #b1ccb3; border-style: solid; background-color: #c5c7c5;\"><strong>DATES<\/strong><\/td>\n<td style=\"width: 27.7164%; height: 32px; text-align: center; border-color: #b1ccb3; border-style: solid; background-color: #c5c7c5;\"><strong>Enlla\u00e7<\/strong><\/td>\n<\/tr>\n<tr style=\"height: 32px;\">\n<td style=\"width: 58.2988%; height: 32px;\"><span style=\"color: #556959;\">Publicaci\u00f3 de l&#8217;oferta inicial<\/span><\/td>\n<td style=\"width: 21.7843%; height: 32px; text-align: center;\"><span style=\"color: #556959;\">3 de mar\u00e7<\/span><\/td>\n<td style=\"width: 27.7164%; height: 32px; text-align: center;\"><a href=\"https:\/\/drive.google.com\/file\/d\/1vVXihN9NbVxe8KnTi-CjuqVwQVvtQZea\/view?usp=drive_link\" target=\"_blank\" rel=\"noopener\"><span style=\"color: #556959;\">Document<\/span><\/a><\/td>\n<\/tr>\n<tr style=\"height: 48px; background-color: #edf2ef;\">\n<td style=\"width: 58.2988%; height: 48px;\"><span style=\"color: #556959;\">Presentaci\u00f3 i\/o modificaci\u00f3 de sol\u00b7licituds<\/span><\/td>\n<td style=\"width: 21.7843%; height: 48px; text-align: center;\"><span style=\"color: #556959;\">4 al 18 de mar\u00e7<\/span><\/td>\n<td style=\"width: 27.7164%; height: 48px; text-align: center;\"><span style=\"color: #339966;\"><a style=\"color: #339966;\" href=\"https:\/\/preinscripcio.gencat.cat\/ca\/estudis\/infantil-3-6\/preinscriute\/sollicitud\/\" target=\"_blank\" rel=\"noopener\">Espai web (3-6)<\/a><\/span><br \/>\n<span style=\"color: #339966;\"><a style=\"color: #339966;\" href=\"https:\/\/preinscripcio.gencat.cat\/ca\/estudis\/primaria\/preinscriute\/sollicitud\/\" target=\"_blank\" rel=\"noopener\">Espai web (6-12)<\/a><\/span><\/td>\n<\/tr>\n<tr style=\"height: 32px;\">\n<td style=\"width: 58.2988%; height: 32px;\"><span style=\"color: #556959;\">Presentaci\u00f3 de documentaci\u00f3<\/span><\/td>\n<td style=\"width: 21.7843%; height: 32px; text-align: center;\"><span style=\"color: #556959;\">Fins 19 de mar\u00e7<\/span><\/td>\n<td style=\"width: 27.7164%; height: 32px; text-align: center;\"><span style=\"color: #339966;\"><a style=\"color: #339966;\" href=\"https:\/\/preinscripcio.gencat.cat\/ca\/estudis\/infantil-3-6\/preinscriute\/sollicitud\/\" target=\"_blank\" rel=\"noopener\">Espai web (3-6)<\/a><\/span><br \/>\n<span style=\"color: #339966;\"><a style=\"color: #339966;\" href=\"https:\/\/preinscripcio.gencat.cat\/ca\/estudis\/primaria\/preinscriute\/sollicitud\/\" target=\"_blank\" rel=\"noopener\">Espai web (6-12)<\/a><\/span><\/td>\n<\/tr>\n<tr style=\"height: 32px;\">\n<td style=\"width: 58.2988%; height: 32px; background-color: #e8f2ef;\"><span style=\"color: #556959;\">Publicaci\u00f3 de la llista de sol\u00b7licituds amb puntuaci\u00f3 provisional<\/span><\/td>\n<td style=\"width: 21.7843%; height: 32px; text-align: center; background-color: #e8f2ef;\"><span style=\"color: #556959;\">15 d&#8217;abril<\/span><\/td>\n<td style=\"width: 27.7164%; height: 32px; text-align: center; background-color: #e8f2ef;\"><span style=\"color: #339966;\"><a style=\"color: #339966;\" href=\"https:\/\/drive.google.com\/file\/d\/1AaJRDHn5HfOXqrWzPXT_K6ByNspzBoaE\/view?usp=drive_link\" target=\"_blank\" rel=\"noopener\">Document<\/a><\/span><\/td>\n<\/tr>\n<tr style=\"height: 32px;\">\n<td style=\"width: 58.2988%; height: 32px;\"><span style=\"color: #556959;\">Presentaci\u00f3 de reclamacions a la llista amb puntuaci\u00f3 provisional.<\/span><br \/>\n<span style=\"color: #556959;\"><sub>Pot fer-ser utilitzant eina electr\u00f2nic o en el centre de primera petici\u00f3.<\/sub><\/span><\/td>\n<td style=\"width: 21.7843%; height: 32px; text-align: center;\"><span style=\"color: #556959;\">15 al 20 d&#8217;abril<\/span><\/td>\n<td style=\"width: 27.7164%; height: 32px; text-align: center;\">\u00a0<\/td>\n<\/tr>\n<tr style=\"height: 53px;\">\n<td style=\"width: 58.2988%; height: 53px; background-color: #e8f2ef;\"><span style=\"color: #556959;\">Presentaci\u00f3 de sol\u00b7licituds fora de termini<\/span><\/td>\n<td style=\"width: 21.7843%; text-align: center; height: 53px; background-color: #e8f2ef;\"><span style=\"color: #556959;\">23 de mar\u00e7 al 20 d&#8217;abril<\/span><\/td>\n<td style=\"width: 27.7164%; text-align: center; height: 53px; background-color: #e8f2ef;\">\u00a0<\/td>\n<\/tr>\n<tr style=\"background-color: #ffffff;\">\n<td style=\"width: 58.2988%; height: 32px; background-color: #ffffff;\"><span style=\"color: #556959;\">Publicaci\u00f3 de la llista amb la puntuaci\u00f3, resoltes les reclamacions<\/span><\/td>\n<td style=\"width: 21.7843%; height: 32px; text-align: center; background-color: #ffffff;\"><span style=\"color: #556959;\">23 d&#8217;abril<\/span><\/td>\n<td style=\"width: 27.7164%; height: 32px; background-color: #ffffff; text-align: center;\"><span style=\"color: #556959;\">Document<\/span><\/td>\n<\/tr>\n<tr style=\"background-color: #ffffff;\">\n<td style=\"width: 58.2988%; height: 32px; background-color: #e8f2ef;\"><span style=\"color: #556959;\">Sorteig n\u00famero de desempat<\/span><\/td>\n<td style=\"width: 21.7843%; height: 32px; text-align: center; background-color: #e8f2ef;\"><span style=\"color: #556959;\">28 d&#8217;abril<\/span><\/td>\n<td style=\"width: 27.7164%; height: 32px; text-align: center; background-color: #e8f2ef;\"><span style=\"color: #556959;\">&#8211;<\/span><\/td>\n<\/tr>\n<tr style=\"background-color: #ffffff;\">\n<td style=\"width: 58.2988%; height: 32px; background-color: #ffffff;\"><span style=\"color: #556959;\">Publicaci\u00f3 de la llista ordenada<\/span><\/td>\n<td style=\"width: 21.7843%; height: 32px; text-align: center; background-color: #ffffff; border-color: #ffffff; border-style: solid;\"><span style=\"color: #556959;\">30 d&#8217;abril<\/span><\/td>\n<td style=\"width: 27.7164%; height: 32px; text-align: center; background-color: #ffffff; border-color: #ffffff; border-style: solid;\"><span style=\"color: #556959;\">Document<\/span><\/td>\n<\/tr>\n<tr style=\"background-color: #ffffff;\">\n<td style=\"width: 58.2988%; height: 32px; background-color: #e8f2ef;\"><span style=\"color: #556959;\">Ampliaci\u00f3 de peticions per a alumnes NEEB que necessiten assignaci\u00f3 d&#8217;ofici i no s&#8217;han assignat per petici\u00f3 original (fam\u00edlies)<\/span><\/td>\n<td style=\"width: 21.7843%; height: 32px; background-color: #e8f2ef; border-color: #e8f2ef; border-style: solid; text-align: center;\"><span style=\"color: #556959;\">13 i 14 de maig<\/span><\/td>\n<td style=\"width: 27.7164%; height: 32px; text-align: center; background-color: #e8f2ef; border-color: #ffffff; border-style: solid;\">\u00a0<\/td>\n<\/tr>\n<tr style=\"background-color: #ffffff;\">\n<td style=\"width: 58.2988%; height: 32px; background-color: #ffffff;\"><span style=\"color: #556959;\">Ampliaci\u00f3 de peticions per a alumnat ordinari que necessita assignaci\u00f3 d&#8217;ofici i no s&#8217;ha assignat per petici\u00f3 original<\/span><br \/>\n<span style=\"color: #556959;\"><sub>Procediment que han de fer les fam\u00edlies una vegada han rebut correu electr\u00f2nic<\/sub><\/span><\/td>\n<td style=\"width: 21.7843%; height: 32px; text-align: center; background-color: #ffffff;\"><span style=\"color: #556959;\">1 al 3 de juny<\/span><\/td>\n<td style=\"width: 27.7164%; height: 32px; text-align: center; background-color: #ffffff;\">\u00a0<\/td>\n<\/tr>\n<tr style=\"background-color: #ffffff;\">\n<td style=\"width: 58.2988%; height: 32px; background-color: #e8f2ef;\"><span style=\"color: #556959;\">Publicaci\u00f3 de l&#8217;oferta final<\/span><\/td>\n<td style=\"width: 21.7843%; height: 32px; text-align: center; background-color: #e8f2ef;\"><span style=\"color: #556959;\">10 de juny<\/span><\/td>\n<td style=\"width: 27.7164%; height: 32px; text-align: center; background-color: #e8f2ef;\"><span style=\"color: #556959;\">Document<\/span><\/td>\n<\/tr>\n<tr style=\"background-color: #ffffff;\">\n<td style=\"width: 58.2988%; height: 53px; background-color: #ffffff;\"><span style=\"color: #556959;\">Publicaci\u00f3 de la llista d&#8217;espera<\/span><\/td>\n<td style=\"width: 21.7843%; text-align: center; height: 53px; background-color: #ffffff;\"><span style=\"color: #556959;\">10 de juny<\/span><\/td>\n<td style=\"width: 27.7164%; text-align: center; height: 53px; background-color: #ffffff;\"><span style=\"color: #556959;\">Document<\/span><\/td>\n<\/tr>\n<tr style=\"background-color: #ffffff;\">\n<td style=\"width: 58.2988%; height: 53px; background-color: #e8f2ef;\"><span style=\"color: #556959;\">Publicaci\u00f3 de la llista admesos amb indicaci\u00f3 de la primera petici\u00f3<\/span><\/td>\n<td style=\"width: 21.7843%; text-align: center; height: 53px; background-color: #e8f2ef;\"><span style=\"color: #556959;\">10 de juny<\/span><\/td>\n<td style=\"width: 27.7164%; text-align: center; height: 53px; background-color: #e8f2ef;\"><span style=\"color: #556959;\">Document<\/span><\/td>\n<\/tr>\n<tr style=\"background-color: #ffffff;\">\n<td style=\"width: 58.2988%; height: 53px; background-color: #ffffff;\"><span style=\"color: #556959;\">Matr\u00edcula<\/span><br \/>\n<span style=\"color: #556959;\"><sub>Proc\u00e9s intern de cada centre educatiu amb fam\u00edlies<\/sub><\/span><\/td>\n<td style=\"width: 21.7843%; height: 53px; text-align: center; background-color: #ffffff;\"><span style=\"color: #556959;\">22 al 30 de juny<\/span><\/td>\n<td style=\"width: 27.7164%; height: 53px; text-align: center; background-color: #ffffff;\">\u00a0<\/td>\n<\/tr>\n<tr style=\"background-color: #ffffff;\">\n<td style=\"width: 58.2988%; height: 48px; background-color: #e8f2ef;\"><span style=\"color: #556959;\">Gesti\u00f3 de la llista d&#8217;espera<\/span><\/td>\n<td style=\"width: 21.7843%; height: 48px; text-align: center; background-color: #e8f2ef;\"><span style=\"color: #556959;\">1 de juliol a 2 de setembre<\/span><\/td>\n<td style=\"width: 27.7164%; height: 48px; text-align: center; background-color: #e8f2ef;\">\u00a0<\/td>\n<\/tr>\n<tr style=\"background-color: #ffffff;\">\n<td style=\"width: 58.2988%; height: 32px; background-color: #ffffff;\"><span style=\"color: #556959;\">Llistes d&#8217;alumnes matriculats procedents de preinscripci\u00f3 i nova admissi\u00f3<\/span><\/td>\n<td style=\"width: 21.7843%; height: 32px; text-align: center; background-color: #ffffff;\"><span style=\"color: #556959;\">30 de setembre<\/span><\/td>\n<td style=\"width: 27.7164%; height: 32px; text-align: center; background-color: #ffffff;\">\u00a0<\/td>\n<\/tr>\n<\/tbody>\n<\/table>\n<p>&nbsp;<\/p>\n","protected":false},"excerpt":{"rendered":"<p>En aquest espai trobareu informaci\u00f3 referent al proc\u00e9s de preinscripci\u00f3 en les etapes d&#8217;educaci\u00f3 infantil i prim\u00e0ria. Podeu accedir a diferents informacions a partir dels enlla\u00e7os que us facilitem. Informacions addicionals Codi de centre: 08061063 Web de preinscripci\u00f3 Criteris d&#8217;assignaci\u00f3 de pla\u00e7a Activitats extraescolars (AFA) Menjador escolar Servei d&#8217;acollida NORMATIVA: enlla\u00e7 a la resoluci\u00f3 Quotes [&hellip;]<\/p>\n","protected":false},"author":1,"featured_media":0,"parent":0,"menu_order":0,"comment_status":"closed","ping_status":"closed","template":"","meta":{"_bbp_topic_count":0,"_bbp_reply_count":0,"_bbp_total_topic_count":0,"_bbp_total_reply_count":0,"_bbp_voice_count":0,"_bbp_anonymous_reply_count":0,"_bbp_topic_count_hidden":0,"_bbp_reply_count_hidden":0,"_bbp_forum_subforum_count":0,"site-sidebar-layout":"no-sidebar","site-content-layout":"","ast-site-content-layout":"default","site-content-style":"default","site-sidebar-style":"unboxed","ast-global-header-display":"","ast-banner-title-visibility":"","ast-main-header-display":"","ast-hfb-above-header-display":"","ast-hfb-below-header-display":"","ast-hfb-mobile-header-display":"","site-post-title":"","ast-breadcrumbs-content":"","ast-featured-img":"","footer-sml-layout":"","theme-transparent-header-meta":"default","adv-header-id-meta":"","stick-header-meta":"","header-above-stick-meta":"","header-main-stick-meta":"","header-below-stick-meta":"","astra-migrate-meta-layouts":"set","ast-page-background-enabled":"default","ast-page-background-meta":{"desktop":{"background-color":"var(--ast-global-color-5)","background-image":"","background-repeat":"repeat","background-position":"center center","background-size":"auto","background-attachment":"scroll","background-type":"","background-media":"","overlay-type":"","overlay-color":"","overlay-opacity":"","overlay-gradient":""},"tablet":{"background-color":"","background-image":"","background-repeat":"repeat","background-position":"center center","background-size":"auto","background-attachment":"scroll","background-type":"","background-media":"","overlay-type":"","overlay-color":"","overlay-opacity":"","overlay-gradient":""},"mobile":{"background-color":"","background-image":"","background-repeat":"repeat","background-position":"center center","background-size":"auto","background-attachment":"scroll","background-type":"","background-media":"","overlay-type":"","overlay-color":"","overlay-opacity":"","overlay-gradient":""}},"ast-content-background-meta":{"desktop":{"background-color":"var(--ast-global-color-4)","background-image":"","background-repeat":"repeat","background-position":"center center","background-size":"auto","background-attachment":"scroll","background-type":"","background-media":"","overlay-type":"","overlay-color":"","overlay-opacity":"","overlay-gradient":""},"tablet":{"background-color":"var(--ast-global-color-4)","background-image":"","background-repeat":"repeat","background-position":"center center","background-size":"auto","background-attachment":"scroll","background-type":"","background-media":"","overlay-type":"","overlay-color":"","overlay-opacity":"","overlay-gradient":""},"mobile":{"background-color":"var(--ast-global-color-4)","background-image":"","background-repeat":"repeat","background-position":"center center","background-size":"auto","background-attachment":"scroll","background-type":"","background-media":"","overlay-type":"","overlay-color":"","overlay-opacity":"","overlay-gradient":""}},"footnotes":""},"class_list":["post-1444","page","type-page","status-publish","hentry"],"post_mailing_queue_ids":[],"_links":{"self":[{"href":"https:\/\/agora.xtec.cat\/escolalaserretaalella\/wp-json\/wp\/v2\/pages\/1444","targetHints":{"allow":["GET"]}}],"collection":[{"href":"https:\/\/agora.xtec.cat\/escolalaserretaalella\/wp-json\/wp\/v2\/pages"}],"about":[{"href":"https:\/\/agora.xtec.cat\/escolalaserretaalella\/wp-json\/wp\/v2\/types\/page"}],"author":[{"embeddable":true,"href":"https:\/\/agora.xtec.cat\/escolalaserretaalella\/wp-json\/wp\/v2\/users\/1"}],"replies":[{"embeddable":true,"href":"https:\/\/agora.xtec.cat\/escolalaserretaalella\/wp-json\/wp\/v2\/comments?post=1444"}],"version-history":[{"count":6,"href":"https:\/\/agora.xtec.cat\/escolalaserretaalella\/wp-json\/wp\/v2\/pages\/1444\/revisions"}],"predecessor-version":[{"id":4222,"href":"https:\/\/agora.xtec.cat\/escolalaserretaalella\/wp-json\/wp\/v2\/pages\/1444\/revisions\/4222"}],"wp:attachment":[{"href":"https:\/\/agora.xtec.cat\/escolalaserretaalella\/wp-json\/wp\/v2\/media?parent=1444"}],"curies":[{"name":"wp","href":"https:\/\/api.w.org\/{rel}","templated":true}]}}