{"id":9085,"date":"2025-03-11T13:16:58","date_gmt":"2025-03-11T12:16:58","guid":{"rendered":"https:\/\/agora.xtec.cat\/escolalasequia\/?page_id=9085"},"modified":"2025-03-11T13:16:11","modified_gmt":"2025-03-11T12:16:11","slug":"preinscripcio-i-matricula-24-25","status":"publish","type":"page","link":"https:\/\/agora.xtec.cat\/escolalasequia\/preinscripcio-i-matricula-24-25\/","title":{"rendered":"PREINSCRIPCI\u00d3 I MATR\u00cdCULA 24-25"},"content":{"rendered":"<p>&nbsp;<\/p>\n<p><img loading=\"lazy\" decoding=\"async\" class=\"alignnone size-full wp-image-9983\" src=\"https:\/\/agora.xtec.cat\/escolalasequia\/wp-content\/uploads\/usu1282\/2025\/03\/Banner-PREINSCRIPCIO-1900-x-372-px.jpg\" alt=\"\" width=\"1900\" height=\"372\" srcset=\"https:\/\/agora.xtec.cat\/escolalasequia\/wp-content\/uploads\/usu1282\/2025\/03\/Banner-PREINSCRIPCIO-1900-x-372-px.jpg 1900w, https:\/\/agora.xtec.cat\/escolalasequia\/wp-content\/uploads\/usu1282\/2025\/03\/Banner-PREINSCRIPCIO-1900-x-372-px-300x59.jpg 300w, https:\/\/agora.xtec.cat\/escolalasequia\/wp-content\/uploads\/usu1282\/2025\/03\/Banner-PREINSCRIPCIO-1900-x-372-px-1024x200.jpg 1024w, https:\/\/agora.xtec.cat\/escolalasequia\/wp-content\/uploads\/usu1282\/2025\/03\/Banner-PREINSCRIPCIO-1900-x-372-px-768x150.jpg 768w, https:\/\/agora.xtec.cat\/escolalasequia\/wp-content\/uploads\/usu1282\/2025\/03\/Banner-PREINSCRIPCIO-1900-x-372-px-1536x301.jpg 1536w\" sizes=\"auto, (max-width: 1900px) 100vw, 1900px\" \/><\/p>\n<h3><a href=\"https:\/\/drive.google.com\/file\/d\/1cq0hdl1h3WDbzTYKy2T5i_dFZJVYNCnR\/view?usp=sharing\">Publicaci\u00f3 de l&#8217;oferta inicial de places<\/a> (11\/03\/25)<\/h3>\n<h3>Publicaci\u00f3 de les llistes amb el barem provisional (24\/04\/25)<\/h3>\n<h3>Publicaci\u00f3 de la llista ordenada (09\/05\/25)<\/h3>\n<h3><strong>Llista d&#8217;alumnat assignat al centre amb indicaci\u00f3 de la primera petici\u00f3 (16\/06\/2025)<\/strong><\/h3>\n<p>&nbsp;<\/p>\n<p>Per m\u00e9s informaci\u00f3 sobre el proc\u00e9s de preinscripci\u00f3 podeu consultar les seg\u00fcents webs:<\/p>\n<p><a href=\"https:\/\/preinscripcio.gencat.cat\/ca\/inici\/\">https:\/\/preinscripcio.gencat.cat\/ca\/inici\/<\/a><\/p>\n<p><a style=\"color: #2795b6;\" href=\"https:\/\/triaeducativa.gencat.cat\/ca\/inici\">https:\/\/triaeducativa.gencat.cat\/ca\/inici<\/a><\/p>\n<p><a href=\"https:\/\/www.manresa.cat\/web\/menu\/4356-preinscripcio-escolar\">https:\/\/www.manresa.cat\/web\/menu\/4356-preinscripcio-escolar<\/a><\/p>\n","protected":false},"excerpt":{"rendered":"<p>&nbsp; Publicaci\u00f3 de l&#8217;oferta inicial de places (11\/03\/25) Publicaci\u00f3 de les llistes amb el barem provisional (24\/04\/25) Publicaci\u00f3 de la llista ordenada (09\/05\/25) Llista d&#8217;alumnat assignat al centre amb indicaci\u00f3 de la primera petici\u00f3 (16\/06\/2025) &nbsp; Per m\u00e9s informaci\u00f3 sobre el proc\u00e9s de preinscripci\u00f3 podeu consultar les seg\u00fcents webs: https:\/\/preinscripcio.gencat.cat\/ca\/inici\/ https:\/\/triaeducativa.gencat.cat\/ca\/inici https:\/\/www.manresa.cat\/web\/menu\/4356-preinscripcio-escolar<\/p>\n","protected":false},"author":31,"featured_media":0,"parent":0,"menu_order":0,"comment_status":"closed","ping_status":"closed","template":"","meta":{"_bbp_topic_count":0,"_bbp_reply_count":0,"_bbp_total_topic_count":0,"_bbp_total_reply_count":0,"_bbp_voice_count":0,"_bbp_anonymous_reply_count":0,"_bbp_topic_count_hidden":0,"_bbp_reply_count_hidden":0,"_bbp_forum_subforum_count":0,"site-sidebar-layout":"default","site-content-layout":"","ast-site-content-layout":"","site-content-style":"default","site-sidebar-style":"default","ast-global-header-display":"","ast-banner-title-visibility":"","ast-main-header-display":"","ast-hfb-above-header-display":"","ast-hfb-below-header-display":"","ast-hfb-mobile-header-display":"","site-post-title":"","ast-breadcrumbs-content":"","ast-featured-img":"","footer-sml-layout":"","theme-transparent-header-meta":"","adv-header-id-meta":"","stick-header-meta":"","header-above-stick-meta":"","header-main-stick-meta":"","header-below-stick-meta":"","astra-migrate-meta-layouts":"default","ast-page-background-enabled":"default","ast-page-background-meta":{"desktop":{"background-color":"var(--ast-global-color-4)","background-image":"","background-repeat":"repeat","background-position":"center center","background-size":"auto","background-attachment":"scroll","background-type":"","background-media":"","overlay-type":"","overlay-color":"","overlay-opacity":"","overlay-gradient":""},"tablet":{"background-color":"","background-image":"","background-repeat":"repeat","background-position":"center center","background-size":"auto","background-attachment":"scroll","background-type":"","background-media":"","overlay-type":"","overlay-color":"","overlay-opacity":"","overlay-gradient":""},"mobile":{"background-color":"","background-image":"","background-repeat":"repeat","background-position":"center center","background-size":"auto","background-attachment":"scroll","background-type":"","background-media":"","overlay-type":"","overlay-color":"","overlay-opacity":"","overlay-gradient":""}},"ast-content-background-meta":{"desktop":{"background-color":"var(--ast-global-color-5)","background-image":"","background-repeat":"repeat","background-position":"center center","background-size":"auto","background-attachment":"scroll","background-type":"","background-media":"","overlay-type":"","overlay-color":"","overlay-opacity":"","overlay-gradient":""},"tablet":{"background-color":"var(--ast-global-color-5)","background-image":"","background-repeat":"repeat","background-position":"center center","background-size":"auto","background-attachment":"scroll","background-type":"","background-media":"","overlay-type":"","overlay-color":"","overlay-opacity":"","overlay-gradient":""},"mobile":{"background-color":"var(--ast-global-color-5)","background-image":"","background-repeat":"repeat","background-position":"center center","background-size":"auto","background-attachment":"scroll","background-type":"","background-media":"","overlay-type":"","overlay-color":"","overlay-opacity":"","overlay-gradient":""}},"footnotes":""},"class_list":["post-9085","page","type-page","status-publish","hentry"],"post_mailing_queue_ids":[],"_links":{"self":[{"href":"https:\/\/agora.xtec.cat\/escolalasequia\/wp-json\/wp\/v2\/pages\/9085","targetHints":{"allow":["GET"]}}],"collection":[{"href":"https:\/\/agora.xtec.cat\/escolalasequia\/wp-json\/wp\/v2\/pages"}],"about":[{"href":"https:\/\/agora.xtec.cat\/escolalasequia\/wp-json\/wp\/v2\/types\/page"}],"author":[{"embeddable":true,"href":"https:\/\/agora.xtec.cat\/escolalasequia\/wp-json\/wp\/v2\/users\/31"}],"replies":[{"embeddable":true,"href":"https:\/\/agora.xtec.cat\/escolalasequia\/wp-json\/wp\/v2\/comments?post=9085"}],"version-history":[{"count":7,"href":"https:\/\/agora.xtec.cat\/escolalasequia\/wp-json\/wp\/v2\/pages\/9085\/revisions"}],"predecessor-version":[{"id":9984,"href":"https:\/\/agora.xtec.cat\/escolalasequia\/wp-json\/wp\/v2\/pages\/9085\/revisions\/9984"}],"wp:attachment":[{"href":"https:\/\/agora.xtec.cat\/escolalasequia\/wp-json\/wp\/v2\/media?parent=9085"}],"curies":[{"name":"wp","href":"https:\/\/api.w.org\/{rel}","templated":true}]}}