{"id":7207,"date":"2022-06-22T12:08:33","date_gmt":"2022-06-22T10:08:33","guid":{"rendered":"https:\/\/agora.xtec.cat\/escolalasequia\/?page_id=7207"},"modified":"2024-06-13T10:12:19","modified_gmt":"2024-06-13T08:12:19","slug":"mencio-al-pec-2","status":"publish","type":"page","link":"https:\/\/agora.xtec.cat\/escolalasequia\/mencio-al-pec-2\/","title":{"rendered":"Menci\u00f3 al PEC"},"content":{"rendered":"<p>&nbsp;<\/p>\n<p><span style=\"font-weight: 400;\">El <strong>Projecte Educatiu de Centre (PEC)<\/strong> de l\u2019Escola la S\u00e8quia t\u00e9 com a objectiu, en relaci\u00f3 a les tecnologies de l\u2019aprenentatge i el coneixement (TAC), el treball amb les noves tecnologies per tal de dotar a l\u2019alumnat de les eines necess\u00e0ries perqu\u00e8 esdevinguin persones competents tecnol\u00f2gicament:<\/span><\/p>\n<ul>\n<li style=\"list-style-type: none;\">\n<ul>\n<li><span style=\"font-weight: 400;\"> Integrant les noves tecnologies al dia a dia de l\u2019aula dels alumnes de CS, aprofitant els recursos de que disposa l\u2019escola.<\/span><\/li>\n<li><span style=\"font-weight: 400;\"> Aprofitant l\u2019enorme ventall de possibilitats que ens ofereixen les pissarres digitals, els projectors&#8230; dels quals estan dotats totes les aules.<\/span><\/li>\n<li><span style=\"font-weight: 400;\"> Aplicant les noves tecnologies als projectes vigents a la nostra escola (Projecte \u201c<\/span><span style=\"font-weight: 400;\">R\u00e0dioGota<\/span><span style=\"font-weight: 400;\">\u201d&#8230;)<\/span><\/li>\n<li><span style=\"font-weight: 400;\"> Planificant projectes per poder anar dotant l\u2019escola de nova tecnologia i mantenir l\u2019actual.<\/span><\/li>\n<li><span style=\"font-weight: 400;\"> Assegurant uns m\u00ednims, a trav\u00e9s d\u2019una programaci\u00f3 vertical, perqu\u00e8 els nostres alumnes esdevinguin competents en acabar prim\u00e0ria.<\/span><\/li>\n<\/ul>\n<\/li>\n<\/ul>\n<p><span style=\"font-weight: 400;\">A m\u00e9s, el PEC proposa dues grans l\u00ednies de treball en relaci\u00f3 al Pla TAC de centre:<\/span><\/p>\n<ul>\n<li style=\"list-style-type: none;\">\n<ul>\n<li><span style=\"font-weight: 400;\">La integraci\u00f3 de les TIC en el treball d\u2019\u00e0rees.<\/span><\/li>\n<\/ul>\n<\/li>\n<\/ul>\n<ul>\n<li style=\"list-style-type: none;\">\n<ul>\n<li><span style=\"font-weight: 400;\"> Treball en la conscienciaci\u00f3 del bon \u00fas de les TIC i la conscienciaci\u00f3 en un \u00fas responsable.<\/span><\/li>\n<\/ul>\n<\/li>\n<\/ul>\n<p>&nbsp;<\/p>\n<p><em>El Projecte Educatiu de Centre (PEC) <span style=\"font-weight: 400;\">que es troba en proc\u00e9s d&#8217;actualitzaci\u00f3.<\/span><\/em><\/p>\n<p>&nbsp;<\/p>\n<p><a href=\"https:\/\/agora.xtec.cat\/escolalasequia\/estrategia-digital-de-centre\/\"><img loading=\"lazy\" decoding=\"async\" class=\"aligncenter wp-image-7893\" src=\"https:\/\/agora.xtec.cat\/escolalasequia\/wp-content\/uploads\/usu1282\/2022\/12\/8b1317d04a47f4622eae434af6197aeb.jpg\" alt=\"\" width=\"62\" height=\"62\" srcset=\"https:\/\/agora.xtec.cat\/escolalasequia\/wp-content\/uploads\/usu1282\/2022\/12\/8b1317d04a47f4622eae434af6197aeb.jpg 640w, https:\/\/agora.xtec.cat\/escolalasequia\/wp-content\/uploads\/usu1282\/2022\/12\/8b1317d04a47f4622eae434af6197aeb-300x300.jpg 300w, https:\/\/agora.xtec.cat\/escolalasequia\/wp-content\/uploads\/usu1282\/2022\/12\/8b1317d04a47f4622eae434af6197aeb-150x150.jpg 150w\" sizes=\"auto, (max-width: 62px) 100vw, 62px\" \/><\/a><\/p>\n<p style=\"text-align: center;\">Torna a <a href=\"https:\/\/agora.xtec.cat\/escolalasequia\/estrategia-digital-de-centre\/\">Estrat\u00e8gia Digital de Centre<\/a><\/p>\n","protected":false},"excerpt":{"rendered":"<p>&nbsp; El Projecte Educatiu de Centre (PEC) de l\u2019Escola la S\u00e8quia t\u00e9 com a objectiu, en relaci\u00f3 a les tecnologies de l\u2019aprenentatge i el coneixement (TAC), el treball amb les noves tecnologies per tal de dotar a l\u2019alumnat de les eines necess\u00e0ries perqu\u00e8 esdevinguin persones competents tecnol\u00f2gicament: Integrant les noves tecnologies al dia a dia [&hellip;]<\/p>\n","protected":false},"author":1,"featured_media":0,"parent":0,"menu_order":0,"comment_status":"closed","ping_status":"closed","template":"","meta":{"_bbp_topic_count":0,"_bbp_reply_count":0,"_bbp_total_topic_count":0,"_bbp_total_reply_count":0,"_bbp_voice_count":0,"_bbp_anonymous_reply_count":0,"_bbp_topic_count_hidden":0,"_bbp_reply_count_hidden":0,"_bbp_forum_subforum_count":0,"site-sidebar-layout":"default","site-content-layout":"","ast-site-content-layout":"","site-content-style":"default","site-sidebar-style":"default","ast-global-header-display":"","ast-banner-title-visibility":"","ast-main-header-display":"","ast-hfb-above-header-display":"","ast-hfb-below-header-display":"","ast-hfb-mobile-header-display":"","site-post-title":"","ast-breadcrumbs-content":"","ast-featured-img":"","footer-sml-layout":"","theme-transparent-header-meta":"","adv-header-id-meta":"","stick-header-meta":"","header-above-stick-meta":"","header-main-stick-meta":"","header-below-stick-meta":"","astra-migrate-meta-layouts":"default","ast-page-background-enabled":"default","ast-page-background-meta":{"desktop":{"background-color":"var(--ast-global-color-4)","background-image":"","background-repeat":"repeat","background-position":"center center","background-size":"auto","background-attachment":"scroll","background-type":"","background-media":"","overlay-type":"","overlay-color":"","overlay-opacity":"","overlay-gradient":""},"tablet":{"background-color":"","background-image":"","background-repeat":"repeat","background-position":"center center","background-size":"auto","background-attachment":"scroll","background-type":"","background-media":"","overlay-type":"","overlay-color":"","overlay-opacity":"","overlay-gradient":""},"mobile":{"background-color":"","background-image":"","background-repeat":"repeat","background-position":"center center","background-size":"auto","background-attachment":"scroll","background-type":"","background-media":"","overlay-type":"","overlay-color":"","overlay-opacity":"","overlay-gradient":""}},"ast-content-background-meta":{"desktop":{"background-color":"var(--ast-global-color-5)","background-image":"","background-repeat":"repeat","background-position":"center center","background-size":"auto","background-attachment":"scroll","background-type":"","background-media":"","overlay-type":"","overlay-color":"","overlay-opacity":"","overlay-gradient":""},"tablet":{"background-color":"var(--ast-global-color-5)","background-image":"","background-repeat":"repeat","background-position":"center center","background-size":"auto","background-attachment":"scroll","background-type":"","background-media":"","overlay-type":"","overlay-color":"","overlay-opacity":"","overlay-gradient":""},"mobile":{"background-color":"var(--ast-global-color-5)","background-image":"","background-repeat":"repeat","background-position":"center center","background-size":"auto","background-attachment":"scroll","background-type":"","background-media":"","overlay-type":"","overlay-color":"","overlay-opacity":"","overlay-gradient":""}},"footnotes":""},"class_list":["post-7207","page","type-page","status-publish","hentry"],"post_mailing_queue_ids":[],"_links":{"self":[{"href":"https:\/\/agora.xtec.cat\/escolalasequia\/wp-json\/wp\/v2\/pages\/7207","targetHints":{"allow":["GET"]}}],"collection":[{"href":"https:\/\/agora.xtec.cat\/escolalasequia\/wp-json\/wp\/v2\/pages"}],"about":[{"href":"https:\/\/agora.xtec.cat\/escolalasequia\/wp-json\/wp\/v2\/types\/page"}],"author":[{"embeddable":true,"href":"https:\/\/agora.xtec.cat\/escolalasequia\/wp-json\/wp\/v2\/users\/1"}],"replies":[{"embeddable":true,"href":"https:\/\/agora.xtec.cat\/escolalasequia\/wp-json\/wp\/v2\/comments?post=7207"}],"version-history":[{"count":5,"href":"https:\/\/agora.xtec.cat\/escolalasequia\/wp-json\/wp\/v2\/pages\/7207\/revisions"}],"predecessor-version":[{"id":9451,"href":"https:\/\/agora.xtec.cat\/escolalasequia\/wp-json\/wp\/v2\/pages\/7207\/revisions\/9451"}],"wp:attachment":[{"href":"https:\/\/agora.xtec.cat\/escolalasequia\/wp-json\/wp\/v2\/media?parent=7207"}],"curies":[{"name":"wp","href":"https:\/\/api.w.org\/{rel}","templated":true}]}}