{"id":7188,"date":"2022-06-22T11:47:04","date_gmt":"2022-06-22T09:47:04","guid":{"rendered":"https:\/\/agora.xtec.cat\/escolalasequia\/?page_id=7188"},"modified":"2023-01-23T13:29:57","modified_gmt":"2023-01-23T12:29:57","slug":"dispositius","status":"publish","type":"page","link":"https:\/\/agora.xtec.cat\/escolalasequia\/dispositius\/","title":{"rendered":"Entorns Virtuals d&#8217;Aprenentatge"},"content":{"rendered":"<p><span style=\"font-weight: 400;\">L\u2019escola disposa d\u2019un entorn virtual d\u2019aprenentatge GSUITE amb domini <strong><i>@escolalasequia.cat<\/i><\/strong> per tot l&#8217;alumnat del centre.<\/span><\/p>\n<p>L&#8217;\u00fas d&#8217;aquest compte per l&#8217;alumnat d&#8217;EI i CI es redueix a nivell familiar per poder accedir de manera restringida a les fotos del nostre blog.\u00a0 A partir de CM l&#8217;alumnat tamb\u00e9 en fa \u00fas d&#8217;aquest compte per realitzar activitats escolars.<\/p>\n<p><span style=\"font-weight: 400;\">L\u2019escola s\u2019encarrega de crear els perfils d\u2019usuaris de l\u2019alumnat i cada tutor\/a en gestiona el contingut a publicar.\u00a0<\/span><\/p>\n<h3><span style=\"color: #ff9900;\">NORMES D&#8217;\u00daS DE L&#8217; ESPAI VIRTUAL GSUITE <\/span><span style=\"color: #ff9900;\">de l\u2019Escola La S\u00e8quia<\/span><\/h3>\n<p>Aquest document resumeix les condicions generals d&#8217;\u00fas de l&#8217;Espai Virtual GSuite de l&#8217;Escola La S\u00e8quia.<\/p>\n<p>1. L\u2019alumnat matriculat al centre disposa d&#8217;un nom d&#8217;usuari i d&#8217;una contrasenya per accedir al GSuite per primer cop, despr\u00e9s l\u2019usuari podr\u00e0 canviar la contrasenya. Aquesta contrasenya no s&#8217;haur\u00e0 de comunicar a altres companys\/es, ja que podrien accedir-hi suplantant la personalitat d\u2019altri i aquest es faria responsable dels actes de tercers.<\/p>\n<p>2. En cas de p\u00e8rdua o oblit de la contrasenya per part de l\u2019alumnat, aquest ha de comunicar-ho al seu tutor\/a que li facilitar\u00e0 un reinici del compte d\u2019usuari perqu\u00e8 es faci una nova contrasenya.<\/p>\n<p>3. Els comptes GSuite de l&#8217;alumnat estan limitats a l&#8217;\u00fas d&#8217;algunes de les eines que Google ofereix. El nostre alumnat nom\u00e9s t\u00e9 acc\u00e9s a: Classroom, Drive, Jamboard, Meet, Formularis i Calendar. El llenguatge emprat en aquests espais ha de regir-se pel respecte envers els altres i el vocabulari ha de ser adequat a l&#8217;entorn escolar, prohibint-se qualsevol mena d&#8217;insult o paraula malsonant.<\/p>\n<p>4. L\u2019Escola La S\u00e8quia garanteix la confidencialitat de les dades personals de l&#8217;alumnat de les quals nom\u00e9s s\u2019ha utilitzat el nom, inicial del primer cognom i any de naixement per a crear el compte, en compliment de la normativa vigent sobre protecci\u00f3 de dades de car\u00e0cter personal.<\/p>\n<p>5. Els usuaris del GSuite poden afegir al seu perfil una imatge, que pot ser una fotografia o qualsevol dibuix, per\u00f2 que sigui respectuosa amb els altres i adient a l&#8217;entorn escolar.<\/p>\n<p>6. El professorat i la Direcci\u00f3 de l\u2019escola vetllar\u00e0 pel compliment de la present normativa d&#8217;\u00fas i prendr\u00e0 les mesures necess\u00e0ries i adients per tal d\u2019assegurar-ne el compliment.<\/p>\n<p>&nbsp;<\/p>\n<p><a href=\"https:\/\/agora.xtec.cat\/escolalasequia\/estrategia-digital-de-centre\/\"><img loading=\"lazy\" decoding=\"async\" class=\"aligncenter wp-image-7893\" src=\"https:\/\/agora.xtec.cat\/escolalasequia\/wp-content\/uploads\/usu1282\/2022\/12\/8b1317d04a47f4622eae434af6197aeb.jpg\" alt=\"\" width=\"62\" height=\"62\" srcset=\"https:\/\/agora.xtec.cat\/escolalasequia\/wp-content\/uploads\/usu1282\/2022\/12\/8b1317d04a47f4622eae434af6197aeb.jpg 640w, https:\/\/agora.xtec.cat\/escolalasequia\/wp-content\/uploads\/usu1282\/2022\/12\/8b1317d04a47f4622eae434af6197aeb-300x300.jpg 300w, https:\/\/agora.xtec.cat\/escolalasequia\/wp-content\/uploads\/usu1282\/2022\/12\/8b1317d04a47f4622eae434af6197aeb-150x150.jpg 150w\" sizes=\"auto, (max-width: 62px) 100vw, 62px\" \/><\/a><\/p>\n<p style=\"text-align: center;\">Torna a <a href=\"https:\/\/agora.xtec.cat\/escolalasequia\/estrategia-digital-de-centre\/\">Estrat\u00e8gia Digital de Centre<\/a><\/p>\n","protected":false},"excerpt":{"rendered":"<p>L\u2019escola disposa d\u2019un entorn virtual d\u2019aprenentatge GSUITE amb domini @escolalasequia.cat per tot l&#8217;alumnat del centre. L&#8217;\u00fas d&#8217;aquest compte per l&#8217;alumnat d&#8217;EI i CI es redueix a nivell familiar per poder accedir de manera restringida a les fotos del nostre blog.\u00a0 A partir de CM l&#8217;alumnat tamb\u00e9 en fa \u00fas d&#8217;aquest compte per realitzar activitats escolars. [&hellip;]<\/p>\n","protected":false},"author":1,"featured_media":0,"parent":0,"menu_order":0,"comment_status":"closed","ping_status":"closed","template":"","meta":{"_bbp_topic_count":0,"_bbp_reply_count":0,"_bbp_total_topic_count":0,"_bbp_total_reply_count":0,"_bbp_voice_count":0,"_bbp_anonymous_reply_count":0,"_bbp_topic_count_hidden":0,"_bbp_reply_count_hidden":0,"_bbp_forum_subforum_count":0,"site-sidebar-layout":"default","site-content-layout":"","ast-site-content-layout":"","site-content-style":"default","site-sidebar-style":"default","ast-global-header-display":"","ast-banner-title-visibility":"","ast-main-header-display":"","ast-hfb-above-header-display":"","ast-hfb-below-header-display":"","ast-hfb-mobile-header-display":"","site-post-title":"","ast-breadcrumbs-content":"","ast-featured-img":"","footer-sml-layout":"","theme-transparent-header-meta":"","adv-header-id-meta":"","stick-header-meta":"","header-above-stick-meta":"","header-main-stick-meta":"","header-below-stick-meta":"","astra-migrate-meta-layouts":"default","ast-page-background-enabled":"default","ast-page-background-meta":{"desktop":{"background-color":"var(--ast-global-color-4)","background-image":"","background-repeat":"repeat","background-position":"center center","background-size":"auto","background-attachment":"scroll","background-type":"","background-media":"","overlay-type":"","overlay-color":"","overlay-opacity":"","overlay-gradient":""},"tablet":{"background-color":"","background-image":"","background-repeat":"repeat","background-position":"center center","background-size":"auto","background-attachment":"scroll","background-type":"","background-media":"","overlay-type":"","overlay-color":"","overlay-opacity":"","overlay-gradient":""},"mobile":{"background-color":"","background-image":"","background-repeat":"repeat","background-position":"center center","background-size":"auto","background-attachment":"scroll","background-type":"","background-media":"","overlay-type":"","overlay-color":"","overlay-opacity":"","overlay-gradient":""}},"ast-content-background-meta":{"desktop":{"background-color":"var(--ast-global-color-5)","background-image":"","background-repeat":"repeat","background-position":"center center","background-size":"auto","background-attachment":"scroll","background-type":"","background-media":"","overlay-type":"","overlay-color":"","overlay-opacity":"","overlay-gradient":""},"tablet":{"background-color":"var(--ast-global-color-5)","background-image":"","background-repeat":"repeat","background-position":"center center","background-size":"auto","background-attachment":"scroll","background-type":"","background-media":"","overlay-type":"","overlay-color":"","overlay-opacity":"","overlay-gradient":""},"mobile":{"background-color":"var(--ast-global-color-5)","background-image":"","background-repeat":"repeat","background-position":"center center","background-size":"auto","background-attachment":"scroll","background-type":"","background-media":"","overlay-type":"","overlay-color":"","overlay-opacity":"","overlay-gradient":""}},"footnotes":""},"class_list":["post-7188","page","type-page","status-publish","hentry"],"post_mailing_queue_ids":[],"_links":{"self":[{"href":"https:\/\/agora.xtec.cat\/escolalasequia\/wp-json\/wp\/v2\/pages\/7188","targetHints":{"allow":["GET"]}}],"collection":[{"href":"https:\/\/agora.xtec.cat\/escolalasequia\/wp-json\/wp\/v2\/pages"}],"about":[{"href":"https:\/\/agora.xtec.cat\/escolalasequia\/wp-json\/wp\/v2\/types\/page"}],"author":[{"embeddable":true,"href":"https:\/\/agora.xtec.cat\/escolalasequia\/wp-json\/wp\/v2\/users\/1"}],"replies":[{"embeddable":true,"href":"https:\/\/agora.xtec.cat\/escolalasequia\/wp-json\/wp\/v2\/comments?post=7188"}],"version-history":[{"count":3,"href":"https:\/\/agora.xtec.cat\/escolalasequia\/wp-json\/wp\/v2\/pages\/7188\/revisions"}],"predecessor-version":[{"id":8028,"href":"https:\/\/agora.xtec.cat\/escolalasequia\/wp-json\/wp\/v2\/pages\/7188\/revisions\/8028"}],"wp:attachment":[{"href":"https:\/\/agora.xtec.cat\/escolalasequia\/wp-json\/wp\/v2\/media?parent=7188"}],"curies":[{"name":"wp","href":"https:\/\/api.w.org\/{rel}","templated":true}]}}