{"id":7180,"date":"2022-06-22T11:46:11","date_gmt":"2022-06-22T09:46:11","guid":{"rendered":"https:\/\/agora.xtec.cat\/escolalasequia\/?page_id=7180"},"modified":"2023-05-22T13:36:54","modified_gmt":"2023-05-22T11:36:54","slug":"avaluacio","status":"publish","type":"page","link":"https:\/\/agora.xtec.cat\/escolalasequia\/avaluacio\/","title":{"rendered":"Avaluaci\u00f3"},"content":{"rendered":"<p><span style=\"font-weight: 400;\">L&#8217;avaluaci\u00f3 de l&#8217;Estrat\u00e8gia Digital del centre \u00e9s un proc\u00e9s important i necessari que ha de permetre mesurar l&#8217;\u00e8xit del pla digital i identificar aspectes per poder-lo millorar.<\/span><\/p>\n<p><span style=\"font-weight: 400;\">L&#8217;escola va comen\u00e7ar a elaborar la seva Estrat\u00e8gia Digital amb una diagnosi que va representar l&#8217;avaluaci\u00f3 inicial del proc\u00e9s i va donar informaci\u00f3 sobre la situaci\u00f3 actual del centre en \u00e0mbit digital, amb els seus punts forts i punts febles.<\/span><\/p>\n<p><span style=\"font-weight: 400;\">Un cop definits els objectius i planificades les accions\/activitats, amb les tasques associades, els responsables de les accions faran la valoraci\u00f3 de com es desenvolupen. Aquesta avaluaci\u00f3 continuada de les activitats ha de permetre continuar endavant o fer els canvis necessaris de les activitats per garantir la bona execuci\u00f3 dels objectius de l\u2019EDC.<\/span><\/p>\n<p><span style=\"font-weight: 400;\">Al final de cada curs es far\u00e0 una avaluaci\u00f3 anual amb l\u2019objectiu de recollir les valoracions de les accions dutes a terme i l\u2019assoliment dels objectius programats durant el curs. La comissi\u00f3 ser\u00e0 qui decidir\u00e0 si cal fer o no modificacions d\u2019objectius o accions. Els resultats d\u2019aquesta avaluaci\u00f3 es recolliran a la mem\u00f2ria anual. Els resultats d&#8217;aquesta avaluaci\u00f3 queden recollits en les fitxes d&#8217;activitats.<\/span><\/p>\n<p><span style=\"font-weight: 400;\">En acabar el per\u00edode planificat de desenvolupament de l\u2019EDC es far\u00e0 una avaluaci\u00f3 final que no nom\u00e9s servir\u00e0 per valorar l\u2019estrat\u00e8gia realitzada en la seva globalitat sin\u00f3 tamb\u00e9 ser\u00e0 el punt de partida de la diagnosi de la nova estrat\u00e8gia per al seg\u00fcent per\u00edode.<\/span><\/p>\n<p>&nbsp;<\/p>\n<p><a href=\"https:\/\/agora.xtec.cat\/escolalasequia\/estrategia-digital-de-centre\/\"><img loading=\"lazy\" decoding=\"async\" class=\"aligncenter wp-image-7893\" src=\"https:\/\/agora.xtec.cat\/escolalasequia\/wp-content\/uploads\/usu1282\/2022\/12\/8b1317d04a47f4622eae434af6197aeb.jpg\" alt=\"\" width=\"62\" height=\"62\" srcset=\"https:\/\/agora.xtec.cat\/escolalasequia\/wp-content\/uploads\/usu1282\/2022\/12\/8b1317d04a47f4622eae434af6197aeb.jpg 640w, https:\/\/agora.xtec.cat\/escolalasequia\/wp-content\/uploads\/usu1282\/2022\/12\/8b1317d04a47f4622eae434af6197aeb-300x300.jpg 300w, https:\/\/agora.xtec.cat\/escolalasequia\/wp-content\/uploads\/usu1282\/2022\/12\/8b1317d04a47f4622eae434af6197aeb-150x150.jpg 150w\" sizes=\"auto, (max-width: 62px) 100vw, 62px\" \/><\/a><\/p>\n<p style=\"text-align: center;\">Torna a <a href=\"https:\/\/agora.xtec.cat\/escolalasequia\/estrategia-digital-de-centre\/\">Estrat\u00e8gia Digital de Centre<\/a><\/p>\n","protected":false},"excerpt":{"rendered":"<p>L&#8217;avaluaci\u00f3 de l&#8217;Estrat\u00e8gia Digital del centre \u00e9s un proc\u00e9s important i necessari que ha de permetre mesurar l&#8217;\u00e8xit del pla digital i identificar aspectes per poder-lo millorar. L&#8217;escola va comen\u00e7ar a elaborar la seva Estrat\u00e8gia Digital amb una diagnosi que va representar l&#8217;avaluaci\u00f3 inicial del proc\u00e9s i va donar informaci\u00f3 sobre la situaci\u00f3 actual del [&hellip;]<\/p>\n","protected":false},"author":1,"featured_media":0,"parent":0,"menu_order":0,"comment_status":"closed","ping_status":"closed","template":"","meta":{"_bbp_topic_count":0,"_bbp_reply_count":0,"_bbp_total_topic_count":0,"_bbp_total_reply_count":0,"_bbp_voice_count":0,"_bbp_anonymous_reply_count":0,"_bbp_topic_count_hidden":0,"_bbp_reply_count_hidden":0,"_bbp_forum_subforum_count":0,"site-sidebar-layout":"default","site-content-layout":"","ast-site-content-layout":"","site-content-style":"default","site-sidebar-style":"default","ast-global-header-display":"","ast-banner-title-visibility":"","ast-main-header-display":"","ast-hfb-above-header-display":"","ast-hfb-below-header-display":"","ast-hfb-mobile-header-display":"","site-post-title":"","ast-breadcrumbs-content":"","ast-featured-img":"","footer-sml-layout":"","theme-transparent-header-meta":"","adv-header-id-meta":"","stick-header-meta":"","header-above-stick-meta":"","header-main-stick-meta":"","header-below-stick-meta":"","astra-migrate-meta-layouts":"default","ast-page-background-enabled":"default","ast-page-background-meta":{"desktop":{"background-color":"var(--ast-global-color-4)","background-image":"","background-repeat":"repeat","background-position":"center center","background-size":"auto","background-attachment":"scroll","background-type":"","background-media":"","overlay-type":"","overlay-color":"","overlay-opacity":"","overlay-gradient":""},"tablet":{"background-color":"","background-image":"","background-repeat":"repeat","background-position":"center center","background-size":"auto","background-attachment":"scroll","background-type":"","background-media":"","overlay-type":"","overlay-color":"","overlay-opacity":"","overlay-gradient":""},"mobile":{"background-color":"","background-image":"","background-repeat":"repeat","background-position":"center center","background-size":"auto","background-attachment":"scroll","background-type":"","background-media":"","overlay-type":"","overlay-color":"","overlay-opacity":"","overlay-gradient":""}},"ast-content-background-meta":{"desktop":{"background-color":"var(--ast-global-color-5)","background-image":"","background-repeat":"repeat","background-position":"center center","background-size":"auto","background-attachment":"scroll","background-type":"","background-media":"","overlay-type":"","overlay-color":"","overlay-opacity":"","overlay-gradient":""},"tablet":{"background-color":"var(--ast-global-color-5)","background-image":"","background-repeat":"repeat","background-position":"center center","background-size":"auto","background-attachment":"scroll","background-type":"","background-media":"","overlay-type":"","overlay-color":"","overlay-opacity":"","overlay-gradient":""},"mobile":{"background-color":"var(--ast-global-color-5)","background-image":"","background-repeat":"repeat","background-position":"center center","background-size":"auto","background-attachment":"scroll","background-type":"","background-media":"","overlay-type":"","overlay-color":"","overlay-opacity":"","overlay-gradient":""}},"footnotes":""},"class_list":["post-7180","page","type-page","status-publish","hentry"],"post_mailing_queue_ids":[],"_links":{"self":[{"href":"https:\/\/agora.xtec.cat\/escolalasequia\/wp-json\/wp\/v2\/pages\/7180","targetHints":{"allow":["GET"]}}],"collection":[{"href":"https:\/\/agora.xtec.cat\/escolalasequia\/wp-json\/wp\/v2\/pages"}],"about":[{"href":"https:\/\/agora.xtec.cat\/escolalasequia\/wp-json\/wp\/v2\/types\/page"}],"author":[{"embeddable":true,"href":"https:\/\/agora.xtec.cat\/escolalasequia\/wp-json\/wp\/v2\/users\/1"}],"replies":[{"embeddable":true,"href":"https:\/\/agora.xtec.cat\/escolalasequia\/wp-json\/wp\/v2\/comments?post=7180"}],"version-history":[{"count":3,"href":"https:\/\/agora.xtec.cat\/escolalasequia\/wp-json\/wp\/v2\/pages\/7180\/revisions"}],"predecessor-version":[{"id":8471,"href":"https:\/\/agora.xtec.cat\/escolalasequia\/wp-json\/wp\/v2\/pages\/7180\/revisions\/8471"}],"wp:attachment":[{"href":"https:\/\/agora.xtec.cat\/escolalasequia\/wp-json\/wp\/v2\/media?parent=7180"}],"curies":[{"name":"wp","href":"https:\/\/api.w.org\/{rel}","templated":true}]}}