{"id":5695,"date":"2021-03-30T19:39:12","date_gmt":"2021-03-30T17:39:12","guid":{"rendered":"http:\/\/agora.xtec.cat\/escolalasequia\/?page_id=5695"},"modified":"2021-04-10T00:00:07","modified_gmt":"2021-04-09T22:00:07","slug":"prova","status":"publish","type":"page","link":"https:\/\/agora.xtec.cat\/escolalasequia\/afa\/prova\/","title":{"rendered":"prova"},"content":{"rendered":"<p><!-- P\u00e0gina creada per Jaume P\u00e9rez l'octubre del 2000. Per qualsevol incid\u00e8ncia podeu contactar a jaume.pf@gmail.com --><\/p>\n<p id='baseAMPA'>\n<p><script type='text\/javascript'>\n<!--\n\tvar elements = [];\n\t\/\/NouItem('nivell', 'etiqueta', 'desti');, on nivell={S(secci\u00f3), L(l\u00ednia), T(telegram), C(canvi de columna)}\n\tNouItem('S', 'Informacions de mar\u00e7 del 2021', '');\n\tNouItem('L', 'Men\u00fa de menjador', 'https:\/\/drive.google.com\/file\/d\/1THfQFkW0EsviBudDzvwAZepsB4toZPEF\/view?usp=sharing');\n\tNouItem('L', 'Men\u00fas d\\'al.l\u00e8rgens', 'https:\/\/drive.google.com\/file\/d\/1lJpVmYFIUPkqHDCLOlnFT4NfaTjfxoqv\/view?usp=sharing');\n\tNouItem('L', 'Activitats de migdia', 'https:\/\/drive.google.com\/file\/d\/1T76EizWNzBK90nCfopaz108oJuNDTl-n\/view?usp=sharing');\n\tNouItem('L', 'Men\u00fa de menjador', 'https:\/\/drive.google.com\/file\/d\/14d_doY0oGR4frtXmF0KG3KfGdk_uKH4j\/view?usp=sharing');\n\tNouItem('S', 'Informacions d\\'abril del 2021', '');\n\tNouItem('L', 'Men\u00fa de menjador', 'https:\/\/drive.google.com\/file\/d\/18Wi91VSDiK6YdhjrUTrG-yYRMJ3B4CxN\/view?usp=sharing');\n\tNouItem('L', 'Men\u00fas d\\'al.l\u00e8rgens', 'https:\/\/drive.google.com\/file\/d\/10ZEPdeLKTNwf9vbKgrAXTnFU6QPdWGtw\/view?usp=sharing');\n\tNouItem('L', 'Activitats de migdia', 'https:\/\/drive.google.com\/file\/d\/1KZ1SlRiVhImeJmhXWATHZ0mJzTkepY_Q\/view?usp=sharing');\n\tNouItem('L', 'Butllet\u00ed', 'https:\/\/drive.google.com\/file\/d\/1JxSuNi2pNpF-4Hk07vZa87pT-a54SUOm\/view?usp=sharing');\n\tNouItem('T', 'Darreres informacions:', 'https:\/\/xn--r1a.website\/s\/AMPA_LaSequia');\n\tNouItem('S', 'Acta de la darrera reuni\u00f3 (02\/03\/2021)', 'https:\/\/drive.google.com\/file\/d\/1tl_Opsu2x5JkC_LtIoQhYX7luoQgV4zq\/view?usp=sharing');\n\tNouItem('S', 'Contacte', 'http:\/\/agora.xtec.cat\/escolalasequia\/ampa\/contacte\/');\n\tNouItem('S', 'Serveis pel curs 2020-21', '');\n\tNouItem('L', 'Matiner', 'http:\/\/agora.xtec.cat\/escolalasequia\/ampa\/matiner\/');\n\tNouItem('L', 'Menjador', 'http:\/\/agora.xtec.cat\/escolalasequia\/ampa\/menjador\/');\n\tNouItem('L', 'Extraescolars', 'http:\/\/agora.xtec.cat\/escolalasequia\/ampa\/extraescolars\/');\n\tNouItem('L', '   Infantil', 'http:\/\/agora.xtec.cat\/escolalasequia\/ampa\/extraescolars-infantil\/');\n\tNouItem('L', '   Prim\u00e0ria', 'http:\/\/agora.xtec.cat\/escolalasequia\/ampa\/extraescolars-primaria\/');\n\tNouItem('L', '   Piscina', 'https:\/\/drive.google.com\/file\/d\/1lAkcAfnxgAw0umLqFqmWnFzWI7QFy225\/view?usp=sharing');\n\tNouItem('L', 'Llibres', 'http:\/\/agora.xtec.cat\/escolalasequia\/ampa\/llibres\/');\n\tNouItem('S', 'AMPA', '');\n\tNouItem('L', 'Presentaci\u00f3', 'http:\/\/agora.xtec.cat\/escolalasequia\/ampa\/presentacio\/');\n\tNouItem('L', 'Organitzaci\u00f3', 'http:\/\/agora.xtec.cat\/escolalasequia\/ampa\/organitzacio\/');\n\tNouItem('L', 'Fulls d\\'inscripci\u00f3', 'https:\/\/drive.google.com\/file\/d\/1Rq7sjwVxVrAcWHCKiAG4oa_h2CzlgRUJ\/view?usp=sharing');\n\tNouItem('C', '', '');\n\tNouItem('T', 'Darreres informacions:', 'https:\/\/xn--r1a.website\/s\/AMPA_LaSequia');\n\tfunction NouItem(nivell, etiqueta, desti){\n\t\tvar item = {\n\t\t\tgrau: nivell,\n\t\t\ttext: etiqueta,\n\t\t\tlink: desti\n\t\t}\n\t\telements.push(item);\n\t}\n\tvar numColumnes;\n\tif (screen.width < 600) numColumnes = 1;\n\telse numColumnes = 2;\n\tvar base, aElem, pElem, seccioOberta, numColumnaActual;\n\tvar taulaExt, taulaExtBody, trExt, tdExt;\n\tvar taulaIn, taulaInBody, trIn, tdIn, tdTelegram;\n\tvar i, iFrame, divTelegram;\n\tbase = document.getElementById('baseAMPA');\n\t\/\/Taula externa\n\ttaulaExt = document.createElement('table');\n\/*taulaExt.style.border = '1px solid #0000FF';*\/\ntaulaExt.style.border=\"0px\";\ntaulaExt.style.width = '100%';\n\ttaulaExtBody = document.createElement('tbody');\n\ttrExt = document.createElement('tr');\n\ttdExt = document.createElement('td');\ntdExt.style.background = 'rgb(255, 0, 0)';\ntdExt.style.border=\"0px\";\n\/*tdExt.style.border = '1px solid #FF0000';*\/\n\tif (numColumnes == 1) tdExt.style.width = '100%';\n\telse tdExt.style.width = '42%';\n\tseccioOberta = false;\n\tnumColumnaActual = 1;\n\tfor (i = 0; i < elements.length; i++) {\n\t\tif (elements[i].grau == 'S') ObrirSeccio(elements[i].text, elements[i].link);\n\t\tif (elements[i].grau == 'L') AfegirLinia(elements[i].text, elements[i].link);\n\t\tif (elements[i].grau == 'T') {\n\t\t\tif (numColumnaActual == numColumnes) {\n\t\t\t\tObrirSeccio(elements[i].text, '');\n\t\t\t\tAfegirLinia('', elements[i].link);\n\t\t\t}\n\t\t}\n\t\tif (elements[i].grau == 'C') {\n\t\t\tif (numColumnes > numColumnaActual) {\n\t\t\t\tTancarSeccio();\n\/*\t\t\t\talert(tdExt.offsetHeight);*\/\n\t\t\t\ttrExt.appendChild(tdExt);\n\t\t\t\ttdExt = document.createElement('td');\ntdExt.style.border=\"0px\";\n\t\ttdExt.style.background = 'rgb(0, 255, 0)';\n\t\t\ttrExt.style = \"vertical-align: top\";\n\/*tdExt.style.border = '1px solid #00FF00';*\/\n\t\t\t}\n\t\t\tnumColumnaActual = numColumnaActual + 1;\n\t\t}\n\t}\n\/*\tiFrame.style.height = '600px';*\/\n\tTancarSeccio();\n\ttrExt.appendChild(tdExt);\n\t\/\/Tancament\n\ttaulaExtBody.appendChild(trExt);\n\ttaulaExt.appendChild(taulaExtBody);\n\tbase.appendChild(taulaExt);\n\t\/\/Funcions auxiliars\n\tfunction ObrirSeccio(etiqueta, desti) {\n\t\tTancarSeccio();\n\t\ttaulaIn = document.createElement('table');\ntaulaIn.style.border = '1px solid #0988A9';\ntaulaIn.style.width = '100%';\ntaulaIn.style.marginBottom = '5px';\n\t\ttaulaInBody = document.createElement('tbody');\n\t\ttrIn = document.createElement('tr');\n\t\ttdIn = document.createElement('td');\n\t\ttdIn.style.fontSize = 'large';\n\t\ttdIn.style.background = 'rgb(9, 136, 169)';\n\t\ttdIn.style.color = 'rgb(255, 255, 255)';\n\t\ttdIn.style.border = '1px solid #0988A9';\n\t\tif (desti == '') tdIn.appendChild(document.createTextNode(etiqueta));\n\t\telse {\n\t\t\taElem = CrearEnllas(desti, etiqueta, 'white');\n\t\t\ttdIn.appendChild(aElem);\n\t\t}\n\t\ttrIn.appendChild(tdIn);\n\t\ttaulaInBody.appendChild(trIn);\n\t\tseccioOberta = true;\n\t}\n\tfunction AfegirLinia(etiqueta, desti) {\n\t\ttrIn = document.createElement('tr');\n\t\ttdIn = document.createElement('td');\n\t\t\/*tdIn.style.background = 'rgb(255, 255, 255)';*\/\n\t\ttdIn.style.border = '0px solid';\n\t\tif (etiqueta != '') {\n\/*\t\t\taElem = CrearEnllas(desti, etiqueta, 'rgb(9, 136, 169)');*\/\n\t\t\taElem = CrearEnllas(desti, etiqueta, 'black');\n\t\t\ttdIn.appendChild(aElem);\n\t\t} else {\n\t\t\tiFrame = document.createElement('IFRAME');\n\t\t\tiFrame.src = desti;\n\t\t\tiFrame.style.width = '100%';\n\t\t\t\/*iFrame.style.height = '100%';*\/\n\t\t\/*iFrame.style.height = '300px';*\/\n\/*\t\t\ttdIn.appendChild(iFrame);*\/\ndivTelegram = document.createElement('div');\ndivTelegram.setAttribute(\"id\", \"dTelegram\");\ndivTelegram.appendChild(iFrame);\ntdIn.appendChild(divTelegram);\n\t\t\ttdTelegram = tdIn;\n\t\t\ttdTelegram.style.background = 'rgb(0, 0, 255)';\n\t\t}\n\t\ttrIn.appendChild(tdIn);\n\t\ttaulaInBody.appendChild(trIn);\n\t}\n\tfunction CrearEnllas(desti, etiqueta, color) {\n\t\tvar enllas;\n\t\tenllas = document.createElement('a');\n\t\tenllas.href = desti;\n\t\tenllas.title = etiqueta;\n\/*\t\tenllas.style.color = color;\n\t\tenllas.style.setProperty(\"color\", color, \"important\");*\/\n\t\tenllas.style = \"color: \" + color + \" !important\";\n\/*\t\t\"background-color: red !important\"*\/\n\t\tenllas.appendChild(document.createTextNode(etiqueta));\n\t\treturn enllas;\n\t}\n\tfunction TancarSeccio () {\n\t\tif (seccioOberta == true) {\n\t\t\ttaulaIn.appendChild(taulaInBody);\n\t\t\ttaulaIn.style.border = '1px solid #0988A9';\n\t\t\ttdExt.appendChild(taulaIn);\n\t\t\tseccioOberta = false;\n\t\t}\n\t}\n\twindow.onload = function(){\nalert(\"tdTelegram.style: \" + tdTelegram.style);\nalert(\"iFrame.style: \" + iFrame.style);\nalert(\"tdTelegram.style.height: \" + tdTelegram.style.height);\nalert(\"iFrame.style.height: \" + iFrame.style.height);\nalert(\"taulaExt.offsetHeight: \" + taulaExt.offsetHeight);\nalert(\"tdTelegram.offsetHeight: \" + tdTelegram.offsetHeight);\ntdTelegram.offsetHeight = taulaExt.offsetHeight;\nalert(\"tdTelegram.offsetHeight: \" + tdTelegram.offsetHeight);\ntdTelegram.style.height = taulaExt.offsetHeight;\nalert(\"tdTelegram.style.height: \" + tdTelegram.style.height);\nalert(\"iFrame.offsetHeight: \" + iFrame.offsetHeight);\niFrame.offsetHeight = taulaExt.offsetHeight;\nalert(\"iFrame.offsetHeight: \" + iFrame.offsetHeight);\niFrame.style.height = taulaExt.offsetHeight;\nalert(\"iFrame.style.height: \" + iFrame.style.height);\nalert(\"height: \" + document.getElementById('dTelegram').height);\ndocument.getElementById('dTelegram').height = '200px';\nalert(\"height2: \" + document.getElementById('dTelegram').height);\n\t};\n\/\/--><\/script><\/p>\n","protected":false},"excerpt":{"rendered":"","protected":false},"author":40,"featured_media":0,"parent":1197,"menu_order":0,"comment_status":"closed","ping_status":"closed","template":"","meta":{"_bbp_topic_count":0,"_bbp_reply_count":0,"_bbp_total_topic_count":0,"_bbp_total_reply_count":0,"_bbp_voice_count":0,"_bbp_anonymous_reply_count":0,"_bbp_topic_count_hidden":0,"_bbp_reply_count_hidden":0,"_bbp_forum_subforum_count":0,"site-sidebar-layout":"default","site-content-layout":"","ast-site-content-layout":"","site-content-style":"default","site-sidebar-style":"default","ast-global-header-display":"","ast-banner-title-visibility":"","ast-main-header-display":"","ast-hfb-above-header-display":"","ast-hfb-below-header-display":"","ast-hfb-mobile-header-display":"","site-post-title":"","ast-breadcrumbs-content":"","ast-featured-img":"","footer-sml-layout":"","theme-transparent-header-meta":"","adv-header-id-meta":"","stick-header-meta":"","header-above-stick-meta":"","header-main-stick-meta":"","header-below-stick-meta":"","astra-migrate-meta-layouts":"default","ast-page-background-enabled":"default","ast-page-background-meta":{"desktop":{"background-color":"var(--ast-global-color-4)","background-image":"","background-repeat":"repeat","background-position":"center center","background-size":"auto","background-attachment":"scroll","background-type":"","background-media":"","overlay-type":"","overlay-color":"","overlay-opacity":"","overlay-gradient":""},"tablet":{"background-color":"","background-image":"","background-repeat":"repeat","background-position":"center center","background-size":"auto","background-attachment":"scroll","background-type":"","background-media":"","overlay-type":"","overlay-color":"","overlay-opacity":"","overlay-gradient":""},"mobile":{"background-color":"","background-image":"","background-repeat":"repeat","background-position":"center center","background-size":"auto","background-attachment":"scroll","background-type":"","background-media":"","overlay-type":"","overlay-color":"","overlay-opacity":"","overlay-gradient":""}},"ast-content-background-meta":{"desktop":{"background-color":"var(--ast-global-color-5)","background-image":"","background-repeat":"repeat","background-position":"center center","background-size":"auto","background-attachment":"scroll","background-type":"","background-media":"","overlay-type":"","overlay-color":"","overlay-opacity":"","overlay-gradient":""},"tablet":{"background-color":"var(--ast-global-color-5)","background-image":"","background-repeat":"repeat","background-position":"center center","background-size":"auto","background-attachment":"scroll","background-type":"","background-media":"","overlay-type":"","overlay-color":"","overlay-opacity":"","overlay-gradient":""},"mobile":{"background-color":"var(--ast-global-color-5)","background-image":"","background-repeat":"repeat","background-position":"center center","background-size":"auto","background-attachment":"scroll","background-type":"","background-media":"","overlay-type":"","overlay-color":"","overlay-opacity":"","overlay-gradient":""}},"footnotes":""},"class_list":["post-5695","page","type-page","status-publish","hentry"],"post_mailing_queue_ids":[],"_links":{"self":[{"href":"https:\/\/agora.xtec.cat\/escolalasequia\/wp-json\/wp\/v2\/pages\/5695","targetHints":{"allow":["GET"]}}],"collection":[{"href":"https:\/\/agora.xtec.cat\/escolalasequia\/wp-json\/wp\/v2\/pages"}],"about":[{"href":"https:\/\/agora.xtec.cat\/escolalasequia\/wp-json\/wp\/v2\/types\/page"}],"author":[{"embeddable":true,"href":"https:\/\/agora.xtec.cat\/escolalasequia\/wp-json\/wp\/v2\/users\/40"}],"replies":[{"embeddable":true,"href":"https:\/\/agora.xtec.cat\/escolalasequia\/wp-json\/wp\/v2\/comments?post=5695"}],"version-history":[{"count":4,"href":"https:\/\/agora.xtec.cat\/escolalasequia\/wp-json\/wp\/v2\/pages\/5695\/revisions"}],"predecessor-version":[{"id":5927,"href":"https:\/\/agora.xtec.cat\/escolalasequia\/wp-json\/wp\/v2\/pages\/5695\/revisions\/5927"}],"up":[{"embeddable":true,"href":"https:\/\/agora.xtec.cat\/escolalasequia\/wp-json\/wp\/v2\/pages\/1197"}],"wp:attachment":[{"href":"https:\/\/agora.xtec.cat\/escolalasequia\/wp-json\/wp\/v2\/media?parent=5695"}],"curies":[{"name":"wp","href":"https:\/\/api.w.org\/{rel}","templated":true}]}}