{"id":5202,"date":"2021-01-02T16:21:07","date_gmt":"2021-01-02T15:21:07","guid":{"rendered":"http:\/\/agora.xtec.cat\/escolalasequia\/?page_id=5202"},"modified":"2021-01-02T16:24:18","modified_gmt":"2021-01-02T15:24:18","slug":"informacio-legal-telegram","status":"publish","type":"page","link":"https:\/\/agora.xtec.cat\/escolalasequia\/afa\/informacio-legal-telegram\/","title":{"rendered":"Informaci\u00f3 legal Telegram"},"content":{"rendered":"<div class=\"entry-content\">\n<strong>CONDICIONS LEGALS I POL\u00cdTICA DE PRIVACITAT DEL CANAL DE TELEGRAM DE L\u2019AMPA DE L\u2019ESCOLA LA S\u00c8QUIA DE MANRESA<\/strong><\/p>\n<ol>\n<li><strong><u>IDENTITAT DEL TITULAR DEL SERVEI DE MISSATGERIA<\/u><\/strong><\/li>\n<\/ol>\n<p>AMPA Escola La S\u00e8quia (G64087257)<\/p>\n<p>Cam\u00ed Vell de Santpedor 36-38, 08243 Manresa<\/p>\n<p>ampalasequia@gmail.com<\/p>\n<ol start=\"2\">\n<li><strong><u>ACCEPTACI\u00d3 DE LES CONDICIONS D\u2019\u00daS<\/u><\/strong><\/li>\n<\/ol>\n<p>Les presents condicions tenen per objecte regular l\u2019\u00fas del servei de Telegram que el seu titular posa a disposici\u00f3 del p\u00fablic mitjan\u00e7ant n\u00fameros de telefonia m\u00f2bil. La utilitzaci\u00f3 del servei per un tercer li atribueix la condici\u00f3 d\u2019usuari i suposa l\u2019acceptaci\u00f3 plena, per part d\u2019aquest usuari, de totes i cadascuna de les condicions que s\u2019incorporen en el present document. El titular del servei de missatgeria pot oferir serveis o productes que podrien trobar-se sotmesos a unes condicions particulars pr\u00f2pies que, segons els casos, substitueixen, completen i\/o modifiquen les presents condicions.<\/p>\n<ol start=\"3\">\n<li><strong><u>\u00daS CORRECTE DEL SERVEI<\/u><\/strong><\/li>\n<\/ol>\n<p>L\u2019usuari es compromet a utilitzar el servei i els continguts distribu\u00efts pel titular de conformitat amb la llei. De la mateixa manera, l\u2019usuari s\u2019obliga a no utilitzar el servei que es presta amb finalitats o efectes il\u00b7l\u00edcits o contraris al contingut d\u2019aquest document, lesius dels interessos o drets de tercers, o que de qualsevol forma pugui danyar, inutilitzar o deteriorar el servei, o impedir l\u2019\u00fas normal del servei per part dels altres usuaris. Aix\u00ed mateix, l\u2019usuari es compromet expressament a no alterar o distribuir amb fins lucratius les dades del canal de Telegram de l\u2019AMPA de l\u2019escola La S\u00e8quia de Manresa.<\/p>\n<ol start=\"4\">\n<li><strong><u>PUBLICITAT<\/u><\/strong><\/li>\n<\/ol>\n<p>En cas de difondre\u2019s continguts publicitaris i\/o de terceres entitats o empreses en aquest servei de missatgeria, els anunciants i\/o patrocinadors s\u00f3n els \u00fanics responsables d\u2019assegurar que el material rem\u00e8s per a la seva inclusi\u00f3 en el servei compleix amb les lleis que en cada cas puguin ser aplicables. El titular de el servei no ser\u00e0 responsable de qualsevol error, inexactitud o irregularitat que puguin contenir els continguts publicitaris o dels patrocinadors. En tot cas, per interposar qualsevol reclamaci\u00f3 relacionada amb els continguts publicitaris inserits en el servei de missatgeria poden dirigir-se al titular del servei indicat en el primer apartat.<\/p>\n<ol start=\"5\">\n<li><strong><u>PROPIETAT INTEL\u00b7LECTUAL I INDUSTRIAL<\/u><\/strong><\/li>\n<\/ol>\n<p>Tots els drets de propietat industrial i intel\u00b7lectual sobre els continguts distribu\u00efts des del servei de missatgeria de l\u2019AMPA de l\u2019escola La S\u00e8quia de Manresa s\u00f3n de la pr\u00f2pia AMPA, excepte en aquells casos en qu\u00e8 s\u2019indiqui o es pugui intuir inequ\u00edvocament el contrari.<\/p>\n<ol start=\"6\">\n<li><strong><u>ACC\u00c9S<\/u><\/strong><\/li>\n<\/ol>\n<p>El canal de Telegram de l\u2019AMPA de l\u2019escola La S\u00e8quia est\u00e0 adre\u00e7at \u00fanica i exclusivament a les fam\u00edlies al corrent de pagament de la quota de l\u2019AMPA, i qualsevol usuari que no compleixi aquest requisit o qualsevol de les normes expressades en aquest document podria ser expulsat del canal per part dels administradors del canal. Tot i aix\u00ed, el titular del servei accepta la possibilitat que formin part del canal usuaris que no compleixin els requisits aqu\u00ed descrits, per\u00f2 no se\u2019n pot fer responsable a causa de la dificultat per comprovar la identitat de tots els usuaris.<\/p>\n<p>L\u2019acc\u00e9s al servei per part dels usuaris t\u00e9 car\u00e0cter lliure i gratu\u00eft. Unir-se al canal \u00e9s una acci\u00f3 \u00fanica i exclusivament voluntat de l\u2019usuari, de manera que mai es podr\u00e0 responsabilitzar a l\u2019AMPA de la pertinen\u00e7a d\u2019un usuari en aquest canal. Qualsevol usuari \u00e9s lliure d\u2019afegir-s\u2019hi o sortir-ne en el moment que ell desitgi, i l\u2019usuari \u00e9s el responsable d\u2019efectuar qualsevol d\u2019aquestes accions.<\/p>\n<p>Quan sigui necessari que l\u2019usuari es registri o aporti dades personals, la recollida i el tractament de les dades personals dels usuaris ser\u00e0 d\u2019aplicaci\u00f3 el que disposa la pol\u00edtica de privacitat de la web\u00a0<a href=\"https:\/\/ampalasequia.wordpress.com\/ampa\/avis-legal\/\" rel=\"nofollow\">https:\/\/ampalasequia.wordpress.com\/ampa\/avis-legal\/<\/a>\u00a0com si d\u2019un formulari de contacte es tract\u00e9s.<\/p>\n<p>Queda prohibida la contractaci\u00f3 de productes i serveis a trav\u00e9s de el servei de missatgeria per part de menors d\u2019edat legal, havent d\u2019obtenir degudament i amb anterioritat, el consentiment dels seus pares, tutors o representants legals, els quals seran considerats com responsables dels actes que duguin a terme els menors al seu c\u00e0rrec, d\u2019acord amb la normativa vigent.<\/p>\n<ol start=\"7\">\n<li><strong><u>R\u00c8GIM DE RESPONSABILITAT<\/u><\/strong><\/li>\n<\/ol>\n<p><strong>7.1. Responsabilitat per l\u2019\u00fas de el servei de missatgeria<\/strong><\/p>\n<p>L\u2019usuari \u00e9s l\u2019\u00fanic responsable de les infraccions en qu\u00e8 pugui inc\u00f3rrer o dels perjudicis que pugui causar per la utilitzaci\u00f3 del servei, quedant el titular, escola, col\u00b7laboradors, empleats i representants, exonerats de qualsevol classe de responsabilitat que es pogu\u00e9s derivar per les accions de l\u2019usuari. El titular del servei de missatgeria far\u00e0 servir tots els esfor\u00e7os i mitjans raonables per facilitar informaci\u00f3 actualitzada i fefaent, per\u00f2 el titular no assumeix cap garantia en relaci\u00f3 amb l\u2019abs\u00e8ncia d\u2019errors, o de possibles inexactituds i \/ o omissions en cap dels continguts accessibles a trav\u00e9s del canal de Telegram. L\u2019usuari \u00e9s l\u2019\u00fanic responsable davant de qualsevol reclamaci\u00f3 o acci\u00f3 legal, judicial o extrajudicial, iniciada per terceres persones contra el titular basada en la utilitzaci\u00f3 per l\u2019usuari. Si \u00e9s el cas, l\u2019usuari assumir\u00e0 totes les despeses, costos i indemnitzacions siguin irrogats a titular en motiu d\u2019aquestes reclamacions o accions legals.<\/p>\n<p><strong>7.2. Responsabilitat pel funcionament del servei<\/strong><\/p>\n<p>El titular exclou tota responsabilitat que es pogu\u00e9s derivar d\u2019interfer\u00e8ncies, omissions, interrupcions, avaries telef\u00f2niques o desconnexions en el funcionament operatiu d\u2019sistema electr\u00f2nic, motivat per causes alienes a titular del servei. Aix\u00ed mateix, el titular tamb\u00e9 exclou qualsevol responsabilitat que pogu\u00e9s derivar per retards o bloquejos en el funcionament operatiu d\u2019aquest sistema electr\u00f2nic causat per defici\u00e8ncies o sobrec\u00e0rrega en les l\u00ednies telef\u00f2niques o internet, aix\u00ed com de danys causats per terceres persones mitjan\u00e7ant intromissions il\u00b7leg\u00edtimes fora del control de titular. El titular est\u00e0 facultat per suspendre temporalment, i sense previ av\u00eds, l\u2019accessibilitat a el servei amb motiu d\u2019operacions de manteniment, reparaci\u00f3, actualitzaci\u00f3 o millora, o qualsevol altra circumst\u00e0ncia derivada de la pr\u00f2pia aplicaci\u00f3 de Telegram.<\/p>\n<p><strong>7.3. Responsabilitat per enlla\u00e7os<\/strong><\/p>\n<p>Els enlla\u00e7os o links publicats a trav\u00e9s del servei i les p\u00e0gines webs associades al mateix poden conduir a l\u2019usuari a altres webs gestionats per tercers. El titular del servei declina qualsevol responsabilitat respecte a la informaci\u00f3 que es trobi fora del servei, ja que la funci\u00f3 dels enlla\u00e7os que poden apar\u00e9ixer \u00e9s \u00fanicament la d\u2019informar l\u2019usuari sobre l\u2019exist\u00e8ncia d\u2019altres fonts d\u2019informaci\u00f3 sobre un tema en concret. El titular queda exonerat de tota responsabilitat per l\u2019incorrecte funcionament dels enlla\u00e7os indicats, del resultat obtingut a trav\u00e9s d\u2019aquests enlla\u00e7os, de la veracitat i licitud del contingut o informaci\u00f3 a la qual es pot accedir, aix\u00ed com dels perjudicis que pugui patir l\u2019usuari en virtut de la informaci\u00f3 trobada al web enlla\u00e7at.<\/p>\n<ol start=\"8\">\n<li><strong><u>FINALITAT<\/u><\/strong><\/li>\n<\/ol>\n<p>El servei ofert per l\u2019AMPA de l\u2019escola La S\u00e8quia a trav\u00e9s de Telegram t\u00e9 com a objectius:<\/p>\n<ul>\n<li>Informar a les fam\u00edlies de l\u2019AMPA de les activitats i\/o informacions que puguin ser del seu inter\u00e8s en relaci\u00f3 als seus fills, a l\u2019AMPA i\/o a l\u2019escola.<\/li>\n<li>Fomentar la relaci\u00f3, comunicaci\u00f3 i coordinaci\u00f3 entre les fam\u00edlies i l\u2019escola.<\/li>\n<li>Gesti\u00f3 de l\u2019associaci\u00f3.<\/li>\n<li>Informar, promocionar i orientar als pares sobre el funcionament i altres aspectes del centre, de l\u2019AMPA i\/o dels serveis relacionats (menjador, llibres de text, activitats extraescolars\u2026).<\/li>\n<li>Promoci\u00f3 i registre de les activitats\/esdeveniments organitzats per l\u2019AMPA.<\/li>\n<li>Proporcionar qualsevol altre contingut o informaci\u00f3 que el titular de servei cregui que pot interessar a part o a la totalitat dels usuaris als quals est\u00e0 destinat aquest canal.<\/li>\n<\/ul>\n<p>El titular del servei \u00e9s l\u2019\u00fanic que t\u00e9 potestat per decidir els continguts a publicar en el canal. En cas de disconformitat per part de l\u2019usuari amb els continguts publicats, aquest pot expressar les seves opinions adre\u00e7ant-se a les dades de contacte indicades en el primer punt d\u2019aquest document.<\/p>\n<ol start=\"9\">\n<li><strong><u>POL\u00cdTICA RESPECTE A LES DADES PERSONALS OBTINGUDES A TRAV\u00c9S DE TELEGRAM<\/u><\/strong><\/li>\n<\/ol>\n<p><strong>9.1. Confidencialitat<\/strong><\/p>\n<p>El titular del servei es compromet al compliment de l\u2019obligaci\u00f3 de guardar secret de les dades de car\u00e0cter personal que pugui obtenir per la seva condici\u00f3 de titular del servei, i del seu deure de guardar-les de forma confidencial i adoptar\u00e0 les mesures necess\u00e0ries per evitar la seva alteraci\u00f3, p\u00e8rdua, tractament o acc\u00e9s no autoritzat, tenint en compte en tot moment de l\u2019estat de la tecnologia.<\/p>\n<p><strong>9.2. Consentiment expr\u00e9s de l\u2019usuari<\/strong><\/p>\n<p>En compliment del que estableix la llei, expressament s\u2019adverteix que l\u2019alta en el servei de missatgeria implicar\u00e0 el consentiment expr\u00e9s de l\u2019usuari per a:<\/p>\n<ul>\n<li>El tractament automatitzat de les dades facilitades per a les finalitats exposades.<\/li>\n<li>Rebre comunicacions via Telegram de les informacions i\/o missatges que es considerin addient en compliment de les finalitats expressades en el punt anterior. No obstant, si l\u2019usuari no vol continuar rebent comunicacions ho pot indicar mitjan\u00e7ant les pr\u00f2pies opcions de l\u2019aplicaci\u00f3.<\/li>\n<\/ul>\n<p><strong>9.3. Drets de l\u2019usuari<\/strong><\/p>\n<p>Aix\u00ed mateix, s\u2019informa a l\u2019usuari del seu dret d\u2019acc\u00e9s, rectificaci\u00f3, cancel\u00b7laci\u00f3 i, si escau, oposici\u00f3 d\u2019acord amb el que estableix la llei de protecci\u00f3 de dades de car\u00e0cter personal i la resta de normativa aplicable a l\u2019efecte, els quals podr\u00e0 exercitar demanant-ho explicitament al titular indicat a l\u2019inici d\u2019aquest text.<\/p>\n<p>Aquesta sol\u00b7licitud haur\u00e0 de contenir les seg\u00fcents dades: indicar el servei (Telegram), nom i cognoms de l\u2019usuari, tel\u00e8fon, domicili a efectes de notificacions i fotoc\u00f2pia del document nacional d\u2019identitat o passaport.<\/p>\n<ol start=\"10\">\n<li><strong><u>MODIFICACIONS DE LES CONDICIONS D\u2019\u00daS<\/u><\/strong><\/li>\n<\/ol>\n<p>El titular del servei es reserva el dret a modificar, desenvolupar o actualitzar en qualsevol moment i sense pr\u00e8via notificaci\u00f3 les condicions d\u2019\u00fas de el present servei. L\u2019usuari quedar\u00e0 obligat autom\u00e0ticament per les condicions d\u2019\u00fas que es trobin vigents en el moment en qu\u00e8 accedeixi a el servei, per la qual cosa haur\u00e0 de llegir peri\u00f2dicament aquestes condicions d\u2019\u00fas.<\/p>\n<ol start=\"11\">\n<li><strong><u>LEGISLACI\u00d3 APLICABLE I COMPET\u00c8NCIA JURISDICCIONAL<\/u><\/strong><\/li>\n<\/ol>\n<p>Totes les controv\u00e8rsies o reclamacions sorgides de la interpretaci\u00f3 o execuci\u00f3 de les presents Condicions del servei es regiran per la legislaci\u00f3 catalana en primer terme i espanyola si fos necessari, i se sotmetran a la jurisdicci\u00f3 dels jutjats i tribunals del domicili del titular del servei.<\/p>\n<p>&nbsp;<\/p>\n<p>Les presents condicions legals i pol\u00edtica de privacitat han estat editades per \u00faltima vegada el 12\/04\/2020, i poden ser modificades en el futur per adaptar-les als canvis que es produeixin al servei o a la nostra web, aix\u00ed com modificacions legislatives o jurisprudencials sobre dades personals que vagin apareixent.<\/p>\n<\/div>\n","protected":false},"excerpt":{"rendered":"<p>CONDICIONS LEGALS I POL\u00cdTICA DE PRIVACITAT DEL CANAL DE TELEGRAM DE L\u2019AMPA DE L\u2019ESCOLA LA S\u00c8QUIA DE MANRESA IDENTITAT DEL TITULAR DEL SERVEI DE MISSATGERIA AMPA Escola La S\u00e8quia (G64087257) Cam\u00ed Vell de Santpedor 36-38, 08243 Manresa ampalasequia@gmail.com ACCEPTACI\u00d3 DE LES CONDICIONS D\u2019\u00daS Les presents condicions tenen per objecte regular l\u2019\u00fas del servei de Telegram [&hellip;]<\/p>\n","protected":false},"author":40,"featured_media":0,"parent":1197,"menu_order":0,"comment_status":"closed","ping_status":"closed","template":"","meta":{"_bbp_topic_count":0,"_bbp_reply_count":0,"_bbp_total_topic_count":0,"_bbp_total_reply_count":0,"_bbp_voice_count":0,"_bbp_anonymous_reply_count":0,"_bbp_topic_count_hidden":0,"_bbp_reply_count_hidden":0,"_bbp_forum_subforum_count":0,"site-sidebar-layout":"default","site-content-layout":"","ast-site-content-layout":"","site-content-style":"default","site-sidebar-style":"default","ast-global-header-display":"","ast-banner-title-visibility":"","ast-main-header-display":"","ast-hfb-above-header-display":"","ast-hfb-below-header-display":"","ast-hfb-mobile-header-display":"","site-post-title":"","ast-breadcrumbs-content":"","ast-featured-img":"","footer-sml-layout":"","theme-transparent-header-meta":"","adv-header-id-meta":"","stick-header-meta":"","header-above-stick-meta":"","header-main-stick-meta":"","header-below-stick-meta":"","astra-migrate-meta-layouts":"default","ast-page-background-enabled":"default","ast-page-background-meta":{"desktop":{"background-color":"var(--ast-global-color-4)","background-image":"","background-repeat":"repeat","background-position":"center center","background-size":"auto","background-attachment":"scroll","background-type":"","background-media":"","overlay-type":"","overlay-color":"","overlay-opacity":"","overlay-gradient":""},"tablet":{"background-color":"","background-image":"","background-repeat":"repeat","background-position":"center center","background-size":"auto","background-attachment":"scroll","background-type":"","background-media":"","overlay-type":"","overlay-color":"","overlay-opacity":"","overlay-gradient":""},"mobile":{"background-color":"","background-image":"","background-repeat":"repeat","background-position":"center center","background-size":"auto","background-attachment":"scroll","background-type":"","background-media":"","overlay-type":"","overlay-color":"","overlay-opacity":"","overlay-gradient":""}},"ast-content-background-meta":{"desktop":{"background-color":"var(--ast-global-color-5)","background-image":"","background-repeat":"repeat","background-position":"center center","background-size":"auto","background-attachment":"scroll","background-type":"","background-media":"","overlay-type":"","overlay-color":"","overlay-opacity":"","overlay-gradient":""},"tablet":{"background-color":"var(--ast-global-color-5)","background-image":"","background-repeat":"repeat","background-position":"center center","background-size":"auto","background-attachment":"scroll","background-type":"","background-media":"","overlay-type":"","overlay-color":"","overlay-opacity":"","overlay-gradient":""},"mobile":{"background-color":"var(--ast-global-color-5)","background-image":"","background-repeat":"repeat","background-position":"center center","background-size":"auto","background-attachment":"scroll","background-type":"","background-media":"","overlay-type":"","overlay-color":"","overlay-opacity":"","overlay-gradient":""}},"footnotes":""},"class_list":["post-5202","page","type-page","status-publish","hentry"],"post_mailing_queue_ids":[],"_links":{"self":[{"href":"https:\/\/agora.xtec.cat\/escolalasequia\/wp-json\/wp\/v2\/pages\/5202","targetHints":{"allow":["GET"]}}],"collection":[{"href":"https:\/\/agora.xtec.cat\/escolalasequia\/wp-json\/wp\/v2\/pages"}],"about":[{"href":"https:\/\/agora.xtec.cat\/escolalasequia\/wp-json\/wp\/v2\/types\/page"}],"author":[{"embeddable":true,"href":"https:\/\/agora.xtec.cat\/escolalasequia\/wp-json\/wp\/v2\/users\/40"}],"replies":[{"embeddable":true,"href":"https:\/\/agora.xtec.cat\/escolalasequia\/wp-json\/wp\/v2\/comments?post=5202"}],"version-history":[{"count":2,"href":"https:\/\/agora.xtec.cat\/escolalasequia\/wp-json\/wp\/v2\/pages\/5202\/revisions"}],"predecessor-version":[{"id":5204,"href":"https:\/\/agora.xtec.cat\/escolalasequia\/wp-json\/wp\/v2\/pages\/5202\/revisions\/5204"}],"up":[{"embeddable":true,"href":"https:\/\/agora.xtec.cat\/escolalasequia\/wp-json\/wp\/v2\/pages\/1197"}],"wp:attachment":[{"href":"https:\/\/agora.xtec.cat\/escolalasequia\/wp-json\/wp\/v2\/media?parent=5202"}],"curies":[{"name":"wp","href":"https:\/\/api.w.org\/{rel}","templated":true}]}}