{"id":4659,"date":"2020-10-25T23:56:06","date_gmt":"2020-10-25T22:56:06","guid":{"rendered":"http:\/\/agora.xtec.cat\/escolalasequia\/?page_id=4659"},"modified":"2025-07-11T09:16:04","modified_gmt":"2025-07-11T07:16:04","slug":"pagament","status":"publish","type":"page","link":"https:\/\/agora.xtec.cat\/escolalasequia\/afa\/pagament\/","title":{"rendered":"AFA > Pagament"},"content":{"rendered":"<p>El pagament de la quota de l&#8217;AFA, el servei matiner i les activitats extraescolars podran fer-se:<\/p>\n<ul>\n<li>Presencialment (al despatx de l&#8217;AFA, en el seu horari d&#8217;obertura):\n<ul>\n<li>En efectiu<\/li>\n<li>Amb targeta de d\u00e8bit\/cr\u00e8dit<\/li>\n<\/ul>\n<\/li>\n<li>Remotament:\n<ul>\n<li>Ingr\u00e9s o transfer\u00e8ncia al compte de l&#8217;AFA al Banc Sabadell:\n<div align=center>ES89 0081 5367 0200 0115 1916<\/div>\n<p>indicant, com a concepte, el servei a pagar, el nom de l&#8217;alumne\/a i el seu curs.<\/li>\n<\/ul>\n<p>&nbsp;<br \/>\nA partir del moment en qu\u00e8 es detecti algun impagament o devoluci\u00f3 banc\u00e0ria, cap membre de la fam\u00edlia podr\u00e0 fer \u00fas de cap servei gestionat per l&#8217;AFA fins que s&#8217;hagi liquidat el deute.<\/p>\n","protected":false},"excerpt":{"rendered":"<p>El pagament de la quota de l&#8217;AFA, el servei matiner i les activitats extraescolars podran fer-se: Presencialment (al despatx de l&#8217;AFA, en el seu horari d&#8217;obertura): En efectiu Amb targeta de d\u00e8bit\/cr\u00e8dit Remotament: Ingr\u00e9s o transfer\u00e8ncia al compte de l&#8217;AFA al Banc Sabadell: ES89 0081 5367 0200 0115 1916 indicant, com a concepte, el servei [&hellip;]<\/p>\n","protected":false},"author":40,"featured_media":0,"parent":1197,"menu_order":0,"comment_status":"closed","ping_status":"closed","template":"","meta":{"_bbp_topic_count":0,"_bbp_reply_count":0,"_bbp_total_topic_count":0,"_bbp_total_reply_count":0,"_bbp_voice_count":0,"_bbp_anonymous_reply_count":0,"_bbp_topic_count_hidden":0,"_bbp_reply_count_hidden":0,"_bbp_forum_subforum_count":0,"site-sidebar-layout":"default","site-content-layout":"","ast-site-content-layout":"","site-content-style":"default","site-sidebar-style":"default","ast-global-header-display":"","ast-banner-title-visibility":"","ast-main-header-display":"","ast-hfb-above-header-display":"","ast-hfb-below-header-display":"","ast-hfb-mobile-header-display":"","site-post-title":"","ast-breadcrumbs-content":"","ast-featured-img":"","footer-sml-layout":"","theme-transparent-header-meta":"","adv-header-id-meta":"","stick-header-meta":"","header-above-stick-meta":"","header-main-stick-meta":"","header-below-stick-meta":"","astra-migrate-meta-layouts":"default","ast-page-background-enabled":"default","ast-page-background-meta":{"desktop":{"background-color":"var(--ast-global-color-4)","background-image":"","background-repeat":"repeat","background-position":"center center","background-size":"auto","background-attachment":"scroll","background-type":"","background-media":"","overlay-type":"","overlay-color":"","overlay-opacity":"","overlay-gradient":""},"tablet":{"background-color":"","background-image":"","background-repeat":"repeat","background-position":"center center","background-size":"auto","background-attachment":"scroll","background-type":"","background-media":"","overlay-type":"","overlay-color":"","overlay-opacity":"","overlay-gradient":""},"mobile":{"background-color":"","background-image":"","background-repeat":"repeat","background-position":"center center","background-size":"auto","background-attachment":"scroll","background-type":"","background-media":"","overlay-type":"","overlay-color":"","overlay-opacity":"","overlay-gradient":""}},"ast-content-background-meta":{"desktop":{"background-color":"var(--ast-global-color-5)","background-image":"","background-repeat":"repeat","background-position":"center center","background-size":"auto","background-attachment":"scroll","background-type":"","background-media":"","overlay-type":"","overlay-color":"","overlay-opacity":"","overlay-gradient":""},"tablet":{"background-color":"var(--ast-global-color-5)","background-image":"","background-repeat":"repeat","background-position":"center center","background-size":"auto","background-attachment":"scroll","background-type":"","background-media":"","overlay-type":"","overlay-color":"","overlay-opacity":"","overlay-gradient":""},"mobile":{"background-color":"var(--ast-global-color-5)","background-image":"","background-repeat":"repeat","background-position":"center center","background-size":"auto","background-attachment":"scroll","background-type":"","background-media":"","overlay-type":"","overlay-color":"","overlay-opacity":"","overlay-gradient":""}},"footnotes":""},"class_list":["post-4659","page","type-page","status-publish","hentry"],"post_mailing_queue_ids":[],"_links":{"self":[{"href":"https:\/\/agora.xtec.cat\/escolalasequia\/wp-json\/wp\/v2\/pages\/4659","targetHints":{"allow":["GET"]}}],"collection":[{"href":"https:\/\/agora.xtec.cat\/escolalasequia\/wp-json\/wp\/v2\/pages"}],"about":[{"href":"https:\/\/agora.xtec.cat\/escolalasequia\/wp-json\/wp\/v2\/types\/page"}],"author":[{"embeddable":true,"href":"https:\/\/agora.xtec.cat\/escolalasequia\/wp-json\/wp\/v2\/users\/40"}],"replies":[{"embeddable":true,"href":"https:\/\/agora.xtec.cat\/escolalasequia\/wp-json\/wp\/v2\/comments?post=4659"}],"version-history":[{"count":4,"href":"https:\/\/agora.xtec.cat\/escolalasequia\/wp-json\/wp\/v2\/pages\/4659\/revisions"}],"predecessor-version":[{"id":10426,"href":"https:\/\/agora.xtec.cat\/escolalasequia\/wp-json\/wp\/v2\/pages\/4659\/revisions\/10426"}],"up":[{"embeddable":true,"href":"https:\/\/agora.xtec.cat\/escolalasequia\/wp-json\/wp\/v2\/pages\/1197"}],"wp:attachment":[{"href":"https:\/\/agora.xtec.cat\/escolalasequia\/wp-json\/wp\/v2\/media?parent=4659"}],"curies":[{"name":"wp","href":"https:\/\/api.w.org\/{rel}","templated":true}]}}