{"id":4647,"date":"2020-10-25T23:29:44","date_gmt":"2020-10-25T22:29:44","guid":{"rendered":"http:\/\/agora.xtec.cat\/escolalasequia\/?page_id=4647"},"modified":"2025-06-18T19:13:03","modified_gmt":"2025-06-18T17:13:03","slug":"organitzacio","status":"publish","type":"page","link":"https:\/\/agora.xtec.cat\/escolalasequia\/afa\/organitzacio\/","title":{"rendered":"AFA > Organitzaci\u00f3"},"content":{"rendered":"<p><strong>Junta directiva<\/strong><br \/>\n\u00c9s l\u2019\u00f2rgan de govern, que dirigeix, administra i representa legalment l\u2019AFA. Est\u00e0 formada per:<\/p>\n<table>\n<tr>\n<td>Presidenta<\/td>\n<td>Rosa Garc\u00eda<\/td>\n<td><a href=\"mailto:junta.afalasequia@gmail.com\">junta.afalasequia@gmail.com<\/a><\/td>\n<\/tr>\n<tr>\n<td>Secret\u00e0ria<\/td>\n<td>Dunia Anquela<\/td>\n<td><a href=\"mailto:junta.afalasequia@gmail.com\">junta.afalasequia@gmail.com<\/a><\/td>\n<\/tr>\n<tr>\n<td>Tresorera<\/td>\n<td>Karen Mora<\/td>\n<td><a href=\"mailto:tresorer.afalasequia@gmail.com\">tresorer.afalasequia@gmail.com<\/a><\/td>\n<\/tr>\n<\/table>\n<p><strong>Comissions<\/strong><\/p>\n<table>\n<tr>\n<td>Ampasoft<\/td>\n<td>Eva Arrebola<\/td>\n<td><a href=\"mailto:ampasoft.afalasequia@gmail.com\">ampasoft.afalasequia@gmail.com<\/a><\/td>\n<\/tr>\n<tr>\n<td>Butllet\u00ed<\/td>\n<td>Montse Xandri<\/td>\n<td><a href=\"mailto:butlleti.afalasequia@gmail.com\">butlleti.afalasequia@gmail.com<\/a><\/td>\n<\/tr>\n<tr>\n<td>Canals de comunicaci\u00f3<\/td>\n<td>Jaume P\u00e9rez<\/td>\n<td><a href=\"mailto:comunicacio.afalasequia@gmail.com\">comunicacio.afalasequia@gmail.com<\/a><\/td>\n<\/tr>\n<tr>\n<td>Conciliabus<\/td>\n<td>Rosa Garc\u00eda<\/td>\n<td><\/td>\n<\/tr>\n<tr>\n<td>Extraescolars<\/td>\n<td>Eva Arrebola<\/td>\n<td><\/td>\n<\/tr>\n<tr>\n<td>Festes<\/td>\n<td>Mireia \/ Susanna<\/td>\n<td><a href=\"mailto:festes.afalasequia@gmail.com\">festes.afalasequia@gmail.com<\/a><\/td>\n<\/tr>\n<tr>\n<td>Llibres<\/td>\n<td>Josep Gallardo<\/td>\n<td><a href=\"mailto:afalasequia@gmail.com\">afalasequia@gmail.com<\/a><\/td>\n<\/tr>\n<tr>\n<td>Matiner<\/td>\n<td>Montse Guiu<\/td>\n<td><a href=\"mailto:matiner.afalasequia@gmail.com\">matiner.afalasequia@gmail.com<\/a><\/td>\n<\/tr>\n<tr>\n<td>Menjador<\/td>\n<td>Ana C. Querol<\/td>\n<td><a href=\"mailto:menjador.afalasequia@gmail.com\">menjador.afalasequia@gmail.com<\/a><\/td>\n<\/tr>\n<tr>\n<td>Representat al consell escolar<\/td>\n<td>Sara Peidro<\/td>\n<td><a href=\"mailto:consellesc.afalasequia@gmail.com\">consellesc.afalasequia@gmail.com<\/a><\/td>\n<\/tr>\n<tr>\n<td>Suport log\u00edstic<\/td>\n<td>Jordi Barcons<\/td>\n<td><\/td>\n<\/tr>\n<\/table>\n","protected":false},"excerpt":{"rendered":"<p>Junta directiva \u00c9s l\u2019\u00f2rgan de govern, que dirigeix, administra i representa legalment l\u2019AFA. Est\u00e0 formada per: Presidenta Rosa Garc\u00eda junta.afalasequia@gmail.com Secret\u00e0ria Dunia Anquela junta.afalasequia@gmail.com Tresorera Karen Mora tresorer.afalasequia@gmail.com Comissions Ampasoft Eva Arrebola ampasoft.afalasequia@gmail.com Butllet\u00ed Montse Xandri butlleti.afalasequia@gmail.com Canals de comunicaci\u00f3 Jaume P\u00e9rez comunicacio.afalasequia@gmail.com Conciliabus Rosa Garc\u00eda Extraescolars Eva Arrebola Festes Mireia \/ Susanna festes.afalasequia@gmail.com Llibres [&hellip;]<\/p>\n","protected":false},"author":40,"featured_media":0,"parent":1197,"menu_order":0,"comment_status":"closed","ping_status":"closed","template":"","meta":{"_bbp_topic_count":0,"_bbp_reply_count":0,"_bbp_total_topic_count":0,"_bbp_total_reply_count":0,"_bbp_voice_count":0,"_bbp_anonymous_reply_count":0,"_bbp_topic_count_hidden":0,"_bbp_reply_count_hidden":0,"_bbp_forum_subforum_count":0,"site-sidebar-layout":"default","site-content-layout":"","ast-site-content-layout":"","site-content-style":"default","site-sidebar-style":"default","ast-global-header-display":"","ast-banner-title-visibility":"","ast-main-header-display":"","ast-hfb-above-header-display":"","ast-hfb-below-header-display":"","ast-hfb-mobile-header-display":"","site-post-title":"","ast-breadcrumbs-content":"","ast-featured-img":"","footer-sml-layout":"","theme-transparent-header-meta":"","adv-header-id-meta":"","stick-header-meta":"","header-above-stick-meta":"","header-main-stick-meta":"","header-below-stick-meta":"","astra-migrate-meta-layouts":"default","ast-page-background-enabled":"default","ast-page-background-meta":{"desktop":{"background-color":"var(--ast-global-color-4)","background-image":"","background-repeat":"repeat","background-position":"center center","background-size":"auto","background-attachment":"scroll","background-type":"","background-media":"","overlay-type":"","overlay-color":"","overlay-opacity":"","overlay-gradient":""},"tablet":{"background-color":"","background-image":"","background-repeat":"repeat","background-position":"center center","background-size":"auto","background-attachment":"scroll","background-type":"","background-media":"","overlay-type":"","overlay-color":"","overlay-opacity":"","overlay-gradient":""},"mobile":{"background-color":"","background-image":"","background-repeat":"repeat","background-position":"center center","background-size":"auto","background-attachment":"scroll","background-type":"","background-media":"","overlay-type":"","overlay-color":"","overlay-opacity":"","overlay-gradient":""}},"ast-content-background-meta":{"desktop":{"background-color":"var(--ast-global-color-5)","background-image":"","background-repeat":"repeat","background-position":"center center","background-size":"auto","background-attachment":"scroll","background-type":"","background-media":"","overlay-type":"","overlay-color":"","overlay-opacity":"","overlay-gradient":""},"tablet":{"background-color":"var(--ast-global-color-5)","background-image":"","background-repeat":"repeat","background-position":"center center","background-size":"auto","background-attachment":"scroll","background-type":"","background-media":"","overlay-type":"","overlay-color":"","overlay-opacity":"","overlay-gradient":""},"mobile":{"background-color":"var(--ast-global-color-5)","background-image":"","background-repeat":"repeat","background-position":"center center","background-size":"auto","background-attachment":"scroll","background-type":"","background-media":"","overlay-type":"","overlay-color":"","overlay-opacity":"","overlay-gradient":""}},"footnotes":""},"class_list":["post-4647","page","type-page","status-publish","hentry"],"post_mailing_queue_ids":[],"_links":{"self":[{"href":"https:\/\/agora.xtec.cat\/escolalasequia\/wp-json\/wp\/v2\/pages\/4647","targetHints":{"allow":["GET"]}}],"collection":[{"href":"https:\/\/agora.xtec.cat\/escolalasequia\/wp-json\/wp\/v2\/pages"}],"about":[{"href":"https:\/\/agora.xtec.cat\/escolalasequia\/wp-json\/wp\/v2\/types\/page"}],"author":[{"embeddable":true,"href":"https:\/\/agora.xtec.cat\/escolalasequia\/wp-json\/wp\/v2\/users\/40"}],"replies":[{"embeddable":true,"href":"https:\/\/agora.xtec.cat\/escolalasequia\/wp-json\/wp\/v2\/comments?post=4647"}],"version-history":[{"count":6,"href":"https:\/\/agora.xtec.cat\/escolalasequia\/wp-json\/wp\/v2\/pages\/4647\/revisions"}],"predecessor-version":[{"id":10328,"href":"https:\/\/agora.xtec.cat\/escolalasequia\/wp-json\/wp\/v2\/pages\/4647\/revisions\/10328"}],"up":[{"embeddable":true,"href":"https:\/\/agora.xtec.cat\/escolalasequia\/wp-json\/wp\/v2\/pages\/1197"}],"wp:attachment":[{"href":"https:\/\/agora.xtec.cat\/escolalasequia\/wp-json\/wp\/v2\/media?parent=4647"}],"curies":[{"name":"wp","href":"https:\/\/api.w.org\/{rel}","templated":true}]}}