{"id":4644,"date":"2020-10-25T23:28:55","date_gmt":"2020-10-25T22:28:55","guid":{"rendered":"http:\/\/agora.xtec.cat\/escolalasequia\/?page_id=4644"},"modified":"2024-06-20T15:25:09","modified_gmt":"2024-06-20T13:25:09","slug":"presentacio","status":"publish","type":"page","link":"https:\/\/agora.xtec.cat\/escolalasequia\/afa\/presentacio\/","title":{"rendered":"AFA > Presentaci\u00f3"},"content":{"rendered":"<table style=\"width: 100%;margin-bottom: 15px;\">\n<tr>\n<td style=\"border: 1px solid #0988A9;background-color: #0988A9;color: #FFFFFF;font-size: 16px;\">Presentaci\u00f3<\/td>\n<\/tr>\n<tr>\n<td style=\"border: 1px solid #0988A9;font-size: 16px;\">\nL&#8217;Associaci\u00f3 de Fam\u00edlies d&#8217;Alumnes de l&#8217;escola La S\u00e8quia \u00e9s una associaci\u00f3 sense \u00e0nim de lucre que t\u00e9 com a objectiu principal participar, contribuir i ajudar al bon funcionament del centre i la millora de la vida escolar. Per aconseguir-ho:<\/p>\n<ul>\n<li>Col.labora amb l\u2019equip directiu i docent en el bon funcionament de l&#8217;escola.<\/li>\n<li>Participa en el Consell Escolar del centre.<\/li>\n<li>Ofereix i gestiona els seg\u00fcents serveis:\n<ul>\n<li>Matiner.<\/li>\n<li>Menjador.<\/li>\n<li>Activitats extraescolars.<\/li>\n<li>Casal intensiu (tardes de jornada intensiva escolar).<\/li>\n<li>Casal d&#8217;estiu oberts a la ciutat.<\/li>\n<li>Compra i distribuci\u00f3 dels llibres requerits per l&#8217;escola en cada curs.<\/li>\n<\/ul>\n<\/li>\n<li>Organitza esdeveniments i actes per afavorir la relaci\u00f3 entre les fam\u00edlies, i tamb\u00e9 amb l&#8217;escola.<\/li>\n<li>Promou activitats per col.laborar amb projectes solidaris.<\/li>\n<li>Representa l&#8217;escola a la FAPAC.<\/li>\n<li>Gestiona les assegurances de les fam\u00edlies s\u00f2cies de l&#8217;AFA:\n<ul>\n<li>FAPAC: responsabilitat civil i activitats fora horari lectiu.<\/li>\n<li>Extraescolars que participen en les lligues promogudes pel Consell Esportiu del Bages.<\/li>\n<\/ul>\n<\/li>\n<li>Gestiona de manera clara i transparent els ingressos i les despeses de l&#8217;associaci\u00f3.<\/li>\n<\/ul>\n<\/tr>\n<\/table>\n<table style=\"width: 100%;\">\n<tr>\n<td style=\"border: 1px solid #0988A9;background-color: #0988A9;color: #FFFFFF;font-size: 16px;\">Avantatges pels socis de l\u2019AFA<\/td>\n<\/tr>\n<tr>\n<td style=\"border: 1px solid #0988A9;font-size: 16px;\">\nFent-vos socis de l\u2019AFA, tots hi guanyem:<\/p>\n<ul>\n<li>Possibilitat d\u2019utilitzar els serveis exclusius pels socis de l\u2019AFA:\n<ul>\n<li>Matiner.<\/li>\n<li>Extraescolars gestionades per l\u2019AFA.<\/li>\n<li>Compra col.lectiva dels llibres requerits per l&#8217;escola en cada curs.<\/li>\n<\/ul>\n<\/li>\n<li>Preus m\u00e9s econ\u00f2mics en:\n<ul>\n<li>Casals intensius i d\u2019estiu.<\/li>\n<li>Festes i activitats promogudes per l\u2019AFA.<\/li>\n<\/ul>\n<\/li>\n<li>Monitoratge gratu\u00eft en determinades reunions col.lectives de pares amb el professorat.<\/li>\n<li>Contribuir a la millora de les condicions dels nostres fills a l\u2019escola.<\/li>\n<\/ul>\n<p>Per fer-se soci de l\u2019AFA, cal (per fam\u00edlia):<\/p>\n<ul>\n<li>Omplir i presentar el full d\u2019inscripci\u00f3.<\/li>\n<li>Signar i entregar el full de conformitat de la llei de protecci\u00f3 de dades.<\/li>\n<li>Pagar la quota estipulada (a trav\u00e9s de la comanda de llibres o directament a l\u2019AFA).<\/li>\n<\/ul>\n<\/tr>\n<\/table>\n<table style=\"width: 100%;\">\n<tr>\n<td style=\"border: 1px solid #0988A9;background-color: #0988A9;color: #FFFFFF;font-size: 16px;\">Organitzaci\u00f3<\/td>\n<\/tr>\n<tr>\n<td style=\"border: 1px solid #0988A9;font-size: 16px;\">\nL\u2019AFA est\u00e0 estructurada en:<\/p>\n<ul>\n<li>Assemblea General: \u00e9s el m\u00e0xim \u00f2rgan de decisi\u00f3 de l&#8217;associaci\u00f3. Anualment celebra l&#8217;assemblea general ordin\u00e0ria entre els mesos d&#8217;octubre i novembre, per:\n<ul>\n<li>Presentar el projecte i les novetats del curs vigent.<\/li>\n<li>Informar sobre les quotes i l&#8217;estat de comptes de l&#8217;associaci\u00f3.<\/li>\n<li>Explicar les activitats que organitza l&#8217;AFA.<\/li>\n<li>Renovar i\/o aprovar els c\u00e0rrecs de president\/a, secretari\/\u00e0ria i tresorer\/a, si correspon.<\/li>\n<\/ul>\n<p>A m\u00e9s, es poden convocar assemblees extraordin\u00e0ries per assumptes rellevants que aix\u00ed ho requereixin.\n<\/li>\n<li>La Junta: \u00e9s l&#8217;\u00f2rgan que dirigeix, administra i representa a l&#8217;AFA. Est\u00e0 formada pel\/per la president\/a, secretari\/\u00e0ria, tresorer\/a i es reuneix obertament, un cop al mes, a la biblioteca de l&#8217;escola, amb tots els pares i mares de l&#8217;associaci\u00f3 que vulguin assistir-hi.<\/li>\n<li>Comissions de treball: comissions espec\u00edfiques amb objectius concrets. Es poden consultar totes les comissions existents actualment a <a href=\"https:\/\/agora.xtec.cat\/escolalasequia\/afa\/organitzacio\/\">https:\/\/agora.xtec.cat\/escolalasequia\/afa\/organitzacio\/<\/a>.<\/li>\n<\/ul>\n<p>La quota anual de l&#8217;AFA per al curs 2024\/25 \u00e9s de <b>35 euros per fam\u00edlia<\/b>. Aquest pagament permet a l&#8217;associaci\u00f3 seguir funcionant com a AFA, en benefici dels alumnes i de la pr\u00f2pia escola.<\/p>\n<p>L&#8217;AFA \u00e9s possible gr\u00e0cies a l&#8217;esfor\u00e7 i dedicaci\u00f3 de les fam\u00edlies. La vostra col.laboraci\u00f3 ser\u00e0 molt benvinguda, i podeu fer-ho:<\/p>\n<ul>\n<li>Participant en les reunions obertes a totes les fam\u00edlies de l&#8217;AFA (de periodicitat mensual).<\/li>\n<li>Integrant-vos (en el grau que les vostres possibilitats ho permetin) en alguna comissi\u00f3 de treball.<\/li>\n<li>Aportant idees i propostes a junta.afalasequia@gmail.com.<\/li>\n<\/ul>\n<p>Segueix-nos al nostre canal de Telegram obert a tothom: <a href=\"https:\/\/t.me\/AFA_LaSequia\">t.me\/AFA_LaSequia<\/a><br \/>\n\t<\/tr>\n<\/table>\n<table style=\"width: 100%;margin-bottom: 15px;\">\n<tr>\n<td style=\"border: 1px solid #0988A9;background-color: #0988A9;color: #FFFFFF;font-size: 16px;\">Entre tots ho farem tot!<\/td>\n<\/tr>\n<tr>\n<td style=\"border: 1px solid #0988A9;font-size: 16px;\">\n\t\t\tCom sempre, recordar-te que tots som AFA, i estarem encantats de comptar amb la vostra pres\u00e8ncia i aportacions en les reunions mensuals. I si no et va b\u00e9 venir per\u00f2 t&#8217;agradaria col.laborar, posa&#8217;t en contacte amb nosaltres al correu junta.afalasequia@gmail.com i entre tots ho farem tot!\n\t\t<\/td>\n<\/tr>\n<\/table>\n<div align=right><span style=\"font-size: small;\">Consulta <a href=\"http:\/\/agora.xtec.cat\/escolalasequia\/ampa\/presentacio\/avis-legal\/\">aqu\u00ed<\/a> l&#8217;av\u00eds legal de l&#8217;espai web de l&#8217;AFA<\/span><\/div>\n","protected":false},"excerpt":{"rendered":"<p>Presentaci\u00f3 L&#8217;Associaci\u00f3 de Fam\u00edlies d&#8217;Alumnes de l&#8217;escola La S\u00e8quia \u00e9s una associaci\u00f3 sense \u00e0nim de lucre que t\u00e9 com a objectiu principal participar, contribuir i ajudar al bon funcionament del centre i la millora de la vida escolar. Per aconseguir-ho: Col.labora amb l\u2019equip directiu i docent en el bon funcionament de l&#8217;escola. Participa en el [&hellip;]<\/p>\n","protected":false},"author":40,"featured_media":0,"parent":1197,"menu_order":0,"comment_status":"closed","ping_status":"closed","template":"","meta":{"_bbp_topic_count":0,"_bbp_reply_count":0,"_bbp_total_topic_count":0,"_bbp_total_reply_count":0,"_bbp_voice_count":0,"_bbp_anonymous_reply_count":0,"_bbp_topic_count_hidden":0,"_bbp_reply_count_hidden":0,"_bbp_forum_subforum_count":0,"site-sidebar-layout":"default","site-content-layout":"","ast-site-content-layout":"","site-content-style":"default","site-sidebar-style":"default","ast-global-header-display":"","ast-banner-title-visibility":"","ast-main-header-display":"","ast-hfb-above-header-display":"","ast-hfb-below-header-display":"","ast-hfb-mobile-header-display":"","site-post-title":"","ast-breadcrumbs-content":"","ast-featured-img":"","footer-sml-layout":"","theme-transparent-header-meta":"","adv-header-id-meta":"","stick-header-meta":"","header-above-stick-meta":"","header-main-stick-meta":"","header-below-stick-meta":"","astra-migrate-meta-layouts":"default","ast-page-background-enabled":"default","ast-page-background-meta":{"desktop":{"background-color":"var(--ast-global-color-4)","background-image":"","background-repeat":"repeat","background-position":"center center","background-size":"auto","background-attachment":"scroll","background-type":"","background-media":"","overlay-type":"","overlay-color":"","overlay-opacity":"","overlay-gradient":""},"tablet":{"background-color":"","background-image":"","background-repeat":"repeat","background-position":"center center","background-size":"auto","background-attachment":"scroll","background-type":"","background-media":"","overlay-type":"","overlay-color":"","overlay-opacity":"","overlay-gradient":""},"mobile":{"background-color":"","background-image":"","background-repeat":"repeat","background-position":"center center","background-size":"auto","background-attachment":"scroll","background-type":"","background-media":"","overlay-type":"","overlay-color":"","overlay-opacity":"","overlay-gradient":""}},"ast-content-background-meta":{"desktop":{"background-color":"var(--ast-global-color-5)","background-image":"","background-repeat":"repeat","background-position":"center center","background-size":"auto","background-attachment":"scroll","background-type":"","background-media":"","overlay-type":"","overlay-color":"","overlay-opacity":"","overlay-gradient":""},"tablet":{"background-color":"var(--ast-global-color-5)","background-image":"","background-repeat":"repeat","background-position":"center center","background-size":"auto","background-attachment":"scroll","background-type":"","background-media":"","overlay-type":"","overlay-color":"","overlay-opacity":"","overlay-gradient":""},"mobile":{"background-color":"var(--ast-global-color-5)","background-image":"","background-repeat":"repeat","background-position":"center center","background-size":"auto","background-attachment":"scroll","background-type":"","background-media":"","overlay-type":"","overlay-color":"","overlay-opacity":"","overlay-gradient":""}},"footnotes":""},"class_list":["post-4644","page","type-page","status-publish","hentry"],"post_mailing_queue_ids":[],"_links":{"self":[{"href":"https:\/\/agora.xtec.cat\/escolalasequia\/wp-json\/wp\/v2\/pages\/4644","targetHints":{"allow":["GET"]}}],"collection":[{"href":"https:\/\/agora.xtec.cat\/escolalasequia\/wp-json\/wp\/v2\/pages"}],"about":[{"href":"https:\/\/agora.xtec.cat\/escolalasequia\/wp-json\/wp\/v2\/types\/page"}],"author":[{"embeddable":true,"href":"https:\/\/agora.xtec.cat\/escolalasequia\/wp-json\/wp\/v2\/users\/40"}],"replies":[{"embeddable":true,"href":"https:\/\/agora.xtec.cat\/escolalasequia\/wp-json\/wp\/v2\/comments?post=4644"}],"version-history":[{"count":6,"href":"https:\/\/agora.xtec.cat\/escolalasequia\/wp-json\/wp\/v2\/pages\/4644\/revisions"}],"predecessor-version":[{"id":9493,"href":"https:\/\/agora.xtec.cat\/escolalasequia\/wp-json\/wp\/v2\/pages\/4644\/revisions\/9493"}],"up":[{"embeddable":true,"href":"https:\/\/agora.xtec.cat\/escolalasequia\/wp-json\/wp\/v2\/pages\/1197"}],"wp:attachment":[{"href":"https:\/\/agora.xtec.cat\/escolalasequia\/wp-json\/wp\/v2\/media?parent=4644"}],"curies":[{"name":"wp","href":"https:\/\/api.w.org\/{rel}","templated":true}]}}