{"id":4431,"date":"2020-09-29T00:54:20","date_gmt":"2020-09-28T22:54:20","guid":{"rendered":"http:\/\/agora.xtec.cat\/escolalasequia\/?page_id=4431"},"modified":"2025-07-08T15:02:25","modified_gmt":"2025-07-08T13:02:25","slug":"extraescolars","status":"publish","type":"page","link":"https:\/\/agora.xtec.cat\/escolalasequia\/afa\/extraescolars\/","title":{"rendered":"AFA > Extraescolars"},"content":{"rendered":"<p>L&#8217;objectiu de l&#8217;AFA \u00e9s oferir un ampli i variat ventall d&#8217;activitats extraescolars, combinant activitats esportives, compet\u00e8ncies art\u00edstiques, ling\u00fcistiques i musicals, i potenciament de l&#8217;autoconeixement, la creativitat i altres \u00e0rees complement\u00e0ries a la formaci\u00f3 reglada, tot vetllant per poder oferir totes aquestes activitats al preu m\u00e9s ajustat possible. Tenint en compte que per a inscriure&#8217;s a qualsevol activitat extraescolar cal haver pagat la quota AFA del curs actual:<\/p>\n<ul>\n<li>Inscripci\u00f3: fins al 10 de setembre, al despatx de l&#8217;AFA o a afalasequia@gmail.com.<\/li>\n<li>Tastet d&#8217;extraescolars: aquells alumnes que vulguin provar alguna nova activitat (m\u00e0xim dues) poden fer-ho de manera gratu\u00efta la setmana del 15 al 19 de setembre, sol.licitant-ho pr\u00e8viament a l&#8217;AFA.<\/li>\n<li>Horari: de 16.30 a 17.30.<\/li>\n<li>Inici: 15 de setembre (excepte alumnes d&#8217;I3, que s&#8217;hi poden incorporar a partir del 3 de novembre).<\/li>\n<li>Final: setmana pr\u00e8via a la jornada intensiva de juny de 2026.<\/li>\n<li>Preu: 25 euros mensuals per cada activitat extraescolar.<\/li>\n<li>Dates de pagament (mensual):\n<ul>\n<li>En efectiu, targeta o transfer\u00e8ncia: entre el dia 1 i dia 15 del mes posterior.<\/li>\n<li>Domiciliaci\u00f3 banc\u00e0ria: el dia 5 del mes posterior.<\/li>\n<\/ul>\n<\/li>\n<\/ul>\n<p>El pagament pot fer-se segons qualsevol de les opcions indicades en la secci\u00f3 de <a href=\"http:\/\/agora.xtec.cat\/escolalasequia\/ampa\/pagament\/\">pagaments<\/a>.<\/p>\n<p>Cal indicar que no es permetr\u00e0 la participaci\u00f3 en la seva sessi\u00f3 d\u2019extraescolars als alumnes que durant aquell dia hagin faltat a l\u2019escola per motius de salut.<\/p>\n<p>La baixa o canvi d&#8217;activitats extraescolars nom\u00e9s podr\u00e0 efectuar-se al final de cada trimestre. Podr\u00e0 tramitar-se presencialment a l\u2019oficina de l\u2019AFA o per correu a afalasequia@gmail.com, demanant-ho amb suficient antelaci\u00f3 (com a m\u00ednim una setmana abans de l\u2019\u00faltim dia lectiu del trimestre).<\/p>\n<p>A m\u00e9s de les activitats extraescolars descrites, l&#8217;AFA disposa d&#8217;un conveni amb les Piscines Municipals de Manresa per oferir cursets de nataci\u00f3 a preus redu\u00efts pels alumnes d&#8217;I3 a 6\u00e8. Aquesta activitat es gestiona directament des de les Piscines Municipals. Per a formalitzar les inscripcions i poder beneficiar-se dels preus redu\u00efts ofertats, cal dirigir-se directament a les Piscines Municipals aportant el certificat acreditatiu de ser soci de l&#8217;AFA i estar al corrent de pagament de la quota corresponent al curs actual (aquest document s&#8217;ha de portar a segellar pr\u00e8viament al despatx l&#8217;AFA).<\/p>\n<p>Consulta <a href=\"https:\/\/agora.xtec.cat\/escolalasequia\/ampa\/extraescolars-infantil\/\">aqu\u00ed<\/a> totes les activitats extraescolars disponibles per als alumnes d&#8217;infantil.<br \/>\nConsulta <a href=\"https:\/\/agora.xtec.cat\/escolalasequia\/ampa\/extraescolars-primaria\/\">aqu\u00ed<\/a> totes les activitats extraescolars disponibles per als alumnes de prim\u00e0ria.<\/p>\n","protected":false},"excerpt":{"rendered":"<p>L&#8217;objectiu de l&#8217;AFA \u00e9s oferir un ampli i variat ventall d&#8217;activitats extraescolars, combinant activitats esportives, compet\u00e8ncies art\u00edstiques, ling\u00fcistiques i musicals, i potenciament de l&#8217;autoconeixement, la creativitat i altres \u00e0rees complement\u00e0ries a la formaci\u00f3 reglada, tot vetllant per poder oferir totes aquestes activitats al preu m\u00e9s ajustat possible. Tenint en compte que per a inscriure&#8217;s a [&hellip;]<\/p>\n","protected":false},"author":40,"featured_media":0,"parent":1197,"menu_order":0,"comment_status":"closed","ping_status":"closed","template":"","meta":{"_bbp_topic_count":0,"_bbp_reply_count":0,"_bbp_total_topic_count":0,"_bbp_total_reply_count":0,"_bbp_voice_count":0,"_bbp_anonymous_reply_count":0,"_bbp_topic_count_hidden":0,"_bbp_reply_count_hidden":0,"_bbp_forum_subforum_count":0,"site-sidebar-layout":"default","site-content-layout":"","ast-site-content-layout":"","site-content-style":"default","site-sidebar-style":"default","ast-global-header-display":"","ast-banner-title-visibility":"","ast-main-header-display":"","ast-hfb-above-header-display":"","ast-hfb-below-header-display":"","ast-hfb-mobile-header-display":"","site-post-title":"","ast-breadcrumbs-content":"","ast-featured-img":"","footer-sml-layout":"","theme-transparent-header-meta":"","adv-header-id-meta":"","stick-header-meta":"","header-above-stick-meta":"","header-main-stick-meta":"","header-below-stick-meta":"","astra-migrate-meta-layouts":"default","ast-page-background-enabled":"default","ast-page-background-meta":{"desktop":{"background-color":"var(--ast-global-color-4)","background-image":"","background-repeat":"repeat","background-position":"center center","background-size":"auto","background-attachment":"scroll","background-type":"","background-media":"","overlay-type":"","overlay-color":"","overlay-opacity":"","overlay-gradient":""},"tablet":{"background-color":"","background-image":"","background-repeat":"repeat","background-position":"center center","background-size":"auto","background-attachment":"scroll","background-type":"","background-media":"","overlay-type":"","overlay-color":"","overlay-opacity":"","overlay-gradient":""},"mobile":{"background-color":"","background-image":"","background-repeat":"repeat","background-position":"center center","background-size":"auto","background-attachment":"scroll","background-type":"","background-media":"","overlay-type":"","overlay-color":"","overlay-opacity":"","overlay-gradient":""}},"ast-content-background-meta":{"desktop":{"background-color":"var(--ast-global-color-5)","background-image":"","background-repeat":"repeat","background-position":"center center","background-size":"auto","background-attachment":"scroll","background-type":"","background-media":"","overlay-type":"","overlay-color":"","overlay-opacity":"","overlay-gradient":""},"tablet":{"background-color":"var(--ast-global-color-5)","background-image":"","background-repeat":"repeat","background-position":"center center","background-size":"auto","background-attachment":"scroll","background-type":"","background-media":"","overlay-type":"","overlay-color":"","overlay-opacity":"","overlay-gradient":""},"mobile":{"background-color":"var(--ast-global-color-5)","background-image":"","background-repeat":"repeat","background-position":"center center","background-size":"auto","background-attachment":"scroll","background-type":"","background-media":"","overlay-type":"","overlay-color":"","overlay-opacity":"","overlay-gradient":""}},"footnotes":""},"class_list":["post-4431","page","type-page","status-publish","hentry"],"post_mailing_queue_ids":[],"_links":{"self":[{"href":"https:\/\/agora.xtec.cat\/escolalasequia\/wp-json\/wp\/v2\/pages\/4431","targetHints":{"allow":["GET"]}}],"collection":[{"href":"https:\/\/agora.xtec.cat\/escolalasequia\/wp-json\/wp\/v2\/pages"}],"about":[{"href":"https:\/\/agora.xtec.cat\/escolalasequia\/wp-json\/wp\/v2\/types\/page"}],"author":[{"embeddable":true,"href":"https:\/\/agora.xtec.cat\/escolalasequia\/wp-json\/wp\/v2\/users\/40"}],"replies":[{"embeddable":true,"href":"https:\/\/agora.xtec.cat\/escolalasequia\/wp-json\/wp\/v2\/comments?post=4431"}],"version-history":[{"count":7,"href":"https:\/\/agora.xtec.cat\/escolalasequia\/wp-json\/wp\/v2\/pages\/4431\/revisions"}],"predecessor-version":[{"id":10413,"href":"https:\/\/agora.xtec.cat\/escolalasequia\/wp-json\/wp\/v2\/pages\/4431\/revisions\/10413"}],"up":[{"embeddable":true,"href":"https:\/\/agora.xtec.cat\/escolalasequia\/wp-json\/wp\/v2\/pages\/1197"}],"wp:attachment":[{"href":"https:\/\/agora.xtec.cat\/escolalasequia\/wp-json\/wp\/v2\/media?parent=4431"}],"curies":[{"name":"wp","href":"https:\/\/api.w.org\/{rel}","templated":true}]}}