{"id":4011,"date":"2020-05-13T18:32:04","date_gmt":"2020-05-13T16:32:04","guid":{"rendered":"http:\/\/agora.xtec.cat\/escolalasequia\/?page_id=4011"},"modified":"2026-03-06T16:23:37","modified_gmt":"2026-03-06T15:23:37","slug":"calendari-barems-i-documentacio","status":"publish","type":"page","link":"https:\/\/agora.xtec.cat\/escolalasequia\/calendari-barems-i-documentacio\/","title":{"rendered":"Baremaci\u00f3 de sol\u00b7licituds"},"content":{"rendered":"<div class=\"blocs blocs-ancores\" data-crawling=\"blocks\">\n<div class=\"row\">\n<h4 class=\"basic_title col-sm-12 pd-10\">1. Aplicaci\u00f3 dels criteris prioritaris<\/h4>\n<div class=\"col-xs-12 columna_esquerra\">\n<div class=\"cos_bloc basic_text_peq pd-15 link-dotted\">\n<p>Els\u00a0<strong>criteris prioritaris<\/strong>\u00a0s\u00f3n els seg\u00fcents:<\/p>\n<ol>\n<li>Si el fill o filla que opta a la pla\u00e7a t\u00e9\u00a0<strong>germans o germanes que ja estan estudiant al centre sol\u00b7licitat<\/strong>, s&#8217;obtenen\u00a0<strong>50 punts<\/strong>.<br \/>\nAquest \u00e9s el criteri que suma m\u00e9s puntuaci\u00f3. Si l&#8217;infant est\u00e0 en situaci\u00f3 d&#8217;acolliment familiar i els fills o les filles de la fam\u00edlia acollidora estan escolaritzats en el centre, tamb\u00e9 obt\u00e9 aquesta puntuaci\u00f3.<\/li>\n<li><strong>Proximitat geogr\u00e0fica del domicili habitual o del lloc de treball del pare o la mare a l&#8217;escola.<br \/>\n<\/strong>Cada centre t\u00e9 una zona educativa per poder establir el criteri de proximitat, i aix\u00f2 permet sumar puntuacions diferents segons les circumst\u00e0ncies:<\/p>\n<ul>\n<li>Quan el domicili habitual de la fam\u00edlia es troba dins la zona educativa del centre escolar que es demana en primer lloc, se sumen\u00a0<strong>30 punts<\/strong>.<\/li>\n<li>Quan la ubicaci\u00f3 del lloc de feina del pare, la mare, el tutor o la tutora est\u00e0 dins la zona educativa del centre triat en primer lloc, se sumen\u00a0<strong>20 punts<\/strong>.<\/li>\n<li>A la ciutat de\u00a0<strong>Barcelona<\/strong>, quan el domicili est\u00e0 situat en el mateix districte municipal que el centre escollit en primer lloc, per\u00f2 fora de la zona educativa del centre, se sumen\u00a0<strong>15 punts<\/strong>.<\/li>\n<li>Quan el domicili familiar es troba dins del mateix municipi, per\u00f2 no dins de la zona educativa del centre que s&#8217;ha triat en primer lloc, se sumen\u00a0<strong>10 punts<\/strong>.<br \/>\nPodeu consultar quina \u00e9s la zona educativa de cada centre al seu web abans de fer la sol\u00b7licitud de preinscripci\u00f3. Cal tenir en compte que, dins del criteri de proximitat geogr\u00e0fica, les puntuacions no se sumen entre si. Aix\u00f2 vol dir que si el lloc de feina del pare o la mare est\u00e0 dins la zona educativa i el domicili habitual dins el mateix municipi, per\u00f2 no dins la zona educativa del centre, les dues puntuacions no es podran sumar.<\/li>\n<\/ul>\n<\/li>\n<li>Si el pare, la mare o tutor\/a legal percep la\u00a0<strong>renda garantida de ciutadania<\/strong>, se sumen\u00a0<strong>15 punts<\/strong>.<br \/>\nQuan un membre de la unitat familiar rep l&#8217;ajut de la renda garantida de ciutadania o l&#8217;ingr\u00e9s m\u00ednim vital.<\/li>\n<\/ol>\n<\/div>\n<\/div>\n<\/div>\n<\/div>\n<div><\/div>\n<div class=\"blocs blocs-ancores\" data-crawling=\"blocks\">\n<p>&nbsp;<\/p>\n<div class=\"row\">\n<h4 class=\"basic_title col-sm-12 pd-10\">2. Aplicaci\u00f3 dels criteris complementaris<\/h4>\n<div class=\"col-xs-12 columna_esquerra\">\n<div class=\"cos_bloc basic_text_peq pd-15 link-dotted\">\n<p>Els\u00a0<strong>criteri complementaris<\/strong>\u00a0serveixen per desempatar i s\u00f3n:<\/p>\n<ol>\n<li><strong>Criteri del pare, mare o el tutor o tutora legal treballant al centre educatiu<\/strong>. Quan el pare, la mare o el tutor o tutora legal treballen al centre en el moment en qu\u00e8 es presenta la sol\u00b7licitud de preinscripci\u00f3, se sumen\u00a0<strong>10 punts<\/strong>.<\/li>\n<li><strong>Fam\u00edlia nombrosa<\/strong>.\u202fQuan l&#8217;infant forma part d&#8217;una fam\u00edlia nombrosa, se sumen\u00a0<strong>10 punts<\/strong>.<\/li>\n<li><strong>Fam\u00edlia monoparental<\/strong>. Quan l&#8217;infant forma part d&#8217;una fam\u00edlia monoparental, se sumen\u00a0<strong>10 punts<\/strong>.<\/li>\n<li><strong>Ser bess\u00f3 o trigemin<\/strong>. Quan l&#8217;alumne o alumna hagi nascut en un part m\u00faltiple, se sumen\u00a0<strong>10 punts<\/strong>.<\/li>\n<li>Quan l&#8217;alumne o alumna es troba en\u00a0<strong>situaci\u00f3 d&#8217;acolliment familiar<\/strong>, se sumen\u00a0<strong>10 punts<\/strong>.<\/li>\n<li>Si algun membre de la fam\u00edlia t\u00e9 una\u202f<strong>discapacitat<\/strong>, se sumen\u202f<strong>15 punts<\/strong>. Quan el mateix infant, el pare o la mare, o b\u00e9 algun germ\u00e0 o germana t\u00e9 una discapacitat igual o superior al 33 %.<\/li>\n<li>Se sumen\u00a0<strong>10 punts<\/strong>\u00a0si s&#8217;acredita la\u00a0<strong>condici\u00f3 de v\u00edctima de viol\u00e8ncia de g\u00e8nere o de terrorisme<\/strong>.<\/li>\n<\/ol>\n<hr \/>\n<p><strong>Recorda que la documentaci\u00f3 acreditativa tant dels criteris prioritaris com dels complementaris s&#8217;ha d&#8217;adjuntar a la sol\u00b7licitud de preinscripci\u00f3 dins el per\u00edode establert.<\/strong><\/p>\n<p>&nbsp;<\/p>\n<\/div>\n<h4 class=\"basic_title col-sm-12 pd-10\">3. Assignaci\u00f3 de pla\u00e7a<\/h4>\n<div class=\"col-xs-12 columna_esquerra\">\n<div class=\"cos_bloc basic_text_peq pd-15 link-dotted\">\n<p>Un cop determinada la pertin\u00e8ncia o no d&#8217;atorgar les puntuacions segons els criteris prioritaris, es fa la suma de la puntuaci\u00f3 obtinguda. Per a cada centre educatiu s&#8217;ordenen totes les sol\u00b7licituds rebudes segons les seves puntuacions, i les que han obtingut una puntuaci\u00f3 m\u00e9s alta s\u00f3n les que obtindran una pla\u00e7a.<\/p>\n<p>En cas d&#8217;empat en la puntuaci\u00f3 dels criteris prioritaris de diferents sol\u00b7licituds, si no hi ha prou places al centre per a totes, s&#8217;apliquen els criteris complementaris de manera que, els que hagin obtingut una puntuaci\u00f3 m\u00e9s alta, seran els que ocuparan les places en primer lloc.<\/p>\n<p><strong>Trobareu m\u00e9s informaci\u00f3 sobre com es fa l&#8217;assignaci\u00f3 de places i prioritat, quina documentaci\u00f3 cal presentar per justificar els criteris de prioritat generals o complementaris, i els calendaris i terminis de la sol\u00b7licitud de preinscripci\u00f3 als diferents apartats d&#8217;aquest web.<\/strong><\/p>\n<hr \/>\n<p>Ah! Recorda que tots els nens i nenes tenen una pla\u00e7a garantida en un centre escolar. Si despr\u00e9s d&#8217;aplicar tots els criteris de prioritzaci\u00f3 no s&#8217;obt\u00e9 pla\u00e7a en cap dels centres que s&#8217;han fet constar a la sol\u00b7licitud, se n&#8217;assigna una d&#8217;ofici.<\/p>\n<\/div>\n<\/div>\n<p>&nbsp;<\/p>\n<div class=\"cos_bloc basic_text_peq pd-15 link-dotted\">\n<p><strong><em>Informaci\u00f3 extreta de la web <a href=\"https:\/\/preinscripcio.gencat.cat\/ca\/estudis\/infantil-3-6\/informat\/criteris-assignacio\/\">Preinscripci\u00f3.Curs 2026-2027<\/a>\u00a0de la Generalitat de Catalunya.<\/em><\/strong><\/p>\n<\/div>\n<\/div>\n<\/div>\n<\/div>\n","protected":false},"excerpt":{"rendered":"<p>1. Aplicaci\u00f3 dels criteris prioritaris Els\u00a0criteris prioritaris\u00a0s\u00f3n els seg\u00fcents: Si el fill o filla que opta a la pla\u00e7a t\u00e9\u00a0germans o germanes que ja estan estudiant al centre sol\u00b7licitat, s&#8217;obtenen\u00a050 punts. Aquest \u00e9s el criteri que suma m\u00e9s puntuaci\u00f3. Si l&#8217;infant est\u00e0 en situaci\u00f3 d&#8217;acolliment familiar i els fills o les filles de la fam\u00edlia [&hellip;]<\/p>\n","protected":false},"author":1,"featured_media":0,"parent":0,"menu_order":0,"comment_status":"closed","ping_status":"closed","template":"","meta":{"_bbp_topic_count":0,"_bbp_reply_count":0,"_bbp_total_topic_count":0,"_bbp_total_reply_count":0,"_bbp_voice_count":0,"_bbp_anonymous_reply_count":0,"_bbp_topic_count_hidden":0,"_bbp_reply_count_hidden":0,"_bbp_forum_subforum_count":0,"site-sidebar-layout":"default","site-content-layout":"","ast-site-content-layout":"default","site-content-style":"default","site-sidebar-style":"default","ast-global-header-display":"","ast-banner-title-visibility":"","ast-main-header-display":"","ast-hfb-above-header-display":"","ast-hfb-below-header-display":"","ast-hfb-mobile-header-display":"","site-post-title":"","ast-breadcrumbs-content":"","ast-featured-img":"","footer-sml-layout":"","theme-transparent-header-meta":"default","adv-header-id-meta":"","stick-header-meta":"","header-above-stick-meta":"","header-main-stick-meta":"","header-below-stick-meta":"","astra-migrate-meta-layouts":"set","ast-page-background-enabled":"default","ast-page-background-meta":{"desktop":{"background-color":"var(--ast-global-color-4)","background-image":"","background-repeat":"repeat","background-position":"center center","background-size":"auto","background-attachment":"scroll","background-type":"","background-media":"","overlay-type":"","overlay-color":"","overlay-opacity":"","overlay-gradient":""},"tablet":{"background-color":"","background-image":"","background-repeat":"repeat","background-position":"center center","background-size":"auto","background-attachment":"scroll","background-type":"","background-media":"","overlay-type":"","overlay-color":"","overlay-opacity":"","overlay-gradient":""},"mobile":{"background-color":"","background-image":"","background-repeat":"repeat","background-position":"center center","background-size":"auto","background-attachment":"scroll","background-type":"","background-media":"","overlay-type":"","overlay-color":"","overlay-opacity":"","overlay-gradient":""}},"ast-content-background-meta":{"desktop":{"background-color":"var(--ast-global-color-5)","background-image":"","background-repeat":"repeat","background-position":"center center","background-size":"auto","background-attachment":"scroll","background-type":"","background-media":"","overlay-type":"","overlay-color":"","overlay-opacity":"","overlay-gradient":""},"tablet":{"background-color":"var(--ast-global-color-5)","background-image":"","background-repeat":"repeat","background-position":"center center","background-size":"auto","background-attachment":"scroll","background-type":"","background-media":"","overlay-type":"","overlay-color":"","overlay-opacity":"","overlay-gradient":""},"mobile":{"background-color":"var(--ast-global-color-5)","background-image":"","background-repeat":"repeat","background-position":"center center","background-size":"auto","background-attachment":"scroll","background-type":"","background-media":"","overlay-type":"","overlay-color":"","overlay-opacity":"","overlay-gradient":""}},"footnotes":""},"class_list":["post-4011","page","type-page","status-publish","hentry"],"post_mailing_queue_ids":[],"_links":{"self":[{"href":"https:\/\/agora.xtec.cat\/escolalasequia\/wp-json\/wp\/v2\/pages\/4011","targetHints":{"allow":["GET"]}}],"collection":[{"href":"https:\/\/agora.xtec.cat\/escolalasequia\/wp-json\/wp\/v2\/pages"}],"about":[{"href":"https:\/\/agora.xtec.cat\/escolalasequia\/wp-json\/wp\/v2\/types\/page"}],"author":[{"embeddable":true,"href":"https:\/\/agora.xtec.cat\/escolalasequia\/wp-json\/wp\/v2\/users\/1"}],"replies":[{"embeddable":true,"href":"https:\/\/agora.xtec.cat\/escolalasequia\/wp-json\/wp\/v2\/comments?post=4011"}],"version-history":[{"count":5,"href":"https:\/\/agora.xtec.cat\/escolalasequia\/wp-json\/wp\/v2\/pages\/4011\/revisions"}],"predecessor-version":[{"id":10893,"href":"https:\/\/agora.xtec.cat\/escolalasequia\/wp-json\/wp\/v2\/pages\/4011\/revisions\/10893"}],"wp:attachment":[{"href":"https:\/\/agora.xtec.cat\/escolalasequia\/wp-json\/wp\/v2\/media?parent=4011"}],"curies":[{"name":"wp","href":"https:\/\/api.w.org\/{rel}","templated":true}]}}