{"id":30,"date":"2014-09-18T12:30:23","date_gmt":"2014-09-18T11:30:23","guid":{"rendered":"http:\/\/agora.xtec.cat\/escolalasequia\/?page_id=30"},"modified":"2017-11-24T13:32:10","modified_gmt":"2017-11-24T12:32:10","slug":"instal%c2%b7lacions","status":"publish","type":"page","link":"https:\/\/agora.xtec.cat\/escolalasequia\/lescola\/instal%c2%b7lacions\/","title":{"rendered":"Espais"},"content":{"rendered":"<p style=\"text-align: center;\">L&#8217;edifici de la nostra escola \u00e9s una construcci\u00f3 de dues plantes que acull les aules des d&#8217;educaci\u00f3 infantil fins a prim\u00e0ria. A banda d&#8217;aquests espais, l&#8217;escola tamb\u00e9 disposa de diferents espais compartits com el menjador escolar, la sala de psicomotricitat, una biblioteca, una aula de m\u00fasica, l&#8217;aula TIC, l&#8217;aula d&#8217;angl\u00e8s, el pati amb zones de sorra i dues pistes poliesportives, un gimn\u00e0s amb zona de vestidors.<\/p>\n<p style=\"text-align: center;\">\r\n\t<div class=\"slideshow_container slideshow_container_style-light\" style=\"height: 400px; \" data-slideshow-id=\"142\" data-style-name=\"style-light\" data-style-version=\"2.3.1\" >\r\n\r\n\t\t\t\t\t<div class=\"slideshow_loading_icon\"><\/div>\r\n\t\t\r\n\t\t<div class=\"slideshow_content\" style=\"display: none;\">\r\n\r\n\t\t\t<div class=\"slideshow_view\"><div class=\"slideshow_slide slideshow_slide_image\">\n        <a href=\"https:\/\/lh3.googleusercontent.com\/YdRvxMSVsI5F5d5H6Uj-jgc9Aw08C39nxK3FvVH1wnuBjmnbg_sUyBTP7E3FlLdaCAok3b4EaqLTY68W5NYrNbWv7ZSpSSxGYuHstGHjqWOwApfP7RrURDGHTVdjJwfQQHUheZPRdQvR6dWToej0CY2kL1Ih84iZi13S5ECi_l7hvMlF7_sWRqXqbT91BNAIysg1_cyZUEhsTkH1w5b5Jd1lSn_55_yke62DjfKY4n2qPRwacn1gqzNUO5mBGTgy0VLIx4WIrBor8HpZky33bPY3nO5yd3XKkUaDpArxRyX3WOPlceQGOwUAEE0K7ld_F5aXLrQjdIbXD3CR8E9Ld635kN5kppmlAnDP5A97xbJ91khJf32AON40w13U-ZBHPXIWGC-Rr0KgIHrdEXhnJn2ADLJHiX4QM_XCWMjO1DqqjnDEF_P1L60WtTZ0PttDAjPaT6UtrkcHaNzEjw8bInRi3gOC4nK4jW6IK_ufMMgcV2axRkrTNDQRAr7CyajSXwv3jI8E_tJkTpJipqiBBHW5UQJXa8vjQi3erJQrqLKFbpqbSuj_dVQMb5chPdZ7vnBD-5047dXvUiI8FVesHjTzdKF9nwRbZvPhD3QwMA=w800-h600-no\" target=\"_blank\">        <img src=\"https:\/\/lh3.googleusercontent.com\/YdRvxMSVsI5F5d5H6Uj-jgc9Aw08C39nxK3FvVH1wnuBjmnbg_sUyBTP7E3FlLdaCAok3b4EaqLTY68W5NYrNbWv7ZSpSSxGYuHstGHjqWOwApfP7RrURDGHTVdjJwfQQHUheZPRdQvR6dWToej0CY2kL1Ih84iZi13S5ECi_l7hvMlF7_sWRqXqbT91BNAIysg1_cyZUEhsTkH1w5b5Jd1lSn_55_yke62DjfKY4n2qPRwacn1gqzNUO5mBGTgy0VLIx4WIrBor8HpZky33bPY3nO5yd3XKkUaDpArxRyX3WOPlceQGOwUAEE0K7ld_F5aXLrQjdIbXD3CR8E9Ld635kN5kppmlAnDP5A97xbJ91khJf32AON40w13U-ZBHPXIWGC-Rr0KgIHrdEXhnJn2ADLJHiX4QM_XCWMjO1DqqjnDEF_P1L60WtTZ0PttDAjPaT6UtrkcHaNzEjw8bInRi3gOC4nK4jW6IK_ufMMgcV2axRkrTNDQRAr7CyajSXwv3jI8E_tJkTpJipqiBBHW5UQJXa8vjQi3erJQrqLKFbpqbSuj_dVQMb5chPdZ7vnBD-5047dXvUiI8FVesHjTzdKF9nwRbZvPhD3QwMA=w800-h600-no\" alt=\"\"   \/>\n        <\/a>        <div class=\"slideshow_description_box slideshow_transparent\">\n                                        <\/div>\n<\/div>\n\t\n<div style=\"clear: both;\"><\/div><\/div><div class=\"slideshow_view\"><div class=\"slideshow_slide slideshow_slide_image\">\n        <a href=\"https:\/\/lh3.googleusercontent.com\/PsVFaA5l7HSUjIReyOMSioebXIA_SMGyOFz4a1Dj4CjwFJbVfH8E0FWJa-F4554k5c2Up7dS41ffm4IeGJ3Dj9WMtukL217npEeqA2zuqrLIiIkXmC5y5VOr04TQ86UqIfzaKyJhsCDUQ1ijaXu6BEsgONBKICDz3qcas9sTNputAqwO9togrR1gmfbBL2ktv4sWMQNvRE0ksdLvobGhAUQ0AICcijQn8qe8rhNTttqR8kTKy1iScYfyXRwmwp4248rOAmsrtg-eJYJCwJpMaofTCsEviXomLXwWxAfmFtEx8v2Q5AnNSueUhSaeSUCK-r-Q8bjiYk1kPRRYRITuHo3CkIMhKZ3KsgblUWgTYQv5G4GgAUvhaaN8MMU1K31ZhezOCcy7zoAWnHf3tYAhN9hpju0BzletIhiBccnUs08B4or6Onw6SJmcqVYNnlwLv3nv3PVYTq4zJ6j_EKuklluXQiqdBBkzoSP7RuJKHYIEP34jw18f1IIf6KGn3UN0swv2CpYdXUOpTed5Kx5LL6-8FE64uXfL6JV3vP4110PskjejWhOFrSNHzImf8gh21Ru3WPATFrDdP59LOWN287c-gIPsB7guaiem8MfLhg=w800-h600-no\" target=\"_blank\">        <img src=\"https:\/\/lh3.googleusercontent.com\/PsVFaA5l7HSUjIReyOMSioebXIA_SMGyOFz4a1Dj4CjwFJbVfH8E0FWJa-F4554k5c2Up7dS41ffm4IeGJ3Dj9WMtukL217npEeqA2zuqrLIiIkXmC5y5VOr04TQ86UqIfzaKyJhsCDUQ1ijaXu6BEsgONBKICDz3qcas9sTNputAqwO9togrR1gmfbBL2ktv4sWMQNvRE0ksdLvobGhAUQ0AICcijQn8qe8rhNTttqR8kTKy1iScYfyXRwmwp4248rOAmsrtg-eJYJCwJpMaofTCsEviXomLXwWxAfmFtEx8v2Q5AnNSueUhSaeSUCK-r-Q8bjiYk1kPRRYRITuHo3CkIMhKZ3KsgblUWgTYQv5G4GgAUvhaaN8MMU1K31ZhezOCcy7zoAWnHf3tYAhN9hpju0BzletIhiBccnUs08B4or6Onw6SJmcqVYNnlwLv3nv3PVYTq4zJ6j_EKuklluXQiqdBBkzoSP7RuJKHYIEP34jw18f1IIf6KGn3UN0swv2CpYdXUOpTed5Kx5LL6-8FE64uXfL6JV3vP4110PskjejWhOFrSNHzImf8gh21Ru3WPATFrDdP59LOWN287c-gIPsB7guaiem8MfLhg=w800-h600-no\" alt=\"\"   \/>\n        <\/a>        <div class=\"slideshow_description_box slideshow_transparent\">\n                                        <\/div>\n<\/div>\n\t\n<div style=\"clear: both;\"><\/div><\/div><div class=\"slideshow_view\"><div class=\"slideshow_slide slideshow_slide_image\">\n        <a href=\"https:\/\/lh3.googleusercontent.com\/74upwsYrif1jfbkW-4Jo8M4jxPUDj6xivsvbTp3xFZQgOlQkHUbed_AKWYSqd5nydnVykvjvRNKu2xuZ_KGLBDp8_MblwYjkMaRfmBvSnx7bNr7rWbtBPo9h5IpMx_G1coDWScnyKotLYL3yVPUiZ0xCPsVRtvTDqxcQ9I8Sq3iNSRKdEn72X0aHVAsChDKZAL1JNdzT1wjvr5v1hBzoWupIF7EWX_SylGKj3CgkODZuBgK2zBXAbNMQVyY9jedQeDc-XRppXmaBn4EqaC5Q3DDPHol-fzDVchYNrHAvnGnqkdpVyy1QOTheE64Sq-zGde-3RZJLRSs1KPob0iPTIcEsSHVnhkR49kc0AyEJPf8FnvAW48DEv3L8-9oruBrmME-qjC3SnASGC3yimUZ8-YPjHWHvIhvfFDrxxlSPJMLQDK-soqbj5pgyAhxH5p2bdxHC71LjuuRPGEAdtCPdFMvkeCcbkCKzZjtK-4OwUijEjvtOFiu9e_-L-Sqo3_FlrpfhvdwtAVujlayDByNv6Funexuy5H9W9WqoImAeqfxbbocY94i8kl-Owqj2V4k_z7il86t8xAQ--vMUjvf7YTPqeSPMosvByu80pUvWjw=w800-h600-no\" target=\"_blank\">        <img src=\"https:\/\/lh3.googleusercontent.com\/74upwsYrif1jfbkW-4Jo8M4jxPUDj6xivsvbTp3xFZQgOlQkHUbed_AKWYSqd5nydnVykvjvRNKu2xuZ_KGLBDp8_MblwYjkMaRfmBvSnx7bNr7rWbtBPo9h5IpMx_G1coDWScnyKotLYL3yVPUiZ0xCPsVRtvTDqxcQ9I8Sq3iNSRKdEn72X0aHVAsChDKZAL1JNdzT1wjvr5v1hBzoWupIF7EWX_SylGKj3CgkODZuBgK2zBXAbNMQVyY9jedQeDc-XRppXmaBn4EqaC5Q3DDPHol-fzDVchYNrHAvnGnqkdpVyy1QOTheE64Sq-zGde-3RZJLRSs1KPob0iPTIcEsSHVnhkR49kc0AyEJPf8FnvAW48DEv3L8-9oruBrmME-qjC3SnASGC3yimUZ8-YPjHWHvIhvfFDrxxlSPJMLQDK-soqbj5pgyAhxH5p2bdxHC71LjuuRPGEAdtCPdFMvkeCcbkCKzZjtK-4OwUijEjvtOFiu9e_-L-Sqo3_FlrpfhvdwtAVujlayDByNv6Funexuy5H9W9WqoImAeqfxbbocY94i8kl-Owqj2V4k_z7il86t8xAQ--vMUjvf7YTPqeSPMosvByu80pUvWjw=w800-h600-no\" alt=\"\"   \/>\n        <\/a>        <div class=\"slideshow_description_box slideshow_transparent\">\n                                        <\/div>\n<\/div>\n\t\n<div style=\"clear: both;\"><\/div><\/div><div class=\"slideshow_view\"><div class=\"slideshow_slide slideshow_slide_image\">\n        <a href=\"https:\/\/lh3.googleusercontent.com\/x5mHi0IfS9fYJEJ83x-O2CeeY2Rt6E1s2CY70Z6yrAySMsewKyr5iUrKit_zr_puy-WKyGbG1aVzx-G4PHAO2dHrf_l0hxOvgoAX138XajzoiKk7u7QuLbB273IU9L44eReIg7K1ngN_Z-UXK3wP6eysZN9ADsMRg2Eb20mAkMgtqW6iFk5BhDsTtPXODR6N-f9cZZoPDDBzL8ACLyTiwrxu_zwY8XjsbOHUXwxSTcZfY4uAHOxXnElR-YeiDy71spBKTSmJO5mu9ZAO2vkA-v8l2-ZSoanvQF4eeIvZgqYe3ck9OBnFtWyWGGI8b2k766BbMk3_ntyZXIvFfkssHeD28B0WKRmyqzj61M9t7zf2uEoboREqS43WOHqFWuX07KT2NjftVijAd0xlDHUKv1uEXPO9aVLe4lUW3zMmvv7Ff5gKjfdSEOu-fKNh2fPS71Agl0bFF0-Dwn2nlH24ct651pc2Laxf50EPvxSkgvj__a91qmpjsRHzTkFrUZWNZnFzLZGfMPs-cLmOh3C-EnS1STsHzJufSsHE1cODGZbFnSyIQFdFTq4_e7urIOwivw26Q8tJJpgXTl4F-qJM8syktFIPL1aJ7e1HVTrWww=w800-h600-no\" target=\"_blank\">        <img src=\"https:\/\/lh3.googleusercontent.com\/x5mHi0IfS9fYJEJ83x-O2CeeY2Rt6E1s2CY70Z6yrAySMsewKyr5iUrKit_zr_puy-WKyGbG1aVzx-G4PHAO2dHrf_l0hxOvgoAX138XajzoiKk7u7QuLbB273IU9L44eReIg7K1ngN_Z-UXK3wP6eysZN9ADsMRg2Eb20mAkMgtqW6iFk5BhDsTtPXODR6N-f9cZZoPDDBzL8ACLyTiwrxu_zwY8XjsbOHUXwxSTcZfY4uAHOxXnElR-YeiDy71spBKTSmJO5mu9ZAO2vkA-v8l2-ZSoanvQF4eeIvZgqYe3ck9OBnFtWyWGGI8b2k766BbMk3_ntyZXIvFfkssHeD28B0WKRmyqzj61M9t7zf2uEoboREqS43WOHqFWuX07KT2NjftVijAd0xlDHUKv1uEXPO9aVLe4lUW3zMmvv7Ff5gKjfdSEOu-fKNh2fPS71Agl0bFF0-Dwn2nlH24ct651pc2Laxf50EPvxSkgvj__a91qmpjsRHzTkFrUZWNZnFzLZGfMPs-cLmOh3C-EnS1STsHzJufSsHE1cODGZbFnSyIQFdFTq4_e7urIOwivw26Q8tJJpgXTl4F-qJM8syktFIPL1aJ7e1HVTrWww=w800-h600-no\" alt=\"\"   \/>\n        <\/a>        <div class=\"slideshow_description_box slideshow_transparent\">\n                                        <\/div>\n<\/div>\n\t\n<div style=\"clear: both;\"><\/div><\/div><div class=\"slideshow_view\"><div class=\"slideshow_slide slideshow_slide_image\">\n        <a href=\"https:\/\/lh3.googleusercontent.com\/EfnLy00J5VKjPWbAx9Eke4_1vnZGtghxSdJhbN0sVBwSQrwwMLPXqDq-oRswpeVAYA1Y25m7Zybh8xbtWqIJ5PQkdwT_1oUEHz1ws9Fr4KQ29OKTQaRHwlxF0NCRHesKGeH-j6eSnJ13bA_GLIHsrQf2uipn8n2brHAm2j4Bj0ezOCG_mTBLzVTACsnoByu5ml7T28dlp0g8NUeA_ZYijdq_G8-lCKuON6MVZ5jFPAQOrTPBQWEGVoFLYJY7Av_-2xz4AV6sH1hiMwklrxQ98H4VU6waVSWp-zKkPJnYLqdQIaRZlYmYywTPR1QxB8YB82HFsCfTcSv4ABctFekURMolbdwOymqAxed0zToZRHCn5cTixICVr7R0Cd-y89q1JDcd4VLDYBuVi5gKcDS6oe0X_qIbnh1cCAmTFLsco3rzfJKJ_SnP1kuJ9x_Zo3_NBuS2F4dZB07HsdCpHLtHTj1dx4BHpvKEaOgKDKkAem_CC00YLAdvt32nDJTWaDDdE2zIQGkzNILUNkdJ7WEuo1YbaoPKcyVtmeFzUnUeGg1dBYG36dsQVO_wj1EntOlBa7lpnxLRzA8WPHOBdUUTht3VOMtNcWZxO1k9cpRNsw=w800-h600-no\" target=\"_blank\">        <img src=\"https:\/\/lh3.googleusercontent.com\/EfnLy00J5VKjPWbAx9Eke4_1vnZGtghxSdJhbN0sVBwSQrwwMLPXqDq-oRswpeVAYA1Y25m7Zybh8xbtWqIJ5PQkdwT_1oUEHz1ws9Fr4KQ29OKTQaRHwlxF0NCRHesKGeH-j6eSnJ13bA_GLIHsrQf2uipn8n2brHAm2j4Bj0ezOCG_mTBLzVTACsnoByu5ml7T28dlp0g8NUeA_ZYijdq_G8-lCKuON6MVZ5jFPAQOrTPBQWEGVoFLYJY7Av_-2xz4AV6sH1hiMwklrxQ98H4VU6waVSWp-zKkPJnYLqdQIaRZlYmYywTPR1QxB8YB82HFsCfTcSv4ABctFekURMolbdwOymqAxed0zToZRHCn5cTixICVr7R0Cd-y89q1JDcd4VLDYBuVi5gKcDS6oe0X_qIbnh1cCAmTFLsco3rzfJKJ_SnP1kuJ9x_Zo3_NBuS2F4dZB07HsdCpHLtHTj1dx4BHpvKEaOgKDKkAem_CC00YLAdvt32nDJTWaDDdE2zIQGkzNILUNkdJ7WEuo1YbaoPKcyVtmeFzUnUeGg1dBYG36dsQVO_wj1EntOlBa7lpnxLRzA8WPHOBdUUTht3VOMtNcWZxO1k9cpRNsw=w800-h600-no\" alt=\"\"   \/>\n        <\/a>        <div class=\"slideshow_description_box slideshow_transparent\">\n                                        <\/div>\n<\/div>\n\t\n<div style=\"clear: both;\"><\/div><\/div><div class=\"slideshow_view\"><div class=\"slideshow_slide slideshow_slide_image\">\n        <a href=\"https:\/\/lh3.googleusercontent.com\/jk9yMC926TGGi5-5sgtGULQdqo5DteO-ZmbRE5x3mIXkBn92LGK5ZmUmxdgFaoKfd7Ecg6bqn48pkk2rwkcLlklFiudjnL80LJAugSzYJlWGwhFFdani-tXE1iVy15IAxgptRm02BwhwmcjkTu-2oYLQTGde-_ikuIFl6VkO0LuYYn64XfuyCLIHfM-qtQvbz57t095aiYcjGg_VZlIB5zmD467N62gwqTTsrDcegxoX6D4uCXD_tYkiFbGHuYBKpNxAjRHESZXZ8FGqW9hddhkTecysHegpshAGxaz7Hi5z7UrKiCQs_2IxbSw2a2ylNAoK1XCIDMFZrK-BkCPeC20e6vSHwtrjUyXYTsdDPdngq5AFVum5fkGz8FCPWLwbTTrMB5UQCm4SGZZOD0uVOfoHnDiAlgwWTYNDIvU5PR2ONDQ8j21RHCgQG8DHpPggMoPa-qYPkhTH6hHcQ6sYR6iL7iDTZZJlu9u33ZuO2_BcDsezK2ms66qhk2GnlnFFT0q94xVTLh2LZhwrsuryRLlmBZV8aVVzzrjYe-gLvNBES2sXq4bRUCfdipSQUC9NTJ8geMYwPgY9p37pssnlQ4WkvvHWeQKERFZgL4K1JQ=w800-h600-no\" target=\"_blank\">        <img src=\"https:\/\/lh3.googleusercontent.com\/jk9yMC926TGGi5-5sgtGULQdqo5DteO-ZmbRE5x3mIXkBn92LGK5ZmUmxdgFaoKfd7Ecg6bqn48pkk2rwkcLlklFiudjnL80LJAugSzYJlWGwhFFdani-tXE1iVy15IAxgptRm02BwhwmcjkTu-2oYLQTGde-_ikuIFl6VkO0LuYYn64XfuyCLIHfM-qtQvbz57t095aiYcjGg_VZlIB5zmD467N62gwqTTsrDcegxoX6D4uCXD_tYkiFbGHuYBKpNxAjRHESZXZ8FGqW9hddhkTecysHegpshAGxaz7Hi5z7UrKiCQs_2IxbSw2a2ylNAoK1XCIDMFZrK-BkCPeC20e6vSHwtrjUyXYTsdDPdngq5AFVum5fkGz8FCPWLwbTTrMB5UQCm4SGZZOD0uVOfoHnDiAlgwWTYNDIvU5PR2ONDQ8j21RHCgQG8DHpPggMoPa-qYPkhTH6hHcQ6sYR6iL7iDTZZJlu9u33ZuO2_BcDsezK2ms66qhk2GnlnFFT0q94xVTLh2LZhwrsuryRLlmBZV8aVVzzrjYe-gLvNBES2sXq4bRUCfdipSQUC9NTJ8geMYwPgY9p37pssnlQ4WkvvHWeQKERFZgL4K1JQ=w800-h600-no\" alt=\"\"   \/>\n        <\/a>        <div class=\"slideshow_description_box slideshow_transparent\">\n                                        <\/div>\n<\/div>\n\t\n<div style=\"clear: both;\"><\/div><\/div><div class=\"slideshow_view\"><div class=\"slideshow_slide slideshow_slide_image\">\n        <a href=\"https:\/\/lh3.googleusercontent.com\/wpsUyMd7D-c2EdowpnoQ6nzjymkLzakUCPKYj4AQRB-T5oDjIOmi9Zo9TgsFv_02AVb_bgGkWZY7vcteGKRTwJr0wa5nVmF9TLII5ThftnSBKHm48wcVxpVzgu6G6HEnPTg6TUGauRCS8CJ8Kwr12DEFmFeCLDom0cnTzzBXD8ZIJ-HuqtwQ-Doqtt6NBOPS-Ca_9jFV8uzBWPKXIfeb8Ah4UypBMecv9ba2Kf82ius_TuS1L4tfa06UExQhAfFN61PBTaCxn0plAWjzeLBy4xgq-omZPX3qgH2-jakEjrL1S2TFlcV6Kh39VX1HVmIB7Y0EqxgDLuhvny-AAqpYxfPerD1jgUBgNLFePX4zApyx82ymgJwQbmZ2YibX_lOhCsNgBfbE-ynopjrJwSzeATS8-esOt3k5wTp6pYGNTihytjw7pJFEZ4iCW9nAUhWWLudN2vBJE7vYC8X01BQsJBhzbg_TQhEJRLskOYVjxDbKg2mVC6k9uucJDGD-8GW0yWdG8e33WJjFqYL67N-y1raiw-WYXsbo6IQGy1tI5ro_rtw4X0N86fC0XJYfFUGYqaoBKU7XrXNp7eAfI5hFwLx6_qKT70o1ewaPbBagWA=w800-h600-no\" target=\"_blank\">        <img src=\"https:\/\/lh3.googleusercontent.com\/wpsUyMd7D-c2EdowpnoQ6nzjymkLzakUCPKYj4AQRB-T5oDjIOmi9Zo9TgsFv_02AVb_bgGkWZY7vcteGKRTwJr0wa5nVmF9TLII5ThftnSBKHm48wcVxpVzgu6G6HEnPTg6TUGauRCS8CJ8Kwr12DEFmFeCLDom0cnTzzBXD8ZIJ-HuqtwQ-Doqtt6NBOPS-Ca_9jFV8uzBWPKXIfeb8Ah4UypBMecv9ba2Kf82ius_TuS1L4tfa06UExQhAfFN61PBTaCxn0plAWjzeLBy4xgq-omZPX3qgH2-jakEjrL1S2TFlcV6Kh39VX1HVmIB7Y0EqxgDLuhvny-AAqpYxfPerD1jgUBgNLFePX4zApyx82ymgJwQbmZ2YibX_lOhCsNgBfbE-ynopjrJwSzeATS8-esOt3k5wTp6pYGNTihytjw7pJFEZ4iCW9nAUhWWLudN2vBJE7vYC8X01BQsJBhzbg_TQhEJRLskOYVjxDbKg2mVC6k9uucJDGD-8GW0yWdG8e33WJjFqYL67N-y1raiw-WYXsbo6IQGy1tI5ro_rtw4X0N86fC0XJYfFUGYqaoBKU7XrXNp7eAfI5hFwLx6_qKT70o1ewaPbBagWA=w800-h600-no\" alt=\"\"   \/>\n        <\/a>        <div class=\"slideshow_description_box slideshow_transparent\">\n                                        <\/div>\n<\/div>\n\t\n<div style=\"clear: both;\"><\/div><\/div>\r\n\t\t<\/div>\r\n\r\n\t\t<div class=\"slideshow_controlPanel slideshow_transparent\" style=\"display: none;\"><ul><li class=\"slideshow_togglePlay\" data-play-text=\"Visualitza\" data-pause-text=\"Pausa\"><\/li><\/ul><\/div>\r\n\r\n\t\t<div class=\"slideshow_button slideshow_previous slideshow_transparent\" role=\"button\" data-previous-text=\"Anterior\" style=\"display: none;\"><\/div>\r\n\t\t<div class=\"slideshow_button slideshow_next slideshow_transparent\" role=\"button\" data-next-text=\"Seg\u00fcent\" style=\"display: none;\"><\/div>\r\n\r\n\t\t<div class=\"slideshow_pagination\" style=\"display: none;\" data-go-to-text=\"V\u00e9s a la diapositiva\"><div class=\"slideshow_pagination_center\"><\/div><\/div>\r\n\r\n\t\t<!-- WordPress Slideshow Version 2.3.1 -->\r\n\r\n\t\t\t<\/div>\r\n\r\n<\/p>\n<p>&nbsp;<\/p>\n","protected":false},"excerpt":{"rendered":"<p>L&#8217;edifici de la nostra escola \u00e9s una construcci\u00f3 de dues plantes que acull les aules des d&#8217;educaci\u00f3 infantil fins a prim\u00e0ria. A banda d&#8217;aquests espais, l&#8217;escola tamb\u00e9 disposa de diferents espais compartits com el menjador escolar, la sala de psicomotricitat, una biblioteca, una aula de m\u00fasica, l&#8217;aula TIC, l&#8217;aula d&#8217;angl\u00e8s, el pati amb zones de [&hellip;]<\/p>\n","protected":false},"author":1,"featured_media":0,"parent":22,"menu_order":40,"comment_status":"closed","ping_status":"closed","template":"page-templates\/side-menu.php","meta":{"_bbp_topic_count":0,"_bbp_reply_count":0,"_bbp_total_topic_count":0,"_bbp_total_reply_count":0,"_bbp_voice_count":0,"_bbp_anonymous_reply_count":0,"_bbp_topic_count_hidden":0,"_bbp_reply_count_hidden":0,"_bbp_forum_subforum_count":0,"site-sidebar-layout":"default","site-content-layout":"","ast-site-content-layout":"","site-content-style":"default","site-sidebar-style":"default","ast-global-header-display":"","ast-banner-title-visibility":"","ast-main-header-display":"","ast-hfb-above-header-display":"","ast-hfb-below-header-display":"","ast-hfb-mobile-header-display":"","site-post-title":"","ast-breadcrumbs-content":"","ast-featured-img":"","footer-sml-layout":"","theme-transparent-header-meta":"","adv-header-id-meta":"","stick-header-meta":"","header-above-stick-meta":"","header-main-stick-meta":"","header-below-stick-meta":"","astra-migrate-meta-layouts":"default","ast-page-background-enabled":"default","ast-page-background-meta":{"desktop":{"background-color":"var(--ast-global-color-4)","background-image":"","background-repeat":"repeat","background-position":"center center","background-size":"auto","background-attachment":"scroll","background-type":"","background-media":"","overlay-type":"","overlay-color":"","overlay-opacity":"","overlay-gradient":""},"tablet":{"background-color":"","background-image":"","background-repeat":"repeat","background-position":"center center","background-size":"auto","background-attachment":"scroll","background-type":"","background-media":"","overlay-type":"","overlay-color":"","overlay-opacity":"","overlay-gradient":""},"mobile":{"background-color":"","background-image":"","background-repeat":"repeat","background-position":"center center","background-size":"auto","background-attachment":"scroll","background-type":"","background-media":"","overlay-type":"","overlay-color":"","overlay-opacity":"","overlay-gradient":""}},"ast-content-background-meta":{"desktop":{"background-color":"var(--ast-global-color-5)","background-image":"","background-repeat":"repeat","background-position":"center center","background-size":"auto","background-attachment":"scroll","background-type":"","background-media":"","overlay-type":"","overlay-color":"","overlay-opacity":"","overlay-gradient":""},"tablet":{"background-color":"var(--ast-global-color-5)","background-image":"","background-repeat":"repeat","background-position":"center center","background-size":"auto","background-attachment":"scroll","background-type":"","background-media":"","overlay-type":"","overlay-color":"","overlay-opacity":"","overlay-gradient":""},"mobile":{"background-color":"var(--ast-global-color-5)","background-image":"","background-repeat":"repeat","background-position":"center center","background-size":"auto","background-attachment":"scroll","background-type":"","background-media":"","overlay-type":"","overlay-color":"","overlay-opacity":"","overlay-gradient":""}},"footnotes":""},"class_list":["post-30","page","type-page","status-publish","hentry"],"post_mailing_queue_ids":[],"_links":{"self":[{"href":"https:\/\/agora.xtec.cat\/escolalasequia\/wp-json\/wp\/v2\/pages\/30","targetHints":{"allow":["GET"]}}],"collection":[{"href":"https:\/\/agora.xtec.cat\/escolalasequia\/wp-json\/wp\/v2\/pages"}],"about":[{"href":"https:\/\/agora.xtec.cat\/escolalasequia\/wp-json\/wp\/v2\/types\/page"}],"author":[{"embeddable":true,"href":"https:\/\/agora.xtec.cat\/escolalasequia\/wp-json\/wp\/v2\/users\/1"}],"replies":[{"embeddable":true,"href":"https:\/\/agora.xtec.cat\/escolalasequia\/wp-json\/wp\/v2\/comments?post=30"}],"version-history":[{"count":3,"href":"https:\/\/agora.xtec.cat\/escolalasequia\/wp-json\/wp\/v2\/pages\/30\/revisions"}],"predecessor-version":[{"id":487,"href":"https:\/\/agora.xtec.cat\/escolalasequia\/wp-json\/wp\/v2\/pages\/30\/revisions\/487"}],"up":[{"embeddable":true,"href":"https:\/\/agora.xtec.cat\/escolalasequia\/wp-json\/wp\/v2\/pages\/22"}],"wp:attachment":[{"href":"https:\/\/agora.xtec.cat\/escolalasequia\/wp-json\/wp\/v2\/media?parent=30"}],"curies":[{"name":"wp","href":"https:\/\/api.w.org\/{rel}","templated":true}]}}