{"id":28,"date":"2014-09-18T12:29:35","date_gmt":"2014-09-18T11:29:35","guid":{"rendered":"http:\/\/agora.xtec.cat\/escolalasequia\/?page_id=28"},"modified":"2018-01-30T17:47:29","modified_gmt":"2018-01-30T16:47:29","slug":"consell-escolar","status":"publish","type":"page","link":"https:\/\/agora.xtec.cat\/escolalasequia\/lescola\/consell-escolar\/","title":{"rendered":"Trets d&#8217;identitat"},"content":{"rendered":"<ul>\n<li><strong>Escola P\u00fablica<\/strong>: som una escola p\u00fablica, i per tant depenent del Departament d\u00b4Ensenyament, oberta a tots els alumnes.<\/li>\n<li><strong>Laica<\/strong>: on cap persona \u00e9s discriminada per la seva confessionalitat o aconfessionalitat religiosa.<\/li>\n<li><strong>Llengua<\/strong>: la llengua vehicular de l\u00b4escola la S\u00e8quia \u00e9s el catal\u00e0. Contempla la incorporaci\u00f3 progressiva i sistem\u00e0tica de la llengua castellana i de la llengua estrangera en els termes que marca la llei. Els costums i tradicions de Catalunya es treballen de manera peri\u00f2dica i transversal per tal de donar a con\u00e8ixer els principals trets d\u00b4identitat del pa\u00eds.<\/li>\n<li><strong>Aprenentatge competencial<\/strong>: prioritzem un aprenentatge competencial, respectant els diferents ritmes dels nostres alumnes.<\/li>\n<li><strong>Inclusiva<\/strong>: facilitant la integraci\u00f3 dels alumnes al seu context s\u00f2cio-cultural, treballant valors com el di\u00e0leg, la toler\u00e0ncia, el respecte, la comprensi\u00f3 i, sobretot, una actitud solid\u00e0ria envers els altrs.<\/li>\n<li><strong>Pluralisme i valors democr\u00e0tics<\/strong>: presentant als alumnes la idea d\u00b4una societat plural, en creences i ideologies. En el marc d\u00b4aquesta pluralitat no oblidem el respecte envers les diferents cultures i l\u00b4estimaci\u00f3 per all\u00f2 que \u00e9s propi. Potenciant els valors democr\u00e0tics per tal que l\u00b4infant se senti part integrant d\u00b4una societat, adoptant un paper actiu, renovador i cr\u00edtic.<\/li>\n<li><strong>Coeducadora<\/strong>: fonamentant la nostra pr\u00e0ctica en el principi democr\u00e0tic del respecte mutu i la igualtat, evitant cap mena de discriminaci\u00f3.<\/li>\n<li><strong>Proc\u00e9s integral: <\/strong>entenent l\u00b4educaci\u00f3 com un proc\u00e9s integral en el que els alumnes adquireixen una actitud positiva envers la diversitat, els valors de generositat i respecte envers els altres i envers l\u00b4entorn i unes normes, valors i h\u00e0bits que els faciliti les relacions humanes dins el context de la toler\u00e0ncia, la solidaritat i la pau.<\/li>\n<li><strong>H\u00e0bits de salut:<\/strong> potenciant l\u00b4adquisi\u00f3 d\u00b4una h\u00e0bits de salut, tant en els aspectes f\u00edsics com mentals.<\/li>\n<li><strong>Participativa:<\/strong> aprofitant les aportacions de tota la comunitat educativa.<\/li>\n<\/ul>\n","protected":false},"excerpt":{"rendered":"<p>Escola P\u00fablica: som una escola p\u00fablica, i per tant depenent del Departament d\u00b4Ensenyament, oberta a tots els alumnes. Laica: on cap persona \u00e9s discriminada per la seva confessionalitat o aconfessionalitat religiosa. Llengua: la llengua vehicular de l\u00b4escola la S\u00e8quia \u00e9s el catal\u00e0. Contempla la incorporaci\u00f3 progressiva i sistem\u00e0tica de la llengua castellana i de la [&hellip;]<\/p>\n","protected":false},"author":1,"featured_media":0,"parent":22,"menu_order":30,"comment_status":"closed","ping_status":"closed","template":"page-templates\/side-menu.php","meta":{"_bbp_topic_count":0,"_bbp_reply_count":0,"_bbp_total_topic_count":0,"_bbp_total_reply_count":0,"_bbp_voice_count":0,"_bbp_anonymous_reply_count":0,"_bbp_topic_count_hidden":0,"_bbp_reply_count_hidden":0,"_bbp_forum_subforum_count":0,"site-sidebar-layout":"default","site-content-layout":"","ast-site-content-layout":"","site-content-style":"default","site-sidebar-style":"default","ast-global-header-display":"","ast-banner-title-visibility":"","ast-main-header-display":"","ast-hfb-above-header-display":"","ast-hfb-below-header-display":"","ast-hfb-mobile-header-display":"","site-post-title":"","ast-breadcrumbs-content":"","ast-featured-img":"","footer-sml-layout":"","theme-transparent-header-meta":"","adv-header-id-meta":"","stick-header-meta":"","header-above-stick-meta":"","header-main-stick-meta":"","header-below-stick-meta":"","astra-migrate-meta-layouts":"default","ast-page-background-enabled":"default","ast-page-background-meta":{"desktop":{"background-color":"var(--ast-global-color-4)","background-image":"","background-repeat":"repeat","background-position":"center center","background-size":"auto","background-attachment":"scroll","background-type":"","background-media":"","overlay-type":"","overlay-color":"","overlay-opacity":"","overlay-gradient":""},"tablet":{"background-color":"","background-image":"","background-repeat":"repeat","background-position":"center center","background-size":"auto","background-attachment":"scroll","background-type":"","background-media":"","overlay-type":"","overlay-color":"","overlay-opacity":"","overlay-gradient":""},"mobile":{"background-color":"","background-image":"","background-repeat":"repeat","background-position":"center center","background-size":"auto","background-attachment":"scroll","background-type":"","background-media":"","overlay-type":"","overlay-color":"","overlay-opacity":"","overlay-gradient":""}},"ast-content-background-meta":{"desktop":{"background-color":"var(--ast-global-color-5)","background-image":"","background-repeat":"repeat","background-position":"center center","background-size":"auto","background-attachment":"scroll","background-type":"","background-media":"","overlay-type":"","overlay-color":"","overlay-opacity":"","overlay-gradient":""},"tablet":{"background-color":"var(--ast-global-color-5)","background-image":"","background-repeat":"repeat","background-position":"center center","background-size":"auto","background-attachment":"scroll","background-type":"","background-media":"","overlay-type":"","overlay-color":"","overlay-opacity":"","overlay-gradient":""},"mobile":{"background-color":"var(--ast-global-color-5)","background-image":"","background-repeat":"repeat","background-position":"center center","background-size":"auto","background-attachment":"scroll","background-type":"","background-media":"","overlay-type":"","overlay-color":"","overlay-opacity":"","overlay-gradient":""}},"footnotes":""},"class_list":["post-28","page","type-page","status-publish","hentry"],"post_mailing_queue_ids":[],"_links":{"self":[{"href":"https:\/\/agora.xtec.cat\/escolalasequia\/wp-json\/wp\/v2\/pages\/28","targetHints":{"allow":["GET"]}}],"collection":[{"href":"https:\/\/agora.xtec.cat\/escolalasequia\/wp-json\/wp\/v2\/pages"}],"about":[{"href":"https:\/\/agora.xtec.cat\/escolalasequia\/wp-json\/wp\/v2\/types\/page"}],"author":[{"embeddable":true,"href":"https:\/\/agora.xtec.cat\/escolalasequia\/wp-json\/wp\/v2\/users\/1"}],"replies":[{"embeddable":true,"href":"https:\/\/agora.xtec.cat\/escolalasequia\/wp-json\/wp\/v2\/comments?post=28"}],"version-history":[{"count":2,"href":"https:\/\/agora.xtec.cat\/escolalasequia\/wp-json\/wp\/v2\/pages\/28\/revisions"}],"predecessor-version":[{"id":545,"href":"https:\/\/agora.xtec.cat\/escolalasequia\/wp-json\/wp\/v2\/pages\/28\/revisions\/545"}],"up":[{"embeddable":true,"href":"https:\/\/agora.xtec.cat\/escolalasequia\/wp-json\/wp\/v2\/pages\/22"}],"wp:attachment":[{"href":"https:\/\/agora.xtec.cat\/escolalasequia\/wp-json\/wp\/v2\/media?parent=28"}],"curies":[{"name":"wp","href":"https:\/\/api.w.org\/{rel}","templated":true}]}}