{"id":2022,"date":"2018-12-12T18:45:29","date_gmt":"2018-12-12T17:45:29","guid":{"rendered":"http:\/\/agora.xtec.cat\/escolalasequia\/?page_id=2022"},"modified":"2026-01-07T08:34:57","modified_gmt":"2026-01-07T07:34:57","slug":"menjador","status":"publish","type":"page","link":"https:\/\/agora.xtec.cat\/escolalasequia\/afa\/menjador\/","title":{"rendered":"AFA > Menjador"},"content":{"rendered":"<p>El servei de menjador compr\u00e8n el dinar i el monitoratge de 12.30 a 15.00, tot en les pr\u00f2pies instal.lacions de l&#8217;escola (amb servei de cuina propi). El preu del servei per al curs 2025\/26 \u00e9s de 7,54 euros\/dia (excepte pels alumnes als que els hagi estat concedit un ajut o beca).<\/p>\n<p>Per al pagament d\u2019aquest servei s\u2019estan estudiant noves opcions i s\u2019informar\u00e0 de totes les possibilitats, tan aviat com sigui possible, a trav\u00e9s dels canals de comunicaci\u00f3 habituals (web, Telegram, correu de l\u2019escola&#8230;).<\/p>\n<p>Aquest servei comen\u00e7ar\u00e0 a funcionar el dilluns 8 de setembre, excepte pels alumnes d&#8217;I3, que podran fer-ne \u00fas a partir del 15 de setembre (data en la que es dona per finalitzat el per\u00edode d&#8217;adaptaci\u00f3, sempre que el grau d\u2019adaptaci\u00f3 de cada infant aix\u00ed ho permeti).<br \/>\n<!-- La normativa que regeix el servei de menjador durant el curs 2025-26 pot consultar-se <a href=\"https:\/\/drive.google.com\/file\/d\/1xM6Fy22a0VfyOMe0gX6Qw6jdjyLJJVJg\/view?usp=sharing\" target=\"_blank\" rel=\"noopener\">aqu\u00ed<\/a>. --><br \/>\nLa normativa que regeix el servei de menjador durant el curs 2025-26 pot consultar-se <a href=\"https:\/\/agora.xtec.cat\/escolalasequia\/normativa-de-menjador\/\" rel=\"noopener\">aqu\u00ed<\/a>.<\/p>\n","protected":false},"excerpt":{"rendered":"<p>El servei de menjador compr\u00e8n el dinar i el monitoratge de 12.30 a 15.00, tot en les pr\u00f2pies instal.lacions de l&#8217;escola (amb servei de cuina propi). El preu del servei per al curs 2025\/26 \u00e9s de 7,54 euros\/dia (excepte pels alumnes als que els hagi estat concedit un ajut o beca). Per al pagament d\u2019aquest [&hellip;]<\/p>\n","protected":false},"author":40,"featured_media":0,"parent":1197,"menu_order":0,"comment_status":"closed","ping_status":"closed","template":"","meta":{"_bbp_topic_count":0,"_bbp_reply_count":0,"_bbp_total_topic_count":0,"_bbp_total_reply_count":0,"_bbp_voice_count":0,"_bbp_anonymous_reply_count":0,"_bbp_topic_count_hidden":0,"_bbp_reply_count_hidden":0,"_bbp_forum_subforum_count":0,"site-sidebar-layout":"default","site-content-layout":"","ast-site-content-layout":"default","site-content-style":"default","site-sidebar-style":"default","ast-global-header-display":"","ast-banner-title-visibility":"","ast-main-header-display":"","ast-hfb-above-header-display":"","ast-hfb-below-header-display":"","ast-hfb-mobile-header-display":"","site-post-title":"","ast-breadcrumbs-content":"","ast-featured-img":"","footer-sml-layout":"","theme-transparent-header-meta":"default","adv-header-id-meta":"","stick-header-meta":"","header-above-stick-meta":"","header-main-stick-meta":"","header-below-stick-meta":"","astra-migrate-meta-layouts":"set","ast-page-background-enabled":"default","ast-page-background-meta":{"desktop":{"background-color":"var(--ast-global-color-4)","background-image":"","background-repeat":"repeat","background-position":"center center","background-size":"auto","background-attachment":"scroll","background-type":"","background-media":"","overlay-type":"","overlay-color":"","overlay-opacity":"","overlay-gradient":""},"tablet":{"background-color":"","background-image":"","background-repeat":"repeat","background-position":"center center","background-size":"auto","background-attachment":"scroll","background-type":"","background-media":"","overlay-type":"","overlay-color":"","overlay-opacity":"","overlay-gradient":""},"mobile":{"background-color":"","background-image":"","background-repeat":"repeat","background-position":"center center","background-size":"auto","background-attachment":"scroll","background-type":"","background-media":"","overlay-type":"","overlay-color":"","overlay-opacity":"","overlay-gradient":""}},"ast-content-background-meta":{"desktop":{"background-color":"var(--ast-global-color-5)","background-image":"","background-repeat":"repeat","background-position":"center center","background-size":"auto","background-attachment":"scroll","background-type":"","background-media":"","overlay-type":"","overlay-color":"","overlay-opacity":"","overlay-gradient":""},"tablet":{"background-color":"var(--ast-global-color-5)","background-image":"","background-repeat":"repeat","background-position":"center center","background-size":"auto","background-attachment":"scroll","background-type":"","background-media":"","overlay-type":"","overlay-color":"","overlay-opacity":"","overlay-gradient":""},"mobile":{"background-color":"var(--ast-global-color-5)","background-image":"","background-repeat":"repeat","background-position":"center center","background-size":"auto","background-attachment":"scroll","background-type":"","background-media":"","overlay-type":"","overlay-color":"","overlay-opacity":"","overlay-gradient":""}},"footnotes":""},"class_list":["post-2022","page","type-page","status-publish","hentry"],"post_mailing_queue_ids":[],"_links":{"self":[{"href":"https:\/\/agora.xtec.cat\/escolalasequia\/wp-json\/wp\/v2\/pages\/2022","targetHints":{"allow":["GET"]}}],"collection":[{"href":"https:\/\/agora.xtec.cat\/escolalasequia\/wp-json\/wp\/v2\/pages"}],"about":[{"href":"https:\/\/agora.xtec.cat\/escolalasequia\/wp-json\/wp\/v2\/types\/page"}],"author":[{"embeddable":true,"href":"https:\/\/agora.xtec.cat\/escolalasequia\/wp-json\/wp\/v2\/users\/40"}],"replies":[{"embeddable":true,"href":"https:\/\/agora.xtec.cat\/escolalasequia\/wp-json\/wp\/v2\/comments?post=2022"}],"version-history":[{"count":6,"href":"https:\/\/agora.xtec.cat\/escolalasequia\/wp-json\/wp\/v2\/pages\/2022\/revisions"}],"predecessor-version":[{"id":10773,"href":"https:\/\/agora.xtec.cat\/escolalasequia\/wp-json\/wp\/v2\/pages\/2022\/revisions\/10773"}],"up":[{"embeddable":true,"href":"https:\/\/agora.xtec.cat\/escolalasequia\/wp-json\/wp\/v2\/pages\/1197"}],"wp:attachment":[{"href":"https:\/\/agora.xtec.cat\/escolalasequia\/wp-json\/wp\/v2\/media?parent=2022"}],"curies":[{"name":"wp","href":"https:\/\/api.w.org\/{rel}","templated":true}]}}