{"id":2019,"date":"2020-09-29T00:47:06","date_gmt":"2020-09-28T22:47:06","guid":{"rendered":"http:\/\/agora.xtec.cat\/escolalasequia\/?page_id=2019"},"modified":"2025-07-08T14:57:36","modified_gmt":"2025-07-08T12:57:36","slug":"matiner","status":"publish","type":"page","link":"https:\/\/agora.xtec.cat\/escolalasequia\/afa\/matiner\/","title":{"rendered":"AFA > Matiner"},"content":{"rendered":"<p>\u00c9s un servei on confiar els\/les nens\/es a partir de les 7.45 fins que s\u00f3n acompanyats\/encaminats cap a les seves respectives aules, a les 9.00 (tot i que a partir de les 8.45 ja no s&#8217;accepten noves entrades). Es tracta d&#8217;un servei flexible, pel qual no cal inscriure&#8217;s ni reservar amb anterioritat (per\u00f2 s\u00ed cal haver abonat la quota de l&#8217;AFA pel curs actual), on es promouen activitats de baixa intensitat per no cansar els\/les nens\/es abans del necessari.<\/p>\n<p>Els preus que s&#8217;apliquen s\u00f3n:<\/p>\n<table align=center cellpadding=0 cellspacing=0 style=\"margin-bottom: 0px;\">\n<tr>\n<td><\/td>\n<td>\u00das&nbsp;espor\u00e0dic<\/td>\n<td>\u00das&nbsp;habitual<\/td>\n<\/tr>\n<tr>\n<td>\u00das&nbsp;individual<\/td>\n<td>3&nbsp;euros&nbsp;\/&nbsp;dia&nbsp;\/&nbsp;nen<\/td>\n<td>35&nbsp;euros&nbsp;\/&nbsp;mes&nbsp;\/&nbsp;nen<\/td>\n<\/tr>\n<tr>\n<td>Germans<\/td>\n<td>2,5&nbsp;euros&nbsp;\/&nbsp;dia&nbsp;\/&nbsp;nen<\/td>\n<td>25&nbsp;euros&nbsp;\/&nbsp;mes&nbsp;\/&nbsp;nen<\/td>\n<\/tr>\n<tr>\n<td>Fam\u00edlia&nbsp;nombrosa&nbsp;\/&nbsp;monoparental<\/td>\n<td>2,5&nbsp;euros&nbsp;\/&nbsp;dia&nbsp;\/&nbsp;nen<\/td>\n<td>20&nbsp;euros&nbsp;\/&nbsp;mes&nbsp;\/&nbsp;nen<\/td>\n<\/tr>\n<\/table>\n<div align=center><font size=2>(s&#8217;aplicar\u00e0, en tots els casos, la tarifa m\u00e9s beneficiosa per la fam\u00edlia)<\/font><\/div>\n<p>&nbsp;<br \/>\nEl pagament del servei es podr\u00e0 fer:<\/p>\n<ul>\n<li>Mitjan\u00e7ant domiciliaci\u00f3 banc\u00e0ria, a principis del mes posterior, tant per l&#8217;\u00fas espor\u00e0dic com habitual.<\/li>\n<li>Abonant la quota di\u00e0ria, en el mateix moment de deixar el nen, pels alumnes d&#8217;\u00fas espor\u00e0dic.<\/li>\n<\/ul>\n<p>Aquest servei comen\u00e7ar\u00e0 a funcionar el dilluns 8 de setembre, excepte pels alumnes d&#8217;I3, que podran fer-ne \u00fas a partir del 15 de setembre (data en la que es dona per finalitzat el per\u00edode d&#8217;adaptaci\u00f3, sempre que el grau d\u2019adaptaci\u00f3 de cada infant aix\u00ed ho permeti).<\/p>\n","protected":false},"excerpt":{"rendered":"<p>\u00c9s un servei on confiar els\/les nens\/es a partir de les 7.45 fins que s\u00f3n acompanyats\/encaminats cap a les seves respectives aules, a les 9.00 (tot i que a partir de les 8.45 ja no s&#8217;accepten noves entrades). Es tracta d&#8217;un servei flexible, pel qual no cal inscriure&#8217;s ni reservar amb anterioritat (per\u00f2 s\u00ed cal [&hellip;]<\/p>\n","protected":false},"author":40,"featured_media":0,"parent":1197,"menu_order":0,"comment_status":"closed","ping_status":"closed","template":"","meta":{"_bbp_topic_count":0,"_bbp_reply_count":0,"_bbp_total_topic_count":0,"_bbp_total_reply_count":0,"_bbp_voice_count":0,"_bbp_anonymous_reply_count":0,"_bbp_topic_count_hidden":0,"_bbp_reply_count_hidden":0,"_bbp_forum_subforum_count":0,"site-sidebar-layout":"default","site-content-layout":"","ast-site-content-layout":"","site-content-style":"default","site-sidebar-style":"default","ast-global-header-display":"","ast-banner-title-visibility":"","ast-main-header-display":"","ast-hfb-above-header-display":"","ast-hfb-below-header-display":"","ast-hfb-mobile-header-display":"","site-post-title":"","ast-breadcrumbs-content":"","ast-featured-img":"","footer-sml-layout":"","theme-transparent-header-meta":"","adv-header-id-meta":"","stick-header-meta":"","header-above-stick-meta":"","header-main-stick-meta":"","header-below-stick-meta":"","astra-migrate-meta-layouts":"default","ast-page-background-enabled":"default","ast-page-background-meta":{"desktop":{"background-color":"var(--ast-global-color-4)","background-image":"","background-repeat":"repeat","background-position":"center center","background-size":"auto","background-attachment":"scroll","background-type":"","background-media":"","overlay-type":"","overlay-color":"","overlay-opacity":"","overlay-gradient":""},"tablet":{"background-color":"","background-image":"","background-repeat":"repeat","background-position":"center center","background-size":"auto","background-attachment":"scroll","background-type":"","background-media":"","overlay-type":"","overlay-color":"","overlay-opacity":"","overlay-gradient":""},"mobile":{"background-color":"","background-image":"","background-repeat":"repeat","background-position":"center center","background-size":"auto","background-attachment":"scroll","background-type":"","background-media":"","overlay-type":"","overlay-color":"","overlay-opacity":"","overlay-gradient":""}},"ast-content-background-meta":{"desktop":{"background-color":"var(--ast-global-color-5)","background-image":"","background-repeat":"repeat","background-position":"center center","background-size":"auto","background-attachment":"scroll","background-type":"","background-media":"","overlay-type":"","overlay-color":"","overlay-opacity":"","overlay-gradient":""},"tablet":{"background-color":"var(--ast-global-color-5)","background-image":"","background-repeat":"repeat","background-position":"center center","background-size":"auto","background-attachment":"scroll","background-type":"","background-media":"","overlay-type":"","overlay-color":"","overlay-opacity":"","overlay-gradient":""},"mobile":{"background-color":"var(--ast-global-color-5)","background-image":"","background-repeat":"repeat","background-position":"center center","background-size":"auto","background-attachment":"scroll","background-type":"","background-media":"","overlay-type":"","overlay-color":"","overlay-opacity":"","overlay-gradient":""}},"footnotes":""},"class_list":["post-2019","page","type-page","status-publish","hentry"],"post_mailing_queue_ids":[],"_links":{"self":[{"href":"https:\/\/agora.xtec.cat\/escolalasequia\/wp-json\/wp\/v2\/pages\/2019","targetHints":{"allow":["GET"]}}],"collection":[{"href":"https:\/\/agora.xtec.cat\/escolalasequia\/wp-json\/wp\/v2\/pages"}],"about":[{"href":"https:\/\/agora.xtec.cat\/escolalasequia\/wp-json\/wp\/v2\/types\/page"}],"author":[{"embeddable":true,"href":"https:\/\/agora.xtec.cat\/escolalasequia\/wp-json\/wp\/v2\/users\/40"}],"replies":[{"embeddable":true,"href":"https:\/\/agora.xtec.cat\/escolalasequia\/wp-json\/wp\/v2\/comments?post=2019"}],"version-history":[{"count":5,"href":"https:\/\/agora.xtec.cat\/escolalasequia\/wp-json\/wp\/v2\/pages\/2019\/revisions"}],"predecessor-version":[{"id":10411,"href":"https:\/\/agora.xtec.cat\/escolalasequia\/wp-json\/wp\/v2\/pages\/2019\/revisions\/10411"}],"up":[{"embeddable":true,"href":"https:\/\/agora.xtec.cat\/escolalasequia\/wp-json\/wp\/v2\/pages\/1197"}],"wp:attachment":[{"href":"https:\/\/agora.xtec.cat\/escolalasequia\/wp-json\/wp\/v2\/media?parent=2019"}],"curies":[{"name":"wp","href":"https:\/\/api.w.org\/{rel}","templated":true}]}}