{"id":1197,"date":"2018-04-09T10:24:34","date_gmt":"2018-04-09T08:24:34","guid":{"rendered":"http:\/\/agora.xtec.cat\/escolalasequia\/?page_id=1197"},"modified":"2026-04-13T23:27:26","modified_gmt":"2026-04-13T21:27:26","slug":"afa","status":"publish","type":"page","link":"https:\/\/agora.xtec.cat\/escolalasequia\/afa\/","title":{"rendered":"AFA"},"content":{"rendered":"<table>\n<tr>\n<td id=\"colAmplada\" style=\"border-style: hidden; vertical-align: top;\" width=40%>\n<table style=\"width: 100%; margin-bottom: 5px;\">\n<tr>\n<td style=\"border: 1px solid #0988A9; background-color: #0988A9; color: #FFFFFF; font-size: 16px;\">\n            Informacions d&#8217;abril del 2026\n          <\/td>\n<\/tr>\n<tr>\n<td style=\"border: 1px solid #0988A9; font-size: 16px;\">\n            <a style=\"color: black !important;\" href=\"https:\/\/drive.google.com\/file\/d\/1_JMqhwfQPnliw9I5ScJs5gatFXUIe3g2\/view?usp=drive_link\" target=\"_blank\" rel=\"noopener noreferrer\">Men\u00fa de menjador<\/a><br \/>\n            <a style=\"color: black !important;\" href=\"https:\/\/drive.google.com\/file\/d\/1fsznJscyN5x18NcM0_zFSzKLegKGK-m9\/view?usp=drive_link\" target=\"_blank\" rel=\"noopener noreferrer\">Men\u00fas d&#8217;al.l\u00e8rgens<\/a><br \/>\n            <a style=\"color: black !important;\" href=\"https:\/\/drive.google.com\/file\/d\/14pZ84ucB6yGdVdoD0Y38YDuil4NeILdk\/view?usp=drive_link\" target=\"_blank\" rel=\"noopener noreferrer\">Proposta de sopars<\/a><br \/>\n            <a style=\"color: black !important;\" href=\"https:\/\/drive.google.com\/file\/d\/1TN2FXHnWMdkr9_AN9U3PtCrgyUtkgOoZ\/view?usp=drive_link\" target=\"_blank\" rel=\"noopener noreferrer\">Activitats de migdia<\/a><br \/>\n            <a style=\"color: black !important;\" href=\"https:\/\/drive.google.com\/file\/d\/17wPUJzoLRrj4aaBQ8W62huIDOLuIzqFc\/view?usp=drive_link\" target=\"_blank\" rel=\"noopener noreferrer\">Butllet\u00ed<\/a>\n          <\/td>\n<\/tr>\n<\/table>\n<div id=\"telegram_col1\">\n<table style=\"width: 100%; margin-bottom: 5px;\" cellpadding=0 cellspacing=0>\n<tr>\n<td style=\"border: 1px solid #0988A9; background-color: #0988A9; color: #FFFFFF; font-size: 16px;\">\n              Darreres informacions:\n            <\/td>\n<\/tr>\n<tr>\n<td style=\"border: 1px solid #0988A9; background-color: #FFFFFF;\n              color: #FFFFFF; font-size: 16px; padding: 0px; width: 450px;\"><br \/>\n              <iframe style=\"border: 0px; height: 459px; width: 100%; margin: 0px;\"\n                src=\"https:\/\/xn--r1a.website\/s\/AFA_LaSequia\"><\/iframe>\n            <\/td>\n<\/tr>\n<\/table><\/div>\n<p><!--      \n\n<table style=\"width: 100%; margin-bottom: 5px;\">\n        \n\n<tr>\n          \n\n<td style=\"border: 1px solid #0988A9; background-color: #0988A9; color: #FFFFFF; font-size: 16px;\">\n            <a style=\"color: white !important;\" href=\"https:\/\/drive.google.com\/file\/d\/14U1Sk493CF47vgHQPf5Ln2sAbpoZXm2R\/view?usp=drive_link\" target=\"_blank\" rel=\"noopener noreferrer\">Acta de la darrera reuni\u00f3 (18\/09\/2024)<\/a>\n          <\/td>\n\n\n        <\/tr>\n\n\n      <\/table>\n\n --><\/p>\n<table style=\"width: 100%; margin-bottom: 5px;\">\n<tr>\n<td style=\"border: 1px solid #0988A9; background-color: #0988A9; color: #FFFFFF; font-size: 16px;\">\n            <a style=\"color: white !important;\"\n              href=\"http:\/\/agora.xtec.cat\/escolalasequia\/ampa\/contacte\/\">Contacte<\/a>\n          <\/td>\n<\/tr>\n<\/table>\n<table style=\"width: 100%; margin-bottom: 5px;\">\n<tr>\n<td style=\"border: 1px solid #0988A9; background-color: #0988A9; color: #FFFFFF; font-size: 16px;\">\n            Serveis pel curs 2025-26\n          <\/td>\n<\/tr>\n<tr>\n<td style=\"border: 1px solid #0988A9; font-size: 16px;\">\n            <a style=\"color: black !important;\"\n              href=\"http:\/\/agora.xtec.cat\/escolalasequia\/ampa\/matiner\/\">Matiner<\/a><br \/>\n            <a style=\"color: black !important;\"\n              href=\"http:\/\/agora.xtec.cat\/escolalasequia\/ampa\/menjador\/\">Menjador<\/a><br \/>\n            <a style=\"color: black !important;\"\n              href=\"http:\/\/agora.xtec.cat\/escolalasequia\/ampa\/extraescolars\/\">Extraescolars<\/a><br \/>\n            &nbsp;&nbsp;&nbsp;<a style=\"color: black !important;\"\n              href=\"http:\/\/agora.xtec.cat\/escolalasequia\/ampa\/extraescolars-infantil\/\">Infantil<\/a><br \/>\n            &nbsp;&nbsp;&nbsp;<a style=\"color: black !important;\"\n              href=\"http:\/\/agora.xtec.cat\/escolalasequia\/ampa\/extraescolars-primaria\/\">Prim\u00e0ria<\/a><br \/>\n            &nbsp;&nbsp;&nbsp;<a style=\"color: black !important;\" href=\"https:\/\/drive.google.com\/file\/d\/1SMn80ugrtCbpvRt256k4YfTv_n2QUEyO\/view?usp=drive_link\" rel=\"noopener noreferrer\">Piscina<\/a><br \/>\n            <a style=\"color: black !important;\"\n              href=\"http:\/\/agora.xtec.cat\/escolalasequia\/ampa\/llibres\/\">Llibres<\/a>\n          <\/td>\n<\/tr>\n<\/table>\n<table style=\"width: 100%; margin-bottom: 0px;\">\n<tr>\n<td style=\"border: 1px solid #0988A9; background-color: #0988A9; color: #FFFFFF; font-size: 16px;\">\n            AFA\n          <\/td>\n<\/tr>\n<tr>\n<td style=\"border: 1px solid #0988A9; font-size: 16px;\">\n            <a style=\"color: black !important;\"\n              href=\"http:\/\/agora.xtec.cat\/escolalasequia\/ampa\/presentacio\/\">Presentaci\u00f3<\/a><br \/>\n            <a style=\"color: black !important;\"\n              href=\"http:\/\/agora.xtec.cat\/escolalasequia\/ampa\/organitzacio\/\">Organitzaci\u00f3<\/a><br \/>\n            <a style=\"color: black !important;\" href=\"https:\/\/drive.google.com\/file\/d\/1So2D0QDEZPoRnJCR6Ys0BbBuMKvVRGrD\/view?usp=drive_link\" target=\"_blank\" rel=\"noopener noreferrer\">Fulls d&#8217;inscripci\u00f3<\/a>\n          <\/td>\n<\/tr>\n<\/table>\n<\/td>\n<td style=\"border-style: hidden; vertical-align: top;\" cellpadding=0 cellspacing=0>\n<div id=\"telegram_col2\">\n<table style=\"vertical-align: top;width: 100%;\" cellpadding=0 cellspacing=0>\n<tr>\n<td style=\"border: 1px solid #0988A9; background-color: #0988A9; color: #FFFFFF; font-size: 16px;\">\n              Darreres informacions:\n            <\/td>\n<\/tr>\n<tr>\n<td style=\"border: 1px solid #0988A9; background-color: #FFFFFF; color: #FFFFFF; font-size: 16px;\n              padding: 0px; width: 400px;\"><iframe style=\"border: 0px; height: 520px; width: 100%; margin: 0px;\"\n                src=\"https:\/\/xn--r1a.website\/s\/AFA_LaSequia\"><\/iframe><\/td>\n<\/tr>\n<\/table><\/div>\n<\/td>\n<\/tr>\n<\/table>\n<p><script>\n  if (screen.width >= 600) {\n    document.getElementById(\"telegram_col1\").innerHTML=\"\";\n  } else {\n    document.getElementById(\"telegram_col2\").innerHTML=\"\";\n    document.getElementById('colAmplada').width = '100%';\n  }\n<\/script><\/p>\n","protected":false},"excerpt":{"rendered":"<p>Informacions d&#8217;abril del 2026 Men\u00fa de menjador Men\u00fas d&#8217;al.l\u00e8rgens Proposta de sopars Activitats de migdia Butllet\u00ed Darreres informacions: Contacte Serveis pel curs 2025-26 Matiner Menjador Extraescolars &nbsp;&nbsp;&nbsp;Infantil &nbsp;&nbsp;&nbsp;Prim\u00e0ria &nbsp;&nbsp;&nbsp;Piscina Llibres AFA Presentaci\u00f3 Organitzaci\u00f3 Fulls d&#8217;inscripci\u00f3 Darreres informacions:<\/p>\n","protected":false},"author":1,"featured_media":0,"parent":0,"menu_order":0,"comment_status":"closed","ping_status":"closed","template":"","meta":{"_bbp_topic_count":0,"_bbp_reply_count":0,"_bbp_total_topic_count":0,"_bbp_total_reply_count":0,"_bbp_voice_count":0,"_bbp_anonymous_reply_count":0,"_bbp_topic_count_hidden":0,"_bbp_reply_count_hidden":0,"_bbp_forum_subforum_count":0,"site-sidebar-layout":"default","site-content-layout":"","ast-site-content-layout":"default","site-content-style":"default","site-sidebar-style":"default","ast-global-header-display":"","ast-banner-title-visibility":"","ast-main-header-display":"","ast-hfb-above-header-display":"","ast-hfb-below-header-display":"","ast-hfb-mobile-header-display":"","site-post-title":"","ast-breadcrumbs-content":"","ast-featured-img":"","footer-sml-layout":"","theme-transparent-header-meta":"default","adv-header-id-meta":"","stick-header-meta":"","header-above-stick-meta":"","header-main-stick-meta":"","header-below-stick-meta":"","astra-migrate-meta-layouts":"set","ast-page-background-enabled":"default","ast-page-background-meta":{"desktop":{"background-color":"var(--ast-global-color-4)","background-image":"","background-repeat":"repeat","background-position":"center center","background-size":"auto","background-attachment":"scroll","background-type":"","background-media":"","overlay-type":"","overlay-color":"","overlay-opacity":"","overlay-gradient":""},"tablet":{"background-color":"","background-image":"","background-repeat":"repeat","background-position":"center center","background-size":"auto","background-attachment":"scroll","background-type":"","background-media":"","overlay-type":"","overlay-color":"","overlay-opacity":"","overlay-gradient":""},"mobile":{"background-color":"","background-image":"","background-repeat":"repeat","background-position":"center center","background-size":"auto","background-attachment":"scroll","background-type":"","background-media":"","overlay-type":"","overlay-color":"","overlay-opacity":"","overlay-gradient":""}},"ast-content-background-meta":{"desktop":{"background-color":"var(--ast-global-color-5)","background-image":"","background-repeat":"repeat","background-position":"center center","background-size":"auto","background-attachment":"scroll","background-type":"","background-media":"","overlay-type":"","overlay-color":"","overlay-opacity":"","overlay-gradient":""},"tablet":{"background-color":"var(--ast-global-color-5)","background-image":"","background-repeat":"repeat","background-position":"center center","background-size":"auto","background-attachment":"scroll","background-type":"","background-media":"","overlay-type":"","overlay-color":"","overlay-opacity":"","overlay-gradient":""},"mobile":{"background-color":"var(--ast-global-color-5)","background-image":"","background-repeat":"repeat","background-position":"center center","background-size":"auto","background-attachment":"scroll","background-type":"","background-media":"","overlay-type":"","overlay-color":"","overlay-opacity":"","overlay-gradient":""}},"footnotes":""},"class_list":["post-1197","page","type-page","status-publish","hentry"],"post_mailing_queue_ids":[],"_links":{"self":[{"href":"https:\/\/agora.xtec.cat\/escolalasequia\/wp-json\/wp\/v2\/pages\/1197","targetHints":{"allow":["GET"]}}],"collection":[{"href":"https:\/\/agora.xtec.cat\/escolalasequia\/wp-json\/wp\/v2\/pages"}],"about":[{"href":"https:\/\/agora.xtec.cat\/escolalasequia\/wp-json\/wp\/v2\/types\/page"}],"author":[{"embeddable":true,"href":"https:\/\/agora.xtec.cat\/escolalasequia\/wp-json\/wp\/v2\/users\/1"}],"replies":[{"embeddable":true,"href":"https:\/\/agora.xtec.cat\/escolalasequia\/wp-json\/wp\/v2\/comments?post=1197"}],"version-history":[{"count":7,"href":"https:\/\/agora.xtec.cat\/escolalasequia\/wp-json\/wp\/v2\/pages\/1197\/revisions"}],"predecessor-version":[{"id":10964,"href":"https:\/\/agora.xtec.cat\/escolalasequia\/wp-json\/wp\/v2\/pages\/1197\/revisions\/10964"}],"wp:attachment":[{"href":"https:\/\/agora.xtec.cat\/escolalasequia\/wp-json\/wp\/v2\/media?parent=1197"}],"curies":[{"name":"wp","href":"https:\/\/api.w.org\/{rel}","templated":true}]}}